{"id":98,"date":"2021-01-28T16:16:20","date_gmt":"2021-01-28T15:16:20","guid":{"rendered":"http:\/\/new.iat-kaelte.de\/?page_id=98"},"modified":"2021-02-19T13:17:04","modified_gmt":"2021-02-19T12:17:04","slug":"bewertung-bestandsanlagen","status":"publish","type":"page","link":"https:\/\/iat-kaelte.de\/en\/leistungen\/bewertung-bestandsanlagen\/","title":{"rendered":"Bewertung Bestandsanlagen"},"content":{"rendered":"","protected":false},"excerpt":{"rendered":"","protected":false},"author":1,"featured_media":203,"parent":86,"menu_order":0,"comment_status":"closed","ping_status":"closed","template":"","meta":{"ct_builder_shortcodes":"[ct_section ct_sign_sha256='013605e2de1f4efe0c6757da047584eb4b3fbe8b43a35e4c04574bd90e4ddc9c' ct_options='{\"ct_id\":17,\"ct_parent\":0,\"selector\":\"section-17-15\",\"activeselector\":false,\"classes\":{\"0\":\"header_image\"},\"original\":{\"background-image\":\"[oxygen ct_sign_sha256='216211043951e09a29fe690e653f791d9ba586f6a700e7368fa96b326fb73634' data='featured_image' size='2000x1300' ]\",\"background-imagedynamic\":true}}'][ct_headline ct_sign_sha256='56120368b482331b7e785dd523768b1518d1155218e4b545b7c977effd8ab35a' ct_options='{\"ct_id\":22,\"ct_parent\":17,\"selector\":\"headline-22-15\",\"activeselector\":\"text_schatten\",\"original\":{\"color\":\"color(3)\"},\"classes\":{\"0\":\"head_1\",\"1\":\"text_schatten\"}}']Bewertung von Bestandsanlagen<br>[\/ct_headline][ct_div_block_2 ct_sign_sha256='8ceef5c98ab9362a96dbd7c6c261895ab034f52f850dcd52b46f42425f39b1cd' ct_options='{\"ct_id\":26,\"ct_parent\":17,\"selector\":\"div_block-26-15\",\"classes\":{\"0\":\"linie_sep\",\"1\":\"div_schatten\"},\"activeselector\":\"div_schatten\",\"original\":{\"min-height\":\"0\",\"background-color\":\"color(3)\"}}'][\/ct_div_block_2][\/ct_section][ct_div_block ct_sign_sha256='ce31ab48c62f5c62cff1a93febb1c7c0e90f57176f31339b9bc1191f794d41ae' ct_options='{\"ct_id\":18,\"ct_parent\":0,\"selector\":\"div_block-18-15\",\"activeselector\":\"separator_unten\",\"classes\":{\"0\":\"separator_unten\"},\"nicename\":\"separator\"}'][\/ct_div_block][ct_section ct_sign_sha256='dccb5343eacdb50fc8af1325ad439163f6884abffffa13ce200a9853d4d493f5' ct_options='{\"ct_id\":28,\"ct_parent\":0,\"selector\":\"section-28-15\",\"original\":{\"container-padding-bottom\":\"0\"},\"classes\":{\"0\":\"section_block\"},\"activeselector\":false,\"media\":{\"tablet\":{\"original\":{}}}}'][ct_div_block_2 ct_sign_sha256='f4ebc5e81adb14a1ab14e306d2dd9d4da5e7d2c0f43df14bd007a19cc3d101c2' ct_options='{\"ct_id\":50,\"ct_parent\":28,\"selector\":\"div_block-50-15\",\"classes\":{\"0\":\"text_left_400\"},\"activeselector\":false,\"original\":{\"width\":\"100\",\"width-unit\":\"%\"}}'][ct_headline ct_sign_sha256='002c70db052bed8ac7f814dbd6f7889734615652d5a69933cc36dd8c6e02e6bb' ct_options='{\"ct_id\":53,\"ct_parent\":50,\"selector\":\"headline-53-15\",\"original\":{\"tag\":\"h2\"},\"activeselector\":\"text_h2\",\"classes\":{\"0\":\"text_h2\"}}']Wir begutachten ihre Anlage&nbsp;[\/ct_headline][oxy_rich_text ct_sign_sha256='c7a15a387d2bb7453831f1b17b14a5d2e708fd834e18266c990ade1989db39d2' ct_options='{\"ct_id\":52,\"ct_parent\":50,\"selector\":\"_rich_text-52-15\",\"activeselector\":\"text\",\"classes\":{\"0\":\"text\"}}']<p>Untersuchungen an Bestandsanlagen diverser K\u00e4lteanwendungen haben deutliche Einsparungsm\u00f6glichkeiten aufgezeigt. Bei einem Pilotprojekt konnten allein durch Renovierung der Bestandsanlagen Betriebskosten in H\u00f6he von 40% eingespart werden. Auch technische Detailma\u00dfnahmen wie verbesserte Temperaturregelungen, \u00fcbergeordnete Steuerungssysteme, Drehzahlregelung von Pumpen, Verdichtern und Ventilatoren f\u00fchren zur Senkung der Betriebskosten zwischen 15% und 25%. Die Amortisationszeiten dieser Investitionen bewegen sich in der Regel zwischen zwei und f\u00fcnf Jahren.<\/p><p><strong>Nat\u00fcrliche Ressourcen und erneuerbare Energien <\/strong><\/p><p>Eine weitere M\u00f6glichkeit der Energieeinsparung liegt in der Nutzung von erneuerbaren Energien oder der Anwendung von \u201efreier K\u00fchlung\u201c. <br \/>H\u00e4ufigster Anwendungsfall ist die klassische L\u00fcftungsanlage.\u00a0Aber auch bei Maschinenk\u00fchlungen oder Temperierungen in der <br \/>Kunststoffproduktion lassen sich Einsparungen realisieren.<\/p><p><strong>Sie m\u00f6chten ihre bestehende K\u00fchlanlage fit f\u00fcr die Zukunft machen?<\/strong> Wir beraten Sie gerne und bewerten vor Ort die Einsparm\u00f6glichkeiten, die Sie haben.<\/p><p>\u00a0<\/p>[\/oxy_rich_text][\/ct_div_block_2][ct_div_block_2 ct_sign_sha256='eacf1fbaf9a5c6e8dfc44c47d6fc8cf4f4019380bb007b68a1ff31b10c559a27' ct_options='{\"ct_id\":191,\"ct_parent\":28,\"selector\":\"div_block-191-98\",\"classes\":{\"0\":\"box_2\",\"1\":\"box_400\"},\"activeselector\":false,\"original\":{\"padding-top\":\"80\",\"margin-top\":\"-30\",\"align-items\":\"center\",\"text-align\":\"center\"}}'][oxy_rich_text ct_sign_sha256='e2d7cc1f65662180c9609be7cbdbf32a3c0df8e97d1f25fed0d4bdffb52cbd98' ct_options='{\"ct_id\":192,\"ct_parent\":191,\"selector\":\"_rich_text-192-98\",\"classes\":{\"0\":\"vorteile_text\"},\"activeselector\":false,\"original\":{\"width\":\"280\",\"text-align\":\"center\"},\"media\":{\"tablet\":{\"original\":{\"width-unit\":\"auto\"}}}}']<h3>Garantiert objektiv &amp; wertneutral<\/h3>[\/oxy_rich_text][\/ct_div_block_2][\/ct_section][ct_section ct_sign_sha256='b235a28edb43975aa4ee2814ba587e388b3af8aba3d28cf6bb18590c084ffeb9' ct_options='{\"ct_id\":181,\"ct_parent\":0,\"selector\":\"section-181-69\",\"original\":{\"container-padding-top\":\"27\",\"flex-direction\":\"row\",\"display\":\"flex\",\"justify-content\":\"space-between\",\"text-align\":\"justify\"},\"activeselector\":false}'][ct_div_block_2 ct_sign_sha256='2ee9d59c5f8294116d5f4150054e9d67e27ca17cd07844af5f9c9ddf45b7d94a' ct_options='{\"ct_id\":182,\"ct_parent\":181,\"selector\":\"div_block-182-69\",\"original\":{\"width\":\"100\",\"width-unit\":\"%\",\"align-items\":\"center\",\"text-align\":\"center\"},\"activeselector\":false}'][ct_image ct_sign_sha256='5cea1d8fb7caddbc5642e80f7014141af60d91242d930624b3e22604df04bfb7' ct_options='{\"ct_id\":104,\"ct_parent\":182,\"selector\":\"image-104-47\",\"original\":{\"src\":\"https:\/\/iat-kaelte.de\/wp-content\/uploads\/2021\/01\/IAT-Bewertung-Bestandsanlagen.jpg\",\"width\":\"100\",\"width-unit\":\"%\"},\"activeselector\":false,\"classes\":{}}'][\/ct_image][oxy_rich_text ct_sign_sha256='b5c7d49a5e9df253e3accffa546db77032d1f1c7faa20499bd76d2fba30cbbc9' ct_options='{\"ct_id\":188,\"ct_parent\":182,\"selector\":\"_rich_text-188-98\",\"activeselector\":\"text\",\"classes\":{\"0\":\"text\"}}']<p>\u00a0<\/p><p>\u00a0<\/p>[\/oxy_rich_text][\/ct_div_block_2][\/ct_section][ct_section ct_sign_sha256='a9d8660d60798d122f8ce3f5d5b68b162ca71df54ddca1095977a1fceebec9c3' ct_options='{\"ct_id\":164,\"ct_parent\":0,\"selector\":\"section-164-47\",\"activeselector\":false,\"classes\":{\"0\":\"cta_background\"}}'][ct_div_block_2 ct_sign_sha256='d0b4d7b5125a8a8873e7634f03e607920a8d124a0427b1909d13b50aabcb5194' ct_options='{\"ct_id\":165,\"ct_parent\":164,\"selector\":\"div_block-165-47\",\"activeselector\":false,\"media\":{\"phone-portrait\":{\"original\":{\"padding-right\":\"34\",\"padding-left\":\"24\"}}},\"classes\":{\"0\":\"box_1\"},\"original\":{\"padding-right\":\"122\",\"margin-top\":\"-150\"}}'][ct_div_block_3 ct_sign_sha256='b7c997df044e20643ea597771b801684f526c338b823a836689bed14a5cd33b4' ct_options='{\"ct_id\":166,\"ct_parent\":165,\"selector\":\"div_block-166-47\",\"original\":{\"width-unit\":\"%\",\"width\":\"100\"},\"media\":{\"tablet\":{\"original\":{\"display\":\"flex\",\"align-items\":\"flex-start\",\"text-align\":\"left\"}}}}'][ct_headline ct_sign_sha256='4a293bd5b4dec3c93ac170e3fb30a3826885fe356b8285aff4d4de08d9058f75' ct_options='{\"ct_id\":167,\"ct_parent\":166,\"selector\":\"headline-167-47\",\"original\":{\"tag\":\"h4\"},\"classes\":{\"0\":\"cta_head\"},\"activeselector\":\"cta_head\"}']Sie m\u00f6chten mehr \u00fcber die Einsparm\u00f6glichkeiten bei Bestandsanlagen wissen?[\/ct_headline][ct_div_block_4 ct_sign_sha256='32dd957ffc1a3e69f4b2a3bbc67631009dbd6c7b83dcbb962174bf3ee2ee4777' ct_options='{\"ct_id\":168,\"ct_parent\":166,\"selector\":\"div_block-168-47\",\"original\":{\"min-height\":\"0\"},\"classes\":{\"0\":\"cta_linie\"}}'][\/ct_div_block_4][oxy_rich_text ct_sign_sha256='641c1dabe7aa34e4626b36f3d1d0d3864f7ef2b1de648ccdb56944c9ee0d5204' ct_options='{\"ct_id\":169,\"ct_parent\":166,\"selector\":\"_rich_text-169-47\",\"classes\":{\"0\":\"cta_text\"}}']<p>Lassen Sie uns pers\u00f6nlich und ganz unverbindlich dar\u00fcber sprechen wie wir ihnen helfen k\u00f6nnen!<\/p>[\/oxy_rich_text][\/ct_div_block_3][ct_div_block_3 ct_sign_sha256='18d19b9b9ae0c651a9f3eae9a06ef58f3275b46142b0d30efd70b77454ba398b' ct_options='{\"ct_id\":170,\"ct_parent\":165,\"selector\":\"div_block-170-47\",\"original\":{\"width-unit\":\"%\",\"width\":\"80\",\"align-items\":\"flex-end\",\"text-align\":\"right\"},\"media\":{\"phone-landscape\":{\"original\":{\"width-unit\":\"%\",\"width\":\"100\",\"flex-direction\":\"column\",\"display\":\"flex\",\"align-items\":\"center\",\"text-align\":\"center\"}}}}'][ct_link_4 ct_sign_sha256='0f6deca843e8eb490e76c6515af3898d336b19bf8e7c2f02a79795f572026b38' ct_options='{\"ct_id\":171,\"ct_parent\":170,\"selector\":\"link-171-47\",\"original\":{\"position\":\"relative\",\"align-items\":\"center\",\"text-align\":\"center\",\"justify-content\":\"center\",\"url\":\"https:\/\/iat-kaelte.de\/kontakt\/\",\"target\":\"\",\"transition-duration\":\"0.4\",\"url_encoded\":\"true\"},\"hover\":{\"transform\":{\"0\":{\"transform-type\":\"scale\",\"rotateAngle\":\"-5\",\"scaleX\":\"1.1\",\"scaleY\":\"1.1\",\"scaleZ\":\"\"}}}}'][ct_image ct_sign_sha256='a4f6b69ed468653f1babbfbc816b9b9750e1c772dcd5c17402c885532129ad4a' ct_options='{\"ct_id\":172,\"ct_parent\":171,\"selector\":\"image-172-47\",\"original\":{\"src\":\"https:\/\/iat-kaelte.de\/wp-content\/uploads\/2021\/01\/button-outline.svg\"},\"classes\":{\"0\":\"cta_button\"}}'][\/ct_image][ct_text_block ct_sign_sha256='775de0887960112c982056bf0a36922e10512f28ba45047cbfeb90c126259169' ct_options='{\"ct_id\":173,\"ct_parent\":171,\"selector\":\"text_block-173-47\",\"activeselector\":\"cta_button_text\",\"classes\":{\"0\":\"cta_button_text\"}}']\u00bb Kontaktieren Sie uns![\/ct_text_block][\/ct_link_4][\/ct_div_block_3][\/ct_div_block_2][\/ct_section]","ct_template_type":"","ct_parent_template":0},"acf":[],"yoast_head":"<!-- This site is optimized with the Yoast SEO plugin v20.13 - https:\/\/yoast.com\/wordpress\/plugins\/seo\/ -->\n<title>Bewertung von Bestandsanlagen \u00bb Bis -40% Betriebskosten<\/title>\n<meta name=\"description\" content=\"Wir zeigen ihnen Sparm\u00f6glichkeiten bei ihrer laufenden K\u00fchlanlage auf \u279c Objektiv &amp; wertneutral\u2713 \u27a4 Jetzt Bewertung anfragen!\" \/>\n<meta name=\"robots\" content=\"index, follow, max-snippet:-1, max-image-preview:large, max-video-preview:-1\" \/>\n<link rel=\"canonical\" href=\"https:\/\/iat-kaelte.de\/en\/leistungen\/bewertung-bestandsanlagen\/\" \/>\n<meta property=\"og:locale\" content=\"en_GB\" \/>\n<meta property=\"og:type\" content=\"article\" \/>\n<meta property=\"og:title\" content=\"Bewertung von Bestandsanlagen \u00bb Bis -40% Betriebskosten\" \/>\n<meta property=\"og:description\" content=\"Wir zeigen ihnen Sparm\u00f6glichkeiten bei ihrer laufenden K\u00fchlanlage auf \u279c Objektiv &amp; wertneutral\u2713 \u27a4 Jetzt Bewertung anfragen!\" \/>\n<meta property=\"og:url\" content=\"https:\/\/iat-kaelte.de\/en\/leistungen\/bewertung-bestandsanlagen\/\" \/>\n<meta property=\"og:site_name\" content=\"Innovative Anlagentechnik GmbH\" \/>\n<meta property=\"article:modified_time\" content=\"2021-02-19T12:17:04+00:00\" \/>\n<meta property=\"og:image\" content=\"https:\/\/iat-kaelte.de\/wp-content\/uploads\/2021\/02\/bewertung-2.jpg\" \/>\n\t<meta property=\"og:image:width\" content=\"1600\" \/>\n\t<meta property=\"og:image:height\" content=\"600\" \/>\n\t<meta property=\"og:image:type\" content=\"image\/jpeg\" \/>\n<meta name=\"twitter:card\" content=\"summary_large_image\" \/>\n<script type=\"application\/ld+json\" class=\"yoast-schema-graph\">{\"@context\":\"https:\/\/schema.org\",\"@graph\":[{\"@type\":\"WebPage\",\"@id\":\"https:\/\/iat-kaelte.de\/leistungen\/bewertung-bestandsanlagen\/\",\"url\":\"https:\/\/iat-kaelte.de\/leistungen\/bewertung-bestandsanlagen\/\",\"name\":\"Bewertung von Bestandsanlagen \u00bb Bis -40% Betriebskosten\",\"isPartOf\":{\"@id\":\"https:\/\/iat-kaelte.de\/#website\"},\"datePublished\":\"2021-01-28T15:16:20+00:00\",\"dateModified\":\"2021-02-19T12:17:04+00:00\",\"description\":\"Wir zeigen ihnen Sparm\u00f6glichkeiten bei ihrer laufenden K\u00fchlanlage auf \u279c Objektiv & wertneutral\u2713 \u27a4 Jetzt Bewertung anfragen!\",\"breadcrumb\":{\"@id\":\"https:\/\/iat-kaelte.de\/leistungen\/bewertung-bestandsanlagen\/#breadcrumb\"},\"inLanguage\":\"en-GB\",\"potentialAction\":[{\"@type\":\"ReadAction\",\"target\":[\"https:\/\/iat-kaelte.de\/leistungen\/bewertung-bestandsanlagen\/\"]}]},{\"@type\":\"BreadcrumbList\",\"@id\":\"https:\/\/iat-kaelte.de\/leistungen\/bewertung-bestandsanlagen\/#breadcrumb\",\"itemListElement\":[{\"@type\":\"ListItem\",\"position\":1,\"name\":\"Startseite\",\"item\":\"https:\/\/iat-kaelte.de\/\"},{\"@type\":\"ListItem\",\"position\":2,\"name\":\"Leistungen\",\"item\":\"https:\/\/iat-kaelte.de\/leistungen\/\"},{\"@type\":\"ListItem\",\"position\":3,\"name\":\"Bewertung Bestandsanlagen\"}]},{\"@type\":\"WebSite\",\"@id\":\"https:\/\/iat-kaelte.de\/#website\",\"url\":\"https:\/\/iat-kaelte.de\/\",\"name\":\"Innovative Anlagentechnik GmbH\",\"description\":\"Kaltwasser - Klima - Steuerungstechnik\",\"publisher\":{\"@id\":\"https:\/\/iat-kaelte.de\/#organization\"},\"alternateName\":\"IAT-K\u00e4lte\",\"potentialAction\":[{\"@type\":\"SearchAction\",\"target\":{\"@type\":\"EntryPoint\",\"urlTemplate\":\"https:\/\/iat-kaelte.de\/?s={search_term_string}\"},\"query-input\":\"required name=search_term_string\"}],\"inLanguage\":\"en-GB\"},{\"@type\":\"Organization\",\"@id\":\"https:\/\/iat-kaelte.de\/#organization\",\"name\":\"IAT - Innovative Anlagentechnik GmbH\",\"alternateName\":\"IAT-K\u00e4lte GmbH\",\"url\":\"https:\/\/iat-kaelte.de\/\",\"logo\":{\"@type\":\"ImageObject\",\"inLanguage\":\"en-GB\",\"@id\":\"https:\/\/iat-kaelte.de\/#\/schema\/logo\/image\/\",\"url\":\"https:\/\/iat-kaelte.de\/wp-content\/uploads\/2020\/11\/logo.svg\",\"contentUrl\":\"https:\/\/iat-kaelte.de\/wp-content\/uploads\/2020\/11\/logo.svg\",\"width\":286.58,\"height\":75.14,\"caption\":\"IAT - Innovative Anlagentechnik GmbH\"},\"image\":{\"@id\":\"https:\/\/iat-kaelte.de\/#\/schema\/logo\/image\/\"}}]}<\/script>\n<!-- \/ Yoast SEO plugin. -->","yoast_head_json":{"title":"Bewertung von Bestandsanlagen \u00bb Bis -40% Betriebskosten","description":"Wir zeigen ihnen Sparm\u00f6glichkeiten bei ihrer laufenden K\u00fchlanlage auf \u279c Objektiv & wertneutral\u2713 \u27a4 Jetzt Bewertung anfragen!","robots":{"index":"index","follow":"follow","max-snippet":"max-snippet:-1","max-image-preview":"max-image-preview:large","max-video-preview":"max-video-preview:-1"},"canonical":"https:\/\/iat-kaelte.de\/en\/leistungen\/bewertung-bestandsanlagen\/","og_locale":"en_GB","og_type":"article","og_title":"Bewertung von Bestandsanlagen \u00bb Bis -40% Betriebskosten","og_description":"Wir zeigen ihnen Sparm\u00f6glichkeiten bei ihrer laufenden K\u00fchlanlage auf \u279c Objektiv & wertneutral\u2713 \u27a4 Jetzt Bewertung anfragen!","og_url":"https:\/\/iat-kaelte.de\/en\/leistungen\/bewertung-bestandsanlagen\/","og_site_name":"Innovative Anlagentechnik GmbH","article_modified_time":"2021-02-19T12:17:04+00:00","og_image":[{"width":1600,"height":600,"url":"https:\/\/iat-kaelte.de\/wp-content\/uploads\/2021\/02\/bewertung-2.jpg","type":"image\/jpeg"}],"twitter_card":"summary_large_image","schema":{"@context":"https:\/\/schema.org","@graph":[{"@type":"WebPage","@id":"https:\/\/iat-kaelte.de\/leistungen\/bewertung-bestandsanlagen\/","url":"https:\/\/iat-kaelte.de\/leistungen\/bewertung-bestandsanlagen\/","name":"Bewertung von Bestandsanlagen \u00bb Bis -40% Betriebskosten","isPartOf":{"@id":"https:\/\/iat-kaelte.de\/#website"},"datePublished":"2021-01-28T15:16:20+00:00","dateModified":"2021-02-19T12:17:04+00:00","description":"Wir zeigen ihnen Sparm\u00f6glichkeiten bei ihrer laufenden K\u00fchlanlage auf \u279c Objektiv & wertneutral\u2713 \u27a4 Jetzt Bewertung anfragen!","breadcrumb":{"@id":"https:\/\/iat-kaelte.de\/leistungen\/bewertung-bestandsanlagen\/#breadcrumb"},"inLanguage":"en-GB","potentialAction":[{"@type":"ReadAction","target":["https:\/\/iat-kaelte.de\/leistungen\/bewertung-bestandsanlagen\/"]}]},{"@type":"BreadcrumbList","@id":"https:\/\/iat-kaelte.de\/leistungen\/bewertung-bestandsanlagen\/#breadcrumb","itemListElement":[{"@type":"ListItem","position":1,"name":"Startseite","item":"https:\/\/iat-kaelte.de\/"},{"@type":"ListItem","position":2,"name":"Leistungen","item":"https:\/\/iat-kaelte.de\/leistungen\/"},{"@type":"ListItem","position":3,"name":"Bewertung Bestandsanlagen"}]},{"@type":"WebSite","@id":"https:\/\/iat-kaelte.de\/#website","url":"https:\/\/iat-kaelte.de\/","name":"Innovative Anlagentechnik GmbH","description":"Kaltwasser - Klima - Steuerungstechnik","publisher":{"@id":"https:\/\/iat-kaelte.de\/#organization"},"alternateName":"IAT-K\u00e4lte","potentialAction":[{"@type":"SearchAction","target":{"@type":"EntryPoint","urlTemplate":"https:\/\/iat-kaelte.de\/?s={search_term_string}"},"query-input":"required name=search_term_string"}],"inLanguage":"en-GB"},{"@type":"Organization","@id":"https:\/\/iat-kaelte.de\/#organization","name":"IAT - Innovative Anlagentechnik GmbH","alternateName":"IAT-K\u00e4lte GmbH","url":"https:\/\/iat-kaelte.de\/","logo":{"@type":"ImageObject","inLanguage":"en-GB","@id":"https:\/\/iat-kaelte.de\/#\/schema\/logo\/image\/","url":"https:\/\/iat-kaelte.de\/wp-content\/uploads\/2020\/11\/logo.svg","contentUrl":"https:\/\/iat-kaelte.de\/wp-content\/uploads\/2020\/11\/logo.svg","width":286.58,"height":75.14,"caption":"IAT - Innovative Anlagentechnik GmbH"},"image":{"@id":"https:\/\/iat-kaelte.de\/#\/schema\/logo\/image\/"}}]}},"_links":{"self":[{"href":"https:\/\/iat-kaelte.de\/en\/wp-json\/wp\/v2\/pages\/98"}],"collection":[{"href":"https:\/\/iat-kaelte.de\/en\/wp-json\/wp\/v2\/pages"}],"about":[{"href":"https:\/\/iat-kaelte.de\/en\/wp-json\/wp\/v2\/types\/page"}],"author":[{"embeddable":true,"href":"https:\/\/iat-kaelte.de\/en\/wp-json\/wp\/v2\/users\/1"}],"replies":[{"embeddable":true,"href":"https:\/\/iat-kaelte.de\/en\/wp-json\/wp\/v2\/comments?post=98"}],"version-history":[{"count":1,"href":"https:\/\/iat-kaelte.de\/en\/wp-json\/wp\/v2\/pages\/98\/revisions"}],"predecessor-version":[{"id":99,"href":"https:\/\/iat-kaelte.de\/en\/wp-json\/wp\/v2\/pages\/98\/revisions\/99"}],"up":[{"embeddable":true,"href":"https:\/\/iat-kaelte.de\/en\/wp-json\/wp\/v2\/pages\/86"}],"wp:featuredmedia":[{"embeddable":true,"href":"https:\/\/iat-kaelte.de\/en\/wp-json\/wp\/v2\/media\/203"}],"wp:attachment":[{"href":"https:\/\/iat-kaelte.de\/en\/wp-json\/wp\/v2\/media?parent=98"}],"curies":[{"name":"wp","href":"https:\/\/api.w.org\/{rel}","templated":true}]}}