{"id":92,"date":"2021-01-28T16:06:18","date_gmt":"2021-01-28T15:06:18","guid":{"rendered":"http:\/\/new.iat-kaelte.de\/?page_id=92"},"modified":"2021-02-19T13:19:17","modified_gmt":"2021-02-19T12:19:17","slug":"fertigung","status":"publish","type":"page","link":"https:\/\/iat-kaelte.de\/en\/leistungen\/fertigung\/","title":{"rendered":"Production"},"content":{"rendered":"","protected":false},"excerpt":{"rendered":"","protected":false},"author":1,"featured_media":204,"parent":86,"menu_order":0,"comment_status":"closed","ping_status":"closed","template":"","meta":{"ct_builder_shortcodes":"[ct_section ct_sign_sha256='fc10dcd03540e6eedf44d6d69edf7e04407529ba0f6d2c6da93e6223ff55fa2b' ct_options='{\"ct_id\":17,\"ct_parent\":0,\"selector\":\"section-17-15\",\"activeselector\":false,\"classes\":{\"0\":\"header_image\"},\"original\":{\"background-image\":\"[oxygen ct_sign_sha256='216211043951e09a29fe690e653f791d9ba586f6a700e7368fa96b326fb73634' data='featured_image' size='2000x1300' ]\",\"background-imagedynamic\":true}}'][ct_headline ct_sign_sha256='f0a1ca793936395329a6710841bf20b12b069bf2c9b3b765099e8efe6bfaf5b5' ct_options='{\"ct_id\":22,\"ct_parent\":17,\"selector\":\"headline-22-15\",\"activeselector\":\"text_schatten\",\"original\":{\"color\":\"color(3)\"},\"classes\":{\"0\":\"head_1\",\"1\":\"text_schatten\"}}']Fertigung<br>[\/ct_headline][ct_div_block_2 ct_sign_sha256='8ceef5c98ab9362a96dbd7c6c261895ab034f52f850dcd52b46f42425f39b1cd' ct_options='{\"ct_id\":26,\"ct_parent\":17,\"selector\":\"div_block-26-15\",\"classes\":{\"0\":\"linie_sep\",\"1\":\"div_schatten\"},\"activeselector\":\"div_schatten\",\"original\":{\"min-height\":\"0\",\"background-color\":\"color(3)\"}}'][\/ct_div_block_2][ct_text_block ct_sign_sha256='c48167d85d6efbd477f79bb3dce090ce90aba0ce53900ee05bd144f334386a69' ct_options='{\"ct_id\":175,\"ct_parent\":17,\"selector\":\"text_block-175-69\",\"original\":{\"color\":\"color(3)\",\"font-size\":\"19\",\"font-weight\":\"600\"},\"classes\":{\"0\":\"text_schatten\"},\"activeselector\":\"text_schatten\"}']Komplexe Systeme - von der Idee zur optimalen L\u00f6sung<br>[\/ct_text_block][\/ct_section][ct_div_block ct_sign_sha256='ce31ab48c62f5c62cff1a93febb1c7c0e90f57176f31339b9bc1191f794d41ae' ct_options='{\"ct_id\":18,\"ct_parent\":0,\"selector\":\"div_block-18-15\",\"activeselector\":\"separator_unten\",\"classes\":{\"0\":\"separator_unten\"},\"nicename\":\"separator\"}'][\/ct_div_block][ct_section ct_sign_sha256='8ff7fe84113248596b203b630f33bb9c84236c4eead24fe234a32ca769ec358d' ct_options='{\"ct_id\":28,\"ct_parent\":0,\"selector\":\"section-28-15\",\"original\":{\"container-padding-bottom\":\"0\"},\"classes\":{\"0\":\"section_block\"},\"activeselector\":false,\"media\":{\"tablet\":{\"original\":{}}}}'][ct_div_block_2 ct_sign_sha256='d19e1cab38550614518aec0d3a0aef1fe036163fa1a201d706e0d9d2352767fe' ct_options='{\"ct_id\":50,\"ct_parent\":28,\"selector\":\"div_block-50-15\",\"classes\":{\"0\":\"text_left_400\"},\"activeselector\":\"text_left_400\"}'][ct_headline ct_sign_sha256='a61262f592a8dd38b476694adcc5dd57e3777b317ddc8bc75783bb7f6208c986' ct_options='{\"ct_id\":53,\"ct_parent\":50,\"selector\":\"headline-53-15\",\"original\":{\"tag\":\"h2\"},\"activeselector\":\"text_h2\",\"classes\":{\"0\":\"text_h2\"}}']IAT K\u00fchlsysteme - Individuell an Ihre Anforderungen angepasst.[\/ct_headline][oxy_rich_text ct_sign_sha256='77bae775165a9829e2a52ac88d6291a78237801ef01ccb14b3f468d22ea36594' ct_options='{\"ct_id\":52,\"ct_parent\":50,\"selector\":\"_rich_text-52-15\",\"activeselector\":\"text\",\"classes\":{\"0\":\"text\"}}']<p>In unserer Montagest\u00e4tte projektieren und fertigen wir f\u00fcr unsere Kunden ma\u00dfgeschneiderte Anlagen. Um Montagezeiten so gering wie m\u00f6glich zu halten, werden unsere K\u00fchlanlagen so weit als m\u00f6glich vormontiert.<\/p><p><strong>Hohe Verf\u00fcgbarkeit<br \/><\/strong>Kontinuit\u00e4t und eine hohe Verf\u00fcgbarkeit sind Grundbestandteile unserer Arbeit. Mit uns haben Sie einen kompetenten und zuverl\u00e4ssigen Partner an Ihrer Seite, auf den Sie jederzeit z\u00e4hlen k\u00f6nnen.<\/p><p><strong>Optimierte Prozesse<br \/><\/strong>Als zukunftsorientiertes Unternehmen setzten wir auf automatisierte und optimierte Prozesse von der Angebotsabgabe bis hin zu Inbetriebnahme und dar\u00fcber hinaus. So garantieren wir Ihnen eine schnellstm\u00f6gliche Lieferung Ihrer Anlagentechnik.<\/p>[\/oxy_rich_text][\/ct_div_block_2][ct_div_block_2 ct_sign_sha256='7c518da466b66e3795309dc001183d3dc5d289dddb0ce94c2fca9df77f09ee34' ct_options='{\"ct_id\":80,\"ct_parent\":28,\"selector\":\"div_block-80-15\",\"classes\":{\"0\":\"box_2\",\"1\":\"box_400\"},\"activeselector\":false,\"original\":{\"margin-top\":\"24\"}}'][oxy_rich_text ct_sign_sha256='a908302854490a7fabef9c8eed50a7f98553828c1256f41cbbd404152b1df71c' ct_options='{\"ct_id\":49,\"ct_parent\":80,\"selector\":\"_rich_text-49-15\",\"classes\":{\"0\":\"vorteile_text\"},\"activeselector\":false,\"media\":{\"tablet\":{\"original\":{}}}}']<p><strong>Komponenten: weltweite Verf\u00fcgbarkeit durch namhafte Hersteller<\/strong><\/p>[\/oxy_rich_text][\/ct_div_block_2][\/ct_section][ct_section ct_sign_sha256='b146f1d7e7bcdb9de12d413f5893b352ad1c0e05d4721ecf63cf230cc311eb73' ct_options='{\"ct_id\":181,\"ct_parent\":0,\"selector\":\"section-181-69\",\"original\":{\"container-padding-top\":\"27\",\"container-padding-bottom\":\"134\",\"flex-direction\":\"row\",\"display\":\"flex\",\"justify-content\":\"space-between\",\"text-align\":\"justify\"},\"activeselector\":false}'][ct_div_block_2 ct_sign_sha256='8f65bdb3adfe6455a589e7d8e91698270243cf3c46b4214a3cb22fb0924e0b0d' ct_options='{\"ct_id\":182,\"ct_parent\":181,\"selector\":\"div_block-182-69\",\"original\":{\"width\":\"47\",\"width-unit\":\"%\"},\"activeselector\":false}'][ct_image ct_sign_sha256='1f920003a20e3df0573dc073244c296a2c16060f9fe77a5d837bce03996d793b' ct_options='{\"ct_id\":104,\"ct_parent\":182,\"selector\":\"image-104-47\",\"original\":{\"src\":\"https:\/\/iat-kaelte.de\/wp-content\/uploads\/2021\/01\/IAT-Fertigung-individuell-1.jpg\"},\"activeselector\":false,\"classes\":{}}'][\/ct_image][\/ct_div_block_2][ct_div_block_2 ct_sign_sha256='2fea3f4e292d85b58e04a5e2e27c968b80a0078bf46682b3d2a8723443cc6034' ct_options='{\"ct_id\":185,\"ct_parent\":181,\"selector\":\"div_block-185-69\",\"original\":{\"width\":\"47\",\"width-unit\":\"%\"},\"activeselector\":false}'][ct_image ct_sign_sha256='a200f1b50e33353017df1c4a82207fb9578411c56eb8a14ed91ffa87230d8e72' ct_options='{\"ct_id\":186,\"ct_parent\":185,\"selector\":\"image-186-69\",\"original\":{\"src\":\"https:\/\/iat-kaelte.de\/wp-content\/uploads\/2021\/01\/IAT-Fertigung-individuell-2.jpg\"},\"activeselector\":false,\"classes\":{}}'][\/ct_image][\/ct_div_block_2][\/ct_section][ct_section ct_sign_sha256='2e99e9519b584663dfb76fd13040e7b98228fcee819c450569de23fa8bdf0f90' ct_options='{\"ct_id\":164,\"ct_parent\":0,\"selector\":\"section-164-47\",\"activeselector\":false,\"classes\":{\"0\":\"cta_background\"}}'][ct_div_block_2 ct_sign_sha256='5cde7288a1179b79ca639527157345a3cd5c41da913e66cc9d595e4080becfdb' ct_options='{\"ct_id\":165,\"ct_parent\":164,\"selector\":\"div_block-165-47\",\"activeselector\":false,\"media\":{\"phone-portrait\":{\"original\":{\"padding-right\":\"34\",\"padding-left\":\"24\"}}},\"classes\":{\"0\":\"box_1\"},\"original\":{\"padding-right\":\"122\",\"margin-top\":\"-150\"}}'][ct_div_block_3 ct_sign_sha256='78e5fc9f517299630d6804b5cce2385fd1dfa02f2c4dcdef43918734c3d36247' ct_options='{\"ct_id\":166,\"ct_parent\":165,\"selector\":\"div_block-166-47\",\"original\":{\"width-unit\":\"%\",\"width\":\"100\"},\"media\":{\"tablet\":{\"original\":{\"display\":\"flex\",\"align-items\":\"flex-start\",\"text-align\":\"left\"}}}}'][ct_headline ct_sign_sha256='34de024780af0bb39a71b7479ea4fe5c15ad3aa21f520894d7f0099abb166d11' ct_options='{\"ct_id\":167,\"ct_parent\":166,\"selector\":\"headline-167-47\",\"original\":{\"tag\":\"h4\"},\"classes\":{\"0\":\"cta_head\"},\"activeselector\":\"cta_head\"}']Sie ben\u00f6tigen Hilfe bei der Fertigung ihres K\u00fchlsystems?[\/ct_headline][ct_div_block_4 ct_sign_sha256='32dd957ffc1a3e69f4b2a3bbc67631009dbd6c7b83dcbb962174bf3ee2ee4777' ct_options='{\"ct_id\":168,\"ct_parent\":166,\"selector\":\"div_block-168-47\",\"original\":{\"min-height\":\"0\"},\"classes\":{\"0\":\"cta_linie\"}}'][\/ct_div_block_4][oxy_rich_text ct_sign_sha256='1d84462d54d634c3a13e26eb809482b00c16c9227966f6b1eb8a1e7b787fcab6' ct_options='{\"ct_id\":169,\"ct_parent\":166,\"selector\":\"_rich_text-169-47\",\"classes\":{\"0\":\"cta_text\"}}']<p>Lassen Sie uns pers\u00f6nlich dar\u00fcber sprechen und eine individuelle L\u00f6sung f\u00fcr ihre Bed\u00fcrfnisse finden!<\/p>[\/oxy_rich_text][\/ct_div_block_3][ct_div_block_3 ct_sign_sha256='18d19b9b9ae0c651a9f3eae9a06ef58f3275b46142b0d30efd70b77454ba398b' ct_options='{\"ct_id\":170,\"ct_parent\":165,\"selector\":\"div_block-170-47\",\"original\":{\"width-unit\":\"%\",\"width\":\"80\",\"align-items\":\"flex-end\",\"text-align\":\"right\"},\"media\":{\"phone-landscape\":{\"original\":{\"width-unit\":\"%\",\"width\":\"100\",\"flex-direction\":\"column\",\"display\":\"flex\",\"align-items\":\"center\",\"text-align\":\"center\"}}}}'][ct_link_4 ct_sign_sha256='0f6deca843e8eb490e76c6515af3898d336b19bf8e7c2f02a79795f572026b38' ct_options='{\"ct_id\":171,\"ct_parent\":170,\"selector\":\"link-171-47\",\"original\":{\"position\":\"relative\",\"align-items\":\"center\",\"text-align\":\"center\",\"justify-content\":\"center\",\"url\":\"https:\/\/iat-kaelte.de\/kontakt\/\",\"target\":\"\",\"transition-duration\":\"0.4\",\"url_encoded\":\"true\"},\"hover\":{\"transform\":{\"0\":{\"transform-type\":\"scale\",\"rotateAngle\":\"-5\",\"scaleX\":\"1.1\",\"scaleY\":\"1.1\",\"scaleZ\":\"\"}}}}'][ct_image ct_sign_sha256='a4f6b69ed468653f1babbfbc816b9b9750e1c772dcd5c17402c885532129ad4a' ct_options='{\"ct_id\":172,\"ct_parent\":171,\"selector\":\"image-172-47\",\"original\":{\"src\":\"https:\/\/iat-kaelte.de\/wp-content\/uploads\/2021\/01\/button-outline.svg\"},\"classes\":{\"0\":\"cta_button\"}}'][\/ct_image][ct_text_block ct_sign_sha256='775de0887960112c982056bf0a36922e10512f28ba45047cbfeb90c126259169' ct_options='{\"ct_id\":173,\"ct_parent\":171,\"selector\":\"text_block-173-47\",\"activeselector\":\"cta_button_text\",\"classes\":{\"0\":\"cta_button_text\"}}']\u00bb Kontaktieren Sie uns![\/ct_text_block][\/ct_link_4][\/ct_div_block_3][\/ct_div_block_2][\/ct_section]","ct_template_type":"","ct_parent_template":0},"acf":[],"yoast_head":"<!-- This site is optimized with the Yoast SEO plugin v20.13 - https:\/\/yoast.com\/wordpress\/plugins\/seo\/ -->\n<title>K\u00fchlanlagenbau \u00bb Von der Idee bis zur Fertigung<\/title>\n<meta name=\"description\" content=\"Fertigung von ma\u00dfgeschneiderten K\u00fchlsystemen \u25b6 Planung\u2713 Montage\u2713 Installation vor Ort in kurzem Zeitraum\u2713 \u27a5 Jetzt mehr erfahren!\" \/>\n<meta name=\"robots\" content=\"index, follow, max-snippet:-1, max-image-preview:large, max-video-preview:-1\" \/>\n<link rel=\"canonical\" href=\"https:\/\/iat-kaelte.de\/en\/leistungen\/fertigung\/\" \/>\n<meta property=\"og:locale\" content=\"en_GB\" \/>\n<meta property=\"og:type\" content=\"article\" \/>\n<meta property=\"og:title\" content=\"K\u00fchlanlagenbau \u00bb Von der Idee bis zur Fertigung\" \/>\n<meta property=\"og:description\" content=\"Fertigung von ma\u00dfgeschneiderten K\u00fchlsystemen \u25b6 Planung\u2713 Montage\u2713 Installation vor Ort in kurzem Zeitraum\u2713 \u27a5 Jetzt mehr erfahren!\" \/>\n<meta property=\"og:url\" content=\"https:\/\/iat-kaelte.de\/en\/leistungen\/fertigung\/\" \/>\n<meta property=\"og:site_name\" content=\"Innovative Anlagentechnik GmbH\" \/>\n<meta property=\"article:modified_time\" content=\"2021-02-19T12:19:17+00:00\" \/>\n<meta property=\"og:image\" content=\"https:\/\/iat-kaelte.de\/wp-content\/uploads\/2021\/02\/fertigung.jpg\" \/>\n\t<meta property=\"og:image:width\" content=\"1600\" \/>\n\t<meta property=\"og:image:height\" content=\"600\" \/>\n\t<meta property=\"og:image:type\" content=\"image\/jpeg\" \/>\n<meta name=\"twitter:card\" content=\"summary_large_image\" \/>\n<script type=\"application\/ld+json\" class=\"yoast-schema-graph\">{\"@context\":\"https:\/\/schema.org\",\"@graph\":[{\"@type\":\"WebPage\",\"@id\":\"https:\/\/iat-kaelte.de\/leistungen\/fertigung\/\",\"url\":\"https:\/\/iat-kaelte.de\/leistungen\/fertigung\/\",\"name\":\"K\u00fchlanlagenbau \u00bb Von der Idee bis zur Fertigung\",\"isPartOf\":{\"@id\":\"https:\/\/iat-kaelte.de\/#website\"},\"datePublished\":\"2021-01-28T15:06:18+00:00\",\"dateModified\":\"2021-02-19T12:19:17+00:00\",\"description\":\"Fertigung von ma\u00dfgeschneiderten K\u00fchlsystemen \u25b6 Planung\u2713 Montage\u2713 Installation vor Ort in kurzem Zeitraum\u2713 \u27a5 Jetzt mehr erfahren!\",\"breadcrumb\":{\"@id\":\"https:\/\/iat-kaelte.de\/leistungen\/fertigung\/#breadcrumb\"},\"inLanguage\":\"en-GB\",\"potentialAction\":[{\"@type\":\"ReadAction\",\"target\":[\"https:\/\/iat-kaelte.de\/leistungen\/fertigung\/\"]}]},{\"@type\":\"BreadcrumbList\",\"@id\":\"https:\/\/iat-kaelte.de\/leistungen\/fertigung\/#breadcrumb\",\"itemListElement\":[{\"@type\":\"ListItem\",\"position\":1,\"name\":\"Startseite\",\"item\":\"https:\/\/iat-kaelte.de\/\"},{\"@type\":\"ListItem\",\"position\":2,\"name\":\"Leistungen\",\"item\":\"https:\/\/iat-kaelte.de\/leistungen\/\"},{\"@type\":\"ListItem\",\"position\":3,\"name\":\"Fertigung\"}]},{\"@type\":\"WebSite\",\"@id\":\"https:\/\/iat-kaelte.de\/#website\",\"url\":\"https:\/\/iat-kaelte.de\/\",\"name\":\"Innovative Anlagentechnik GmbH\",\"description\":\"Kaltwasser - Klima - Steuerungstechnik\",\"publisher\":{\"@id\":\"https:\/\/iat-kaelte.de\/#organization\"},\"alternateName\":\"IAT-K\u00e4lte\",\"potentialAction\":[{\"@type\":\"SearchAction\",\"target\":{\"@type\":\"EntryPoint\",\"urlTemplate\":\"https:\/\/iat-kaelte.de\/?s={search_term_string}\"},\"query-input\":\"required name=search_term_string\"}],\"inLanguage\":\"en-GB\"},{\"@type\":\"Organization\",\"@id\":\"https:\/\/iat-kaelte.de\/#organization\",\"name\":\"IAT - Innovative Anlagentechnik GmbH\",\"alternateName\":\"IAT-K\u00e4lte GmbH\",\"url\":\"https:\/\/iat-kaelte.de\/\",\"logo\":{\"@type\":\"ImageObject\",\"inLanguage\":\"en-GB\",\"@id\":\"https:\/\/iat-kaelte.de\/#\/schema\/logo\/image\/\",\"url\":\"https:\/\/iat-kaelte.de\/wp-content\/uploads\/2020\/11\/logo.svg\",\"contentUrl\":\"https:\/\/iat-kaelte.de\/wp-content\/uploads\/2020\/11\/logo.svg\",\"width\":286.58,\"height\":75.14,\"caption\":\"IAT - Innovative Anlagentechnik GmbH\"},\"image\":{\"@id\":\"https:\/\/iat-kaelte.de\/#\/schema\/logo\/image\/\"}}]}<\/script>\n<!-- \/ Yoast SEO plugin. -->","yoast_head_json":{"title":"K\u00fchlanlagenbau \u00bb Von der Idee bis zur Fertigung","description":"Fertigung von ma\u00dfgeschneiderten K\u00fchlsystemen \u25b6 Planung\u2713 Montage\u2713 Installation vor Ort in kurzem Zeitraum\u2713 \u27a5 Jetzt mehr erfahren!","robots":{"index":"index","follow":"follow","max-snippet":"max-snippet:-1","max-image-preview":"max-image-preview:large","max-video-preview":"max-video-preview:-1"},"canonical":"https:\/\/iat-kaelte.de\/en\/leistungen\/fertigung\/","og_locale":"en_GB","og_type":"article","og_title":"K\u00fchlanlagenbau \u00bb Von der Idee bis zur Fertigung","og_description":"Fertigung von ma\u00dfgeschneiderten K\u00fchlsystemen \u25b6 Planung\u2713 Montage\u2713 Installation vor Ort in kurzem Zeitraum\u2713 \u27a5 Jetzt mehr erfahren!","og_url":"https:\/\/iat-kaelte.de\/en\/leistungen\/fertigung\/","og_site_name":"Innovative Anlagentechnik GmbH","article_modified_time":"2021-02-19T12:19:17+00:00","og_image":[{"width":1600,"height":600,"url":"https:\/\/iat-kaelte.de\/wp-content\/uploads\/2021\/02\/fertigung.jpg","type":"image\/jpeg"}],"twitter_card":"summary_large_image","schema":{"@context":"https:\/\/schema.org","@graph":[{"@type":"WebPage","@id":"https:\/\/iat-kaelte.de\/leistungen\/fertigung\/","url":"https:\/\/iat-kaelte.de\/leistungen\/fertigung\/","name":"K\u00fchlanlagenbau \u00bb Von der Idee bis zur Fertigung","isPartOf":{"@id":"https:\/\/iat-kaelte.de\/#website"},"datePublished":"2021-01-28T15:06:18+00:00","dateModified":"2021-02-19T12:19:17+00:00","description":"Fertigung von ma\u00dfgeschneiderten K\u00fchlsystemen \u25b6 Planung\u2713 Montage\u2713 Installation vor Ort in kurzem Zeitraum\u2713 \u27a5 Jetzt mehr erfahren!","breadcrumb":{"@id":"https:\/\/iat-kaelte.de\/leistungen\/fertigung\/#breadcrumb"},"inLanguage":"en-GB","potentialAction":[{"@type":"ReadAction","target":["https:\/\/iat-kaelte.de\/leistungen\/fertigung\/"]}]},{"@type":"BreadcrumbList","@id":"https:\/\/iat-kaelte.de\/leistungen\/fertigung\/#breadcrumb","itemListElement":[{"@type":"ListItem","position":1,"name":"Startseite","item":"https:\/\/iat-kaelte.de\/"},{"@type":"ListItem","position":2,"name":"Leistungen","item":"https:\/\/iat-kaelte.de\/leistungen\/"},{"@type":"ListItem","position":3,"name":"Fertigung"}]},{"@type":"WebSite","@id":"https:\/\/iat-kaelte.de\/#website","url":"https:\/\/iat-kaelte.de\/","name":"Innovative Anlagentechnik GmbH","description":"Kaltwasser - Klima - Steuerungstechnik","publisher":{"@id":"https:\/\/iat-kaelte.de\/#organization"},"alternateName":"IAT-K\u00e4lte","potentialAction":[{"@type":"SearchAction","target":{"@type":"EntryPoint","urlTemplate":"https:\/\/iat-kaelte.de\/?s={search_term_string}"},"query-input":"required name=search_term_string"}],"inLanguage":"en-GB"},{"@type":"Organization","@id":"https:\/\/iat-kaelte.de\/#organization","name":"IAT - Innovative Anlagentechnik GmbH","alternateName":"IAT-K\u00e4lte GmbH","url":"https:\/\/iat-kaelte.de\/","logo":{"@type":"ImageObject","inLanguage":"en-GB","@id":"https:\/\/iat-kaelte.de\/#\/schema\/logo\/image\/","url":"https:\/\/iat-kaelte.de\/wp-content\/uploads\/2020\/11\/logo.svg","contentUrl":"https:\/\/iat-kaelte.de\/wp-content\/uploads\/2020\/11\/logo.svg","width":286.58,"height":75.14,"caption":"IAT - Innovative Anlagentechnik GmbH"},"image":{"@id":"https:\/\/iat-kaelte.de\/#\/schema\/logo\/image\/"}}]}},"_links":{"self":[{"href":"https:\/\/iat-kaelte.de\/en\/wp-json\/wp\/v2\/pages\/92"}],"collection":[{"href":"https:\/\/iat-kaelte.de\/en\/wp-json\/wp\/v2\/pages"}],"about":[{"href":"https:\/\/iat-kaelte.de\/en\/wp-json\/wp\/v2\/types\/page"}],"author":[{"embeddable":true,"href":"https:\/\/iat-kaelte.de\/en\/wp-json\/wp\/v2\/users\/1"}],"replies":[{"embeddable":true,"href":"https:\/\/iat-kaelte.de\/en\/wp-json\/wp\/v2\/comments?post=92"}],"version-history":[{"count":1,"href":"https:\/\/iat-kaelte.de\/en\/wp-json\/wp\/v2\/pages\/92\/revisions"}],"predecessor-version":[{"id":93,"href":"https:\/\/iat-kaelte.de\/en\/wp-json\/wp\/v2\/pages\/92\/revisions\/93"}],"up":[{"embeddable":true,"href":"https:\/\/iat-kaelte.de\/en\/wp-json\/wp\/v2\/pages\/86"}],"wp:featuredmedia":[{"embeddable":true,"href":"https:\/\/iat-kaelte.de\/en\/wp-json\/wp\/v2\/media\/204"}],"wp:attachment":[{"href":"https:\/\/iat-kaelte.de\/en\/wp-json\/wp\/v2\/media?parent=92"}],"curies":[{"name":"wp","href":"https:\/\/api.w.org\/{rel}","templated":true}]}}