{"id":89,"date":"2021-01-28T15:58:22","date_gmt":"2021-01-28T14:58:22","guid":{"rendered":"http:\/\/new.iat-kaelte.de\/?page_id=89"},"modified":"2021-02-19T13:22:53","modified_gmt":"2021-02-19T12:22:53","slug":"beratung-projektierung","status":"publish","type":"page","link":"https:\/\/iat-kaelte.de\/en\/leistungen\/beratung-projektierung\/","title":{"rendered":"Consulting &amp; project planning"},"content":{"rendered":"","protected":false},"excerpt":{"rendered":"","protected":false},"author":1,"featured_media":205,"parent":86,"menu_order":0,"comment_status":"closed","ping_status":"closed","template":"","meta":{"ct_builder_shortcodes":"[ct_section ct_sign_sha256='5dc3f83fab6f196550f2088f48e8f1962d69ad476df2f0077d1ff9d984820554' ct_options='{\"ct_id\":17,\"ct_parent\":0,\"selector\":\"section-17-15\",\"activeselector\":false,\"classes\":{\"0\":\"header_image\"},\"original\":{\"background-image\":\"[oxygen ct_sign_sha256='216211043951e09a29fe690e653f791d9ba586f6a700e7368fa96b326fb73634' data='featured_image' size='2000x1300' ]\",\"background-imagedynamic\":true}}'][ct_headline ct_sign_sha256='e0cbe7af6922e22b4ed0a5eb14c86a155b4b359906e325181df0cd669ccaa4d0' ct_options='{\"ct_id\":22,\"ct_parent\":17,\"selector\":\"headline-22-15\",\"activeselector\":\"text_schatten\",\"original\":{\"color\":\"color(3)\"},\"classes\":{\"0\":\"head_1\",\"1\":\"text_schatten\"}}']Beratung &amp; Projektierung<br>[\/ct_headline][ct_div_block_2 ct_sign_sha256='8ceef5c98ab9362a96dbd7c6c261895ab034f52f850dcd52b46f42425f39b1cd' ct_options='{\"ct_id\":26,\"ct_parent\":17,\"selector\":\"div_block-26-15\",\"classes\":{\"0\":\"linie_sep\",\"1\":\"div_schatten\"},\"activeselector\":\"div_schatten\",\"original\":{\"min-height\":\"0\",\"background-color\":\"color(3)\"}}'][\/ct_div_block_2][\/ct_section][ct_div_block ct_sign_sha256='ce31ab48c62f5c62cff1a93febb1c7c0e90f57176f31339b9bc1191f794d41ae' ct_options='{\"ct_id\":18,\"ct_parent\":0,\"selector\":\"div_block-18-15\",\"activeselector\":\"separator_unten\",\"classes\":{\"0\":\"separator_unten\"},\"nicename\":\"separator\"}'][\/ct_div_block][ct_section ct_sign_sha256='46c769db0ba1de7b90cb4d1acaef9a62193f99e81a935a8ebab93acfa6c9c555' ct_options='{\"ct_id\":28,\"ct_parent\":0,\"selector\":\"section-28-15\",\"original\":{\"container-padding-bottom\":\"0\"},\"classes\":{\"0\":\"section_block\"},\"activeselector\":false,\"media\":{\"tablet\":{\"original\":{}}}}'][ct_div_block_2 ct_sign_sha256='147fb957ea3896825afac40c28e818d35c2bd739f07b2f01b5687cb0ecad143a' ct_options='{\"ct_id\":50,\"ct_parent\":28,\"selector\":\"div_block-50-15\",\"classes\":{\"0\":\"text_left_400\"},\"activeselector\":false,\"original\":{\"width\":\"100\",\"width-unit\":\"%\"}}'][ct_headline ct_sign_sha256='2b12259bdf42a4bf613daac2ca2704354f310bed0ef3e286ac6c173caa264d0f' ct_options='{\"ct_id\":53,\"ct_parent\":50,\"selector\":\"headline-53-15\",\"original\":{\"tag\":\"h2\"},\"activeselector\":\"text_h2\",\"classes\":{\"0\":\"text_h2\"}}']Von der Idee zur optimalen L\u00f6sung - alles aus einer Hand![\/ct_headline][oxy_rich_text ct_sign_sha256='60aa7ecf19c491b5e35ec530c024665f850d3d634e343729df37ec34c09448d2' ct_options='{\"ct_id\":52,\"ct_parent\":50,\"selector\":\"_rich_text-52-15\",\"activeselector\":\"text\",\"classes\":{\"0\":\"text\"}}']<p>Als <em>Komplettanbieter <\/em>legen wir gro\u00dfen Wert auf eine umfassende Beratung, die jeder Planung und Konzeption vorausgeht. Von der Auswahl der Anlagentechnik \u00fcber die Bewertung \u00f6rtlicher M\u00f6glichkeiten und die Evaluation nach energetischen Gesichtspunkten bis hin zur Ber\u00fccksichtigung\u00a0 spezifischer Kundenw\u00fcnsche stellen wir uns jeder Planungsaufgabe.<\/p><p>Durch den Einsatz bew\u00e4hrter Steuerungssysteme werden zuverl\u00e4ssig alle Prozesse automatisiert und die Effizienz von Bestands- oder Neuanlagen gesteigert. Den wesentlichen Anteil am Entstehungsprozess hat die Konstruktionsabteilung. Hier werden Daten erzeugt und das Ergebnis der Anlagenanalyse f\u00fcr die Strategie und Kostenentwicklung gestellt.<\/p>[\/oxy_rich_text][\/ct_div_block_2][\/ct_section][ct_section ct_sign_sha256='641e497c877e352bfbf590690aa0d12919d405d1f9580c8029c411f90750a658' ct_options='{\"ct_id\":181,\"ct_parent\":0,\"selector\":\"section-181-69\",\"original\":{\"container-padding-top\":\"27\",\"container-padding-bottom\":\"134\",\"flex-direction\":\"row\",\"display\":\"flex\",\"justify-content\":\"space-between\",\"text-align\":\"justify\"},\"activeselector\":false}'][ct_div_block_2 ct_sign_sha256='cc2a0b5166a2f7141a299c61e4d0f11f5283910dff897f7b74ced26be5a9e18d' ct_options='{\"ct_id\":182,\"ct_parent\":181,\"selector\":\"div_block-182-69\",\"original\":{\"width\":\"100\",\"width-unit\":\"%\",\"align-items\":\"center\",\"text-align\":\"center\"},\"activeselector\":false}'][ct_image ct_sign_sha256='57d90287d4d00300a2d6494b83adf15bcb6c4758d119e0e65d5d47051cfb459f' ct_options='{\"ct_id\":104,\"ct_parent\":182,\"selector\":\"image-104-47\",\"original\":{\"src\":\"https:\/\/iat-kaelte.de\/wp-content\/uploads\/2021\/01\/IAT-Beratung-Projektierung.jpg\"},\"activeselector\":false,\"classes\":{}}'][\/ct_image][\/ct_div_block_2][\/ct_section][ct_section ct_sign_sha256='89cc43f7897a9105393282a64b21eb540f2792b12a5ece9de769b44e24d5ebf1' ct_options='{\"ct_id\":164,\"ct_parent\":0,\"selector\":\"section-164-47\",\"activeselector\":false,\"classes\":{\"0\":\"cta_background\"}}'][ct_div_block_2 ct_sign_sha256='7992af238047ee5c0b633192b555b9806a09dc93bca0856d1759dcce2a0e5614' ct_options='{\"ct_id\":165,\"ct_parent\":164,\"selector\":\"div_block-165-47\",\"activeselector\":false,\"media\":{\"phone-portrait\":{\"original\":{\"padding-right\":\"34\",\"padding-left\":\"24\"}}},\"classes\":{\"0\":\"box_1\"},\"original\":{\"padding-right\":\"122\",\"margin-top\":\"-150\"}}'][ct_div_block_3 ct_sign_sha256='ce35bab7ffd3b2c5f064632a2be1bf3e7d12ee82fcb40f32f3ef80a73d11fc65' ct_options='{\"ct_id\":166,\"ct_parent\":165,\"selector\":\"div_block-166-47\",\"original\":{\"width-unit\":\"%\",\"width\":\"100\"},\"media\":{\"tablet\":{\"original\":{\"display\":\"flex\",\"align-items\":\"flex-start\",\"text-align\":\"left\"}}}}'][ct_headline ct_sign_sha256='2bf2a99d5733c105424fbf41127721ab1888708f3729f2ce1884f31049c1f90b' ct_options='{\"ct_id\":167,\"ct_parent\":166,\"selector\":\"headline-167-47\",\"original\":{\"tag\":\"h4\"},\"classes\":{\"0\":\"cta_head\"},\"activeselector\":\"cta_head\"}']Sie ben\u00f6tigen Hilfe bei der Planung und Entwicklung ihrer Anlage?[\/ct_headline][ct_div_block_4 ct_sign_sha256='32dd957ffc1a3e69f4b2a3bbc67631009dbd6c7b83dcbb962174bf3ee2ee4777' ct_options='{\"ct_id\":168,\"ct_parent\":166,\"selector\":\"div_block-168-47\",\"original\":{\"min-height\":\"0\"},\"classes\":{\"0\":\"cta_linie\"}}'][\/ct_div_block_4][oxy_rich_text ct_sign_sha256='b7c8086abca9932f3f350f45d875deb6af9de43a00f46bacc837586561f75a9b' ct_options='{\"ct_id\":169,\"ct_parent\":166,\"selector\":\"_rich_text-169-47\",\"classes\":{\"0\":\"cta_text\"}}']<p>Sprechen wir gemeinsam dar\u00fcber, wie wir sie unterst\u00fctzen k\u00f6nnen!\u00a0<\/p>[\/oxy_rich_text][\/ct_div_block_3][ct_div_block_3 ct_sign_sha256='18d19b9b9ae0c651a9f3eae9a06ef58f3275b46142b0d30efd70b77454ba398b' ct_options='{\"ct_id\":170,\"ct_parent\":165,\"selector\":\"div_block-170-47\",\"original\":{\"width-unit\":\"%\",\"width\":\"80\",\"align-items\":\"flex-end\",\"text-align\":\"right\"},\"media\":{\"phone-landscape\":{\"original\":{\"width-unit\":\"%\",\"width\":\"100\",\"flex-direction\":\"column\",\"display\":\"flex\",\"align-items\":\"center\",\"text-align\":\"center\"}}}}'][ct_link_4 ct_sign_sha256='0f6deca843e8eb490e76c6515af3898d336b19bf8e7c2f02a79795f572026b38' ct_options='{\"ct_id\":171,\"ct_parent\":170,\"selector\":\"link-171-47\",\"original\":{\"position\":\"relative\",\"align-items\":\"center\",\"text-align\":\"center\",\"justify-content\":\"center\",\"url\":\"https:\/\/iat-kaelte.de\/kontakt\/\",\"target\":\"\",\"transition-duration\":\"0.4\",\"url_encoded\":\"true\"},\"hover\":{\"transform\":{\"0\":{\"transform-type\":\"scale\",\"rotateAngle\":\"-5\",\"scaleX\":\"1.1\",\"scaleY\":\"1.1\",\"scaleZ\":\"\"}}}}'][ct_image ct_sign_sha256='a4f6b69ed468653f1babbfbc816b9b9750e1c772dcd5c17402c885532129ad4a' ct_options='{\"ct_id\":172,\"ct_parent\":171,\"selector\":\"image-172-47\",\"original\":{\"src\":\"https:\/\/iat-kaelte.de\/wp-content\/uploads\/2021\/01\/button-outline.svg\"},\"classes\":{\"0\":\"cta_button\"}}'][\/ct_image][ct_text_block ct_sign_sha256='775de0887960112c982056bf0a36922e10512f28ba45047cbfeb90c126259169' ct_options='{\"ct_id\":173,\"ct_parent\":171,\"selector\":\"text_block-173-47\",\"activeselector\":\"cta_button_text\",\"classes\":{\"0\":\"cta_button_text\"}}']\u00bb Kontaktieren Sie uns![\/ct_text_block][\/ct_link_4][\/ct_div_block_3][\/ct_div_block_2][\/ct_section]","ct_template_type":"","ct_parent_template":0},"acf":[],"yoast_head":"<!-- This site is optimized with the Yoast SEO plugin v20.13 - https:\/\/yoast.com\/wordpress\/plugins\/seo\/ -->\n<title>Beratung &amp; Projektierung im Anlagenbau \/ K\u00fchlsysteme<\/title>\n<meta name=\"description\" content=\"Wir sind die Profis f\u00fcr industrielle K\u00fchlsysteme \u25b6 Beratung\u2713 Projektierung\u2713 Konstruktion\u2713 \u27a5 IAT GmbH - Mehr 25 Jahre Erfahrung!\" \/>\n<meta name=\"robots\" content=\"index, follow, max-snippet:-1, max-image-preview:large, max-video-preview:-1\" \/>\n<link rel=\"canonical\" href=\"https:\/\/iat-kaelte.de\/en\/leistungen\/beratung-projektierung\/\" \/>\n<meta property=\"og:locale\" content=\"en_GB\" \/>\n<meta property=\"og:type\" content=\"article\" \/>\n<meta property=\"og:title\" content=\"Beratung &amp; Projektierung im Anlagenbau \/ K\u00fchlsysteme\" \/>\n<meta property=\"og:description\" content=\"Wir sind die Profis f\u00fcr industrielle K\u00fchlsysteme \u25b6 Beratung\u2713 Projektierung\u2713 Konstruktion\u2713 \u27a5 IAT GmbH - Mehr 25 Jahre Erfahrung!\" \/>\n<meta property=\"og:url\" content=\"https:\/\/iat-kaelte.de\/en\/leistungen\/beratung-projektierung\/\" \/>\n<meta property=\"og:site_name\" content=\"Innovative Anlagentechnik GmbH\" \/>\n<meta property=\"article:modified_time\" content=\"2021-02-19T12:22:53+00:00\" \/>\n<meta property=\"og:image\" content=\"https:\/\/iat-kaelte.de\/wp-content\/uploads\/2021\/02\/beratung.jpg\" \/>\n\t<meta property=\"og:image:width\" content=\"1600\" \/>\n\t<meta property=\"og:image:height\" content=\"600\" \/>\n\t<meta property=\"og:image:type\" content=\"image\/jpeg\" \/>\n<meta name=\"twitter:card\" content=\"summary_large_image\" \/>\n<script type=\"application\/ld+json\" class=\"yoast-schema-graph\">{\"@context\":\"https:\/\/schema.org\",\"@graph\":[{\"@type\":\"WebPage\",\"@id\":\"https:\/\/iat-kaelte.de\/leistungen\/beratung-projektierung\/\",\"url\":\"https:\/\/iat-kaelte.de\/leistungen\/beratung-projektierung\/\",\"name\":\"Beratung & Projektierung im Anlagenbau \/ K\u00fchlsysteme\",\"isPartOf\":{\"@id\":\"https:\/\/iat-kaelte.de\/#website\"},\"datePublished\":\"2021-01-28T14:58:22+00:00\",\"dateModified\":\"2021-02-19T12:22:53+00:00\",\"description\":\"Wir sind die Profis f\u00fcr industrielle K\u00fchlsysteme \u25b6 Beratung\u2713 Projektierung\u2713 Konstruktion\u2713 \u27a5 IAT GmbH - Mehr 25 Jahre Erfahrung!\",\"breadcrumb\":{\"@id\":\"https:\/\/iat-kaelte.de\/leistungen\/beratung-projektierung\/#breadcrumb\"},\"inLanguage\":\"en-GB\",\"potentialAction\":[{\"@type\":\"ReadAction\",\"target\":[\"https:\/\/iat-kaelte.de\/leistungen\/beratung-projektierung\/\"]}]},{\"@type\":\"BreadcrumbList\",\"@id\":\"https:\/\/iat-kaelte.de\/leistungen\/beratung-projektierung\/#breadcrumb\",\"itemListElement\":[{\"@type\":\"ListItem\",\"position\":1,\"name\":\"Startseite\",\"item\":\"https:\/\/iat-kaelte.de\/\"},{\"@type\":\"ListItem\",\"position\":2,\"name\":\"Leistungen\",\"item\":\"https:\/\/iat-kaelte.de\/leistungen\/\"},{\"@type\":\"ListItem\",\"position\":3,\"name\":\"Beratung \/ Projektierung\"}]},{\"@type\":\"WebSite\",\"@id\":\"https:\/\/iat-kaelte.de\/#website\",\"url\":\"https:\/\/iat-kaelte.de\/\",\"name\":\"Innovative Anlagentechnik GmbH\",\"description\":\"Kaltwasser - Klima - Steuerungstechnik\",\"publisher\":{\"@id\":\"https:\/\/iat-kaelte.de\/#organization\"},\"alternateName\":\"IAT-K\u00e4lte\",\"potentialAction\":[{\"@type\":\"SearchAction\",\"target\":{\"@type\":\"EntryPoint\",\"urlTemplate\":\"https:\/\/iat-kaelte.de\/?s={search_term_string}\"},\"query-input\":\"required name=search_term_string\"}],\"inLanguage\":\"en-GB\"},{\"@type\":\"Organization\",\"@id\":\"https:\/\/iat-kaelte.de\/#organization\",\"name\":\"IAT - Innovative Anlagentechnik GmbH\",\"alternateName\":\"IAT-K\u00e4lte GmbH\",\"url\":\"https:\/\/iat-kaelte.de\/\",\"logo\":{\"@type\":\"ImageObject\",\"inLanguage\":\"en-GB\",\"@id\":\"https:\/\/iat-kaelte.de\/#\/schema\/logo\/image\/\",\"url\":\"https:\/\/iat-kaelte.de\/wp-content\/uploads\/2020\/11\/logo.svg\",\"contentUrl\":\"https:\/\/iat-kaelte.de\/wp-content\/uploads\/2020\/11\/logo.svg\",\"width\":286.58,\"height\":75.14,\"caption\":\"IAT - Innovative Anlagentechnik GmbH\"},\"image\":{\"@id\":\"https:\/\/iat-kaelte.de\/#\/schema\/logo\/image\/\"}}]}<\/script>\n<!-- \/ Yoast SEO plugin. -->","yoast_head_json":{"title":"Beratung & Projektierung im Anlagenbau \/ K\u00fchlsysteme","description":"Wir sind die Profis f\u00fcr industrielle K\u00fchlsysteme \u25b6 Beratung\u2713 Projektierung\u2713 Konstruktion\u2713 \u27a5 IAT GmbH - Mehr 25 Jahre Erfahrung!","robots":{"index":"index","follow":"follow","max-snippet":"max-snippet:-1","max-image-preview":"max-image-preview:large","max-video-preview":"max-video-preview:-1"},"canonical":"https:\/\/iat-kaelte.de\/en\/leistungen\/beratung-projektierung\/","og_locale":"en_GB","og_type":"article","og_title":"Beratung & Projektierung im Anlagenbau \/ K\u00fchlsysteme","og_description":"Wir sind die Profis f\u00fcr industrielle K\u00fchlsysteme \u25b6 Beratung\u2713 Projektierung\u2713 Konstruktion\u2713 \u27a5 IAT GmbH - Mehr 25 Jahre Erfahrung!","og_url":"https:\/\/iat-kaelte.de\/en\/leistungen\/beratung-projektierung\/","og_site_name":"Innovative Anlagentechnik GmbH","article_modified_time":"2021-02-19T12:22:53+00:00","og_image":[{"width":1600,"height":600,"url":"https:\/\/iat-kaelte.de\/wp-content\/uploads\/2021\/02\/beratung.jpg","type":"image\/jpeg"}],"twitter_card":"summary_large_image","schema":{"@context":"https:\/\/schema.org","@graph":[{"@type":"WebPage","@id":"https:\/\/iat-kaelte.de\/leistungen\/beratung-projektierung\/","url":"https:\/\/iat-kaelte.de\/leistungen\/beratung-projektierung\/","name":"Beratung & Projektierung im Anlagenbau \/ K\u00fchlsysteme","isPartOf":{"@id":"https:\/\/iat-kaelte.de\/#website"},"datePublished":"2021-01-28T14:58:22+00:00","dateModified":"2021-02-19T12:22:53+00:00","description":"Wir sind die Profis f\u00fcr industrielle K\u00fchlsysteme \u25b6 Beratung\u2713 Projektierung\u2713 Konstruktion\u2713 \u27a5 IAT GmbH - Mehr 25 Jahre Erfahrung!","breadcrumb":{"@id":"https:\/\/iat-kaelte.de\/leistungen\/beratung-projektierung\/#breadcrumb"},"inLanguage":"en-GB","potentialAction":[{"@type":"ReadAction","target":["https:\/\/iat-kaelte.de\/leistungen\/beratung-projektierung\/"]}]},{"@type":"BreadcrumbList","@id":"https:\/\/iat-kaelte.de\/leistungen\/beratung-projektierung\/#breadcrumb","itemListElement":[{"@type":"ListItem","position":1,"name":"Startseite","item":"https:\/\/iat-kaelte.de\/"},{"@type":"ListItem","position":2,"name":"Leistungen","item":"https:\/\/iat-kaelte.de\/leistungen\/"},{"@type":"ListItem","position":3,"name":"Beratung \/ Projektierung"}]},{"@type":"WebSite","@id":"https:\/\/iat-kaelte.de\/#website","url":"https:\/\/iat-kaelte.de\/","name":"Innovative Anlagentechnik GmbH","description":"Kaltwasser - Klima - Steuerungstechnik","publisher":{"@id":"https:\/\/iat-kaelte.de\/#organization"},"alternateName":"IAT-K\u00e4lte","potentialAction":[{"@type":"SearchAction","target":{"@type":"EntryPoint","urlTemplate":"https:\/\/iat-kaelte.de\/?s={search_term_string}"},"query-input":"required name=search_term_string"}],"inLanguage":"en-GB"},{"@type":"Organization","@id":"https:\/\/iat-kaelte.de\/#organization","name":"IAT - Innovative Anlagentechnik GmbH","alternateName":"IAT-K\u00e4lte GmbH","url":"https:\/\/iat-kaelte.de\/","logo":{"@type":"ImageObject","inLanguage":"en-GB","@id":"https:\/\/iat-kaelte.de\/#\/schema\/logo\/image\/","url":"https:\/\/iat-kaelte.de\/wp-content\/uploads\/2020\/11\/logo.svg","contentUrl":"https:\/\/iat-kaelte.de\/wp-content\/uploads\/2020\/11\/logo.svg","width":286.58,"height":75.14,"caption":"IAT - Innovative Anlagentechnik GmbH"},"image":{"@id":"https:\/\/iat-kaelte.de\/#\/schema\/logo\/image\/"}}]}},"_links":{"self":[{"href":"https:\/\/iat-kaelte.de\/en\/wp-json\/wp\/v2\/pages\/89"}],"collection":[{"href":"https:\/\/iat-kaelte.de\/en\/wp-json\/wp\/v2\/pages"}],"about":[{"href":"https:\/\/iat-kaelte.de\/en\/wp-json\/wp\/v2\/types\/page"}],"author":[{"embeddable":true,"href":"https:\/\/iat-kaelte.de\/en\/wp-json\/wp\/v2\/users\/1"}],"replies":[{"embeddable":true,"href":"https:\/\/iat-kaelte.de\/en\/wp-json\/wp\/v2\/comments?post=89"}],"version-history":[{"count":1,"href":"https:\/\/iat-kaelte.de\/en\/wp-json\/wp\/v2\/pages\/89\/revisions"}],"predecessor-version":[{"id":90,"href":"https:\/\/iat-kaelte.de\/en\/wp-json\/wp\/v2\/pages\/89\/revisions\/90"}],"up":[{"embeddable":true,"href":"https:\/\/iat-kaelte.de\/en\/wp-json\/wp\/v2\/pages\/86"}],"wp:featuredmedia":[{"embeddable":true,"href":"https:\/\/iat-kaelte.de\/en\/wp-json\/wp\/v2\/media\/205"}],"wp:attachment":[{"href":"https:\/\/iat-kaelte.de\/en\/wp-json\/wp\/v2\/media?parent=89"}],"curies":[{"name":"wp","href":"https:\/\/api.w.org\/{rel}","templated":true}]}}