{"id":74,"date":"2021-01-26T17:12:07","date_gmt":"2021-01-26T16:12:07","guid":{"rendered":"http:\/\/new.iat-kaelte.de\/?page_id=74"},"modified":"2021-02-19T12:56:53","modified_gmt":"2021-02-19T11:56:53","slug":"anlagenbau","status":"publish","type":"page","link":"https:\/\/iat-kaelte.de\/en\/produkte\/anlagenbau\/","title":{"rendered":"machine and plant construction"},"content":{"rendered":"","protected":false},"excerpt":{"rendered":"","protected":false},"author":1,"featured_media":194,"parent":49,"menu_order":0,"comment_status":"closed","ping_status":"closed","template":"","meta":{"ct_builder_shortcodes":"[ct_section ct_sign_sha256='113836f26bd9c99e40ba931d40f223281d87686b6744a65fa3be02f752b6682f' ct_options='{\"ct_id\":17,\"ct_parent\":0,\"selector\":\"section-17-15\",\"activeselector\":false,\"classes\":{\"0\":\"header_image\"},\"original\":{\"background-imagedynamic\":true,\"background-image\":\"[oxygen ct_sign_sha256='216211043951e09a29fe690e653f791d9ba586f6a700e7368fa96b326fb73634' data='featured_image' size='2000x1300' ]\"}}'][ct_headline ct_sign_sha256='1109e32bc97d4bf9d86f17364f68cfc1c2d2787db1a8f0895c5fee41e090fec6' ct_options='{\"ct_id\":22,\"ct_parent\":17,\"selector\":\"headline-22-15\",\"activeselector\":\"text_schatten\",\"original\":{\"color\":\"color(3)\"},\"classes\":{\"0\":\"head_1\",\"1\":\"text_schatten\"}}']K\u00fchlanlagenbau<br>[\/ct_headline][ct_div_block_2 ct_sign_sha256='8ceef5c98ab9362a96dbd7c6c261895ab034f52f850dcd52b46f42425f39b1cd' ct_options='{\"ct_id\":26,\"ct_parent\":17,\"selector\":\"div_block-26-15\",\"classes\":{\"0\":\"linie_sep\",\"1\":\"div_schatten\"},\"activeselector\":\"div_schatten\",\"original\":{\"min-height\":\"0\",\"background-color\":\"color(3)\"}}'][\/ct_div_block_2][ct_text_block ct_sign_sha256='c48167d85d6efbd477f79bb3dce090ce90aba0ce53900ee05bd144f334386a69' ct_options='{\"ct_id\":175,\"ct_parent\":17,\"selector\":\"text_block-175-69\",\"original\":{\"color\":\"color(3)\",\"font-size\":\"19\",\"font-weight\":\"600\"},\"classes\":{\"0\":\"text_schatten\"},\"activeselector\":\"text_schatten\"}']Komplexe Systeme - von der Idee zur optimalen L\u00f6sung<br>[\/ct_text_block][\/ct_section][ct_div_block ct_sign_sha256='ce31ab48c62f5c62cff1a93febb1c7c0e90f57176f31339b9bc1191f794d41ae' ct_options='{\"ct_id\":18,\"ct_parent\":0,\"selector\":\"div_block-18-15\",\"activeselector\":\"separator_unten\",\"classes\":{\"0\":\"separator_unten\"},\"nicename\":\"separator\"}'][\/ct_div_block][ct_section ct_sign_sha256='adb6228a9777a3aef889fc8ca40e783225e982f541e93470dba25f8f1367979b' ct_options='{\"ct_id\":28,\"ct_parent\":0,\"selector\":\"section-28-15\",\"original\":{\"container-padding-bottom\":\"0\"},\"classes\":{\"0\":\"section_block\"},\"activeselector\":false,\"media\":{\"tablet\":{\"original\":{}}}}'][ct_div_block_2 ct_sign_sha256='ef947790032a3ec59f7b1895ff2831f20e1286ff3325891e09741ac4688dd441' ct_options='{\"ct_id\":50,\"ct_parent\":28,\"selector\":\"div_block-50-15\",\"classes\":{\"0\":\"text_left_400\"},\"activeselector\":\"text_left_400\"}'][ct_headline ct_sign_sha256='f31a6d1cb38a057c5215d8f895e9f3be7299277cfaa92b1fbb4cfea8a1881ef2' ct_options='{\"ct_id\":53,\"ct_parent\":50,\"selector\":\"headline-53-15\",\"original\":{\"tag\":\"h2\"},\"activeselector\":\"text_h2\",\"classes\":{\"0\":\"text_h2\"}}']Planung - Entwicklung - Lieferung[\/ct_headline][oxy_rich_text ct_sign_sha256='9a3f6db94d52b9269395efbd4df3bb78904365d3ce37fc35ec1ebd254e03d6f0' ct_options='{\"ct_id\":52,\"ct_parent\":50,\"selector\":\"_rich_text-52-15\",\"activeselector\":\"text\",\"classes\":{\"0\":\"text\"}}']<p>Bei der Planung, Entwicklung und Lieferung kommt es auf den Blick f\u00fcr die wesentlichen Details an. Mit unserem gro\u00dfen <strong>Erfahrungsschatz aus mehr als 25-j\u00e4hriger Praxis im Anlagenbau<\/strong> planen wir ganzheitliche Abl\u00e4ufe und stellen die notwendigen Kapazit\u00e4ten in allen Fertigungsschritten zur Verf\u00fcgung. Dazu nutzen wir spezielle Modelle und stimmen alle Entwicklungs- und Fertigungsbereiche miteinander ab.<\/p><p>In enger und partnerschaftlicher Zusammenarbeit mit unseren Kunden erarbeiten wir gepaart mit unserer langj\u00e4hrigen Erfahrung individuelle und ma\u00dfgeschneiderte L\u00f6sungen f\u00fcr Ihre anlagentechnischen Aufgabenstellungen.\u00a0<\/p>[\/oxy_rich_text][\/ct_div_block_2][ct_div_block_2 ct_sign_sha256='8b2ea8880d0118e6407167ec5a2d3fac8defe862c5fb8af150e06cecd8e970c2' ct_options='{\"ct_id\":80,\"ct_parent\":28,\"selector\":\"div_block-80-15\",\"classes\":{\"0\":\"box_2\",\"1\":\"box_400\"},\"activeselector\":\"box_400\",\"original\":{\"padding-top\":\"80\",\"margin-top\":\"-30\"},\"media\":{\"phone-landscape\":{\"original\":{\"margin-top\":\"20\"}}}}'][oxy_rich_text ct_sign_sha256='65d06cb6cdd26f3e19e19e48365100d80a4efc4947e4728e241ec073889a8d34' ct_options='{\"ct_id\":49,\"ct_parent\":80,\"selector\":\"_rich_text-49-15\",\"classes\":{\"0\":\"vorteile_text\"},\"activeselector\":false,\"media\":{\"tablet\":{\"original\":{}},\"phone-portrait\":{\"original\":{\"text-align\":\"center\"}}}}']<p><strong>IAT GmbH bietet innovative und hochkompetente L\u00f6sungen und Dienstleistungen auf dem Gebiet der Anlagen- und Industriek\u00e4lte an.<\/strong><\/p>[\/oxy_rich_text][\/ct_div_block_2][\/ct_section][ct_section ct_sign_sha256='087f942b06088faa4230b8a7a5a3eb4951e5e0d6897a9180491847d8a2db9fde' ct_options='{\"ct_id\":181,\"ct_parent\":0,\"selector\":\"section-181-69\",\"original\":{\"container-padding-top\":\"27\",\"container-padding-bottom\":\"134\",\"flex-direction\":\"row\",\"display\":\"flex\",\"justify-content\":\"space-between\",\"text-align\":\"justify\"},\"activeselector\":false}'][ct_div_block_2 ct_sign_sha256='bac294ff2c7539a9f1d1076e1af3490cd7251505730455bf417f0edbeb6add2e' ct_options='{\"ct_id\":182,\"ct_parent\":181,\"selector\":\"div_block-182-69\",\"original\":{\"width\":\"47\",\"width-unit\":\"%\"},\"activeselector\":false}'][ct_image ct_sign_sha256='696d21243f0254e1ddcca1650ea1064879675f6dba9de71e6e13f29c928a501a' ct_options='{\"ct_id\":104,\"ct_parent\":182,\"selector\":\"image-104-47\",\"original\":{\"src\":\"https:\/\/iat-kaelte.de\/wp-content\/uploads\/2021\/01\/IAT-Anlagenbau.jpg\"},\"activeselector\":false,\"classes\":{}}'][\/ct_image][\/ct_div_block_2][ct_div_block_2 ct_sign_sha256='fe25c534a0ff2cf26aa555a960f0b79a0967c6e9734d1682666acca2f16e92a2' ct_options='{\"ct_id\":185,\"ct_parent\":181,\"selector\":\"div_block-185-69\",\"original\":{\"width\":\"47\",\"width-unit\":\"%\"},\"activeselector\":false}'][ct_image ct_sign_sha256='b8b3d9163cbd10c2e159709d320c4ac4d232d4de89a16b462dc9f04e62767e05' ct_options='{\"ct_id\":186,\"ct_parent\":185,\"selector\":\"image-186-69\",\"original\":{\"src\":\"https:\/\/iat-kaelte.de\/wp-content\/uploads\/2021\/01\/IAT-Anlagenbau-2.jpg\"},\"activeselector\":false,\"classes\":{}}'][\/ct_image][\/ct_div_block_2][\/ct_section][ct_section ct_sign_sha256='3723cf172d1da4e1a6630edb4704027bd173efdb32750bb57554e9e30d16cc78' ct_options='{\"ct_id\":164,\"ct_parent\":0,\"selector\":\"section-164-47\",\"activeselector\":false,\"classes\":{\"0\":\"cta_background\"}}'][ct_div_block_2 ct_sign_sha256='7469392dbf24bfe119637322c164a913857b2240bc63cc54fbef8974c7381478' ct_options='{\"ct_id\":165,\"ct_parent\":164,\"selector\":\"div_block-165-47\",\"activeselector\":false,\"media\":{\"phone-portrait\":{\"original\":{\"padding-right\":\"34\",\"padding-left\":\"24\"}}},\"classes\":{\"0\":\"box_1\"},\"original\":{\"padding-right\":\"122\",\"margin-top\":\"-150\"}}'][ct_div_block_3 ct_sign_sha256='2960a4bb0b8886b58d75b34a032bcf83915b8a6f9231b38e5d33faaf5d70e8e3' ct_options='{\"ct_id\":166,\"ct_parent\":165,\"selector\":\"div_block-166-47\",\"original\":{\"width-unit\":\"%\",\"width\":\"100\"},\"media\":{\"tablet\":{\"original\":{\"display\":\"flex\",\"align-items\":\"flex-start\",\"text-align\":\"left\"}}}}'][ct_headline ct_sign_sha256='925cb2f6ffc2bf6fd292a760403ee427e1cbcdac09951fe67194f34c3b5209b1' ct_options='{\"ct_id\":167,\"ct_parent\":166,\"selector\":\"headline-167-47\",\"original\":{\"tag\":\"h4\"},\"classes\":{\"0\":\"cta_head\"},\"activeselector\":\"cta_head\"}']Sie ben\u00f6tigen Hilfe bei der Planung und Entwicklung ihrer K\u00fchlanlage?[\/ct_headline][ct_div_block_4 ct_sign_sha256='32dd957ffc1a3e69f4b2a3bbc67631009dbd6c7b83dcbb962174bf3ee2ee4777' ct_options='{\"ct_id\":168,\"ct_parent\":166,\"selector\":\"div_block-168-47\",\"original\":{\"min-height\":\"0\"},\"classes\":{\"0\":\"cta_linie\"}}'][\/ct_div_block_4][oxy_rich_text ct_sign_sha256='27aa44f73e1d94fa8971639c80f1011df2b50e07fafd4fa63288cc895a5d776e' ct_options='{\"ct_id\":169,\"ct_parent\":166,\"selector\":\"_rich_text-169-47\",\"classes\":{\"0\":\"cta_text\"}}']<p>Gerne erarbeiten wir gemeinsam mit Ihnen jeden Schritt hin bis zur optimalen Umsetzung!<\/p>[\/oxy_rich_text][\/ct_div_block_3][ct_div_block_3 ct_sign_sha256='18d19b9b9ae0c651a9f3eae9a06ef58f3275b46142b0d30efd70b77454ba398b' ct_options='{\"ct_id\":170,\"ct_parent\":165,\"selector\":\"div_block-170-47\",\"original\":{\"width-unit\":\"%\",\"width\":\"80\",\"align-items\":\"flex-end\",\"text-align\":\"right\"},\"media\":{\"phone-landscape\":{\"original\":{\"width-unit\":\"%\",\"width\":\"100\",\"flex-direction\":\"column\",\"display\":\"flex\",\"align-items\":\"center\",\"text-align\":\"center\"}}}}'][ct_link_4 ct_sign_sha256='0f6deca843e8eb490e76c6515af3898d336b19bf8e7c2f02a79795f572026b38' ct_options='{\"ct_id\":171,\"ct_parent\":170,\"selector\":\"link-171-47\",\"original\":{\"position\":\"relative\",\"align-items\":\"center\",\"text-align\":\"center\",\"justify-content\":\"center\",\"url\":\"https:\/\/iat-kaelte.de\/kontakt\/\",\"target\":\"\",\"transition-duration\":\"0.4\",\"url_encoded\":\"true\"},\"hover\":{\"transform\":{\"0\":{\"transform-type\":\"scale\",\"rotateAngle\":\"-5\",\"scaleX\":\"1.1\",\"scaleY\":\"1.1\",\"scaleZ\":\"\"}}}}'][ct_image ct_sign_sha256='a4f6b69ed468653f1babbfbc816b9b9750e1c772dcd5c17402c885532129ad4a' ct_options='{\"ct_id\":172,\"ct_parent\":171,\"selector\":\"image-172-47\",\"original\":{\"src\":\"https:\/\/iat-kaelte.de\/wp-content\/uploads\/2021\/01\/button-outline.svg\"},\"classes\":{\"0\":\"cta_button\"}}'][\/ct_image][ct_text_block ct_sign_sha256='775de0887960112c982056bf0a36922e10512f28ba45047cbfeb90c126259169' ct_options='{\"ct_id\":173,\"ct_parent\":171,\"selector\":\"text_block-173-47\",\"activeselector\":\"cta_button_text\",\"classes\":{\"0\":\"cta_button_text\"}}']\u00bb Kontaktieren Sie uns![\/ct_text_block][\/ct_link_4][\/ct_div_block_3][\/ct_div_block_2][\/ct_section]","ct_template_type":"","ct_parent_template":0},"acf":[],"yoast_head":"<!-- This site is optimized with the Yoast SEO plugin v20.13 - https:\/\/yoast.com\/wordpress\/plugins\/seo\/ -->\n<title>K\u00fchlanlagenbau aus Bayern \u00bb K\u00fchlturmbau von IAT<\/title>\n<meta name=\"description\" content=\"K\u00fchlanlagenbau aus einer Hand \u279c Planung, Bau, Lieferung, Installation\u2713 mehr als 25 Jahre Erfahrung\u2713 Wir bauen Ihren K\u00fchlturm!\" \/>\n<meta name=\"robots\" content=\"index, follow, max-snippet:-1, max-image-preview:large, max-video-preview:-1\" \/>\n<link rel=\"canonical\" href=\"https:\/\/iat-kaelte.de\/en\/produkte\/anlagenbau\/\" \/>\n<meta property=\"og:locale\" content=\"en_GB\" \/>\n<meta property=\"og:type\" content=\"article\" \/>\n<meta property=\"og:title\" content=\"K\u00fchlanlagenbau aus Bayern \u00bb K\u00fchlturmbau von IAT\" \/>\n<meta property=\"og:description\" content=\"K\u00fchlanlagenbau aus einer Hand \u279c Planung, Bau, Lieferung, Installation\u2713 mehr als 25 Jahre Erfahrung\u2713 Wir bauen Ihren K\u00fchlturm!\" \/>\n<meta property=\"og:url\" content=\"https:\/\/iat-kaelte.de\/en\/produkte\/anlagenbau\/\" \/>\n<meta property=\"og:site_name\" content=\"Innovative Anlagentechnik GmbH\" \/>\n<meta property=\"article:modified_time\" content=\"2021-02-19T11:56:53+00:00\" \/>\n<meta property=\"og:image\" content=\"https:\/\/iat-kaelte.de\/wp-content\/uploads\/2021\/02\/anlagenbau.jpg\" \/>\n\t<meta property=\"og:image:width\" content=\"1600\" \/>\n\t<meta property=\"og:image:height\" content=\"600\" \/>\n\t<meta property=\"og:image:type\" content=\"image\/jpeg\" \/>\n<meta name=\"twitter:card\" content=\"summary_large_image\" \/>\n<script type=\"application\/ld+json\" class=\"yoast-schema-graph\">{\"@context\":\"https:\/\/schema.org\",\"@graph\":[{\"@type\":\"WebPage\",\"@id\":\"https:\/\/iat-kaelte.de\/produkte\/anlagenbau\/\",\"url\":\"https:\/\/iat-kaelte.de\/produkte\/anlagenbau\/\",\"name\":\"K\u00fchlanlagenbau aus Bayern \u00bb K\u00fchlturmbau von IAT\",\"isPartOf\":{\"@id\":\"https:\/\/iat-kaelte.de\/#website\"},\"datePublished\":\"2021-01-26T16:12:07+00:00\",\"dateModified\":\"2021-02-19T11:56:53+00:00\",\"description\":\"K\u00fchlanlagenbau aus einer Hand \u279c Planung, Bau, Lieferung, Installation\u2713 mehr als 25 Jahre Erfahrung\u2713 Wir bauen Ihren K\u00fchlturm!\",\"breadcrumb\":{\"@id\":\"https:\/\/iat-kaelte.de\/produkte\/anlagenbau\/#breadcrumb\"},\"inLanguage\":\"en-GB\",\"potentialAction\":[{\"@type\":\"ReadAction\",\"target\":[\"https:\/\/iat-kaelte.de\/produkte\/anlagenbau\/\"]}]},{\"@type\":\"BreadcrumbList\",\"@id\":\"https:\/\/iat-kaelte.de\/produkte\/anlagenbau\/#breadcrumb\",\"itemListElement\":[{\"@type\":\"ListItem\",\"position\":1,\"name\":\"Startseite\",\"item\":\"https:\/\/iat-kaelte.de\/\"},{\"@type\":\"ListItem\",\"position\":2,\"name\":\"Produkte\",\"item\":\"https:\/\/iat-kaelte.de\/produkte\/\"},{\"@type\":\"ListItem\",\"position\":3,\"name\":\"Anlagenbau\"}]},{\"@type\":\"WebSite\",\"@id\":\"https:\/\/iat-kaelte.de\/#website\",\"url\":\"https:\/\/iat-kaelte.de\/\",\"name\":\"Innovative Anlagentechnik GmbH\",\"description\":\"Kaltwasser - Klima - Steuerungstechnik\",\"publisher\":{\"@id\":\"https:\/\/iat-kaelte.de\/#organization\"},\"alternateName\":\"IAT-K\u00e4lte\",\"potentialAction\":[{\"@type\":\"SearchAction\",\"target\":{\"@type\":\"EntryPoint\",\"urlTemplate\":\"https:\/\/iat-kaelte.de\/?s={search_term_string}\"},\"query-input\":\"required name=search_term_string\"}],\"inLanguage\":\"en-GB\"},{\"@type\":\"Organization\",\"@id\":\"https:\/\/iat-kaelte.de\/#organization\",\"name\":\"IAT - Innovative Anlagentechnik GmbH\",\"alternateName\":\"IAT-K\u00e4lte GmbH\",\"url\":\"https:\/\/iat-kaelte.de\/\",\"logo\":{\"@type\":\"ImageObject\",\"inLanguage\":\"en-GB\",\"@id\":\"https:\/\/iat-kaelte.de\/#\/schema\/logo\/image\/\",\"url\":\"https:\/\/iat-kaelte.de\/wp-content\/uploads\/2020\/11\/logo.svg\",\"contentUrl\":\"https:\/\/iat-kaelte.de\/wp-content\/uploads\/2020\/11\/logo.svg\",\"width\":286.58,\"height\":75.14,\"caption\":\"IAT - Innovative Anlagentechnik GmbH\"},\"image\":{\"@id\":\"https:\/\/iat-kaelte.de\/#\/schema\/logo\/image\/\"}}]}<\/script>\n<!-- \/ Yoast SEO plugin. -->","yoast_head_json":{"title":"K\u00fchlanlagenbau aus Bayern \u00bb K\u00fchlturmbau von IAT","description":"K\u00fchlanlagenbau aus einer Hand \u279c Planung, Bau, Lieferung, Installation\u2713 mehr als 25 Jahre Erfahrung\u2713 Wir bauen Ihren K\u00fchlturm!","robots":{"index":"index","follow":"follow","max-snippet":"max-snippet:-1","max-image-preview":"max-image-preview:large","max-video-preview":"max-video-preview:-1"},"canonical":"https:\/\/iat-kaelte.de\/en\/produkte\/anlagenbau\/","og_locale":"en_GB","og_type":"article","og_title":"K\u00fchlanlagenbau aus Bayern \u00bb K\u00fchlturmbau von IAT","og_description":"K\u00fchlanlagenbau aus einer Hand \u279c Planung, Bau, Lieferung, Installation\u2713 mehr als 25 Jahre Erfahrung\u2713 Wir bauen Ihren K\u00fchlturm!","og_url":"https:\/\/iat-kaelte.de\/en\/produkte\/anlagenbau\/","og_site_name":"Innovative Anlagentechnik GmbH","article_modified_time":"2021-02-19T11:56:53+00:00","og_image":[{"width":1600,"height":600,"url":"https:\/\/iat-kaelte.de\/wp-content\/uploads\/2021\/02\/anlagenbau.jpg","type":"image\/jpeg"}],"twitter_card":"summary_large_image","schema":{"@context":"https:\/\/schema.org","@graph":[{"@type":"WebPage","@id":"https:\/\/iat-kaelte.de\/produkte\/anlagenbau\/","url":"https:\/\/iat-kaelte.de\/produkte\/anlagenbau\/","name":"K\u00fchlanlagenbau aus Bayern \u00bb K\u00fchlturmbau von IAT","isPartOf":{"@id":"https:\/\/iat-kaelte.de\/#website"},"datePublished":"2021-01-26T16:12:07+00:00","dateModified":"2021-02-19T11:56:53+00:00","description":"K\u00fchlanlagenbau aus einer Hand \u279c Planung, Bau, Lieferung, Installation\u2713 mehr als 25 Jahre Erfahrung\u2713 Wir bauen Ihren K\u00fchlturm!","breadcrumb":{"@id":"https:\/\/iat-kaelte.de\/produkte\/anlagenbau\/#breadcrumb"},"inLanguage":"en-GB","potentialAction":[{"@type":"ReadAction","target":["https:\/\/iat-kaelte.de\/produkte\/anlagenbau\/"]}]},{"@type":"BreadcrumbList","@id":"https:\/\/iat-kaelte.de\/produkte\/anlagenbau\/#breadcrumb","itemListElement":[{"@type":"ListItem","position":1,"name":"Startseite","item":"https:\/\/iat-kaelte.de\/"},{"@type":"ListItem","position":2,"name":"Produkte","item":"https:\/\/iat-kaelte.de\/produkte\/"},{"@type":"ListItem","position":3,"name":"Anlagenbau"}]},{"@type":"WebSite","@id":"https:\/\/iat-kaelte.de\/#website","url":"https:\/\/iat-kaelte.de\/","name":"Innovative Anlagentechnik GmbH","description":"Kaltwasser - Klima - Steuerungstechnik","publisher":{"@id":"https:\/\/iat-kaelte.de\/#organization"},"alternateName":"IAT-K\u00e4lte","potentialAction":[{"@type":"SearchAction","target":{"@type":"EntryPoint","urlTemplate":"https:\/\/iat-kaelte.de\/?s={search_term_string}"},"query-input":"required name=search_term_string"}],"inLanguage":"en-GB"},{"@type":"Organization","@id":"https:\/\/iat-kaelte.de\/#organization","name":"IAT - Innovative Anlagentechnik GmbH","alternateName":"IAT-K\u00e4lte GmbH","url":"https:\/\/iat-kaelte.de\/","logo":{"@type":"ImageObject","inLanguage":"en-GB","@id":"https:\/\/iat-kaelte.de\/#\/schema\/logo\/image\/","url":"https:\/\/iat-kaelte.de\/wp-content\/uploads\/2020\/11\/logo.svg","contentUrl":"https:\/\/iat-kaelte.de\/wp-content\/uploads\/2020\/11\/logo.svg","width":286.58,"height":75.14,"caption":"IAT - Innovative Anlagentechnik GmbH"},"image":{"@id":"https:\/\/iat-kaelte.de\/#\/schema\/logo\/image\/"}}]}},"_links":{"self":[{"href":"https:\/\/iat-kaelte.de\/en\/wp-json\/wp\/v2\/pages\/74"}],"collection":[{"href":"https:\/\/iat-kaelte.de\/en\/wp-json\/wp\/v2\/pages"}],"about":[{"href":"https:\/\/iat-kaelte.de\/en\/wp-json\/wp\/v2\/types\/page"}],"author":[{"embeddable":true,"href":"https:\/\/iat-kaelte.de\/en\/wp-json\/wp\/v2\/users\/1"}],"replies":[{"embeddable":true,"href":"https:\/\/iat-kaelte.de\/en\/wp-json\/wp\/v2\/comments?post=74"}],"version-history":[{"count":1,"href":"https:\/\/iat-kaelte.de\/en\/wp-json\/wp\/v2\/pages\/74\/revisions"}],"predecessor-version":[{"id":75,"href":"https:\/\/iat-kaelte.de\/en\/wp-json\/wp\/v2\/pages\/74\/revisions\/75"}],"up":[{"embeddable":true,"href":"https:\/\/iat-kaelte.de\/en\/wp-json\/wp\/v2\/pages\/49"}],"wp:featuredmedia":[{"embeddable":true,"href":"https:\/\/iat-kaelte.de\/en\/wp-json\/wp\/v2\/media\/194"}],"wp:attachment":[{"href":"https:\/\/iat-kaelte.de\/en\/wp-json\/wp\/v2\/media?parent=74"}],"curies":[{"name":"wp","href":"https:\/\/api.w.org\/{rel}","templated":true}]}}