{"id":69,"date":"2021-01-26T16:55:33","date_gmt":"2021-01-26T15:55:33","guid":{"rendered":"http:\/\/new.iat-kaelte.de\/?page_id=69"},"modified":"2021-02-19T12:52:46","modified_gmt":"2021-02-19T11:52:46","slug":"kaeltemodule","status":"publish","type":"page","link":"https:\/\/iat-kaelte.de\/en\/produkte\/kaeltemodule\/","title":{"rendered":"Compact Cooling Module"},"content":{"rendered":"","protected":false},"excerpt":{"rendered":"","protected":false},"author":1,"featured_media":192,"parent":49,"menu_order":0,"comment_status":"closed","ping_status":"closed","template":"","meta":{"ct_builder_shortcodes":"[ct_section ct_sign_sha256='0230141eefea9a95532f8dc40ad571f96def68dbd5a94e7568a4b6fc0093c7e6' ct_options='{\"ct_id\":17,\"ct_parent\":0,\"selector\":\"section-17-15\",\"activeselector\":false,\"classes\":{\"0\":\"header_image\"},\"original\":{\"background-image\":\"[oxygen ct_sign_sha256='216211043951e09a29fe690e653f791d9ba586f6a700e7368fa96b326fb73634' data='featured_image' size='2000x1300' ]\",\"background-imagedynamic\":true}}'][ct_headline ct_sign_sha256='5243c16a3c11927669a4ecaf194f9690b35e3e961a4726982213395da106cddd' ct_options='{\"ct_id\":22,\"ct_parent\":17,\"selector\":\"headline-22-15\",\"activeselector\":\"text_schatten\",\"original\":{\"color\":\"color(3)\"},\"classes\":{\"0\":\"head_1\",\"1\":\"text_schatten\"}}']K\u00e4ltemodule<br>[\/ct_headline][ct_div_block_2 ct_sign_sha256='8ceef5c98ab9362a96dbd7c6c261895ab034f52f850dcd52b46f42425f39b1cd' ct_options='{\"ct_id\":26,\"ct_parent\":17,\"selector\":\"div_block-26-15\",\"classes\":{\"0\":\"linie_sep\",\"1\":\"div_schatten\"},\"activeselector\":\"div_schatten\",\"original\":{\"min-height\":\"0\",\"background-color\":\"color(3)\"}}'][\/ct_div_block_2][ct_text_block ct_sign_sha256='134fcb7c42a562192ef8829a3ef7adc857861e57e413889459b8e6225201396f' ct_options='{\"ct_id\":175,\"ct_parent\":17,\"selector\":\"text_block-175-69\",\"original\":{\"color\":\"color(3)\",\"font-size\":\"19\",\"font-weight\":\"600\"},\"classes\":{\"0\":\"text_schatten\"},\"activeselector\":\"text_schatten\"}']Effizienz auf engstem Raum<br>[\/ct_text_block][\/ct_section][ct_div_block ct_sign_sha256='ce31ab48c62f5c62cff1a93febb1c7c0e90f57176f31339b9bc1191f794d41ae' ct_options='{\"ct_id\":18,\"ct_parent\":0,\"selector\":\"div_block-18-15\",\"activeselector\":\"separator_unten\",\"classes\":{\"0\":\"separator_unten\"},\"nicename\":\"separator\"}'][\/ct_div_block][ct_section ct_sign_sha256='8c67ca3007319a302008f89d83deaef63a32dc1d0713aac9bf6c6adf5d36ccba' ct_options='{\"ct_id\":28,\"ct_parent\":0,\"selector\":\"section-28-15\",\"original\":{\"container-padding-bottom\":\"0\"},\"classes\":{\"0\":\"section_block\"},\"activeselector\":false,\"media\":{\"tablet\":{\"original\":{}}}}'][ct_div_block_2 ct_sign_sha256='4fe508412f29d9d20aa048fac07923cb4d8de8b0711021b050fcecbe6fd7cf90' ct_options='{\"ct_id\":50,\"ct_parent\":28,\"selector\":\"div_block-50-15\",\"classes\":{\"0\":\"text_left_400\"},\"activeselector\":\"text_left_400\"}'][ct_headline ct_sign_sha256='9fb08ec0fba8a3665999d92e1d2641d838c8e937796f4d801d84cb89cdb13fab' ct_options='{\"ct_id\":53,\"ct_parent\":50,\"selector\":\"headline-53-15\",\"original\":{\"tag\":\"h2\"},\"activeselector\":\"text_h2\",\"classes\":{\"0\":\"text_h2\"}}']Platzsparende Technik auf engstem Raum[\/ct_headline][oxy_rich_text ct_sign_sha256='104d22f4538d5afad05c94c57ead4073bb89c9d4e37467f8df27a2bad1dadc49' ct_options='{\"ct_id\":52,\"ct_parent\":50,\"selector\":\"_rich_text-52-15\",\"activeselector\":\"text\",\"classes\":{\"0\":\"text\"}}']<p>Kompakte K\u00fchlwassermodule sind vorgefertigte Zentraleinheiten f\u00fcr die Innenaufstellung. \u00c4hnlich wie bei unseren <a href=\"https:\/\/iat-kaelte.de\/produkte\/containeranlagen\/\">Container K\u00fchlanlagen<\/a> sind sie nach Anschluss an die Elektroeinspeisung und an die K\u00e4ltetr\u00e4ger Vor- und R\u00fccklaufleitungen betriebsbereit. Dabei arbeiten wir durch weniger Schnittstellen <strong>effizient und kostensparend mit bedeutend weniger Abstimmungsaufwand<\/strong>.<\/p><p>F\u00fcr die Installation des K\u00e4ltemoduls fallen keine zus\u00e4tzlichen Arbeiten und Verrohrungen vor Ort an. Speicherbecken, Pumpen, Sandfilter, Schaltschrank und alle anderen Komponenten werden platzsparend nach dem Baukastensystem auf einem pulverbeschichteten Grundrahmen montiert und bereits fertig verdrahtet und verrohrt angeliefert. Eine einfache und sichere Bedienung unserer K\u00e4ltemodule wird durch solide Industrieausf\u00fchrung gew\u00e4hrleistet. Die Anlagenautomatisierung erfolgt auf SPS Basis (SIEMENS SIMATIC S7).<\/p>[\/oxy_rich_text][\/ct_div_block_2][ct_div_block_2 ct_sign_sha256='d7a223dfec1f0e83c6d4b1df27058a19e0cb8ff1a11cdd6e4d9d0c6085a14682' ct_options='{\"ct_id\":80,\"ct_parent\":28,\"selector\":\"div_block-80-15\",\"classes\":{\"0\":\"box_2\",\"1\":\"box_400\"},\"activeselector\":\"box_400\"}'][ct_headline ct_sign_sha256='121af8d4cf113cdedf94562680b2ec8b5cf429c0888f073f06e601378022b883' ct_options='{\"ct_id\":44,\"ct_parent\":80,\"selector\":\"headline-44-15\",\"original\":{\"tag\":\"h3\"},\"classes\":{\"0\":\"vorteile_h2\"},\"activeselector\":\"vorteile_h2\"}']Die Vorteile <br>unserer K\u00e4ltemodule[\/ct_headline][oxy_rich_text ct_sign_sha256='b0d12494631ba19b70db1cf25aefffc9ccb884b115f4ccca833790cae84e9827' ct_options='{\"ct_id\":49,\"ct_parent\":80,\"selector\":\"_rich_text-49-15\",\"classes\":{\"0\":\"vorteile_text\"},\"activeselector\":false,\"original\":{\"width\":\"280\"},\"media\":{\"tablet\":{\"original\":{\"width-unit\":\"auto\"}}}}']<ul class=\"flocke\"><li>Technik auf engstem Raum<\/li><li>Komplette Verrohrung in Stahl, Edelstahl und PVC<\/li><li>Speicherbecken in PP oder Edelstahl<\/li><li>Versorgungspumpen<\/li><li>Plattenw\u00e4rmetauscher<\/li><li>Armatur und Filtereinheit<\/li><li>Druckanzeige und Thermostat<\/li><li>Absalzung und Dosierung<\/li><li>Schaltschrank mit SPS-Steuerung<\/li><\/ul>[\/oxy_rich_text][\/ct_div_block_2][\/ct_section][ct_section ct_sign_sha256='3efd64fc41fae8c88f8c295469f71b9707cc86c4559f1e1f4f6e38fa41642a15' ct_options='{\"ct_id\":181,\"ct_parent\":0,\"selector\":\"section-181-69\",\"original\":{\"container-padding-top\":\"27\",\"container-padding-bottom\":\"134\",\"flex-direction\":\"row\",\"display\":\"flex\",\"justify-content\":\"space-between\",\"text-align\":\"justify\"},\"activeselector\":false}'][ct_div_block_2 ct_sign_sha256='add9443f51420240b0721197fa24da9c06d14c0c7320a8f495a443f8158d302f' ct_options='{\"ct_id\":182,\"ct_parent\":181,\"selector\":\"div_block-182-69\",\"original\":{\"width\":\"47\",\"width-unit\":\"%\"},\"activeselector\":false}'][ct_image ct_sign_sha256='6553bc06a84f929e95be6237c306a9ecd10046896d6fd2e293e23c19cb97cc9f' ct_options='{\"ct_id\":104,\"ct_parent\":182,\"selector\":\"image-104-47\",\"original\":{\"src\":\"https:\/\/iat-kaelte.de\/wp-content\/uploads\/2021\/01\/IAT-Kaeltemodule-1.jpg\"},\"activeselector\":false,\"classes\":{}}'][\/ct_image][\/ct_div_block_2][ct_div_block_2 ct_sign_sha256='754946c596e7e72f4a9ada22f9d8134fdc8867037ac5363f6a74364ce4ebaee4' ct_options='{\"ct_id\":185,\"ct_parent\":181,\"selector\":\"div_block-185-69\",\"original\":{\"width\":\"47\",\"width-unit\":\"%\"},\"activeselector\":false}'][ct_image ct_sign_sha256='62b2ab3b70c77365115254f6b28689eeb88e075b595f145d6f3218f6fffb2e09' ct_options='{\"ct_id\":186,\"ct_parent\":185,\"selector\":\"image-186-69\",\"original\":{\"src\":\"https:\/\/iat-kaelte.de\/wp-content\/uploads\/2021\/01\/IAT-Kaeltemodule.jpg\"},\"activeselector\":false,\"classes\":{}}'][\/ct_image][\/ct_div_block_2][\/ct_section][ct_section ct_sign_sha256='690def7d3ec30be160b223392f3be279e0e11d77f3dd95359ea218bb1a3ae9e4' ct_options='{\"ct_id\":164,\"ct_parent\":0,\"selector\":\"section-164-47\",\"activeselector\":false,\"classes\":{\"0\":\"cta_background\"}}'][ct_div_block_2 ct_sign_sha256='5441a17d519d4fd883da5b9ea80969c526697685680202efd37cfe18d2508ad4' ct_options='{\"ct_id\":165,\"ct_parent\":164,\"selector\":\"div_block-165-47\",\"activeselector\":false,\"media\":{\"phone-portrait\":{\"original\":{\"padding-right\":\"34\",\"padding-left\":\"24\"}}},\"classes\":{\"0\":\"box_1\"},\"original\":{\"padding-right\":\"122\",\"margin-top\":\"-150\"}}'][ct_div_block_3 ct_sign_sha256='0045a7c6658c82dc8db23438f0f328dbc9072ca7d63bc68d148bdbabccabbaff' ct_options='{\"ct_id\":166,\"ct_parent\":165,\"selector\":\"div_block-166-47\",\"original\":{\"width-unit\":\"%\",\"width\":\"100\"},\"media\":{\"tablet\":{\"original\":{\"display\":\"flex\",\"align-items\":\"flex-start\",\"text-align\":\"left\"}}}}'][ct_headline ct_sign_sha256='79f44170afe45044ad3f22f547528d570453f050d979e15551ac62c145406790' ct_options='{\"ct_id\":167,\"ct_parent\":166,\"selector\":\"headline-167-47\",\"original\":{\"tag\":\"h4\"},\"classes\":{\"0\":\"cta_head\"},\"activeselector\":\"cta_head\"}']Sie haben Interesse an unseren K\u00e4ltemodulen?[\/ct_headline][ct_div_block_4 ct_sign_sha256='32dd957ffc1a3e69f4b2a3bbc67631009dbd6c7b83dcbb962174bf3ee2ee4777' ct_options='{\"ct_id\":168,\"ct_parent\":166,\"selector\":\"div_block-168-47\",\"original\":{\"min-height\":\"0\"},\"classes\":{\"0\":\"cta_linie\"}}'][\/ct_div_block_4][oxy_rich_text ct_sign_sha256='9f22d019df0d8bbd9dd638c6c5da184c3c07231c033f193feeff31880dbd87aa' ct_options='{\"ct_id\":169,\"ct_parent\":166,\"selector\":\"_rich_text-169-47\",\"classes\":{\"0\":\"cta_text\"}}']<p>Rufen Sie uns an &amp; wir sprechen \u00fcber ihre ma\u00dfgeschneiderte L\u00f6sung!<\/p>[\/oxy_rich_text][\/ct_div_block_3][ct_div_block_3 ct_sign_sha256='18d19b9b9ae0c651a9f3eae9a06ef58f3275b46142b0d30efd70b77454ba398b' ct_options='{\"ct_id\":170,\"ct_parent\":165,\"selector\":\"div_block-170-47\",\"original\":{\"width-unit\":\"%\",\"width\":\"80\",\"align-items\":\"flex-end\",\"text-align\":\"right\"},\"media\":{\"phone-landscape\":{\"original\":{\"width-unit\":\"%\",\"width\":\"100\",\"flex-direction\":\"column\",\"display\":\"flex\",\"align-items\":\"center\",\"text-align\":\"center\"}}}}'][ct_link_4 ct_sign_sha256='0f6deca843e8eb490e76c6515af3898d336b19bf8e7c2f02a79795f572026b38' ct_options='{\"ct_id\":171,\"ct_parent\":170,\"selector\":\"link-171-47\",\"original\":{\"position\":\"relative\",\"align-items\":\"center\",\"text-align\":\"center\",\"justify-content\":\"center\",\"url\":\"https:\/\/iat-kaelte.de\/kontakt\/\",\"target\":\"\",\"transition-duration\":\"0.4\",\"url_encoded\":\"true\"},\"hover\":{\"transform\":{\"0\":{\"transform-type\":\"scale\",\"rotateAngle\":\"-5\",\"scaleX\":\"1.1\",\"scaleY\":\"1.1\",\"scaleZ\":\"\"}}}}'][ct_image ct_sign_sha256='a4f6b69ed468653f1babbfbc816b9b9750e1c772dcd5c17402c885532129ad4a' ct_options='{\"ct_id\":172,\"ct_parent\":171,\"selector\":\"image-172-47\",\"original\":{\"src\":\"https:\/\/iat-kaelte.de\/wp-content\/uploads\/2021\/01\/button-outline.svg\"},\"classes\":{\"0\":\"cta_button\"}}'][\/ct_image][ct_text_block ct_sign_sha256='775de0887960112c982056bf0a36922e10512f28ba45047cbfeb90c126259169' ct_options='{\"ct_id\":173,\"ct_parent\":171,\"selector\":\"text_block-173-47\",\"activeselector\":\"cta_button_text\",\"classes\":{\"0\":\"cta_button_text\"}}']\u00bb Kontaktieren Sie uns![\/ct_text_block][\/ct_link_4][\/ct_div_block_3][\/ct_div_block_2][\/ct_section]","ct_template_type":"","ct_parent_template":0},"acf":[],"yoast_head":"<!-- This site is optimized with the Yoast SEO plugin v20.13 - https:\/\/yoast.com\/wordpress\/plugins\/seo\/ -->\n<title>K\u00e4ltemodule f\u00fcr industrielle K\u00fchlsysteme von IAT GmbH<\/title>\n<meta name=\"description\" content=\"Hochwertige K\u00e4ltemodule f\u00fcr ihre K\u00fchlanlage \u2744 Kompakt &amp; platzsparend\u2713 einfache Montage &amp; Bedienung\u2713 \u27a5 Jetzt mehr erfahren!\" \/>\n<meta name=\"robots\" content=\"index, follow, max-snippet:-1, max-image-preview:large, max-video-preview:-1\" \/>\n<link rel=\"canonical\" href=\"https:\/\/iat-kaelte.de\/en\/produkte\/kaeltemodule\/\" \/>\n<meta property=\"og:locale\" content=\"en_GB\" \/>\n<meta property=\"og:type\" content=\"article\" \/>\n<meta property=\"og:title\" content=\"K\u00e4ltemodule f\u00fcr industrielle K\u00fchlsysteme von IAT GmbH\" \/>\n<meta property=\"og:description\" content=\"Hochwertige K\u00e4ltemodule f\u00fcr ihre K\u00fchlanlage \u2744 Kompakt &amp; platzsparend\u2713 einfache Montage &amp; Bedienung\u2713 \u27a5 Jetzt mehr erfahren!\" \/>\n<meta property=\"og:url\" content=\"https:\/\/iat-kaelte.de\/en\/produkte\/kaeltemodule\/\" \/>\n<meta property=\"og:site_name\" content=\"Innovative Anlagentechnik GmbH\" \/>\n<meta property=\"article:modified_time\" content=\"2021-02-19T11:52:46+00:00\" \/>\n<meta property=\"og:image\" content=\"https:\/\/iat-kaelte.de\/wp-content\/uploads\/2021\/02\/kaeltemodule.jpg\" \/>\n\t<meta property=\"og:image:width\" content=\"1600\" \/>\n\t<meta property=\"og:image:height\" content=\"600\" \/>\n\t<meta property=\"og:image:type\" content=\"image\/jpeg\" \/>\n<meta name=\"twitter:card\" content=\"summary_large_image\" \/>\n<script type=\"application\/ld+json\" class=\"yoast-schema-graph\">{\"@context\":\"https:\/\/schema.org\",\"@graph\":[{\"@type\":\"WebPage\",\"@id\":\"https:\/\/iat-kaelte.de\/produkte\/kaeltemodule\/\",\"url\":\"https:\/\/iat-kaelte.de\/produkte\/kaeltemodule\/\",\"name\":\"K\u00e4ltemodule f\u00fcr industrielle K\u00fchlsysteme von IAT GmbH\",\"isPartOf\":{\"@id\":\"https:\/\/iat-kaelte.de\/#website\"},\"datePublished\":\"2021-01-26T15:55:33+00:00\",\"dateModified\":\"2021-02-19T11:52:46+00:00\",\"description\":\"Hochwertige K\u00e4ltemodule f\u00fcr ihre K\u00fchlanlage \u2744 Kompakt & platzsparend\u2713 einfache Montage & Bedienung\u2713 \u27a5 Jetzt mehr erfahren!\",\"breadcrumb\":{\"@id\":\"https:\/\/iat-kaelte.de\/produkte\/kaeltemodule\/#breadcrumb\"},\"inLanguage\":\"en-GB\",\"potentialAction\":[{\"@type\":\"ReadAction\",\"target\":[\"https:\/\/iat-kaelte.de\/produkte\/kaeltemodule\/\"]}]},{\"@type\":\"BreadcrumbList\",\"@id\":\"https:\/\/iat-kaelte.de\/produkte\/kaeltemodule\/#breadcrumb\",\"itemListElement\":[{\"@type\":\"ListItem\",\"position\":1,\"name\":\"Startseite\",\"item\":\"https:\/\/iat-kaelte.de\/\"},{\"@type\":\"ListItem\",\"position\":2,\"name\":\"Produkte\",\"item\":\"https:\/\/iat-kaelte.de\/produkte\/\"},{\"@type\":\"ListItem\",\"position\":3,\"name\":\"K\u00e4ltemodule\"}]},{\"@type\":\"WebSite\",\"@id\":\"https:\/\/iat-kaelte.de\/#website\",\"url\":\"https:\/\/iat-kaelte.de\/\",\"name\":\"Innovative Anlagentechnik GmbH\",\"description\":\"Kaltwasser - Klima - Steuerungstechnik\",\"publisher\":{\"@id\":\"https:\/\/iat-kaelte.de\/#organization\"},\"alternateName\":\"IAT-K\u00e4lte\",\"potentialAction\":[{\"@type\":\"SearchAction\",\"target\":{\"@type\":\"EntryPoint\",\"urlTemplate\":\"https:\/\/iat-kaelte.de\/?s={search_term_string}\"},\"query-input\":\"required name=search_term_string\"}],\"inLanguage\":\"en-GB\"},{\"@type\":\"Organization\",\"@id\":\"https:\/\/iat-kaelte.de\/#organization\",\"name\":\"IAT - Innovative Anlagentechnik GmbH\",\"alternateName\":\"IAT-K\u00e4lte GmbH\",\"url\":\"https:\/\/iat-kaelte.de\/\",\"logo\":{\"@type\":\"ImageObject\",\"inLanguage\":\"en-GB\",\"@id\":\"https:\/\/iat-kaelte.de\/#\/schema\/logo\/image\/\",\"url\":\"https:\/\/iat-kaelte.de\/wp-content\/uploads\/2020\/11\/logo.svg\",\"contentUrl\":\"https:\/\/iat-kaelte.de\/wp-content\/uploads\/2020\/11\/logo.svg\",\"width\":286.58,\"height\":75.14,\"caption\":\"IAT - Innovative Anlagentechnik GmbH\"},\"image\":{\"@id\":\"https:\/\/iat-kaelte.de\/#\/schema\/logo\/image\/\"}}]}<\/script>\n<!-- \/ Yoast SEO plugin. -->","yoast_head_json":{"title":"K\u00e4ltemodule f\u00fcr industrielle K\u00fchlsysteme von IAT GmbH","description":"Hochwertige K\u00e4ltemodule f\u00fcr ihre K\u00fchlanlage \u2744 Kompakt & platzsparend\u2713 einfache Montage & Bedienung\u2713 \u27a5 Jetzt mehr erfahren!","robots":{"index":"index","follow":"follow","max-snippet":"max-snippet:-1","max-image-preview":"max-image-preview:large","max-video-preview":"max-video-preview:-1"},"canonical":"https:\/\/iat-kaelte.de\/en\/produkte\/kaeltemodule\/","og_locale":"en_GB","og_type":"article","og_title":"K\u00e4ltemodule f\u00fcr industrielle K\u00fchlsysteme von IAT GmbH","og_description":"Hochwertige K\u00e4ltemodule f\u00fcr ihre K\u00fchlanlage \u2744 Kompakt & platzsparend\u2713 einfache Montage & Bedienung\u2713 \u27a5 Jetzt mehr erfahren!","og_url":"https:\/\/iat-kaelte.de\/en\/produkte\/kaeltemodule\/","og_site_name":"Innovative Anlagentechnik GmbH","article_modified_time":"2021-02-19T11:52:46+00:00","og_image":[{"width":1600,"height":600,"url":"https:\/\/iat-kaelte.de\/wp-content\/uploads\/2021\/02\/kaeltemodule.jpg","type":"image\/jpeg"}],"twitter_card":"summary_large_image","schema":{"@context":"https:\/\/schema.org","@graph":[{"@type":"WebPage","@id":"https:\/\/iat-kaelte.de\/produkte\/kaeltemodule\/","url":"https:\/\/iat-kaelte.de\/produkte\/kaeltemodule\/","name":"K\u00e4ltemodule f\u00fcr industrielle K\u00fchlsysteme von IAT GmbH","isPartOf":{"@id":"https:\/\/iat-kaelte.de\/#website"},"datePublished":"2021-01-26T15:55:33+00:00","dateModified":"2021-02-19T11:52:46+00:00","description":"Hochwertige K\u00e4ltemodule f\u00fcr ihre K\u00fchlanlage \u2744 Kompakt & platzsparend\u2713 einfache Montage & Bedienung\u2713 \u27a5 Jetzt mehr erfahren!","breadcrumb":{"@id":"https:\/\/iat-kaelte.de\/produkte\/kaeltemodule\/#breadcrumb"},"inLanguage":"en-GB","potentialAction":[{"@type":"ReadAction","target":["https:\/\/iat-kaelte.de\/produkte\/kaeltemodule\/"]}]},{"@type":"BreadcrumbList","@id":"https:\/\/iat-kaelte.de\/produkte\/kaeltemodule\/#breadcrumb","itemListElement":[{"@type":"ListItem","position":1,"name":"Startseite","item":"https:\/\/iat-kaelte.de\/"},{"@type":"ListItem","position":2,"name":"Produkte","item":"https:\/\/iat-kaelte.de\/produkte\/"},{"@type":"ListItem","position":3,"name":"K\u00e4ltemodule"}]},{"@type":"WebSite","@id":"https:\/\/iat-kaelte.de\/#website","url":"https:\/\/iat-kaelte.de\/","name":"Innovative Anlagentechnik GmbH","description":"Kaltwasser - Klima - Steuerungstechnik","publisher":{"@id":"https:\/\/iat-kaelte.de\/#organization"},"alternateName":"IAT-K\u00e4lte","potentialAction":[{"@type":"SearchAction","target":{"@type":"EntryPoint","urlTemplate":"https:\/\/iat-kaelte.de\/?s={search_term_string}"},"query-input":"required name=search_term_string"}],"inLanguage":"en-GB"},{"@type":"Organization","@id":"https:\/\/iat-kaelte.de\/#organization","name":"IAT - Innovative Anlagentechnik GmbH","alternateName":"IAT-K\u00e4lte GmbH","url":"https:\/\/iat-kaelte.de\/","logo":{"@type":"ImageObject","inLanguage":"en-GB","@id":"https:\/\/iat-kaelte.de\/#\/schema\/logo\/image\/","url":"https:\/\/iat-kaelte.de\/wp-content\/uploads\/2020\/11\/logo.svg","contentUrl":"https:\/\/iat-kaelte.de\/wp-content\/uploads\/2020\/11\/logo.svg","width":286.58,"height":75.14,"caption":"IAT - Innovative Anlagentechnik GmbH"},"image":{"@id":"https:\/\/iat-kaelte.de\/#\/schema\/logo\/image\/"}}]}},"_links":{"self":[{"href":"https:\/\/iat-kaelte.de\/en\/wp-json\/wp\/v2\/pages\/69"}],"collection":[{"href":"https:\/\/iat-kaelte.de\/en\/wp-json\/wp\/v2\/pages"}],"about":[{"href":"https:\/\/iat-kaelte.de\/en\/wp-json\/wp\/v2\/types\/page"}],"author":[{"embeddable":true,"href":"https:\/\/iat-kaelte.de\/en\/wp-json\/wp\/v2\/users\/1"}],"replies":[{"embeddable":true,"href":"https:\/\/iat-kaelte.de\/en\/wp-json\/wp\/v2\/comments?post=69"}],"version-history":[{"count":1,"href":"https:\/\/iat-kaelte.de\/en\/wp-json\/wp\/v2\/pages\/69\/revisions"}],"predecessor-version":[{"id":70,"href":"https:\/\/iat-kaelte.de\/en\/wp-json\/wp\/v2\/pages\/69\/revisions\/70"}],"up":[{"embeddable":true,"href":"https:\/\/iat-kaelte.de\/en\/wp-json\/wp\/v2\/pages\/49"}],"wp:featuredmedia":[{"embeddable":true,"href":"https:\/\/iat-kaelte.de\/en\/wp-json\/wp\/v2\/media\/192"}],"wp:attachment":[{"href":"https:\/\/iat-kaelte.de\/en\/wp-json\/wp\/v2\/media?parent=69"}],"curies":[{"name":"wp","href":"https:\/\/api.w.org\/{rel}","templated":true}]}}