{"id":62,"date":"2021-01-26T16:39:22","date_gmt":"2021-01-26T15:39:22","guid":{"rendered":"http:\/\/new.iat-kaelte.de\/?page_id=62"},"modified":"2021-02-19T12:49:02","modified_gmt":"2021-02-19T11:49:02","slug":"freikuehler","status":"publish","type":"page","link":"https:\/\/iat-kaelte.de\/en\/produkte\/freikuehler\/","title":{"rendered":"Dry Cooler"},"content":{"rendered":"","protected":false},"excerpt":{"rendered":"","protected":false},"author":1,"featured_media":191,"parent":49,"menu_order":0,"comment_status":"closed","ping_status":"closed","template":"","meta":{"ct_builder_shortcodes":"[ct_section ct_sign_sha256='b526b34c491950921a98d53ced29d748ea34da0755641428b9808dd7d09d312e' ct_options='{\"ct_id\":17,\"ct_parent\":0,\"selector\":\"section-17-15\",\"activeselector\":false,\"classes\":{\"0\":\"header_image\"},\"original\":{\"background-image\":\"https:\/\/iat-kaelte.de\/wp-content\/uploads\/2024\/07\/Freikuehler.jpg\",\"background-imagedynamic\":false,\"background-size\":\"cover\",\"background-repeat\":\"no-repeat\",\"background-size-height\":\"600\",\"background-size-width\":\"1600\"},\"media\":{\"phone-portrait\":{\"original\":{\"background-size\":\"cover\"}}}}'][ct_headline ct_sign_sha256='10f389ab9a42656e1da734360f022610d0470140f540ff5bede2066c082c8123' ct_options='{\"ct_id\":22,\"ct_parent\":17,\"selector\":\"headline-22-15\",\"activeselector\":\"text_schatten\",\"original\":{\"color\":\"color(3)\"},\"classes\":{\"0\":\"head_1\",\"1\":\"text_schatten\"}}']Adiabatische Trockenk\u00fchler<br>[\/ct_headline][ct_div_block_2 ct_sign_sha256='8ceef5c98ab9362a96dbd7c6c261895ab034f52f850dcd52b46f42425f39b1cd' ct_options='{\"ct_id\":26,\"ct_parent\":17,\"selector\":\"div_block-26-15\",\"classes\":{\"0\":\"linie_sep\",\"1\":\"div_schatten\"},\"activeselector\":\"div_schatten\",\"original\":{\"min-height\":\"0\",\"background-color\":\"color(3)\"}}'][\/ct_div_block_2][ct_text_block ct_sign_sha256='4765c86733542b812fc9fe12dc0addeb06454dce10cac863d0b932b01e7463fe' ct_options='{\"ct_id\":175,\"ct_parent\":17,\"selector\":\"text_block-175-62\",\"original\":{\"color\":\"color(3)\",\"font-size\":\"19\",\"font-weight\":\"600\"},\"classes\":{\"0\":\"text_schatten\"},\"activeselector\":\"text_schatten\"}']Adiabate R\u00fcckk\u00fchler sind Ger\u00e4te bei denen der W\u00e4rme\u00fcbertr\u00e4ger trocken bleibt<br>[\/ct_text_block][\/ct_section][ct_div_block ct_sign_sha256='ce31ab48c62f5c62cff1a93febb1c7c0e90f57176f31339b9bc1191f794d41ae' ct_options='{\"ct_id\":18,\"ct_parent\":0,\"selector\":\"div_block-18-15\",\"activeselector\":\"separator_unten\",\"classes\":{\"0\":\"separator_unten\"},\"nicename\":\"separator\"}'][\/ct_div_block][ct_section ct_sign_sha256='261413b40aece87e5c88e2ea190598ae54c1843b71198328aed896bda3201f2f' ct_options='{\"ct_id\":28,\"ct_parent\":0,\"selector\":\"section-28-15\",\"original\":{\"container-padding-bottom\":\"117\"},\"classes\":{\"0\":\"section_block\"},\"activeselector\":false,\"media\":{\"tablet\":{\"original\":{}}}}'][ct_div_block_2 ct_sign_sha256='f37283e0c9e8249dbc14e6a3fe48fe167d5086ac2badd22344d95e49c7342a05' ct_options='{\"ct_id\":50,\"ct_parent\":28,\"selector\":\"div_block-50-15\",\"classes\":{\"0\":\"text_left_400\"},\"activeselector\":\"text_left_400\"}'][ct_headline ct_sign_sha256='b7b8fa732ccdd036b19e62d4d6b591bcef649b293c4cceec54a42caeed1d62e9' ct_options='{\"ct_id\":53,\"ct_parent\":50,\"selector\":\"headline-53-15\",\"original\":{\"tag\":\"h2\"},\"activeselector\":\"text_h2\",\"classes\":{\"0\":\"text_h2\"}}']Adiabatische Trockenk\u00fchler[\/ct_headline][oxy_rich_text ct_sign_sha256='cdca42e419c9a1d9f73a132e4f30be85bd91d99aeefc4cbfa756f07368d4fda3' ct_options='{\"ct_id\":52,\"ct_parent\":50,\"selector\":\"_rich_text-52-15\",\"activeselector\":\"text\",\"classes\":{\"0\":\"text\"}}']<p>Diese R\u00fcckk\u00fchler zeichnen sich durch eine r\u00e4umliche Trennung zwischen dem adiabatischen Verdunsten von Wasser in die Ansaugluft und dem nachgeschalteten Trockenk\u00fchler aus.<\/p><p>Der Trockenk\u00fchler mit adiabatischer Vork\u00fchlung ist eine Kombination aus einem Trockenk\u00fchler mit einer adiabatischen K\u00fchlstrecke vor dem Lufteintritt. Die adiabatische Vork\u00fchlung wird dann aktiviert, wenn die Temperatur steigt und die Wasseraustrittstemperatur h\u00f6her als gefordert ist. Die Axialventilatoren saugen die Umgebungsluft durch die benetzten Befeuchtungsk\u00f6rper und anschlie\u00dfend durch die W\u00e4rme\u00fcbertrager. Die vorgek\u00fchlte Luft durchstr\u00f6mt den W\u00e4rme\u00fcbertrager und k\u00fchlt somit das K\u00fchlmedium.<\/p><p>Der Prozess, adiabatisches Verdunsten, wird zeitlich begrenzt durchgef\u00fchrt und k\u00fchlt die angesaugte Luft bei Bedarf ab. Dadurch wird, wenn n\u00f6tig, die Lufttemperatur bei h\u00f6heren Umgebungstemperaturen reduziert. Die prozesstechnische W\u00e4rmeabfuhr wird \u00fcber den nachgeschalteten Trockenk\u00fchler bewerkstelligt.<\/p>[\/oxy_rich_text][\/ct_div_block_2][ct_div_block_2 ct_sign_sha256='5466e1b06a20787f8190da2c25c1b365a21a897fabc3a5048075f400d386ef77' ct_options='{\"ct_id\":183,\"ct_parent\":28,\"selector\":\"div_block-183-62\",\"original\":{\"align-items\":\"center\",\"text-align\":\"center\"}}'][ct_div_block_3 ct_sign_sha256='8597c82324fe41323f6d7aba2cef91260fcbcd70e27c490effe3ab4dc356968a' ct_options='{\"ct_id\":80,\"ct_parent\":183,\"selector\":\"div_block-80-15\",\"classes\":{\"0\":\"box_2\",\"1\":\"box_400\"},\"activeselector\":\"box_400\"}'][ct_headline ct_sign_sha256='eda815aaf29f6bd3ec1d0802f44c8e6ba607c0de7d4e8083a251caf3bebf0951' ct_options='{\"ct_id\":44,\"ct_parent\":80,\"selector\":\"headline-44-15\",\"original\":{\"tag\":\"h3\"},\"classes\":{\"0\":\"vorteile_h2\"},\"activeselector\":\"vorteile_h2\"}']Die Vorteile <br>von Trockenk\u00fchlern[\/ct_headline][oxy_rich_text ct_sign_sha256='2c407ff4678bc59756155be00408ff292b7012dd00eedf7b8451d0ac3ceb1ae4' ct_options='{\"ct_id\":49,\"ct_parent\":80,\"selector\":\"_rich_text-49-15\",\"classes\":{\"0\":\"vorteile_text\"},\"activeselector\":false,\"original\":{\"width\":\"280\"},\"media\":{\"tablet\":{\"original\":{\"width-unit\":\"auto\"}}}}']<ul class=\"flocke\"><li>Diverse Baugr\u00f6\u00dfen<\/li><li>Niedrige Betriebskosten<\/li><li>Hoher Umschaltpunkt von Nass- auf Trockenbetrieb<\/li><li>Keine Korrosion, lange Lebensdauer<\/li><li>Einfache Wartung durch vollst\u00e4ndigen Zugang zum Inneren<\/li><li>Wartungsfreie EC-Ventilatoren<\/li><\/ul>[\/oxy_rich_text][\/ct_div_block_3][ct_image ct_sign_sha256='a3cb8403a19e8b8210d463e1a859124ca96164dacfb02d3d6e16d3165032abca' ct_options='{\"ct_id\":104,\"ct_parent\":183,\"selector\":\"image-104-47\",\"original\":{\"src\":\"https:\/\/iat-kaelte.de\/wp-content\/uploads\/2021\/01\/IAT-Adiabatische-Trockenkuehler.jpg\",\"width\":\"350\",\"margin-top\":\"28\"},\"activeselector\":false,\"classes\":{}}'][\/ct_image][oxy_rich_text ct_sign_sha256='08b5dc3edb57d785413f8ec28b133f63116863d621300835ab650d28d19e2576' ct_options='{\"ct_id\":186,\"ct_parent\":183,\"selector\":\"_rich_text-186-62\",\"activeselector\":\"text\",\"classes\":{\"0\":\"text\"}}']<p style=\"text-align: center;\"><em>Saugbel\u00fcfteter Trockenk\u00fchler in Edelstahl<br \/>mit adiabatischer Vork\u00fchlung und EC-Ventilatoren<\/em><\/p>[\/oxy_rich_text][\/ct_div_block_2][\/ct_section][ct_section ct_sign_sha256='88c06a6ac83757aebb06d17a21e73739d44abe0cd7fd551da9866fda0993cdc5' ct_options='{\"ct_id\":164,\"ct_parent\":0,\"selector\":\"section-164-47\",\"activeselector\":false,\"classes\":{\"0\":\"cta_background\"}}'][ct_div_block_2 ct_sign_sha256='0b932e1c8e041d3865a8897cd90e6b8e985c403b21f350d97db4d5adacb2801e' ct_options='{\"ct_id\":165,\"ct_parent\":164,\"selector\":\"div_block-165-47\",\"activeselector\":false,\"media\":{\"phone-portrait\":{\"original\":{\"padding-right\":\"34\",\"padding-left\":\"24\"}}},\"classes\":{\"0\":\"box_1\"},\"original\":{\"padding-right\":\"122\",\"margin-top\":\"-150\"}}'][ct_div_block_3 ct_sign_sha256='0a87a33dba1dec84eb8536ea121e8747fc6d70e7aeeb5def87276e6166443578' ct_options='{\"ct_id\":166,\"ct_parent\":165,\"selector\":\"div_block-166-47\",\"original\":{\"width-unit\":\"%\",\"width\":\"100\"},\"media\":{\"tablet\":{\"original\":{\"display\":\"flex\",\"align-items\":\"flex-start\",\"text-align\":\"left\"}}}}'][ct_headline ct_sign_sha256='b9df3d646715d570438f5f2b7cd68ef9a14d040ee3d49a7b5939f8442308f729' ct_options='{\"ct_id\":167,\"ct_parent\":166,\"selector\":\"headline-167-47\",\"original\":{\"tag\":\"h4\"},\"classes\":{\"0\":\"cta_head\"},\"activeselector\":\"cta_head\"}']Sie m\u00f6chten mehr \u00fcber die adiabatische Trockenk\u00fchlung erfahren?[\/ct_headline][ct_div_block_4 ct_sign_sha256='32dd957ffc1a3e69f4b2a3bbc67631009dbd6c7b83dcbb962174bf3ee2ee4777' ct_options='{\"ct_id\":168,\"ct_parent\":166,\"selector\":\"div_block-168-47\",\"original\":{\"min-height\":\"0\"},\"classes\":{\"0\":\"cta_linie\"}}'][\/ct_div_block_4][oxy_rich_text ct_sign_sha256='1cb86a999843497a6f166db60578764519eae03fc1330336b66076cdf63db9e6' ct_options='{\"ct_id\":169,\"ct_parent\":166,\"selector\":\"_rich_text-169-47\",\"classes\":{\"0\":\"cta_text\"}}']<p>Gerne sprechen wir mit Ihnen \u00fcber Vorteile &amp; Funktionsweise des Verfahrens!<\/p>[\/oxy_rich_text][\/ct_div_block_3][ct_div_block_3 ct_sign_sha256='18d19b9b9ae0c651a9f3eae9a06ef58f3275b46142b0d30efd70b77454ba398b' ct_options='{\"ct_id\":170,\"ct_parent\":165,\"selector\":\"div_block-170-47\",\"original\":{\"width-unit\":\"%\",\"width\":\"80\",\"align-items\":\"flex-end\",\"text-align\":\"right\"},\"media\":{\"phone-landscape\":{\"original\":{\"width-unit\":\"%\",\"width\":\"100\",\"flex-direction\":\"column\",\"display\":\"flex\",\"align-items\":\"center\",\"text-align\":\"center\"}}}}'][ct_link_4 ct_sign_sha256='0f6deca843e8eb490e76c6515af3898d336b19bf8e7c2f02a79795f572026b38' ct_options='{\"ct_id\":171,\"ct_parent\":170,\"selector\":\"link-171-47\",\"original\":{\"position\":\"relative\",\"align-items\":\"center\",\"text-align\":\"center\",\"justify-content\":\"center\",\"url\":\"https:\/\/iat-kaelte.de\/kontakt\/\",\"target\":\"\",\"transition-duration\":\"0.4\",\"url_encoded\":\"true\"},\"hover\":{\"transform\":{\"0\":{\"transform-type\":\"scale\",\"rotateAngle\":\"-5\",\"scaleX\":\"1.1\",\"scaleY\":\"1.1\",\"scaleZ\":\"\"}}}}'][ct_image ct_sign_sha256='a4f6b69ed468653f1babbfbc816b9b9750e1c772dcd5c17402c885532129ad4a' ct_options='{\"ct_id\":172,\"ct_parent\":171,\"selector\":\"image-172-47\",\"original\":{\"src\":\"https:\/\/iat-kaelte.de\/wp-content\/uploads\/2021\/01\/button-outline.svg\"},\"classes\":{\"0\":\"cta_button\"}}'][\/ct_image][ct_text_block ct_sign_sha256='775de0887960112c982056bf0a36922e10512f28ba45047cbfeb90c126259169' ct_options='{\"ct_id\":173,\"ct_parent\":171,\"selector\":\"text_block-173-47\",\"activeselector\":\"cta_button_text\",\"classes\":{\"0\":\"cta_button_text\"}}']\u00bb Kontaktieren Sie uns![\/ct_text_block][\/ct_link_4][\/ct_div_block_3][\/ct_div_block_2][\/ct_section]","ct_template_type":"","ct_parent_template":0},"acf":[],"yoast_head":"<!-- This site is optimized with the Yoast SEO plugin v20.13 - https:\/\/yoast.com\/wordpress\/plugins\/seo\/ -->\n<title>Adiabate K\u00fchlung \u00bb Trockenk\u00fchler &amp; Freik\u00fchler von IAT<\/title>\n<meta name=\"description\" content=\"Unsere adiabatischen Trockenk\u00fchler \u2771 diverse Baugr\u00f6\u00dfen\u2713 niedrige Betriebskosten\u2713 einfache Wartung\u2713 \u27a5 Jetzt mehr erfahren!\" \/>\n<meta name=\"robots\" content=\"index, follow, max-snippet:-1, max-image-preview:large, max-video-preview:-1\" \/>\n<link rel=\"canonical\" href=\"https:\/\/iat-kaelte.de\/en\/produkte\/freikuehler\/\" \/>\n<meta property=\"og:locale\" content=\"en_GB\" \/>\n<meta property=\"og:type\" content=\"article\" \/>\n<meta property=\"og:title\" content=\"Adiabate K\u00fchlung \u00bb Trockenk\u00fchler &amp; Freik\u00fchler von IAT\" \/>\n<meta property=\"og:description\" content=\"Unsere adiabatischen Trockenk\u00fchler \u2771 diverse Baugr\u00f6\u00dfen\u2713 niedrige Betriebskosten\u2713 einfache Wartung\u2713 \u27a5 Jetzt mehr erfahren!\" \/>\n<meta property=\"og:url\" content=\"https:\/\/iat-kaelte.de\/en\/produkte\/freikuehler\/\" \/>\n<meta property=\"og:site_name\" content=\"Innovative Anlagentechnik GmbH\" \/>\n<meta property=\"article:modified_time\" content=\"2021-02-19T11:49:02+00:00\" \/>\n<meta property=\"og:image\" content=\"https:\/\/iat-kaelte.de\/wp-content\/uploads\/2021\/02\/trockenkuehler.jpg\" \/>\n\t<meta property=\"og:image:width\" content=\"1600\" \/>\n\t<meta property=\"og:image:height\" content=\"600\" \/>\n\t<meta property=\"og:image:type\" content=\"image\/jpeg\" \/>\n<meta name=\"twitter:card\" content=\"summary_large_image\" \/>\n<script type=\"application\/ld+json\" class=\"yoast-schema-graph\">{\"@context\":\"https:\/\/schema.org\",\"@graph\":[{\"@type\":\"WebPage\",\"@id\":\"https:\/\/iat-kaelte.de\/produkte\/freikuehler\/\",\"url\":\"https:\/\/iat-kaelte.de\/produkte\/freikuehler\/\",\"name\":\"Adiabate K\u00fchlung \u00bb Trockenk\u00fchler & Freik\u00fchler von IAT\",\"isPartOf\":{\"@id\":\"https:\/\/iat-kaelte.de\/#website\"},\"datePublished\":\"2021-01-26T15:39:22+00:00\",\"dateModified\":\"2021-02-19T11:49:02+00:00\",\"description\":\"Unsere adiabatischen Trockenk\u00fchler \u2771 diverse Baugr\u00f6\u00dfen\u2713 niedrige Betriebskosten\u2713 einfache Wartung\u2713 \u27a5 Jetzt mehr erfahren!\",\"breadcrumb\":{\"@id\":\"https:\/\/iat-kaelte.de\/produkte\/freikuehler\/#breadcrumb\"},\"inLanguage\":\"en-GB\",\"potentialAction\":[{\"@type\":\"ReadAction\",\"target\":[\"https:\/\/iat-kaelte.de\/produkte\/freikuehler\/\"]}]},{\"@type\":\"BreadcrumbList\",\"@id\":\"https:\/\/iat-kaelte.de\/produkte\/freikuehler\/#breadcrumb\",\"itemListElement\":[{\"@type\":\"ListItem\",\"position\":1,\"name\":\"Startseite\",\"item\":\"https:\/\/iat-kaelte.de\/\"},{\"@type\":\"ListItem\",\"position\":2,\"name\":\"Produkte\",\"item\":\"https:\/\/iat-kaelte.de\/produkte\/\"},{\"@type\":\"ListItem\",\"position\":3,\"name\":\"Freik\u00fchler\"}]},{\"@type\":\"WebSite\",\"@id\":\"https:\/\/iat-kaelte.de\/#website\",\"url\":\"https:\/\/iat-kaelte.de\/\",\"name\":\"Innovative Anlagentechnik GmbH\",\"description\":\"Kaltwasser - Klima - Steuerungstechnik\",\"publisher\":{\"@id\":\"https:\/\/iat-kaelte.de\/#organization\"},\"alternateName\":\"IAT-K\u00e4lte\",\"potentialAction\":[{\"@type\":\"SearchAction\",\"target\":{\"@type\":\"EntryPoint\",\"urlTemplate\":\"https:\/\/iat-kaelte.de\/?s={search_term_string}\"},\"query-input\":\"required name=search_term_string\"}],\"inLanguage\":\"en-GB\"},{\"@type\":\"Organization\",\"@id\":\"https:\/\/iat-kaelte.de\/#organization\",\"name\":\"IAT - Innovative Anlagentechnik GmbH\",\"alternateName\":\"IAT-K\u00e4lte GmbH\",\"url\":\"https:\/\/iat-kaelte.de\/\",\"logo\":{\"@type\":\"ImageObject\",\"inLanguage\":\"en-GB\",\"@id\":\"https:\/\/iat-kaelte.de\/#\/schema\/logo\/image\/\",\"url\":\"https:\/\/iat-kaelte.de\/wp-content\/uploads\/2020\/11\/logo.svg\",\"contentUrl\":\"https:\/\/iat-kaelte.de\/wp-content\/uploads\/2020\/11\/logo.svg\",\"width\":286.58,\"height\":75.14,\"caption\":\"IAT - Innovative Anlagentechnik GmbH\"},\"image\":{\"@id\":\"https:\/\/iat-kaelte.de\/#\/schema\/logo\/image\/\"}}]}<\/script>\n<!-- \/ Yoast SEO plugin. -->","yoast_head_json":{"title":"Adiabate K\u00fchlung \u00bb Trockenk\u00fchler & Freik\u00fchler von IAT","description":"Unsere adiabatischen Trockenk\u00fchler \u2771 diverse Baugr\u00f6\u00dfen\u2713 niedrige Betriebskosten\u2713 einfache Wartung\u2713 \u27a5 Jetzt mehr erfahren!","robots":{"index":"index","follow":"follow","max-snippet":"max-snippet:-1","max-image-preview":"max-image-preview:large","max-video-preview":"max-video-preview:-1"},"canonical":"https:\/\/iat-kaelte.de\/en\/produkte\/freikuehler\/","og_locale":"en_GB","og_type":"article","og_title":"Adiabate K\u00fchlung \u00bb Trockenk\u00fchler & Freik\u00fchler von IAT","og_description":"Unsere adiabatischen Trockenk\u00fchler \u2771 diverse Baugr\u00f6\u00dfen\u2713 niedrige Betriebskosten\u2713 einfache Wartung\u2713 \u27a5 Jetzt mehr erfahren!","og_url":"https:\/\/iat-kaelte.de\/en\/produkte\/freikuehler\/","og_site_name":"Innovative Anlagentechnik GmbH","article_modified_time":"2021-02-19T11:49:02+00:00","og_image":[{"width":1600,"height":600,"url":"https:\/\/iat-kaelte.de\/wp-content\/uploads\/2021\/02\/trockenkuehler.jpg","type":"image\/jpeg"}],"twitter_card":"summary_large_image","schema":{"@context":"https:\/\/schema.org","@graph":[{"@type":"WebPage","@id":"https:\/\/iat-kaelte.de\/produkte\/freikuehler\/","url":"https:\/\/iat-kaelte.de\/produkte\/freikuehler\/","name":"Adiabate K\u00fchlung \u00bb Trockenk\u00fchler & Freik\u00fchler von IAT","isPartOf":{"@id":"https:\/\/iat-kaelte.de\/#website"},"datePublished":"2021-01-26T15:39:22+00:00","dateModified":"2021-02-19T11:49:02+00:00","description":"Unsere adiabatischen Trockenk\u00fchler \u2771 diverse Baugr\u00f6\u00dfen\u2713 niedrige Betriebskosten\u2713 einfache Wartung\u2713 \u27a5 Jetzt mehr erfahren!","breadcrumb":{"@id":"https:\/\/iat-kaelte.de\/produkte\/freikuehler\/#breadcrumb"},"inLanguage":"en-GB","potentialAction":[{"@type":"ReadAction","target":["https:\/\/iat-kaelte.de\/produkte\/freikuehler\/"]}]},{"@type":"BreadcrumbList","@id":"https:\/\/iat-kaelte.de\/produkte\/freikuehler\/#breadcrumb","itemListElement":[{"@type":"ListItem","position":1,"name":"Startseite","item":"https:\/\/iat-kaelte.de\/"},{"@type":"ListItem","position":2,"name":"Produkte","item":"https:\/\/iat-kaelte.de\/produkte\/"},{"@type":"ListItem","position":3,"name":"Freik\u00fchler"}]},{"@type":"WebSite","@id":"https:\/\/iat-kaelte.de\/#website","url":"https:\/\/iat-kaelte.de\/","name":"Innovative Anlagentechnik GmbH","description":"Kaltwasser - Klima - Steuerungstechnik","publisher":{"@id":"https:\/\/iat-kaelte.de\/#organization"},"alternateName":"IAT-K\u00e4lte","potentialAction":[{"@type":"SearchAction","target":{"@type":"EntryPoint","urlTemplate":"https:\/\/iat-kaelte.de\/?s={search_term_string}"},"query-input":"required name=search_term_string"}],"inLanguage":"en-GB"},{"@type":"Organization","@id":"https:\/\/iat-kaelte.de\/#organization","name":"IAT - Innovative Anlagentechnik GmbH","alternateName":"IAT-K\u00e4lte GmbH","url":"https:\/\/iat-kaelte.de\/","logo":{"@type":"ImageObject","inLanguage":"en-GB","@id":"https:\/\/iat-kaelte.de\/#\/schema\/logo\/image\/","url":"https:\/\/iat-kaelte.de\/wp-content\/uploads\/2020\/11\/logo.svg","contentUrl":"https:\/\/iat-kaelte.de\/wp-content\/uploads\/2020\/11\/logo.svg","width":286.58,"height":75.14,"caption":"IAT - Innovative Anlagentechnik GmbH"},"image":{"@id":"https:\/\/iat-kaelte.de\/#\/schema\/logo\/image\/"}}]}},"_links":{"self":[{"href":"https:\/\/iat-kaelte.de\/en\/wp-json\/wp\/v2\/pages\/62"}],"collection":[{"href":"https:\/\/iat-kaelte.de\/en\/wp-json\/wp\/v2\/pages"}],"about":[{"href":"https:\/\/iat-kaelte.de\/en\/wp-json\/wp\/v2\/types\/page"}],"author":[{"embeddable":true,"href":"https:\/\/iat-kaelte.de\/en\/wp-json\/wp\/v2\/users\/1"}],"replies":[{"embeddable":true,"href":"https:\/\/iat-kaelte.de\/en\/wp-json\/wp\/v2\/comments?post=62"}],"version-history":[{"count":1,"href":"https:\/\/iat-kaelte.de\/en\/wp-json\/wp\/v2\/pages\/62\/revisions"}],"predecessor-version":[{"id":63,"href":"https:\/\/iat-kaelte.de\/en\/wp-json\/wp\/v2\/pages\/62\/revisions\/63"}],"up":[{"embeddable":true,"href":"https:\/\/iat-kaelte.de\/en\/wp-json\/wp\/v2\/pages\/49"}],"wp:featuredmedia":[{"embeddable":true,"href":"https:\/\/iat-kaelte.de\/en\/wp-json\/wp\/v2\/media\/191"}],"wp:attachment":[{"href":"https:\/\/iat-kaelte.de\/en\/wp-json\/wp\/v2\/media?parent=62"}],"curies":[{"name":"wp","href":"https:\/\/api.w.org\/{rel}","templated":true}]}}