{"id":59,"date":"2021-01-26T13:57:44","date_gmt":"2021-01-26T12:57:44","guid":{"rendered":"http:\/\/new.iat-kaelte.de\/?page_id=59"},"modified":"2021-02-19T12:44:41","modified_gmt":"2021-02-19T11:44:41","slug":"rueckkuehlwerke","status":"publish","type":"page","link":"https:\/\/iat-kaelte.de\/en\/produkte\/rueckkuehlwerke\/","title":{"rendered":"Cooling Towers"},"content":{"rendered":"","protected":false},"excerpt":{"rendered":"","protected":false},"author":1,"featured_media":187,"parent":49,"menu_order":0,"comment_status":"closed","ping_status":"closed","template":"","meta":{"ct_builder_shortcodes":"[ct_section ct_sign_sha256='605013bfa014947aef366c64d970253705b88c420bef531dbfbc65b4cb9749dd' ct_options='{\"ct_id\":17,\"ct_parent\":0,\"selector\":\"section-17-15\",\"activeselector\":false,\"classes\":{\"0\":\"header_image\"},\"original\":{\"background-image\":\"[oxygen ct_sign_sha256='216211043951e09a29fe690e653f791d9ba586f6a700e7368fa96b326fb73634' data='featured_image' size='2000x1300' ]\",\"background-imagedynamic\":true}}'][ct_headline ct_sign_sha256='48685b8b91d43644ec0c3ba163271ef4d6eae2902dc0f0419adab2e4e13209de' ct_options='{\"ct_id\":22,\"ct_parent\":17,\"selector\":\"headline-22-15\",\"classes\":{\"0\":\"head_1\",\"1\":\"text_schatten\"},\"activeselector\":\"text_schatten\",\"original\":{\"color\":\"color(3)\"}}']K\u00fchlt\u00fcrme &amp; R\u00fcckk\u00fchlwerke<br>[\/ct_headline][ct_div_block_2 ct_sign_sha256='1fe8297eee5310e6c4826a0bb332de73b95bd6f1a9331db628a1c2bca1d78c9b' ct_options='{\"ct_id\":26,\"ct_parent\":17,\"selector\":\"div_block-26-15\",\"activeselector\":\"div_schatten\",\"original\":{\"min-height\":\"0\",\"background-color\":\"color(3)\"},\"classes\":{\"0\":\"linie_sep\",\"1\":\"div_schatten\"}}'][\/ct_div_block_2][\/ct_section][ct_div_block ct_sign_sha256='8d5924836195682233427c08b972823cf833c981c38062698d08279e2206f36b' ct_options='{\"ct_id\":176,\"ct_parent\":0,\"selector\":\"div_block-176-59\",\"classes\":{\"0\":\"separator_unten\"},\"activeselector\":\"separator_unten\",\"nicename\":\"separator\"}'][\/ct_div_block][ct_section ct_sign_sha256='f40184f441d2da29a17449337d04244d11bf988274a5ce3884196f3341653822' ct_options='{\"ct_id\":28,\"ct_parent\":0,\"selector\":\"section-28-15\",\"original\":{\"container-padding-bottom\":\"117\"},\"classes\":{\"0\":\"section_block\"},\"activeselector\":false,\"media\":{\"tablet\":{\"original\":{}}}}'][ct_div_block_2 ct_sign_sha256='2dbdd8fd8ba17bb74adb4fce009ae5530f58bf207b34442340aa909d0899d1c4' ct_options='{\"ct_id\":50,\"ct_parent\":28,\"selector\":\"div_block-50-15\",\"classes\":{\"0\":\"text_left_400\"},\"activeselector\":\"text_left_400\"}'][ct_headline ct_sign_sha256='0fb8446169eaa49b987477a76e1fe28623f2b10dcafc54623855577f789379da' ct_options='{\"ct_id\":53,\"ct_parent\":50,\"selector\":\"headline-53-15\",\"original\":{\"tag\":\"h2\"},\"activeselector\":\"text_h2\",\"classes\":{\"0\":\"text_h2\"}}']Unsere K\u00fchlt\u00fcrme f\u00fcr die offene&nbsp;oder geschlossene Anwendung[\/ct_headline][oxy_rich_text ct_sign_sha256='91170bf7fa730fa72feadd86df09bb4fd60b5fccb9f112c53694fad76902f250' ct_options='{\"ct_id\":52,\"ct_parent\":50,\"selector\":\"_rich_text-52-15\",\"activeselector\":\"text\",\"classes\":{\"0\":\"text\"}}']<p>Wasser z\u00e4hlt wie Luft zu den wichtigsten Elementen und ist kostbar.<br \/>Deshalb ist ein sparsamer Umgang mit dieser nat\u00fcrlichen Ressource wichtig.<\/p><p><strong>Technik<\/strong><br \/>K\u00fchlt\u00fcrme funktionieren nach dem Verdunstungsprinzip. Das zu k\u00fchlende Wasser wird durch ein Verteilsystem verspr\u00fcht und \u00fcber die F\u00fcllk\u00f6rpereinbauten verrieselt. Die Umgebungsluft wird mittels Ventilators im Gegenstrom gef\u00fchrt. Die hierf\u00fcr erforderliche Verdunstungsw\u00e4rme wird dem K\u00fchlwasser entzogen und erbringt den gr\u00f6\u00dften Teil der K\u00fchlleistung. Die restliche K\u00fchlleistung wird durch Konvektion erbracht. Das r\u00fcckgek\u00fchlte Wasser sammelt sich in der Bodenwanne des R\u00fcckk\u00fchlwerks oder einem Zwischenbecken und wird den K\u00fchlstellen wieder zugef\u00fchrt.<\/p><p><strong>Ein- und Zweikreistechnik<\/strong><br \/>Die von IAT GmbH vertriebenen K\u00fchlt\u00fcrme sind f\u00fcr offene und geschlossene Kreisl\u00e4ufe verf\u00fcgbar. Bei den offenen K\u00fchlt\u00fcrmen ist das zu k\u00fchlende Wasser in Kontakt mit der Luft, bei geschlossenen Kreisl\u00e4ufen ist dies nicht der Fall. Die R\u00fcckk\u00fchlanlagen werden nach den Kriterien K\u00fchlleistung, Energiebedarf und Ger\u00e4uschpegel konzipiert. <a href=\"https:\/\/iat-kaelte.de\/produkte\/anlagenbau\/\">Wir planen die Details als Komplettl\u00f6sung aus einer Hand<\/a>. Mit Lieferung der Schl\u00fcsselkomponenten sowie aller Bauteile wie Rohrleitungen, Stahlbau und Elektroinstallation wird die einwandfreie Funktion der K\u00fchlwasseranlage sichergestellt.<\/p>[\/oxy_rich_text][ct_div_block_3 ct_sign_sha256='1ff52c4bd688a54eda9fc9ca4bf01a531ef7e68195bdeadfaf3cf1378c3577ef' ct_options='{\"ct_id\":102,\"ct_parent\":50,\"selector\":\"div_block-102-47\",\"original\":{\"width-unit\":\"%\",\"width\":\"100\",\"margin-top\":\"25\",\"flex-direction\":\"row\",\"display\":\"flex\",\"align-items\":\"center\"},\"activeselector\":false,\"media\":{\"tablet\":{\"original\":{\"display\":\"flex\",\"flex-direction\":\"column\"}}}}'][ct_image ct_sign_sha256='aa4d119bf73b4aa92de7dda0eb4da4e8f80ab0af0631e7089777cbe291c38ef3' ct_options='{\"ct_id\":104,\"ct_parent\":102,\"selector\":\"image-104-47\",\"original\":{\"src\":\"https:\/\/iat-kaelte.de\/wp-content\/uploads\/2021\/01\/IAT-Rueckkuehlwerke.jpg\"},\"activeselector\":false,\"classes\":{}}'][\/ct_image][\/ct_div_block_3][\/ct_div_block_2][ct_div_block_2 ct_sign_sha256='67d8446d400813f1c57ef955e3f575613775c2f08ee17666646ce50dd80afeaa' ct_options='{\"ct_id\":80,\"ct_parent\":28,\"selector\":\"div_block-80-15\",\"classes\":{\"0\":\"box_2\",\"1\":\"box_400\"},\"activeselector\":\"box_400\",\"media\":{\"page-width\":{\"original\":{\"padding-right\":\"68\",\"padding-left\":\"54\"}}},\"original\":{\"padding-top\":\"110\"}}'][ct_headline ct_sign_sha256='527151a275f4bcab07d8af6dadf365b094010357e7d2ad894d50997891820782' ct_options='{\"ct_id\":44,\"ct_parent\":80,\"selector\":\"headline-44-15\",\"original\":{\"tag\":\"h3\"},\"classes\":{\"0\":\"vorteile_h2\"},\"activeselector\":\"vorteile_h2\"}']Die Vorteile <br>unserer K\u00fchlt\u00fcrme[\/ct_headline][oxy_rich_text ct_sign_sha256='9ed43832860bd4405b12974b94d09a20c87f565b0031860a8bae26c5f1c62f62' ct_options='{\"ct_id\":49,\"ct_parent\":80,\"selector\":\"_rich_text-49-15\",\"classes\":{\"0\":\"vorteile_text\"},\"activeselector\":\"vorteile_text\",\"original\":{\"width\":\"280\"},\"media\":{\"tablet\":{\"original\":{\"width-unit\":\"auto\"}}}}']<ul class=\"flocke\"><li>Breites Leistungsspektrum<\/li><li>Diverse Baugr\u00f6\u00dfen<\/li><li>Radiale und axiale Ausf\u00fchrung<\/li><li>Keine Korrosion, lange Lebensdauer<\/li><li>Gro\u00dfe Wartungsintervalle<\/li><li>Niedrige Schallwerte<\/li><li>Zum Ablauf hin geneigter Wannenboden<\/li><li>Einfache und kosteng\u00fcnstige Montage durch vormontierte Einheiten<\/li><\/ul>[\/oxy_rich_text][\/ct_div_block_2][\/ct_section][ct_section ct_sign_sha256='f93011f025290a7cb9f8452e77660ce9766468c93506fec730db485b70952a70' ct_options='{\"ct_id\":164,\"ct_parent\":0,\"selector\":\"section-164-47\",\"activeselector\":false,\"classes\":{\"0\":\"cta_background\"}}'][ct_div_block_2 ct_sign_sha256='9e10b45794e72d009b6599b2a62a8fbe0f0cce8496128e5b53ef52aecb1c3cbc' ct_options='{\"ct_id\":165,\"ct_parent\":164,\"selector\":\"div_block-165-47\",\"activeselector\":false,\"media\":{\"phone-portrait\":{\"original\":{\"padding-right\":\"34\",\"padding-left\":\"24\"}}},\"classes\":{\"0\":\"box_1\"},\"original\":{\"padding-right\":\"122\",\"margin-top\":\"-150\"}}'][ct_div_block_3 ct_sign_sha256='908755fb809f6cd8b1da9b68928b54852afd7ba18d6a516d5cdaa03570aad0c3' ct_options='{\"ct_id\":166,\"ct_parent\":165,\"selector\":\"div_block-166-47\",\"original\":{\"width-unit\":\"%\",\"width\":\"100\"},\"media\":{\"tablet\":{\"original\":{\"display\":\"flex\",\"align-items\":\"flex-start\",\"text-align\":\"left\"}}}}'][ct_headline ct_sign_sha256='0da1a4806654319c890415ce1a3cb1101400024d48f21573268ffedce412066c' ct_options='{\"ct_id\":167,\"ct_parent\":166,\"selector\":\"headline-167-47\",\"original\":{\"tag\":\"h4\"},\"classes\":{\"0\":\"cta_head\"},\"activeselector\":\"cta_head\"}']Sie m\u00f6chten mehr \u00fcber unsere K\u00fchlt\u00fcrme erfahren?[\/ct_headline][ct_div_block_4 ct_sign_sha256='32dd957ffc1a3e69f4b2a3bbc67631009dbd6c7b83dcbb962174bf3ee2ee4777' ct_options='{\"ct_id\":168,\"ct_parent\":166,\"selector\":\"div_block-168-47\",\"original\":{\"min-height\":\"0\"},\"classes\":{\"0\":\"cta_linie\"}}'][\/ct_div_block_4][oxy_rich_text ct_sign_sha256='a31b91e543a971488f45cce943ad7a78fc9c42fbf0ec62c5dee1dfda9075830b' ct_options='{\"ct_id\":169,\"ct_parent\":166,\"selector\":\"_rich_text-169-47\",\"classes\":{\"0\":\"cta_text\"}}']<p>Sprechen wir pers\u00f6nlich dar\u00fcber &amp; finden wir gemeinsam eine ma\u00dfgeschneiderte L\u00f6sung f\u00fcr Sie!<\/p>[\/oxy_rich_text][\/ct_div_block_3][ct_div_block_3 ct_sign_sha256='18d19b9b9ae0c651a9f3eae9a06ef58f3275b46142b0d30efd70b77454ba398b' ct_options='{\"ct_id\":170,\"ct_parent\":165,\"selector\":\"div_block-170-47\",\"original\":{\"width-unit\":\"%\",\"width\":\"80\",\"align-items\":\"flex-end\",\"text-align\":\"right\"},\"media\":{\"phone-landscape\":{\"original\":{\"width-unit\":\"%\",\"width\":\"100\",\"flex-direction\":\"column\",\"display\":\"flex\",\"align-items\":\"center\",\"text-align\":\"center\"}}}}'][ct_link_4 ct_sign_sha256='0f6deca843e8eb490e76c6515af3898d336b19bf8e7c2f02a79795f572026b38' ct_options='{\"ct_id\":171,\"ct_parent\":170,\"selector\":\"link-171-47\",\"original\":{\"position\":\"relative\",\"align-items\":\"center\",\"text-align\":\"center\",\"justify-content\":\"center\",\"url\":\"https:\/\/iat-kaelte.de\/kontakt\/\",\"target\":\"\",\"transition-duration\":\"0.4\",\"url_encoded\":\"true\"},\"hover\":{\"transform\":{\"0\":{\"transform-type\":\"scale\",\"rotateAngle\":\"-5\",\"scaleX\":\"1.1\",\"scaleY\":\"1.1\",\"scaleZ\":\"\"}}}}'][ct_image ct_sign_sha256='a4f6b69ed468653f1babbfbc816b9b9750e1c772dcd5c17402c885532129ad4a' ct_options='{\"ct_id\":172,\"ct_parent\":171,\"selector\":\"image-172-47\",\"original\":{\"src\":\"https:\/\/iat-kaelte.de\/wp-content\/uploads\/2021\/01\/button-outline.svg\"},\"classes\":{\"0\":\"cta_button\"}}'][\/ct_image][ct_text_block ct_sign_sha256='775de0887960112c982056bf0a36922e10512f28ba45047cbfeb90c126259169' ct_options='{\"ct_id\":173,\"ct_parent\":171,\"selector\":\"text_block-173-47\",\"activeselector\":\"cta_button_text\",\"classes\":{\"0\":\"cta_button_text\"}}']\u00bb Kontaktieren Sie uns![\/ct_text_block][\/ct_link_4][\/ct_div_block_3][\/ct_div_block_2][\/ct_section]","ct_template_type":"","ct_parent_template":0},"acf":[],"yoast_head":"<!-- This site is optimized with the Yoast SEO plugin v20.13 - https:\/\/yoast.com\/wordpress\/plugins\/seo\/ -->\n<title>Nass-K\u00fchlt\u00fcrme &amp; R\u00fcckk\u00fchlwerke \u00bb diverse Baugr\u00f6\u00dfen | IAT<\/title>\n<meta name=\"description\" content=\"Unsere Nass-K\u00fchlt\u00fcrme \u2771 offene &amp; geschlossene Anwendung\u2713 lange Lebensdauer\u2713 einfache Montage\u2713 \u27a5 Jetzt mehr erfahren!\" \/>\n<meta name=\"robots\" content=\"index, follow, max-snippet:-1, max-image-preview:large, max-video-preview:-1\" \/>\n<link rel=\"canonical\" href=\"https:\/\/iat-kaelte.de\/en\/produkte\/rueckkuehlwerke\/\" \/>\n<meta property=\"og:locale\" content=\"en_GB\" \/>\n<meta property=\"og:type\" content=\"article\" \/>\n<meta property=\"og:title\" content=\"Nass-K\u00fchlt\u00fcrme &amp; R\u00fcckk\u00fchlwerke \u00bb diverse Baugr\u00f6\u00dfen | IAT\" \/>\n<meta property=\"og:description\" content=\"Unsere Nass-K\u00fchlt\u00fcrme \u2771 offene &amp; geschlossene Anwendung\u2713 lange Lebensdauer\u2713 einfache Montage\u2713 \u27a5 Jetzt mehr erfahren!\" \/>\n<meta property=\"og:url\" content=\"https:\/\/iat-kaelte.de\/en\/produkte\/rueckkuehlwerke\/\" \/>\n<meta property=\"og:site_name\" content=\"Innovative Anlagentechnik GmbH\" \/>\n<meta property=\"article:modified_time\" content=\"2021-02-19T11:44:41+00:00\" \/>\n<meta property=\"og:image\" content=\"https:\/\/iat-kaelte.de\/wp-content\/uploads\/2021\/02\/container-.jpg\" \/>\n\t<meta property=\"og:image:width\" content=\"1594\" \/>\n\t<meta property=\"og:image:height\" content=\"600\" \/>\n\t<meta property=\"og:image:type\" content=\"image\/jpeg\" \/>\n<meta name=\"twitter:card\" content=\"summary_large_image\" \/>\n<script type=\"application\/ld+json\" class=\"yoast-schema-graph\">{\"@context\":\"https:\/\/schema.org\",\"@graph\":[{\"@type\":\"WebPage\",\"@id\":\"https:\/\/iat-kaelte.de\/produkte\/rueckkuehlwerke\/\",\"url\":\"https:\/\/iat-kaelte.de\/produkte\/rueckkuehlwerke\/\",\"name\":\"Nass-K\u00fchlt\u00fcrme & R\u00fcckk\u00fchlwerke \u00bb diverse Baugr\u00f6\u00dfen | IAT\",\"isPartOf\":{\"@id\":\"https:\/\/iat-kaelte.de\/#website\"},\"datePublished\":\"2021-01-26T12:57:44+00:00\",\"dateModified\":\"2021-02-19T11:44:41+00:00\",\"description\":\"Unsere Nass-K\u00fchlt\u00fcrme \u2771 offene & geschlossene Anwendung\u2713 lange Lebensdauer\u2713 einfache Montage\u2713 \u27a5 Jetzt mehr erfahren!\",\"breadcrumb\":{\"@id\":\"https:\/\/iat-kaelte.de\/produkte\/rueckkuehlwerke\/#breadcrumb\"},\"inLanguage\":\"en-GB\",\"potentialAction\":[{\"@type\":\"ReadAction\",\"target\":[\"https:\/\/iat-kaelte.de\/produkte\/rueckkuehlwerke\/\"]}]},{\"@type\":\"BreadcrumbList\",\"@id\":\"https:\/\/iat-kaelte.de\/produkte\/rueckkuehlwerke\/#breadcrumb\",\"itemListElement\":[{\"@type\":\"ListItem\",\"position\":1,\"name\":\"Startseite\",\"item\":\"https:\/\/iat-kaelte.de\/\"},{\"@type\":\"ListItem\",\"position\":2,\"name\":\"Produkte\",\"item\":\"https:\/\/iat-kaelte.de\/produkte\/\"},{\"@type\":\"ListItem\",\"position\":3,\"name\":\"R\u00fcckk\u00fchlwerke\"}]},{\"@type\":\"WebSite\",\"@id\":\"https:\/\/iat-kaelte.de\/#website\",\"url\":\"https:\/\/iat-kaelte.de\/\",\"name\":\"Innovative Anlagentechnik GmbH\",\"description\":\"Kaltwasser - Klima - Steuerungstechnik\",\"publisher\":{\"@id\":\"https:\/\/iat-kaelte.de\/#organization\"},\"alternateName\":\"IAT-K\u00e4lte\",\"potentialAction\":[{\"@type\":\"SearchAction\",\"target\":{\"@type\":\"EntryPoint\",\"urlTemplate\":\"https:\/\/iat-kaelte.de\/?s={search_term_string}\"},\"query-input\":\"required name=search_term_string\"}],\"inLanguage\":\"en-GB\"},{\"@type\":\"Organization\",\"@id\":\"https:\/\/iat-kaelte.de\/#organization\",\"name\":\"IAT - Innovative Anlagentechnik GmbH\",\"alternateName\":\"IAT-K\u00e4lte GmbH\",\"url\":\"https:\/\/iat-kaelte.de\/\",\"logo\":{\"@type\":\"ImageObject\",\"inLanguage\":\"en-GB\",\"@id\":\"https:\/\/iat-kaelte.de\/#\/schema\/logo\/image\/\",\"url\":\"https:\/\/iat-kaelte.de\/wp-content\/uploads\/2020\/11\/logo.svg\",\"contentUrl\":\"https:\/\/iat-kaelte.de\/wp-content\/uploads\/2020\/11\/logo.svg\",\"width\":286.58,\"height\":75.14,\"caption\":\"IAT - Innovative Anlagentechnik GmbH\"},\"image\":{\"@id\":\"https:\/\/iat-kaelte.de\/#\/schema\/logo\/image\/\"}}]}<\/script>\n<!-- \/ Yoast SEO plugin. -->","yoast_head_json":{"title":"Nass-K\u00fchlt\u00fcrme & R\u00fcckk\u00fchlwerke \u00bb diverse Baugr\u00f6\u00dfen | IAT","description":"Unsere Nass-K\u00fchlt\u00fcrme \u2771 offene & geschlossene Anwendung\u2713 lange Lebensdauer\u2713 einfache Montage\u2713 \u27a5 Jetzt mehr erfahren!","robots":{"index":"index","follow":"follow","max-snippet":"max-snippet:-1","max-image-preview":"max-image-preview:large","max-video-preview":"max-video-preview:-1"},"canonical":"https:\/\/iat-kaelte.de\/en\/produkte\/rueckkuehlwerke\/","og_locale":"en_GB","og_type":"article","og_title":"Nass-K\u00fchlt\u00fcrme & R\u00fcckk\u00fchlwerke \u00bb diverse Baugr\u00f6\u00dfen | IAT","og_description":"Unsere Nass-K\u00fchlt\u00fcrme \u2771 offene & geschlossene Anwendung\u2713 lange Lebensdauer\u2713 einfache Montage\u2713 \u27a5 Jetzt mehr erfahren!","og_url":"https:\/\/iat-kaelte.de\/en\/produkte\/rueckkuehlwerke\/","og_site_name":"Innovative Anlagentechnik GmbH","article_modified_time":"2021-02-19T11:44:41+00:00","og_image":[{"width":1594,"height":600,"url":"https:\/\/iat-kaelte.de\/wp-content\/uploads\/2021\/02\/container-.jpg","type":"image\/jpeg"}],"twitter_card":"summary_large_image","schema":{"@context":"https:\/\/schema.org","@graph":[{"@type":"WebPage","@id":"https:\/\/iat-kaelte.de\/produkte\/rueckkuehlwerke\/","url":"https:\/\/iat-kaelte.de\/produkte\/rueckkuehlwerke\/","name":"Nass-K\u00fchlt\u00fcrme & R\u00fcckk\u00fchlwerke \u00bb diverse Baugr\u00f6\u00dfen | IAT","isPartOf":{"@id":"https:\/\/iat-kaelte.de\/#website"},"datePublished":"2021-01-26T12:57:44+00:00","dateModified":"2021-02-19T11:44:41+00:00","description":"Unsere Nass-K\u00fchlt\u00fcrme \u2771 offene & geschlossene Anwendung\u2713 lange Lebensdauer\u2713 einfache Montage\u2713 \u27a5 Jetzt mehr erfahren!","breadcrumb":{"@id":"https:\/\/iat-kaelte.de\/produkte\/rueckkuehlwerke\/#breadcrumb"},"inLanguage":"en-GB","potentialAction":[{"@type":"ReadAction","target":["https:\/\/iat-kaelte.de\/produkte\/rueckkuehlwerke\/"]}]},{"@type":"BreadcrumbList","@id":"https:\/\/iat-kaelte.de\/produkte\/rueckkuehlwerke\/#breadcrumb","itemListElement":[{"@type":"ListItem","position":1,"name":"Startseite","item":"https:\/\/iat-kaelte.de\/"},{"@type":"ListItem","position":2,"name":"Produkte","item":"https:\/\/iat-kaelte.de\/produkte\/"},{"@type":"ListItem","position":3,"name":"R\u00fcckk\u00fchlwerke"}]},{"@type":"WebSite","@id":"https:\/\/iat-kaelte.de\/#website","url":"https:\/\/iat-kaelte.de\/","name":"Innovative Anlagentechnik GmbH","description":"Kaltwasser - Klima - Steuerungstechnik","publisher":{"@id":"https:\/\/iat-kaelte.de\/#organization"},"alternateName":"IAT-K\u00e4lte","potentialAction":[{"@type":"SearchAction","target":{"@type":"EntryPoint","urlTemplate":"https:\/\/iat-kaelte.de\/?s={search_term_string}"},"query-input":"required name=search_term_string"}],"inLanguage":"en-GB"},{"@type":"Organization","@id":"https:\/\/iat-kaelte.de\/#organization","name":"IAT - Innovative Anlagentechnik GmbH","alternateName":"IAT-K\u00e4lte GmbH","url":"https:\/\/iat-kaelte.de\/","logo":{"@type":"ImageObject","inLanguage":"en-GB","@id":"https:\/\/iat-kaelte.de\/#\/schema\/logo\/image\/","url":"https:\/\/iat-kaelte.de\/wp-content\/uploads\/2020\/11\/logo.svg","contentUrl":"https:\/\/iat-kaelte.de\/wp-content\/uploads\/2020\/11\/logo.svg","width":286.58,"height":75.14,"caption":"IAT - Innovative Anlagentechnik GmbH"},"image":{"@id":"https:\/\/iat-kaelte.de\/#\/schema\/logo\/image\/"}}]}},"_links":{"self":[{"href":"https:\/\/iat-kaelte.de\/en\/wp-json\/wp\/v2\/pages\/59"}],"collection":[{"href":"https:\/\/iat-kaelte.de\/en\/wp-json\/wp\/v2\/pages"}],"about":[{"href":"https:\/\/iat-kaelte.de\/en\/wp-json\/wp\/v2\/types\/page"}],"author":[{"embeddable":true,"href":"https:\/\/iat-kaelte.de\/en\/wp-json\/wp\/v2\/users\/1"}],"replies":[{"embeddable":true,"href":"https:\/\/iat-kaelte.de\/en\/wp-json\/wp\/v2\/comments?post=59"}],"version-history":[{"count":1,"href":"https:\/\/iat-kaelte.de\/en\/wp-json\/wp\/v2\/pages\/59\/revisions"}],"predecessor-version":[{"id":60,"href":"https:\/\/iat-kaelte.de\/en\/wp-json\/wp\/v2\/pages\/59\/revisions\/60"}],"up":[{"embeddable":true,"href":"https:\/\/iat-kaelte.de\/en\/wp-json\/wp\/v2\/pages\/49"}],"wp:featuredmedia":[{"embeddable":true,"href":"https:\/\/iat-kaelte.de\/en\/wp-json\/wp\/v2\/media\/187"}],"wp:attachment":[{"href":"https:\/\/iat-kaelte.de\/en\/wp-json\/wp\/v2\/media?parent=59"}],"curies":[{"name":"wp","href":"https:\/\/api.w.org\/{rel}","templated":true}]}}