{"id":57,"date":"2021-01-26T13:57:17","date_gmt":"2021-01-26T12:57:17","guid":{"rendered":"http:\/\/new.iat-kaelte.de\/?page_id=57"},"modified":"2021-02-19T15:27:13","modified_gmt":"2021-02-19T14:27:13","slug":"containeranlagen","status":"publish","type":"page","link":"https:\/\/iat-kaelte.de\/en\/produkte\/containeranlagen\/","title":{"rendered":"Compact Container Plant"},"content":{"rendered":"","protected":false},"excerpt":{"rendered":"","protected":false},"author":1,"featured_media":224,"parent":49,"menu_order":0,"comment_status":"closed","ping_status":"closed","template":"","meta":{"ct_builder_shortcodes":"[ct_section ct_sign_sha256='41deb11207c112d6919fe6f3b8d5d8f41d51d9d729211b9df1bd469a3862d739' ct_options='{\"ct_id\":17,\"ct_parent\":0,\"selector\":\"section-17-15\",\"activeselector\":false,\"classes\":{\"0\":\"header_image\"},\"original\":{\"background-image\":\"[oxygen ct_sign_sha256='216211043951e09a29fe690e653f791d9ba586f6a700e7368fa96b326fb73634' data='featured_image' size='2000x1300' ]\",\"background-imagedynamic\":true}}'][ct_headline ct_sign_sha256='c3a254eaee7e4dbb84937c563cb6221e37a8baff1d32d2537d1d4df3e3d3b58c' ct_options='{\"ct_id\":22,\"ct_parent\":17,\"selector\":\"headline-22-15\",\"activeselector\":\"text_schatten\",\"original\":{\"color\":\"color(3)\"},\"classes\":{\"0\":\"head_1\",\"1\":\"text_schatten\"}}']Containerl\u00f6sungen f\u00fcr K\u00fchlanlagen<br>[\/ct_headline][ct_div_block_2 ct_sign_sha256='8ceef5c98ab9362a96dbd7c6c261895ab034f52f850dcd52b46f42425f39b1cd' ct_options='{\"ct_id\":26,\"ct_parent\":17,\"selector\":\"div_block-26-15\",\"classes\":{\"0\":\"linie_sep\",\"1\":\"div_schatten\"},\"activeselector\":\"div_schatten\",\"original\":{\"min-height\":\"0\",\"background-color\":\"color(3)\"}}'][\/ct_div_block_2][ct_text_block ct_sign_sha256='cd6520d0fffd32a2f6f3d0807eb31041d8f8f94a6fe4ca3cc1cff6ac9a7225ae' ct_options='{\"ct_id\":122,\"ct_parent\":17,\"selector\":\"text_block-122-47\",\"original\":{\"color\":\"color(3)\",\"font-size\":\"19\",\"font-weight\":\"600\"},\"classes\":{\"0\":\"text_schatten\"},\"activeselector\":\"text_schatten\"}']Platzsparende zentrale Kalt- und K\u00fchlwasserversorgung<br>[\/ct_text_block][\/ct_section][ct_div_block ct_sign_sha256='e56726c612afce90d74064c2ad65fd1cf7152d8601f2ca0a950485fc7c52a063' ct_options='{\"ct_id\":18,\"ct_parent\":0,\"selector\":\"div_block-18-15\",\"classes\":{\"0\":\"separator_unten\"},\"activeselector\":\"separator_unten\",\"nicename\":\"separator\"}'][\/ct_div_block][ct_section ct_sign_sha256='6970d30b954a0d522c76b5f66b87b003efdf50f5a475d004f8d10e716267e7ee' ct_options='{\"ct_id\":28,\"ct_parent\":0,\"selector\":\"section-28-15\",\"original\":{\"container-padding-bottom\":\"0\"},\"activeselector\":false,\"classes\":{\"0\":\"section_block\"},\"media\":{\"tablet\":{\"original\":{}}}}'][ct_div_block_2 ct_sign_sha256='90252fe7d99684d672dca8c5521e9691c2698c95b39856b0b783d8b2bef244db' ct_options='{\"ct_id\":50,\"ct_parent\":28,\"selector\":\"div_block-50-15\",\"activeselector\":\"text_left_500\",\"classes\":{\"0\":\"text_left_500\"},\"media\":{\"tablet\":{\"original\":{}}}}'][ct_headline ct_sign_sha256='850a1a6c9689791a23126eb635a7d84a0ada835bc96cba7cd293b5e229ae7096' ct_options='{\"ct_id\":53,\"ct_parent\":50,\"selector\":\"headline-53-15\",\"original\":{\"tag\":\"h2\"},\"activeselector\":\"text_h2\",\"classes\":{\"0\":\"text_h2\"}}']Kompakte &amp; vormontierte Containeranlagen[\/ct_headline][oxy_rich_text ct_sign_sha256='3b0ac827f9c65c7326cf846cc50a47b63f94226f27b9c6cee4760b2850063e83' ct_options='{\"ct_id\":52,\"ct_parent\":50,\"selector\":\"_rich_text-52-15\",\"activeselector\":\"text\",\"classes\":{\"0\":\"text\"}}']<p>Unsere Containeranlagen werden zur effizienten K\u00fchlung von w\u00e4rmeintensiven Industrieprozessen und Abl\u00e4ufen erstellt. Als <strong>Spezialist f\u00fcr Containeranlagen weltweit<\/strong> bauen wir situationsad\u00e4quate Containerkonzepte in s\u00e4mtlichen Klimazonen.<\/p><p>Die Container K\u00fchlanlagen von IAT GmbH vereinen hochwertige und energieeffiziente K\u00e4lte- und R\u00fcckk\u00fchltechnik mit platzsparender Konstruktion und einfachen Anschluss- und Aufstellm\u00f6glichkeiten. Unsere Container sind vollwertige K\u00fchl-\/Kaltwasseranlagen mit kompletter Innenverrohrung und Verdrahtung, einer zentralen Steuerungseinheit von Siemens SIMATIC S7 und allen Komponenten, die f\u00fcr einen reibungslosen Betrieb notwendig sind.<\/p><p>IAT GmbH Containeranlagen zeichnen sich durch den Einsatz des umweltschonenden <a href=\"https:\/\/iat-kaelte.de\/produkte\/kaltwassersaetze\/\">K\u00e4ltemittels Ammoniak<\/a> und durch die stufenlose Anpassung durch den Einsatz von IE3-Motoren in Verbindung mit Frequenzumformern aus. Zudem ist eine erh\u00f6hte Langlebigkeit der Elektrokomponenten im Schaltschrank durch die Trennung zum Maschinenteil gegeben.<\/p>[\/oxy_rich_text][\/ct_div_block_2][ct_div_block_2 ct_sign_sha256='4ea3e899132e0c5152dbeb87697ad1e254c830eeb698c9e2b5793a33b4804aaf' ct_options='{\"ct_id\":80,\"ct_parent\":28,\"selector\":\"div_block-80-15\",\"original\":{\"padding-top\":\"79\",\"padding-bottom\":\"74\",\"padding-left\":\"53\",\"padding-right\":\"65\",\"background-image\":\"https:\/\/iat-kaelte.de\/wp-content\/uploads\/2021\/02\/box_3-1.svg\"},\"activeselector\":false,\"classes\":{\"0\":\"box_500\"}}'][ct_headline ct_sign_sha256='87491f238d12629f30e9da09c1fb996a9ea147d5c0b4f554aaf129f474bb41b3' ct_options='{\"ct_id\":44,\"ct_parent\":80,\"selector\":\"headline-44-15\",\"original\":{\"tag\":\"h3\"},\"activeselector\":\"vorteile_h2\",\"classes\":{\"0\":\"vorteile_h2\"}}']Die&nbsp;Vorteile von kompakten, vormontierten Containeranlagen[\/ct_headline][oxy_rich_text ct_sign_sha256='8b556d93d0c7998bb77d3e8a1eabea03e0a0278b2597256cb9c9b82cfa4829ab' ct_options='{\"ct_id\":49,\"ct_parent\":80,\"selector\":\"_rich_text-49-15\",\"classes\":{\"0\":\"vorteile_text\"},\"activeselector\":false,\"original\":{\"width\":\"310\"},\"media\":{\"tablet\":{\"original\":{\"width-unit\":\"auto\"}}}}']<ul class=\"flocke\"><li><strong>Platzsparend<\/strong><br \/>Geschlossenes System, kleine Aufstellfl\u00e4che notwendig.\u00a0Container ist gleichzeitig beheizter Maschinenraum<\/li><li><strong>Au\u00dfenaufstellung<\/strong><br \/>Blockiert keinen Platz in Produktionsr\u00e4umen. In der Regel entf\u00e4llt eine Baugenehmigung.<\/li><li><strong>Mobil<\/strong><br \/>Zieht im Bedarfsfall mit dem Betrieb um<\/li><li><strong>Sicherheit<\/strong><br \/>Sicherheitseinrichtungen z.B. Gaswarnanlage integriert<\/li><li><strong>Einsatz<\/strong><br \/>Weltweiter Versand per LKW, Schiff oder Flugzeug<\/li><\/ul>[\/oxy_rich_text][\/ct_div_block_2][\/ct_section][ct_section ct_sign_sha256='604f85368fe6134b89beb15fcac978eefce94ca08601b6b03602843279311315' ct_options='{\"ct_id\":207,\"ct_parent\":0,\"selector\":\"section-207-57\",\"activeselector\":false,\"original\":{\"container-padding-top\":\"27\",\"container-padding-bottom\":\"134\",\"flex-direction\":\"row\",\"display\":\"flex\",\"justify-content\":\"space-between\",\"text-align\":\"justify\"}}'][ct_div_block_2 ct_sign_sha256='ea1e05aab6a7a236272f2b8f9f5484ec856db14f8e4042565d95a3a8297284b8' ct_options='{\"ct_id\":208,\"ct_parent\":207,\"selector\":\"div_block-208-57\",\"activeselector\":false,\"original\":{\"width\":\"32\",\"width-unit\":\"%\"}}'][ct_image ct_sign_sha256='83056fce28d1b964f7ec46ea0f230e4e288b2dff9d92c17d12b2aa0bbcfeabff' ct_options='{\"ct_id\":209,\"ct_parent\":208,\"selector\":\"image-209-57\",\"original\":{\"src\":\"https:\/\/iat-kaelte.de\/wp-content\/uploads\/2021\/01\/IAT-Containerloesungen-1.jpg\"},\"activeselector\":false,\"classes\":{}}'][\/ct_image][\/ct_div_block_2][ct_div_block_2 ct_sign_sha256='aa23b072811f21bfe93fa1f27c654696c649f69a9e7b7bafeb622428988be7fc' ct_options='{\"ct_id\":212,\"ct_parent\":207,\"selector\":\"div_block-212-57\",\"original\":{\"width\":\"32\",\"width-unit\":\"%\"},\"activeselector\":false}'][ct_image ct_sign_sha256='87681d0c54cec42cf6d7a3da013871c4368a3d6845f41c30941d4a8105ed1934' ct_options='{\"ct_id\":213,\"ct_parent\":212,\"selector\":\"image-213-57\",\"original\":{\"src\":\"https:\/\/iat-kaelte.de\/wp-content\/uploads\/2021\/01\/IAT-Containerloesungen-2.jpg\"},\"activeselector\":false,\"classes\":{}}'][\/ct_image][\/ct_div_block_2][ct_div_block_2 ct_sign_sha256='9c3f286d87d5779aa4754b1bed2cfd4c38eacc87239051080d1190b138957d4a' ct_options='{\"ct_id\":210,\"ct_parent\":207,\"selector\":\"div_block-210-57\",\"original\":{\"width\":\"32\",\"width-unit\":\"%\"},\"activeselector\":false}'][ct_image ct_sign_sha256='3e34e82dd10b6351665cfaea99bb7389a0be0c313e0fae4c200120522c8615d5' ct_options='{\"ct_id\":211,\"ct_parent\":210,\"selector\":\"image-211-57\",\"original\":{\"src\":\"https:\/\/iat-kaelte.de\/wp-content\/uploads\/2021\/01\/IAT-Containerloesungen-3.jpg\"},\"activeselector\":false,\"classes\":{}}'][\/ct_image][\/ct_div_block_2][\/ct_section][ct_section ct_sign_sha256='e022e30266bee459ae92f0cd1840cff9a19c6dbec5e8a2f379c091734156ad01' ct_options='{\"ct_id\":164,\"ct_parent\":0,\"selector\":\"section-164-47\",\"activeselector\":\"cta_background\",\"classes\":{\"0\":\"cta_background\"}}'][ct_div_block_2 ct_sign_sha256='0449df2f90911661994e877bdaa03c6d6379f9c177d403734fefc511ea454eaf' ct_options='{\"ct_id\":165,\"ct_parent\":164,\"selector\":\"div_block-165-47\",\"activeselector\":false,\"media\":{\"phone-portrait\":{\"original\":{\"padding-right\":\"34\",\"padding-left\":\"24\"}}},\"classes\":{\"0\":\"box_1\"},\"original\":{\"padding-right\":\"122\",\"margin-top\":\"-150\"}}'][ct_div_block_3 ct_sign_sha256='bce721207be3521f414a34ba821862ab19112dde0d51aa93b66e06531aa51ea0' ct_options='{\"ct_id\":166,\"ct_parent\":165,\"selector\":\"div_block-166-47\",\"original\":{\"width-unit\":\"%\",\"width\":\"100\"},\"media\":{\"tablet\":{\"original\":{\"display\":\"flex\",\"align-items\":\"flex-start\",\"text-align\":\"left\"}}}}'][ct_headline ct_sign_sha256='a95cd10d058db936e925fb1c2ac79843a15a10b55fee041b2f292ff88aac1ea8' ct_options='{\"ct_id\":167,\"ct_parent\":166,\"selector\":\"headline-167-47\",\"original\":{\"tag\":\"h4\"},\"classes\":{\"0\":\"cta_head\"},\"activeselector\":\"cta_head\"}']Sie m\u00f6chten mehr \u00fcber unsere Container K\u00fchlanlagen erfahren?[\/ct_headline][ct_div_block_4 ct_sign_sha256='32dd957ffc1a3e69f4b2a3bbc67631009dbd6c7b83dcbb962174bf3ee2ee4777' ct_options='{\"ct_id\":168,\"ct_parent\":166,\"selector\":\"div_block-168-47\",\"original\":{\"min-height\":\"0\"},\"classes\":{\"0\":\"cta_linie\"}}'][\/ct_div_block_4][oxy_rich_text ct_sign_sha256='c9fb0053aba0d046a2de675c3df581992a14e49330e16424f5d205d97382e28f' ct_options='{\"ct_id\":169,\"ct_parent\":166,\"selector\":\"_rich_text-169-47\",\"classes\":{\"0\":\"cta_text\"}}']<p>Lassen Sie uns pers\u00f6nlich dar\u00fcber sprechen &amp; eine individuelle L\u00f6sung finden!<\/p>[\/oxy_rich_text][\/ct_div_block_3][ct_div_block_3 ct_sign_sha256='18d19b9b9ae0c651a9f3eae9a06ef58f3275b46142b0d30efd70b77454ba398b' ct_options='{\"ct_id\":170,\"ct_parent\":165,\"selector\":\"div_block-170-47\",\"original\":{\"width-unit\":\"%\",\"width\":\"80\",\"align-items\":\"flex-end\",\"text-align\":\"right\"},\"media\":{\"phone-landscape\":{\"original\":{\"width-unit\":\"%\",\"width\":\"100\",\"flex-direction\":\"column\",\"display\":\"flex\",\"align-items\":\"center\",\"text-align\":\"center\"}}}}'][ct_link_4 ct_sign_sha256='0f6deca843e8eb490e76c6515af3898d336b19bf8e7c2f02a79795f572026b38' ct_options='{\"ct_id\":171,\"ct_parent\":170,\"selector\":\"link-171-47\",\"original\":{\"position\":\"relative\",\"align-items\":\"center\",\"text-align\":\"center\",\"justify-content\":\"center\",\"url\":\"https:\/\/iat-kaelte.de\/kontakt\/\",\"target\":\"\",\"transition-duration\":\"0.4\",\"url_encoded\":\"true\"},\"hover\":{\"transform\":{\"0\":{\"transform-type\":\"scale\",\"rotateAngle\":\"-5\",\"scaleX\":\"1.1\",\"scaleY\":\"1.1\",\"scaleZ\":\"\"}}}}'][ct_image ct_sign_sha256='a4f6b69ed468653f1babbfbc816b9b9750e1c772dcd5c17402c885532129ad4a' ct_options='{\"ct_id\":172,\"ct_parent\":171,\"selector\":\"image-172-47\",\"original\":{\"src\":\"https:\/\/iat-kaelte.de\/wp-content\/uploads\/2021\/01\/button-outline.svg\"},\"classes\":{\"0\":\"cta_button\"}}'][\/ct_image][ct_text_block ct_sign_sha256='775de0887960112c982056bf0a36922e10512f28ba45047cbfeb90c126259169' ct_options='{\"ct_id\":173,\"ct_parent\":171,\"selector\":\"text_block-173-47\",\"activeselector\":\"cta_button_text\",\"classes\":{\"0\":\"cta_button_text\"}}']\u00bb Kontaktieren Sie uns![\/ct_text_block][\/ct_link_4][\/ct_div_block_3][\/ct_div_block_2][\/ct_section]","ct_template_type":"","ct_parent_template":0},"acf":[],"yoast_head":"<!-- This site is optimized with the Yoast SEO plugin v20.13 - https:\/\/yoast.com\/wordpress\/plugins\/seo\/ -->\n<title>Container K\u00fchlanlagen \u00bb platzsparend, mobil &amp; sicher | IAT<\/title>\n<meta name=\"description\" content=\"Unsere Containerl\u00f6sungen f\u00fcr K\u00fchlanlagen \u2771 Au\u00dfenaufstellung\u2713 ohne Baugenehmigung\u2713 mobil\u2713 weltweiter Versand\u2713 \u27a5 Jetzt anfragen!\" \/>\n<meta name=\"robots\" content=\"index, follow, max-snippet:-1, max-image-preview:large, max-video-preview:-1\" \/>\n<link rel=\"canonical\" href=\"https:\/\/iat-kaelte.de\/en\/produkte\/containeranlagen\/\" \/>\n<meta property=\"og:locale\" content=\"en_GB\" \/>\n<meta property=\"og:type\" content=\"article\" \/>\n<meta property=\"og:title\" content=\"Container K\u00fchlanlagen \u00bb platzsparend, mobil &amp; sicher | IAT\" \/>\n<meta property=\"og:description\" content=\"Unsere Containerl\u00f6sungen f\u00fcr K\u00fchlanlagen \u2771 Au\u00dfenaufstellung\u2713 ohne Baugenehmigung\u2713 mobil\u2713 weltweiter Versand\u2713 \u27a5 Jetzt anfragen!\" \/>\n<meta property=\"og:url\" content=\"https:\/\/iat-kaelte.de\/en\/produkte\/containeranlagen\/\" \/>\n<meta property=\"og:site_name\" content=\"Innovative Anlagentechnik GmbH\" \/>\n<meta property=\"article:modified_time\" content=\"2021-02-19T14:27:13+00:00\" \/>\n<meta property=\"og:image\" content=\"https:\/\/iat-kaelte.de\/wp-content\/uploads\/2021\/02\/container.jpg\" \/>\n\t<meta property=\"og:image:width\" content=\"1600\" \/>\n\t<meta property=\"og:image:height\" content=\"600\" \/>\n\t<meta property=\"og:image:type\" content=\"image\/jpeg\" \/>\n<meta name=\"twitter:card\" content=\"summary_large_image\" \/>\n<script type=\"application\/ld+json\" class=\"yoast-schema-graph\">{\"@context\":\"https:\/\/schema.org\",\"@graph\":[{\"@type\":\"WebPage\",\"@id\":\"https:\/\/iat-kaelte.de\/produkte\/containeranlagen\/\",\"url\":\"https:\/\/iat-kaelte.de\/produkte\/containeranlagen\/\",\"name\":\"Container K\u00fchlanlagen \u00bb platzsparend, mobil & sicher | IAT\",\"isPartOf\":{\"@id\":\"https:\/\/iat-kaelte.de\/#website\"},\"datePublished\":\"2021-01-26T12:57:17+00:00\",\"dateModified\":\"2021-02-19T14:27:13+00:00\",\"description\":\"Unsere Containerl\u00f6sungen f\u00fcr K\u00fchlanlagen \u2771 Au\u00dfenaufstellung\u2713 ohne Baugenehmigung\u2713 mobil\u2713 weltweiter Versand\u2713 \u27a5 Jetzt anfragen!\",\"breadcrumb\":{\"@id\":\"https:\/\/iat-kaelte.de\/produkte\/containeranlagen\/#breadcrumb\"},\"inLanguage\":\"en-GB\",\"potentialAction\":[{\"@type\":\"ReadAction\",\"target\":[\"https:\/\/iat-kaelte.de\/produkte\/containeranlagen\/\"]}]},{\"@type\":\"BreadcrumbList\",\"@id\":\"https:\/\/iat-kaelte.de\/produkte\/containeranlagen\/#breadcrumb\",\"itemListElement\":[{\"@type\":\"ListItem\",\"position\":1,\"name\":\"Startseite\",\"item\":\"https:\/\/iat-kaelte.de\/\"},{\"@type\":\"ListItem\",\"position\":2,\"name\":\"Produkte\",\"item\":\"https:\/\/iat-kaelte.de\/produkte\/\"},{\"@type\":\"ListItem\",\"position\":3,\"name\":\"Containeranlagen\"}]},{\"@type\":\"WebSite\",\"@id\":\"https:\/\/iat-kaelte.de\/#website\",\"url\":\"https:\/\/iat-kaelte.de\/\",\"name\":\"Innovative Anlagentechnik GmbH\",\"description\":\"Kaltwasser - Klima - Steuerungstechnik\",\"publisher\":{\"@id\":\"https:\/\/iat-kaelte.de\/#organization\"},\"alternateName\":\"IAT-K\u00e4lte\",\"potentialAction\":[{\"@type\":\"SearchAction\",\"target\":{\"@type\":\"EntryPoint\",\"urlTemplate\":\"https:\/\/iat-kaelte.de\/?s={search_term_string}\"},\"query-input\":\"required name=search_term_string\"}],\"inLanguage\":\"en-GB\"},{\"@type\":\"Organization\",\"@id\":\"https:\/\/iat-kaelte.de\/#organization\",\"name\":\"IAT - Innovative Anlagentechnik GmbH\",\"alternateName\":\"IAT-K\u00e4lte GmbH\",\"url\":\"https:\/\/iat-kaelte.de\/\",\"logo\":{\"@type\":\"ImageObject\",\"inLanguage\":\"en-GB\",\"@id\":\"https:\/\/iat-kaelte.de\/#\/schema\/logo\/image\/\",\"url\":\"https:\/\/iat-kaelte.de\/wp-content\/uploads\/2020\/11\/logo.svg\",\"contentUrl\":\"https:\/\/iat-kaelte.de\/wp-content\/uploads\/2020\/11\/logo.svg\",\"width\":286.58,\"height\":75.14,\"caption\":\"IAT - Innovative Anlagentechnik GmbH\"},\"image\":{\"@id\":\"https:\/\/iat-kaelte.de\/#\/schema\/logo\/image\/\"}}]}<\/script>\n<!-- \/ Yoast SEO plugin. -->","yoast_head_json":{"title":"Container K\u00fchlanlagen \u00bb platzsparend, mobil & sicher | IAT","description":"Unsere Containerl\u00f6sungen f\u00fcr K\u00fchlanlagen \u2771 Au\u00dfenaufstellung\u2713 ohne Baugenehmigung\u2713 mobil\u2713 weltweiter Versand\u2713 \u27a5 Jetzt anfragen!","robots":{"index":"index","follow":"follow","max-snippet":"max-snippet:-1","max-image-preview":"max-image-preview:large","max-video-preview":"max-video-preview:-1"},"canonical":"https:\/\/iat-kaelte.de\/en\/produkte\/containeranlagen\/","og_locale":"en_GB","og_type":"article","og_title":"Container K\u00fchlanlagen \u00bb platzsparend, mobil & sicher | IAT","og_description":"Unsere Containerl\u00f6sungen f\u00fcr K\u00fchlanlagen \u2771 Au\u00dfenaufstellung\u2713 ohne Baugenehmigung\u2713 mobil\u2713 weltweiter Versand\u2713 \u27a5 Jetzt anfragen!","og_url":"https:\/\/iat-kaelte.de\/en\/produkte\/containeranlagen\/","og_site_name":"Innovative Anlagentechnik GmbH","article_modified_time":"2021-02-19T14:27:13+00:00","og_image":[{"width":1600,"height":600,"url":"https:\/\/iat-kaelte.de\/wp-content\/uploads\/2021\/02\/container.jpg","type":"image\/jpeg"}],"twitter_card":"summary_large_image","schema":{"@context":"https:\/\/schema.org","@graph":[{"@type":"WebPage","@id":"https:\/\/iat-kaelte.de\/produkte\/containeranlagen\/","url":"https:\/\/iat-kaelte.de\/produkte\/containeranlagen\/","name":"Container K\u00fchlanlagen \u00bb platzsparend, mobil & sicher | IAT","isPartOf":{"@id":"https:\/\/iat-kaelte.de\/#website"},"datePublished":"2021-01-26T12:57:17+00:00","dateModified":"2021-02-19T14:27:13+00:00","description":"Unsere Containerl\u00f6sungen f\u00fcr K\u00fchlanlagen \u2771 Au\u00dfenaufstellung\u2713 ohne Baugenehmigung\u2713 mobil\u2713 weltweiter Versand\u2713 \u27a5 Jetzt anfragen!","breadcrumb":{"@id":"https:\/\/iat-kaelte.de\/produkte\/containeranlagen\/#breadcrumb"},"inLanguage":"en-GB","potentialAction":[{"@type":"ReadAction","target":["https:\/\/iat-kaelte.de\/produkte\/containeranlagen\/"]}]},{"@type":"BreadcrumbList","@id":"https:\/\/iat-kaelte.de\/produkte\/containeranlagen\/#breadcrumb","itemListElement":[{"@type":"ListItem","position":1,"name":"Startseite","item":"https:\/\/iat-kaelte.de\/"},{"@type":"ListItem","position":2,"name":"Produkte","item":"https:\/\/iat-kaelte.de\/produkte\/"},{"@type":"ListItem","position":3,"name":"Containeranlagen"}]},{"@type":"WebSite","@id":"https:\/\/iat-kaelte.de\/#website","url":"https:\/\/iat-kaelte.de\/","name":"Innovative Anlagentechnik GmbH","description":"Kaltwasser - Klima - Steuerungstechnik","publisher":{"@id":"https:\/\/iat-kaelte.de\/#organization"},"alternateName":"IAT-K\u00e4lte","potentialAction":[{"@type":"SearchAction","target":{"@type":"EntryPoint","urlTemplate":"https:\/\/iat-kaelte.de\/?s={search_term_string}"},"query-input":"required name=search_term_string"}],"inLanguage":"en-GB"},{"@type":"Organization","@id":"https:\/\/iat-kaelte.de\/#organization","name":"IAT - Innovative Anlagentechnik GmbH","alternateName":"IAT-K\u00e4lte GmbH","url":"https:\/\/iat-kaelte.de\/","logo":{"@type":"ImageObject","inLanguage":"en-GB","@id":"https:\/\/iat-kaelte.de\/#\/schema\/logo\/image\/","url":"https:\/\/iat-kaelte.de\/wp-content\/uploads\/2020\/11\/logo.svg","contentUrl":"https:\/\/iat-kaelte.de\/wp-content\/uploads\/2020\/11\/logo.svg","width":286.58,"height":75.14,"caption":"IAT - Innovative Anlagentechnik GmbH"},"image":{"@id":"https:\/\/iat-kaelte.de\/#\/schema\/logo\/image\/"}}]}},"_links":{"self":[{"href":"https:\/\/iat-kaelte.de\/en\/wp-json\/wp\/v2\/pages\/57"}],"collection":[{"href":"https:\/\/iat-kaelte.de\/en\/wp-json\/wp\/v2\/pages"}],"about":[{"href":"https:\/\/iat-kaelte.de\/en\/wp-json\/wp\/v2\/types\/page"}],"author":[{"embeddable":true,"href":"https:\/\/iat-kaelte.de\/en\/wp-json\/wp\/v2\/users\/1"}],"replies":[{"embeddable":true,"href":"https:\/\/iat-kaelte.de\/en\/wp-json\/wp\/v2\/comments?post=57"}],"version-history":[{"count":1,"href":"https:\/\/iat-kaelte.de\/en\/wp-json\/wp\/v2\/pages\/57\/revisions"}],"predecessor-version":[{"id":58,"href":"https:\/\/iat-kaelte.de\/en\/wp-json\/wp\/v2\/pages\/57\/revisions\/58"}],"up":[{"embeddable":true,"href":"https:\/\/iat-kaelte.de\/en\/wp-json\/wp\/v2\/pages\/49"}],"wp:featuredmedia":[{"embeddable":true,"href":"https:\/\/iat-kaelte.de\/en\/wp-json\/wp\/v2\/media\/224"}],"wp:attachment":[{"href":"https:\/\/iat-kaelte.de\/en\/wp-json\/wp\/v2\/media?parent=57"}],"curies":[{"name":"wp","href":"https:\/\/api.w.org\/{rel}","templated":true}]}}