{"id":437,"date":"2024-12-25T01:24:25","date_gmt":"2024-12-25T00:24:25","guid":{"rendered":"https:\/\/iat-kaelte.de\/?page_id=437"},"modified":"2024-12-25T01:24:27","modified_gmt":"2024-12-25T00:24:27","slug":"betreiber-pflichten-von-kuehlanlagen","status":"publish","type":"page","link":"https:\/\/iat-kaelte.de\/en\/betreiber-pflichten-von-kuehlanlagen\/","title":{"rendered":"Betreiber Pflichten von K\u00fchlanlagen"},"content":{"rendered":"","protected":false},"excerpt":{"rendered":"","protected":false},"author":4,"featured_media":215,"parent":0,"menu_order":0,"comment_status":"closed","ping_status":"closed","template":"","meta":{"ct_builder_shortcodes":"[ct_section ct_sign_sha256='2631a50ee2ff52e984e9ee95aa29dab615335fbee339a918cec6b3c2c5a8f8be' ct_options='{\"ct_id\":17,\"ct_parent\":0,\"selector\":\"section-17-15\",\"activeselector\":false,\"classes\":{\"0\":\"header_image\"},\"original\":{\"background-image\":\"[oxygen ct_sign_sha256='216211043951e09a29fe690e653f791d9ba586f6a700e7368fa96b326fb73634' data='featured_image' size='2000x1300' ]\",\"background-imagedynamic\":true}}'][ct_headline ct_sign_sha256='3a4c270cfdcee4ab4ff516d186c01ccc65bb75bac43ed9919c5706472e89b567' ct_options='{\"ct_id\":22,\"ct_parent\":17,\"selector\":\"headline-22-15\",\"activeselector\":\"text_schatten\",\"original\":{\"color\":\"color(3)\"},\"classes\":{\"0\":\"head_1\",\"1\":\"text_schatten\"}}']Pflichten f\u00fcr Betreiber von K\u00fchlanlagen<br>[\/ct_headline][ct_div_block_2 ct_sign_sha256='8ceef5c98ab9362a96dbd7c6c261895ab034f52f850dcd52b46f42425f39b1cd' ct_options='{\"ct_id\":26,\"ct_parent\":17,\"selector\":\"div_block-26-15\",\"classes\":{\"0\":\"linie_sep\",\"1\":\"div_schatten\"},\"activeselector\":\"div_schatten\",\"original\":{\"min-height\":\"0\",\"background-color\":\"color(3)\"}}'][\/ct_div_block_2][ct_text_block ct_sign_sha256='fe9431f9868a81917587696625cbe1620ca60af10efee5668c9947e0b8b2679c' ct_options='{\"ct_id\":122,\"ct_parent\":17,\"selector\":\"text_block-122-47\",\"original\":{\"color\":\"color(3)\",\"font-size\":\"19\",\"font-weight\":\"600\"},\"classes\":{\"0\":\"text_schatten\"},\"activeselector\":\"text_schatten\"}'][\/ct_text_block][\/ct_section][ct_div_block ct_sign_sha256='ce31ab48c62f5c62cff1a93febb1c7c0e90f57176f31339b9bc1191f794d41ae' ct_options='{\"ct_id\":18,\"ct_parent\":0,\"selector\":\"div_block-18-15\",\"activeselector\":\"separator_unten\",\"classes\":{\"0\":\"separator_unten\"},\"nicename\":\"separator\"}'][\/ct_div_block][ct_section ct_sign_sha256='36c014d262e0848ef9b01f3bbb7b5ab923236418fccc52d8f4e78d1fef174360' ct_options='{\"ct_id\":28,\"ct_parent\":0,\"selector\":\"section-28-15\",\"original\":{\"container-padding-bottom\":\"28\",\"flex-direction\":\"column\",\"display\":\"flex\",\"text-align\":\"left\"},\"classes\":{\"0\":\"section_block\"},\"activeselector\":\"section_block\",\"media\":{\"tablet\":{\"original\":{}}}}'][ct_div_block_2 ct_sign_sha256='c907e21423c093ffd8dfea489b2d4a40bb94b39730e3bc0c2092048d7d593fb6' ct_options='{\"ct_id\":264,\"ct_parent\":28,\"selector\":\"div_block-264-47\",\"original\":{\"flex-direction\":\"row\",\"display\":\"flex\",\"justify-content\":\"flex-start\",\"text-align\":\"left\"},\"activeselector\":false,\"media\":{\"tablet\":{\"original\":{\"flex-direction\":\"column\",\"display\":\"flex\",\"align-items\":\"center\",\"text-align\":\"center\"}}},\"classes\":{}}'][ct_div_block_3 ct_sign_sha256='91291b2798feccbd935241c78706cddc59392506a1c1d68e2af8bd48dad0bfe5' ct_options='{\"ct_id\":50,\"ct_parent\":264,\"selector\":\"div_block-50-15\",\"activeselector\":\"text_left_400\",\"media\":{\"tablet\":{\"original\":{}}},\"classes\":{\"0\":\"text_left_400\"}}'][ct_headline ct_sign_sha256='8c48190fba5296723c7a68fff6451b1d8179d6dff3a11f4f146aa93f70fcdb69' ct_options='{\"ct_id\":386,\"ct_parent\":50,\"selector\":\"headline-386-417\",\"original\":{\"font-family\":{\"0\":\"global\",\"1\":\"Display\"},\"font-weight\":\"100\",\"font-size\":\"25\"},\"activeselector\":false}'][\/ct_headline][ct_headline ct_sign_sha256='11c25068836cd8321acfb1a03a17fdc48fd04768fe4f87c4bfb35ca9ed507265' ct_options='{\"ct_id\":401,\"ct_parent\":50,\"selector\":\"headline-401-417\",\"activeselector\":\"text_h2\",\"original\":{\"tag\":\"h1\"},\"classes\":{\"0\":\"text_h2\"}}']K\u00e4lte- und Klimaanlagen: Betreiberpflichten beachten![\/ct_headline][ct_headline ct_sign_sha256='74476636b7af8c732c977276aa05bae7d925ee2c15b1f6437b9859755370fdea' ct_options='{\"ct_id\":406,\"ct_parent\":50,\"selector\":\"headline-406-417\",\"original\":{\"font-weight\":\"100\",\"margin-top\":\"20\",\"margin-bottom\":\"20\",\"font-size\":\"15\"},\"activeselector\":false}']Betreiber von K\u00e4lte- und Klimaanlagen m\u00fcssen neben einem st\u00f6rungsfreien und energieeffizienten Betrieb auch alle gesetzlichen Vorgaben einhalten. Angesichts des zunehmenden Einsatzes brennbarer und\/oder toxischer K\u00e4ltemittel ist eine intensive Auseinandersetzung erforderlich.[\/ct_headline][oxy_rich_text ct_sign_sha256='c053028db45752365111cec1a6213a7d782875be6e1bf25cb54e3be5d7f542fe' ct_options='{\"ct_id\":390,\"ct_parent\":50,\"selector\":\"_rich_text-390-417\"}']<p>Die \u00fcberarbeitete Verordnung, g\u00fcltig ab dem 20. August 2017, soll den hygienischen Betrieb von Verdunstungsk\u00fchlanlagen, K\u00fchlt\u00fcrmen und Nassabscheidern gew\u00e4hrleisten <br \/>(42. BlmSchV). Verdunstungsk\u00fchlanlagen werden h\u00e4ufig in K\u00e4lte-, Klima- oder Energieerzeugungsanlagen als offene R\u00fcckk\u00fchlwerke verwendet. Daher finden sie nicht nur in der Industrie und Energiewirtschaft, sondern auch im Handel, in der Gastronomie sowie in Hotels und B\u00fcrogeb\u00e4uden Anwendung. Die 42. Verordnung zur Durchf\u00fchrung des Bundes-Immissionsschutzgesetzes basiert auf der Richtlinie VDI 2047 Blatt 2 und enth\u00e4lt umfangreiche Pr\u00fcf- und \u00dcberwachungspflichten f\u00fcr Anlagenbetreiber.<\/p>[\/oxy_rich_text][ct_headline ct_sign_sha256='639ef3ff2170d5b99c9da70b1068d870f514b4f64df591a3bdf07edf5c8e2dbf' ct_options='{\"ct_id\":382,\"ct_parent\":50,\"selector\":\"headline-382-417\",\"activeselector\":\"text_h2\",\"original\":{\"tag\":\"h1\"},\"classes\":{\"0\":\"text_h2\"}}']Wichtige Elemente der Verordnung umfassen:<br>[\/ct_headline][oxy_rich_text ct_sign_sha256='a9fe73fab666023a467c8ca6f1419546a87ddcdd079c38930d745da3215e0a72' ct_options='{\"ct_id\":407,\"ct_parent\":50,\"selector\":\"_rich_text-407-417\"}']<div>\n<ul>\n<ul class=\"flocke\">\n \t<li>Alle drei Monate (bei K\u00fchlt\u00fcrmen monatlich) m\u00fcssen spezialisierte Labore mikrobiologische Untersuchungen des Nutzwassers durchf\u00fchren. Bestehende Anlagen, die bisher keine Laboruntersuchungen durchgef\u00fchrt haben, m\u00fcssen dies innerhalb von vier Wochen nach Inkrafttreten der Verordnung erstmalig tun.<\/li>\n \t<li>Alle zwei Wochen muss das Nutzwasser intern \u00fcberpr\u00fcft werden.<\/li>\n \t<li>Nach der Wiederinbetriebnahme einer Anlage ist eine hygienische Untersuchung erforderlich.<\/li>\n \t<li>Neue Anlagen m\u00fcssen sp\u00e4testens einen Monat nach Erstbef\u00fcllung angezeigt werden, Bestandsanlagen sp\u00e4testens bis zum 20. August 2018. \u00c4nderungen oder Stilllegungen sind unverz\u00fcglich zu melden.<\/li>\n \t<li>Anlagenbetreiber m\u00fcssen ein Betriebstagebuch f\u00fchren, das alle wichtigen Informationen zur Anlage enth\u00e4lt.<\/li>\n \t<li>Grenzwert\u00fcberschreitungen bei Legionellen m\u00fcssen gemeldet werden.<\/li>\n \t<li>Alle f\u00fcnf Jahre m\u00fcssen Anlagen von \u00f6ffentlich bestellten Sachverst\u00e4ndigen \u00fcberpr\u00fcft werden, wobei f\u00fcr bestehende Anlagen \u00dcbergangsbestimmungen gelten.<\/li>\n<\/ul>\nDer vollst\u00e4ndige Verordnungstext kann online im Bundesanzeiger (Bundesgesetzblatt Jahrgang 2017 Teil 1 Nr. 47) eingesehen werden.\n\n<\/div>[\/oxy_rich_text][ct_text_block ct_sign_sha256='4599aa6dc7f9c0ef56baf0b57cd9ceef2e7f20f41e84de46230d008154b55cc3' ct_options='{\"ct_id\":358,\"ct_parent\":50,\"selector\":\"text_block-358-417\"}']<div style=\"text-align: left;\"><br><\/div>[\/ct_text_block][ct_headline ct_sign_sha256='0c7822327ff8e5fd11045254c531216e0704f25da28b63194832b50b92f42106' ct_options='{\"ct_id\":355,\"ct_parent\":50,\"selector\":\"headline-355-417\",\"activeselector\":\"text_h2\",\"original\":{\"tag\":\"h1\"},\"classes\":{\"0\":\"text_h2\"}}']Wichtige Vorgaben:<br>[\/ct_headline][ct_text_block ct_sign_sha256='3f93b7224221f0fc003b8dc77dcc908c763d819634f38eb1a7b9856869585f17' ct_options='{\"ct_id\":364,\"ct_parent\":50,\"selector\":\"text_block-364-417\"}']<div style=\"text-align: left;\"><p class=\"MsoNormal\" style=\"margin: 0cm 0cm 8pt; line-height: 15.6933px; font-size: 11pt; font-family: Calibri, sans-serif; color: rgb(0, 0, 0);\"><span style=\"font-size: 11pt;\">- VDI 6022: Hygienepr\u00fcfung an Klimaanlagen und Verdampfern<\/span><\/p><p class=\"MsoNormal\" style=\"margin: 0cm 0cm 8pt; line-height: 15.6933px; font-size: 11pt; font-family: Calibri, sans-serif; color: rgb(0, 0, 0);\"><span lang=\"X-NONE\">- Betriebssicherheitsverordnung: Gef\u00e4hrdungsbeurteilung<o:p><\/o:p><\/span><\/p><p class=\"MsoNormal\" style=\"margin: 0cm 0cm 8pt; line-height: 15.6933px; font-size: 11pt; font-family: Calibri, sans-serif;\"><span lang=\"X-NONE\" style=\"\">- <span style=\"color: red;\">F-Gase-Verordnung<\/span>: Dichtheitspr\u00fcfungen und Protokollpflichten&nbsp;<\/span><a href=\"https:\/\/iat-kaelte.de\/wp-content\/uploads\/2024\/09\/240402_Flyer_F-Gase_blaettern.pdf\" style=\"font-family: &quot;Open Sans&quot;; font-size: 15px;\">Hier<\/a><\/p><p class=\"MsoNormal\" style=\"margin: 0cm 0cm 8pt; line-height: 15.6933px; font-size: 11pt; font-family: Calibri, sans-serif; color: rgb(0, 0, 0);\"><span style=\"font-size: 11pt;\">- Chemikaliengesetz: Legalit\u00e4t des K\u00e4ltemittelbezugs<\/span><\/p><p class=\"MsoNormal\" style=\"margin: 0cm 0cm 8pt; line-height: 15.6933px; font-size: 11pt; font-family: Calibri, sans-serif; color: rgb(0, 0, 0);\"><span lang=\"X-NONE\">- DGUV-Vorschriften: Elektrische Pr\u00fcfungen<o:p><\/o:p><\/span><\/p><p class=\"MsoNormal\" style=\"margin: 0cm 0cm 8pt; line-height: 15.6933px; font-size: 11pt; font-family: Calibri, sans-serif; color: rgb(0, 0, 0);\"><span lang=\"X-NONE\">-42. BImSchV: Hygiene bei Verdunstungsk\u00fchlanlagen<o:p><\/o:p><\/span><\/p><p class=\"MsoNormal\" style=\"margin: 0cm 0cm 8pt; line-height: 15.6933px; font-size: 11pt; font-family: Calibri, sans-serif; color: rgb(0, 0, 0);\"><span lang=\"X-NONE\">-Geb\u00e4udeenergiegesetz (GEG): Energetische Inspektion gem\u00e4\u00df \u00a7 74-78<o:p><\/o:p><\/span><\/p><\/div>[\/ct_text_block][ct_headline ct_sign_sha256='f852c31f7db319f95c7219a3fdff6f085d735e983d67e790323ce700fab981bb' ct_options='{\"ct_id\":366,\"ct_parent\":50,\"selector\":\"headline-366-417\",\"activeselector\":\"text_h2\",\"original\":{\"tag\":\"h1\"},\"classes\":{\"0\":\"text_h2\"}}']F-Gase-Verordnung und Chemikaliengesetz:<br>[\/ct_headline][ct_text_block ct_sign_sha256='f79c70a0db46219fe47f748cbcdaa41618c19816a0ee5939cb722cbbe026c512' ct_options='{\"ct_id\":369,\"ct_parent\":50,\"selector\":\"text_block-369-417\",\"original\":{\"font-family\":\"Inherit\"}}']<div style=\"text-align: left;\"><p class=\"MsoNormal\" style=\"margin: 0cm 0cm 8pt; line-height: 15.6933px; font-size: 11pt; font-family: Calibri, sans-serif; color: rgb(0, 0, 0);\"><span lang=\"X-NONE\">Betreiber m\u00fcssen umfassende Aufzeichnungen \u00fcber fluorierte Treibhausgase f\u00fchren und deren legale Herkunft nachweisen. Die \u00dcberarbeitung der F-Gase-Verordnung wird die Verf\u00fcgbarkeit dieser K\u00e4ltemittel einschr\u00e4nken. Alternative K\u00e4ltemittel wie Kohlendioxid, Ammoniak und Propan erfordern hohe Verantwortung.<o:p><\/o:p><\/span><\/p><\/div>[\/ct_text_block][ct_headline ct_sign_sha256='0c41a93cf39283ed8ce082821ced6f30aa8895e3ea835aa456a2b10c3816927c' ct_options='{\"ct_id\":371,\"ct_parent\":50,\"selector\":\"headline-371-417\",\"activeselector\":\"text_h2\",\"original\":{\"tag\":\"h1\"},\"classes\":{\"0\":\"text_h2\"}}']Gef\u00e4hrdungsbeurteilung:<br>[\/ct_headline][ct_text_block ct_sign_sha256='3d5adaf75a19696a5a0dcd94b428c3bd4b45be0b6fde18a486fe4551cc0d7504' ct_options='{\"ct_id\":375,\"ct_parent\":50,\"selector\":\"text_block-375-417\"}']<div style=\"text-align: left;\">Regelm\u00e4\u00dfige \u00dcberpr\u00fcfungen sind erforderlich, um den sicheren Betrieb zu gew\u00e4hrleisten. Nach \u00a73 der Betriebssicherheitsverordnung muss eine Gef\u00e4hrdungsbeurteilung durchgef\u00fchrt werden, einschlie\u00dflich regelm\u00e4\u00dfiger Lecksuche und Dichtheitskontrollen.<\/div>[\/ct_text_block][\/ct_div_block_3][\/ct_div_block_2][\/ct_section][ct_section ct_sign_sha256='eab0855a51606f719619a87b743617ceda3bf35ced040d7013220a74801222ae' ct_options='{\"ct_id\":144,\"ct_parent\":0,\"selector\":\"section-144-47\",\"activeselector\":false,\"classes\":{\"0\":\"cta_background\"},\"original\":{\"container-padding-top\":\"0\"}}'][ct_div_block_2 ct_sign_sha256='e3bdfc299e4e63f5fcd8e0cd1429905dbdb115bd19881f42309480b51364e9b3' ct_options='{\"ct_id\":145,\"ct_parent\":144,\"selector\":\"div_block-145-47\",\"activeselector\":false,\"classes\":{\"0\":\"box_1\"},\"media\":{\"phone-portrait\":{\"original\":{\"padding-right\":\"29\",\"padding-left\":\"18\"}}}}'][ct_div_block_3 ct_sign_sha256='015e4f9acf879fad3d8d812ca42595951111e9e52957feca134ab4cc84a8b970' ct_options='{\"ct_id\":146,\"ct_parent\":145,\"selector\":\"div_block-146-47\",\"original\":{\"width-unit\":\"%\",\"width\":\"100\",\"align-items\":\"flex-start\",\"text-align\":\"left\"}}'][ct_headline ct_sign_sha256='94bcdee5966abf8d29ab51f44f8c8af1c4b3d1118446a218cbcd1c4f966bac0e' ct_options='{\"ct_id\":147,\"ct_parent\":146,\"selector\":\"headline-147-47\",\"original\":{\"tag\":\"h4\"},\"classes\":{\"0\":\"cta_head\"},\"activeselector\":\"cta_head\"}']Haben Sie Fragen zur 42. BimSchV oder zu Verdunstungsk\u00fchlanlage \/ K\u00fchlt\u00fcrmen? Ben\u00f6tigen Sie Hilfe bei Ihrer Wasserbehandlung?[\/ct_headline][ct_div_block_4 ct_sign_sha256='ee08affb2e75148bc6896c26699ad3610d36ae2672337f6fec5607937d176c5d' ct_options='{\"ct_id\":148,\"ct_parent\":146,\"selector\":\"div_block-148-47\",\"original\":{\"min-height\":\"0\"},\"classes\":{\"0\":\"cta_linie\"}}'][\/ct_div_block_4][oxy_rich_text ct_sign_sha256='dd1efb3c85390f8469536bef225956876ab8dd0415d0c1f4992e67dd54b954d5' ct_options='{\"ct_id\":149,\"ct_parent\":146,\"selector\":\"_rich_text-149-47\",\"classes\":{\"0\":\"cta_text\"}}']<p>Kommen Sie gerne auf uns zu, wir beraten Sie gerne.<\/p>[\/oxy_rich_text][\/ct_div_block_3][ct_div_block_3 ct_sign_sha256='b6b1a2982c99c1daf28462f9aae163fb74c7a5c8e6587365a0d58f72ad76b437' ct_options='{\"ct_id\":195,\"ct_parent\":145,\"selector\":\"div_block-195-47\",\"original\":{\"width-unit\":\"%\",\"width\":\"80\",\"align-items\":\"flex-end\",\"text-align\":\"right\"},\"media\":{\"phone-landscape\":{\"original\":{\"width-unit\":\"%\",\"width\":\"100\",\"flex-direction\":\"column\",\"display\":\"flex\",\"align-items\":\"center\",\"text-align\":\"center\"}}}}'][ct_link_4 ct_sign_sha256='8e3a8be102c02c352eaff498ec043159ae382a659d1fa827f6009f1162fd15d8' ct_options='{\"ct_id\":196,\"ct_parent\":195,\"selector\":\"link-196-47\",\"original\":{\"position\":\"relative\",\"align-items\":\"center\",\"text-align\":\"center\",\"justify-content\":\"center\",\"url\":\"https:\/\/iat-kaelte.de\/kontakt\/\",\"target\":\"\",\"transition-duration\":\"0.4\",\"url_encoded\":\"true\"},\"hover\":{\"transform\":{\"0\":{\"transform-type\":\"scale\",\"rotateAngle\":\"-5\",\"scaleX\":\"1.1\",\"scaleY\":\"1.1\",\"scaleZ\":\"\"}}}}'][ct_text_block ct_sign_sha256='eac27a7b9b143cd25d739812a811d4f0b56942baf477a750568dc4073bd9efb1' ct_options='{\"ct_id\":198,\"ct_parent\":196,\"selector\":\"text_block-198-47\",\"classes\":{\"0\":\"cta_button_text\"},\"nicename\":\"Text 198\"}']\u00bb Kontaktieren Sie uns![\/ct_text_block][ct_image ct_sign_sha256='1758743a8b5d85b1bae57358a025f773227ba4a5f659fb6d8bd16ef2e0ea4777' ct_options='{\"ct_id\":197,\"ct_parent\":196,\"selector\":\"image-197-47\",\"original\":{\"src\":\"https:\/\/iat-kaelte.de\/wp-content\/uploads\/2021\/01\/button-outline.svg\"},\"classes\":{\"0\":\"cta_button\"},\"nicename\":\"Image 197\"}'][\/ct_image][\/ct_link_4][\/ct_div_block_3][\/ct_div_block_2][\/ct_section]","ct_template_type":"","ct_parent_template":0},"acf":[],"yoast_head":"<!-- This site is optimized with the Yoast SEO plugin v20.13 - https:\/\/yoast.com\/wordpress\/plugins\/seo\/ -->\n<title>Kaltwassers\u00e4tze \u00bb luftgek\u00fchlt &amp; wassergek\u00fchlt | IAT GmbH<\/title>\n<meta name=\"description\" content=\"Kaltwassers\u00e4tze f\u00fcr die Prozessk\u00fchlung \u2744 luft- oder wassergek\u00fchlt\u2713 2 bis 1300 kW\u2713 K\u00e4ltemittel: Ammoniak, Frigen... \u27a5 Jetzt anfragen!\" \/>\n<meta name=\"robots\" content=\"index, follow, max-snippet:-1, max-image-preview:large, max-video-preview:-1\" \/>\n<link rel=\"canonical\" href=\"https:\/\/iat-kaelte.de\/en\/betreiber-pflichten-von-kuehlanlagen\/\" \/>\n<meta property=\"og:locale\" content=\"en_GB\" \/>\n<meta property=\"og:type\" content=\"article\" \/>\n<meta property=\"og:title\" content=\"Kaltwassers\u00e4tze \u00bb luftgek\u00fchlt &amp; wassergek\u00fchlt | IAT GmbH\" \/>\n<meta property=\"og:description\" content=\"Kaltwassers\u00e4tze f\u00fcr die Prozessk\u00fchlung \u2744 luft- oder wassergek\u00fchlt\u2713 2 bis 1300 kW\u2713 K\u00e4ltemittel: Ammoniak, Frigen... \u27a5 Jetzt anfragen!\" \/>\n<meta property=\"og:url\" content=\"https:\/\/iat-kaelte.de\/en\/betreiber-pflichten-von-kuehlanlagen\/\" \/>\n<meta property=\"og:site_name\" content=\"Innovative Anlagentechnik GmbH\" \/>\n<meta property=\"article:modified_time\" content=\"2024-12-25T00:24:27+00:00\" \/>\n<meta property=\"og:image\" content=\"https:\/\/iat-kaelte.de\/wp-content\/uploads\/2021\/02\/kaltwassersaetze.jpg\" \/>\n\t<meta property=\"og:image:width\" content=\"1600\" \/>\n\t<meta property=\"og:image:height\" content=\"600\" \/>\n\t<meta property=\"og:image:type\" content=\"image\/jpeg\" \/>\n<meta name=\"twitter:card\" content=\"summary_large_image\" \/>\n<script type=\"application\/ld+json\" class=\"yoast-schema-graph\">{\"@context\":\"https:\/\/schema.org\",\"@graph\":[{\"@type\":\"WebPage\",\"@id\":\"https:\/\/iat-kaelte.de\/betreiber-pflichten-von-kuehlanlagen\/\",\"url\":\"https:\/\/iat-kaelte.de\/betreiber-pflichten-von-kuehlanlagen\/\",\"name\":\"Kaltwassers\u00e4tze \u00bb luftgek\u00fchlt & wassergek\u00fchlt | IAT GmbH\",\"isPartOf\":{\"@id\":\"https:\/\/iat-kaelte.de\/#website\"},\"datePublished\":\"2024-12-25T00:24:25+00:00\",\"dateModified\":\"2024-12-25T00:24:27+00:00\",\"description\":\"Kaltwassers\u00e4tze f\u00fcr die Prozessk\u00fchlung \u2744 luft- oder wassergek\u00fchlt\u2713 2 bis 1300 kW\u2713 K\u00e4ltemittel: Ammoniak, Frigen... \u27a5 Jetzt anfragen!\",\"breadcrumb\":{\"@id\":\"https:\/\/iat-kaelte.de\/betreiber-pflichten-von-kuehlanlagen\/#breadcrumb\"},\"inLanguage\":\"en-GB\",\"potentialAction\":[{\"@type\":\"ReadAction\",\"target\":[\"https:\/\/iat-kaelte.de\/betreiber-pflichten-von-kuehlanlagen\/\"]}]},{\"@type\":\"BreadcrumbList\",\"@id\":\"https:\/\/iat-kaelte.de\/betreiber-pflichten-von-kuehlanlagen\/#breadcrumb\",\"itemListElement\":[{\"@type\":\"ListItem\",\"position\":1,\"name\":\"Startseite\",\"item\":\"https:\/\/iat-kaelte.de\/\"},{\"@type\":\"ListItem\",\"position\":2,\"name\":\"Betreiber Pflichten von K\u00fchlanlagen\"}]},{\"@type\":\"WebSite\",\"@id\":\"https:\/\/iat-kaelte.de\/#website\",\"url\":\"https:\/\/iat-kaelte.de\/\",\"name\":\"Innovative Anlagentechnik GmbH\",\"description\":\"Kaltwasser - Klima - Steuerungstechnik\",\"publisher\":{\"@id\":\"https:\/\/iat-kaelte.de\/#organization\"},\"alternateName\":\"IAT-K\u00e4lte\",\"potentialAction\":[{\"@type\":\"SearchAction\",\"target\":{\"@type\":\"EntryPoint\",\"urlTemplate\":\"https:\/\/iat-kaelte.de\/?s={search_term_string}\"},\"query-input\":\"required name=search_term_string\"}],\"inLanguage\":\"en-GB\"},{\"@type\":\"Organization\",\"@id\":\"https:\/\/iat-kaelte.de\/#organization\",\"name\":\"IAT - Innovative Anlagentechnik GmbH\",\"alternateName\":\"IAT-K\u00e4lte GmbH\",\"url\":\"https:\/\/iat-kaelte.de\/\",\"logo\":{\"@type\":\"ImageObject\",\"inLanguage\":\"en-GB\",\"@id\":\"https:\/\/iat-kaelte.de\/#\/schema\/logo\/image\/\",\"url\":\"https:\/\/iat-kaelte.de\/wp-content\/uploads\/2020\/11\/logo.svg\",\"contentUrl\":\"https:\/\/iat-kaelte.de\/wp-content\/uploads\/2020\/11\/logo.svg\",\"width\":286.58,\"height\":75.14,\"caption\":\"IAT - Innovative Anlagentechnik GmbH\"},\"image\":{\"@id\":\"https:\/\/iat-kaelte.de\/#\/schema\/logo\/image\/\"}}]}<\/script>\n<!-- \/ Yoast SEO plugin. -->","yoast_head_json":{"title":"Kaltwassers\u00e4tze \u00bb luftgek\u00fchlt & wassergek\u00fchlt | IAT GmbH","description":"Kaltwassers\u00e4tze f\u00fcr die Prozessk\u00fchlung \u2744 luft- oder wassergek\u00fchlt\u2713 2 bis 1300 kW\u2713 K\u00e4ltemittel: Ammoniak, Frigen... \u27a5 Jetzt anfragen!","robots":{"index":"index","follow":"follow","max-snippet":"max-snippet:-1","max-image-preview":"max-image-preview:large","max-video-preview":"max-video-preview:-1"},"canonical":"https:\/\/iat-kaelte.de\/en\/betreiber-pflichten-von-kuehlanlagen\/","og_locale":"en_GB","og_type":"article","og_title":"Kaltwassers\u00e4tze \u00bb luftgek\u00fchlt & wassergek\u00fchlt | IAT GmbH","og_description":"Kaltwassers\u00e4tze f\u00fcr die Prozessk\u00fchlung \u2744 luft- oder wassergek\u00fchlt\u2713 2 bis 1300 kW\u2713 K\u00e4ltemittel: Ammoniak, Frigen... \u27a5 Jetzt anfragen!","og_url":"https:\/\/iat-kaelte.de\/en\/betreiber-pflichten-von-kuehlanlagen\/","og_site_name":"Innovative Anlagentechnik GmbH","article_modified_time":"2024-12-25T00:24:27+00:00","og_image":[{"width":1600,"height":600,"url":"https:\/\/iat-kaelte.de\/wp-content\/uploads\/2021\/02\/kaltwassersaetze.jpg","type":"image\/jpeg"}],"twitter_card":"summary_large_image","schema":{"@context":"https:\/\/schema.org","@graph":[{"@type":"WebPage","@id":"https:\/\/iat-kaelte.de\/betreiber-pflichten-von-kuehlanlagen\/","url":"https:\/\/iat-kaelte.de\/betreiber-pflichten-von-kuehlanlagen\/","name":"Kaltwassers\u00e4tze \u00bb luftgek\u00fchlt & wassergek\u00fchlt | IAT GmbH","isPartOf":{"@id":"https:\/\/iat-kaelte.de\/#website"},"datePublished":"2024-12-25T00:24:25+00:00","dateModified":"2024-12-25T00:24:27+00:00","description":"Kaltwassers\u00e4tze f\u00fcr die Prozessk\u00fchlung \u2744 luft- oder wassergek\u00fchlt\u2713 2 bis 1300 kW\u2713 K\u00e4ltemittel: Ammoniak, Frigen... \u27a5 Jetzt anfragen!","breadcrumb":{"@id":"https:\/\/iat-kaelte.de\/betreiber-pflichten-von-kuehlanlagen\/#breadcrumb"},"inLanguage":"en-GB","potentialAction":[{"@type":"ReadAction","target":["https:\/\/iat-kaelte.de\/betreiber-pflichten-von-kuehlanlagen\/"]}]},{"@type":"BreadcrumbList","@id":"https:\/\/iat-kaelte.de\/betreiber-pflichten-von-kuehlanlagen\/#breadcrumb","itemListElement":[{"@type":"ListItem","position":1,"name":"Startseite","item":"https:\/\/iat-kaelte.de\/"},{"@type":"ListItem","position":2,"name":"Betreiber Pflichten von K\u00fchlanlagen"}]},{"@type":"WebSite","@id":"https:\/\/iat-kaelte.de\/#website","url":"https:\/\/iat-kaelte.de\/","name":"Innovative Anlagentechnik GmbH","description":"Kaltwasser - Klima - Steuerungstechnik","publisher":{"@id":"https:\/\/iat-kaelte.de\/#organization"},"alternateName":"IAT-K\u00e4lte","potentialAction":[{"@type":"SearchAction","target":{"@type":"EntryPoint","urlTemplate":"https:\/\/iat-kaelte.de\/?s={search_term_string}"},"query-input":"required name=search_term_string"}],"inLanguage":"en-GB"},{"@type":"Organization","@id":"https:\/\/iat-kaelte.de\/#organization","name":"IAT - Innovative Anlagentechnik GmbH","alternateName":"IAT-K\u00e4lte GmbH","url":"https:\/\/iat-kaelte.de\/","logo":{"@type":"ImageObject","inLanguage":"en-GB","@id":"https:\/\/iat-kaelte.de\/#\/schema\/logo\/image\/","url":"https:\/\/iat-kaelte.de\/wp-content\/uploads\/2020\/11\/logo.svg","contentUrl":"https:\/\/iat-kaelte.de\/wp-content\/uploads\/2020\/11\/logo.svg","width":286.58,"height":75.14,"caption":"IAT - Innovative Anlagentechnik GmbH"},"image":{"@id":"https:\/\/iat-kaelte.de\/#\/schema\/logo\/image\/"}}]}},"_links":{"self":[{"href":"https:\/\/iat-kaelte.de\/en\/wp-json\/wp\/v2\/pages\/437"}],"collection":[{"href":"https:\/\/iat-kaelte.de\/en\/wp-json\/wp\/v2\/pages"}],"about":[{"href":"https:\/\/iat-kaelte.de\/en\/wp-json\/wp\/v2\/types\/page"}],"author":[{"embeddable":true,"href":"https:\/\/iat-kaelte.de\/en\/wp-json\/wp\/v2\/users\/4"}],"replies":[{"embeddable":true,"href":"https:\/\/iat-kaelte.de\/en\/wp-json\/wp\/v2\/comments?post=437"}],"version-history":[{"count":1,"href":"https:\/\/iat-kaelte.de\/en\/wp-json\/wp\/v2\/pages\/437\/revisions"}],"predecessor-version":[{"id":439,"href":"https:\/\/iat-kaelte.de\/en\/wp-json\/wp\/v2\/pages\/437\/revisions\/439"}],"wp:featuredmedia":[{"embeddable":true,"href":"https:\/\/iat-kaelte.de\/en\/wp-json\/wp\/v2\/media\/215"}],"wp:attachment":[{"href":"https:\/\/iat-kaelte.de\/en\/wp-json\/wp\/v2\/media?parent=437"}],"curies":[{"name":"wp","href":"https:\/\/api.w.org\/{rel}","templated":true}]}}