{"id":3,"date":"2020-04-03T17:52:33","date_gmt":"2020-04-03T17:52:33","guid":{"rendered":"http:\/\/new.iat-kaelte.de\/?page_id=3"},"modified":"2021-02-09T22:17:54","modified_gmt":"2021-02-09T21:17:54","slug":"datenschutz","status":"publish","type":"page","link":"https:\/\/iat-kaelte.de\/en\/datenschutz\/","title":{"rendered":"Datenschutzerkl\u00e4rung"},"content":{"rendered":"","protected":false},"excerpt":{"rendered":"","protected":false},"author":1,"featured_media":0,"parent":0,"menu_order":0,"comment_status":"closed","ping_status":"open","template":"","meta":{"ct_builder_shortcodes":"[ct_section ct_sign_sha256='8c827b65259aaaf77343754cf03d322bcd1fcbd17491381bf7290d2c9271c331' ct_options='{\"ct_id\":6,\"ct_parent\":0,\"selector\":\"section-6-3\",\"original\":{\"container-padding-bottom\":\"135\"}}'][ct_shortcode ct_sign_sha256='ad29db2b2a70ab4861416ec55504335b7b01a7c1af62482b20f9f8bd66ebd8df' ct_options='{\"ct_id\":9,\"ct_parent\":6,\"selector\":\"shortcode-9-3\",\"original\":{\"full_shortcode\":true},\"ct_shortcode\":\"true\",\"activeselector\":false}'][erecht24 type=\"privacy_policy\" lang=\"de\" strip_title=\"false\"][\/ct_shortcode][\/ct_section]","ct_template_type":"","ct_parent_template":0},"acf":[],"yoast_head":"<!-- This site is optimized with the Yoast SEO plugin v20.13 - https:\/\/yoast.com\/wordpress\/plugins\/seo\/ -->\n<title>Datenschutzerkl\u00e4rung \u00bb Innovative Anlagentechnik GmbH<\/title>\n<meta name=\"description\" content=\"Der Schutz ihrer Daten ist f\u00fcr uns selbstverst\u00e4ndlich! Informieren Sie sich hier \u00fcber unsere aktuellen Datenschutzbestimmungen.\" \/>\n<meta name=\"robots\" content=\"index, follow, max-snippet:-1, max-image-preview:large, max-video-preview:-1\" \/>\n<link rel=\"canonical\" href=\"https:\/\/iat-kaelte.de\/en\/datenschutz\/\" \/>\n<meta property=\"og:locale\" content=\"en_GB\" \/>\n<meta property=\"og:type\" content=\"article\" \/>\n<meta property=\"og:title\" content=\"Datenschutzerkl\u00e4rung \u00bb Innovative Anlagentechnik GmbH\" \/>\n<meta property=\"og:description\" content=\"Der Schutz ihrer Daten ist f\u00fcr uns selbstverst\u00e4ndlich! Informieren Sie sich hier \u00fcber unsere aktuellen Datenschutzbestimmungen.\" \/>\n<meta property=\"og:url\" content=\"https:\/\/iat-kaelte.de\/en\/datenschutz\/\" \/>\n<meta property=\"og:site_name\" content=\"Innovative Anlagentechnik GmbH\" \/>\n<meta property=\"article:modified_time\" content=\"2021-02-09T21:17:54+00:00\" \/>\n<meta name=\"twitter:card\" content=\"summary_large_image\" \/>\n<script type=\"application\/ld+json\" class=\"yoast-schema-graph\">{\"@context\":\"https:\/\/schema.org\",\"@graph\":[{\"@type\":\"WebPage\",\"@id\":\"https:\/\/iat-kaelte.de\/datenschutz\/\",\"url\":\"https:\/\/iat-kaelte.de\/datenschutz\/\",\"name\":\"Datenschutzerkl\u00e4rung \u00bb Innovative Anlagentechnik GmbH\",\"isPartOf\":{\"@id\":\"https:\/\/iat-kaelte.de\/#website\"},\"datePublished\":\"2020-04-03T17:52:33+00:00\",\"dateModified\":\"2021-02-09T21:17:54+00:00\",\"description\":\"Der Schutz ihrer Daten ist f\u00fcr uns selbstverst\u00e4ndlich! Informieren Sie sich hier \u00fcber unsere aktuellen Datenschutzbestimmungen.\",\"breadcrumb\":{\"@id\":\"https:\/\/iat-kaelte.de\/datenschutz\/#breadcrumb\"},\"inLanguage\":\"en-GB\",\"potentialAction\":[{\"@type\":\"ReadAction\",\"target\":[\"https:\/\/iat-kaelte.de\/datenschutz\/\"]}]},{\"@type\":\"BreadcrumbList\",\"@id\":\"https:\/\/iat-kaelte.de\/datenschutz\/#breadcrumb\",\"itemListElement\":[{\"@type\":\"ListItem\",\"position\":1,\"name\":\"Startseite\",\"item\":\"https:\/\/iat-kaelte.de\/\"},{\"@type\":\"ListItem\",\"position\":2,\"name\":\"Datenschutzerkl\u00e4rung\"}]},{\"@type\":\"WebSite\",\"@id\":\"https:\/\/iat-kaelte.de\/#website\",\"url\":\"https:\/\/iat-kaelte.de\/\",\"name\":\"Innovative Anlagentechnik GmbH\",\"description\":\"Kaltwasser - Klima - Steuerungstechnik\",\"publisher\":{\"@id\":\"https:\/\/iat-kaelte.de\/#organization\"},\"alternateName\":\"IAT-K\u00e4lte\",\"potentialAction\":[{\"@type\":\"SearchAction\",\"target\":{\"@type\":\"EntryPoint\",\"urlTemplate\":\"https:\/\/iat-kaelte.de\/?s={search_term_string}\"},\"query-input\":\"required name=search_term_string\"}],\"inLanguage\":\"en-GB\"},{\"@type\":\"Organization\",\"@id\":\"https:\/\/iat-kaelte.de\/#organization\",\"name\":\"IAT - Innovative Anlagentechnik GmbH\",\"alternateName\":\"IAT-K\u00e4lte GmbH\",\"url\":\"https:\/\/iat-kaelte.de\/\",\"logo\":{\"@type\":\"ImageObject\",\"inLanguage\":\"en-GB\",\"@id\":\"https:\/\/iat-kaelte.de\/#\/schema\/logo\/image\/\",\"url\":\"https:\/\/iat-kaelte.de\/wp-content\/uploads\/2020\/11\/logo.svg\",\"contentUrl\":\"https:\/\/iat-kaelte.de\/wp-content\/uploads\/2020\/11\/logo.svg\",\"width\":286.58,\"height\":75.14,\"caption\":\"IAT - Innovative Anlagentechnik GmbH\"},\"image\":{\"@id\":\"https:\/\/iat-kaelte.de\/#\/schema\/logo\/image\/\"}}]}<\/script>\n<!-- \/ Yoast SEO plugin. -->","yoast_head_json":{"title":"Datenschutzerkl\u00e4rung \u00bb Innovative Anlagentechnik GmbH","description":"Der Schutz ihrer Daten ist f\u00fcr uns selbstverst\u00e4ndlich! Informieren Sie sich hier \u00fcber unsere aktuellen Datenschutzbestimmungen.","robots":{"index":"index","follow":"follow","max-snippet":"max-snippet:-1","max-image-preview":"max-image-preview:large","max-video-preview":"max-video-preview:-1"},"canonical":"https:\/\/iat-kaelte.de\/en\/datenschutz\/","og_locale":"en_GB","og_type":"article","og_title":"Datenschutzerkl\u00e4rung \u00bb Innovative Anlagentechnik GmbH","og_description":"Der Schutz ihrer Daten ist f\u00fcr uns selbstverst\u00e4ndlich! Informieren Sie sich hier \u00fcber unsere aktuellen Datenschutzbestimmungen.","og_url":"https:\/\/iat-kaelte.de\/en\/datenschutz\/","og_site_name":"Innovative Anlagentechnik GmbH","article_modified_time":"2021-02-09T21:17:54+00:00","twitter_card":"summary_large_image","schema":{"@context":"https:\/\/schema.org","@graph":[{"@type":"WebPage","@id":"https:\/\/iat-kaelte.de\/datenschutz\/","url":"https:\/\/iat-kaelte.de\/datenschutz\/","name":"Datenschutzerkl\u00e4rung \u00bb Innovative Anlagentechnik GmbH","isPartOf":{"@id":"https:\/\/iat-kaelte.de\/#website"},"datePublished":"2020-04-03T17:52:33+00:00","dateModified":"2021-02-09T21:17:54+00:00","description":"Der Schutz ihrer Daten ist f\u00fcr uns selbstverst\u00e4ndlich! Informieren Sie sich hier \u00fcber unsere aktuellen Datenschutzbestimmungen.","breadcrumb":{"@id":"https:\/\/iat-kaelte.de\/datenschutz\/#breadcrumb"},"inLanguage":"en-GB","potentialAction":[{"@type":"ReadAction","target":["https:\/\/iat-kaelte.de\/datenschutz\/"]}]},{"@type":"BreadcrumbList","@id":"https:\/\/iat-kaelte.de\/datenschutz\/#breadcrumb","itemListElement":[{"@type":"ListItem","position":1,"name":"Startseite","item":"https:\/\/iat-kaelte.de\/"},{"@type":"ListItem","position":2,"name":"Datenschutzerkl\u00e4rung"}]},{"@type":"WebSite","@id":"https:\/\/iat-kaelte.de\/#website","url":"https:\/\/iat-kaelte.de\/","name":"Innovative Anlagentechnik GmbH","description":"Kaltwasser - Klima - Steuerungstechnik","publisher":{"@id":"https:\/\/iat-kaelte.de\/#organization"},"alternateName":"IAT-K\u00e4lte","potentialAction":[{"@type":"SearchAction","target":{"@type":"EntryPoint","urlTemplate":"https:\/\/iat-kaelte.de\/?s={search_term_string}"},"query-input":"required name=search_term_string"}],"inLanguage":"en-GB"},{"@type":"Organization","@id":"https:\/\/iat-kaelte.de\/#organization","name":"IAT - Innovative Anlagentechnik GmbH","alternateName":"IAT-K\u00e4lte GmbH","url":"https:\/\/iat-kaelte.de\/","logo":{"@type":"ImageObject","inLanguage":"en-GB","@id":"https:\/\/iat-kaelte.de\/#\/schema\/logo\/image\/","url":"https:\/\/iat-kaelte.de\/wp-content\/uploads\/2020\/11\/logo.svg","contentUrl":"https:\/\/iat-kaelte.de\/wp-content\/uploads\/2020\/11\/logo.svg","width":286.58,"height":75.14,"caption":"IAT - Innovative Anlagentechnik GmbH"},"image":{"@id":"https:\/\/iat-kaelte.de\/#\/schema\/logo\/image\/"}}]}},"_links":{"self":[{"href":"https:\/\/iat-kaelte.de\/en\/wp-json\/wp\/v2\/pages\/3"}],"collection":[{"href":"https:\/\/iat-kaelte.de\/en\/wp-json\/wp\/v2\/pages"}],"about":[{"href":"https:\/\/iat-kaelte.de\/en\/wp-json\/wp\/v2\/types\/page"}],"author":[{"embeddable":true,"href":"https:\/\/iat-kaelte.de\/en\/wp-json\/wp\/v2\/users\/1"}],"replies":[{"embeddable":true,"href":"https:\/\/iat-kaelte.de\/en\/wp-json\/wp\/v2\/comments?post=3"}],"version-history":[{"count":1,"href":"https:\/\/iat-kaelte.de\/en\/wp-json\/wp\/v2\/pages\/3\/revisions"}],"predecessor-version":[{"id":11,"href":"https:\/\/iat-kaelte.de\/en\/wp-json\/wp\/v2\/pages\/3\/revisions\/11"}],"wp:attachment":[{"href":"https:\/\/iat-kaelte.de\/en\/wp-json\/wp\/v2\/media?parent=3"}],"curies":[{"name":"wp","href":"https:\/\/api.w.org\/{rel}","templated":true}]}}