{"id":173,"date":"2021-02-01T13:00:00","date_gmt":"2021-02-01T12:00:00","guid":{"rendered":"http:\/\/new.iat-kaelte.de\/?page_id=173"},"modified":"2021-02-09T22:17:46","modified_gmt":"2021-02-09T21:17:46","slug":"kontakt","status":"publish","type":"page","link":"https:\/\/iat-kaelte.de\/en\/kontakt\/","title":{"rendered":"Contact"},"content":{"rendered":"","protected":false},"excerpt":{"rendered":"","protected":false},"author":1,"featured_media":0,"parent":0,"menu_order":0,"comment_status":"closed","ping_status":"closed","template":"","meta":{"ct_builder_shortcodes":"[ct_section ct_sign_sha256='7a3c88e5ffae94e69226586406580d559b1c544a84e7e3a7b967c141b7986384' ct_options='{\"ct_id\":209,\"ct_parent\":0,\"selector\":\"section-209-173\",\"activeselector\":\"header_image\",\"classes\":{\"0\":\"header_image\"},\"original\":{\"section-width\":\"full-width\",\"container-padding-top\":\"0\",\"container-padding-left\":\"0\",\"container-padding-right\":\"0\",\"container-padding-bottom\":\"0\",\"margin-top\":\"0\"}}'][ct_headline ct_sign_sha256='098c0602cbdcd1f7a59d2c83b5ddb1036ffc099a9de9caf05e40a51b86b34f2a' ct_options='{\"ct_id\":210,\"ct_parent\":209,\"selector\":\"headline-210-173\",\"original\":{\"color\":\"color(1)\",\"margin-top\":\"75\",\"z-index\":\"1\",\"text-shadow-color\":\"color(1)\"},\"activeselector\":\"text_schatten_dkl\",\"classes\":{\"0\":\"head_1\",\"1\":\"text_schatten_dkl\"}}']Kontakt<br>[\/ct_headline][ct_div_block_2 ct_sign_sha256='1b4a23781e750fb763d10b39b73c23914a72e96d705018fc7f8de31f3862d4a1' ct_options='{\"ct_id\":211,\"ct_parent\":209,\"selector\":\"div_block-211-173\",\"original\":{\"min-height\":\"0\",\"background-color\":\"color(1)\"},\"activeselector\":false,\"classes\":{\"0\":\"linie_sep\",\"1\":\"div_schatten_dkl\"}}'][\/ct_div_block_2][\/ct_section][ct_div_block ct_sign_sha256='0314af390a7dd1743ebf23336408ab78d9a7fe22acb133f10cd4a2f8a4218c7b' ct_options='{\"ct_id\":264,\"ct_parent\":0,\"selector\":\"div_block-264-173\",\"classes\":{\"0\":\"separator_unten\"},\"activeselector\":\"separator_unten\",\"nicename\":\"separator\"}'][\/ct_div_block][ct_section ct_sign_sha256='95a9fad95801a63b2143b0799b37707b4d1b9edd1a0a4de9b71a362976330d6f' ct_options='{\"ct_id\":28,\"ct_parent\":0,\"selector\":\"section-28-15\",\"classes\":{\"0\":\"section_block\"},\"activeselector\":false,\"media\":{\"tablet\":{\"original\":{}}},\"original\":{\"container-padding-bottom\":\"35\"}}'][ct_div_block_2 ct_sign_sha256='fe329550b57c2e3fd122e465ce104e8404828fcecab2cca6c259d3712a8077c6' ct_options='{\"ct_id\":50,\"ct_parent\":28,\"selector\":\"div_block-50-15\",\"classes\":{},\"activeselector\":false,\"original\":{\"align-items\":\"flex-start\",\"text-align\":\"left\",\"width\":\"380\"},\"media\":{\"tablet\":{\"original\":{\"width-unit\":\"%\",\"width\":\"80\",\"flex-direction\":\"column\",\"display\":\"flex\",\"align-items\":\"center\",\"text-align\":\"center\"}},\"phone-landscape\":{\"original\":{\"flex-direction\":\"column\",\"display\":\"flex\",\"align-items\":\"center\",\"text-align\":\"center\",\"justify-content\":\"center\"}}}}'][ct_headline ct_sign_sha256='038db51ad0482b18cd2bda087e9a1d7f9c7c8bde82c695f87ee882916768bb60' ct_options='{\"ct_id\":263,\"ct_parent\":50,\"selector\":\"headline-263-173\",\"original\":{\"tag\":\"h2\"},\"activeselector\":\"text_h2\",\"classes\":{\"0\":\"text_h2\"}}']Der schnellste Weg zu uns[\/ct_headline][ct_div_block_3 ct_sign_sha256='9073aa312c50a072c1164dc9f24a18e2fed01981e35557ee04fbb33ca4f72395' ct_options='{\"ct_id\":215,\"ct_parent\":50,\"selector\":\"div_block-215-173\",\"classes\":{\"0\":\"contact_icon_div\"},\"activeselector\":\"contact_icon_div\",\"media\":{\"tablet\":{\"original\":{\"margin-top\":\"16\"}}}}'][ct_image ct_sign_sha256='a6edfb851a2fb83df063685dd88ba741759b3f9068adf28e8e8a59df25a24252' ct_options='{\"ct_id\":216,\"ct_parent\":215,\"selector\":\"image-216-173\",\"original\":{\"src\":\"https:\/\/iat-kaelte.de\/wp-content\/uploads\/2021\/02\/7-1.svg\",\"margin-right\":\"16\",\"height\":\"50\"},\"activeselector\":false,\"classes\":{}}'][\/ct_image][oxy_rich_text ct_sign_sha256='2190260f0ee876c6f3967a80e0fc0643a05553f32e57addd900eeb0872a94a46' ct_options='{\"ct_id\":218,\"ct_parent\":215,\"selector\":\"_rich_text-218-173\",\"activeselector\":false,\"original\":{\"padding-left\":\"0\",\"margin-left\":\"14\"}}']<p style=\"text-align: left;\"><strong>Innovative Anlagentechnik GmbH<\/strong><br \/>F\u00e4hrstra\u00dfe 9<br \/>91330 Eggolsheim<\/p>[\/oxy_rich_text][\/ct_div_block_3][ct_div_block_3 ct_sign_sha256='5710b3171248d895e1b786f3c426740afbc1bbfea8cee573249275d72292876e' ct_options='{\"ct_id\":239,\"ct_parent\":50,\"selector\":\"div_block-239-173\",\"classes\":{\"0\":\"contact_icon_div\"},\"activeselector\":\"contact_icon_div\"}'][ct_image ct_sign_sha256='891b269ffca1c2ed3583cfb0ddda6718ea5d02d4d9eb56b605ab6b287320c0b3' ct_options='{\"ct_id\":240,\"ct_parent\":239,\"selector\":\"image-240-173\",\"original\":{\"src\":\"https:\/\/iat-kaelte.de\/wp-content\/uploads\/2021\/02\/5-1.svg\",\"height\":\"50\",\"margin-right\":\"16\"},\"activeselector\":false,\"classes\":{}}'][\/ct_image][oxy_rich_text ct_sign_sha256='b868499aebf5c28ee393f9b31a3777fe037b6cff44a4f5a3345b2216672696c1' ct_options='{\"ct_id\":241,\"ct_parent\":239,\"selector\":\"_rich_text-241-173\",\"activeselector\":false,\"original\":{\"margin-left\":\"14\"}}']<p>Tel. +49 9545 3595190<br \/>Fax. +49 9545 3595193<\/p>[\/oxy_rich_text][\/ct_div_block_3][ct_div_block_3 ct_sign_sha256='11370618c5cd50bfdafc9e42a6624149541ae0caf22d113ed7822e01e54e123b' ct_options='{\"ct_id\":244,\"ct_parent\":50,\"selector\":\"div_block-244-173\",\"classes\":{\"0\":\"contact_icon_div\"},\"activeselector\":\"contact_icon_div\"}'][ct_image ct_sign_sha256='2019e43e3c7a49225fb4fc37e2dd29662272cfe27db824cfb3214aa39ae46cf5' ct_options='{\"ct_id\":245,\"ct_parent\":244,\"selector\":\"image-245-173\",\"original\":{\"src\":\"https:\/\/iat-kaelte.de\/wp-content\/uploads\/2021\/02\/1-1.svg\",\"height\":\"50\",\"margin-right\":\"16\"},\"activeselector\":false,\"classes\":{}}'][\/ct_image][oxy_rich_text ct_sign_sha256='a7229bde140fee7ec9a89e1b4aa0382f0b4fe9d349cd7b0ac87b0fc7ead7b07b' ct_options='{\"ct_id\":246,\"ct_parent\":244,\"selector\":\"_rich_text-246-173\",\"activeselector\":false,\"original\":{\"margin-left\":\"14\"}}']<p><a style=\"color: #000;\" href=\"mailto:info@iat-kaelte.de\">info@iat-kaelte.de<\/a><\/p>[\/oxy_rich_text][\/ct_div_block_3][ct_div_block_3 ct_sign_sha256='ec60bde72a83a926a067eebfb2a50471ab9142e5650e4a24d30921982ef54fca' ct_options='{\"ct_id\":247,\"ct_parent\":50,\"selector\":\"div_block-247-173\",\"classes\":{\"0\":\"contact_icon_div\"},\"activeselector\":false,\"original\":{\"align-items\":\"center\",\"text-align\":\"left\",\"flex-direction\":\"row\",\"display\":\"flex\",\"justify-content\":\"flex-start\"}}'][ct_image ct_sign_sha256='fffc568c62ba8d2355f2bbec3b60960bb021241c093d717a6f96079cf316be50' ct_options='{\"ct_id\":248,\"ct_parent\":247,\"selector\":\"image-248-173\",\"original\":{\"src\":\"https:\/\/iat-kaelte.de\/wp-content\/uploads\/2021\/02\/11-1.svg\",\"height\":\"50\",\"margin-right\":\"16\"},\"activeselector\":false,\"classes\":{}}'][\/ct_image][oxy_rich_text ct_sign_sha256='a65660cb2231c8b89bc842235a0804950885cc6c19d7ab0310cfbef582bfaf11' ct_options='{\"ct_id\":249,\"ct_parent\":247,\"selector\":\"_rich_text-249-173\",\"activeselector\":false,\"original\":{\"text-align\":\"left\",\"margin-left\":\"14\"}}']<p>Montag - Donnerstag: 7.30 - 16.00 Uhr<br \/>Freitag: 7.30 - 14.00 Uhr<\/p>[\/oxy_rich_text][\/ct_div_block_3][\/ct_div_block_2][ct_div_block_2 ct_sign_sha256='2c45c0fed6c0a1b19118c43183977335aee83a9b1ba04e5e1185cdd3c884e303' ct_options='{\"classes\":{},\"original\":{\"background-image\":\"https:\/\/iat-kaelte.de\/wp-content\/uploads\/2021\/01\/kasten_2.svg\",\"background-size\":\"manual\",\"background-size-width\":\"100\",\"background-size-width-unit\":\"%\",\"background-size-height\":\"100\",\"background-size-height-unit\":\"%\",\"background-repeat\":\"no-repeat\",\"padding-left\":\"75\",\"padding-top\":\"116\",\"padding-right\":\"75\",\"padding-bottom\":\"50\",\"margin-top\":\"-100\",\"width-unit\":\"%\",\"width\":\"45\",\"z-index\":\"1\"},\"media\":{\"tablet\":{\"original\":{\"width-unit\":\"%\",\"width\":\"80\",\"margin-top\":\"25\"}}},\"ct_id\":269,\"ct_parent\":28,\"selector\":\"div_block-269-173\",\"activeselector\":false}'][oxy-form_widget ct_sign_sha256='36009c9ad1b0bc80f994b3ada6be9eeec5d6bc961defe4e324a69c11a6dcfefa' ct_options='{\"ct_id\":271,\"ct_parent\":269,\"selector\":\"-form_widget-271-173\",\"original\":{\"oxy-form_widget_ff_form\":\"2\"},\"activeselector\":false}'][\/oxy-form_widget][\/ct_div_block_2][\/ct_section][ct_section ct_sign_sha256='5c5ecb2d7b046505a44bbb6557334f54f3f893ad5ade9be2638930bab32fb953' ct_options='{\"ct_id\":250,\"ct_parent\":0,\"selector\":\"section-250-173\",\"original\":{\"align-items\":\"center\",\"text-align\":\"center\",\"container-padding-top\":\"0\",\"container-padding-bottom\":\"148\",\"container-padding-right\":\"20\"},\"activeselector\":false}'][ct_headline ct_sign_sha256='187dd26adbb8594e702f8f1677ce9e1a26b40631f838676d07274fc639765f5f' ct_options='{\"ct_id\":53,\"ct_parent\":250,\"selector\":\"headline-53-15\",\"original\":{\"tag\":\"h2\",\"margin-bottom\":\"0\"},\"activeselector\":false,\"classes\":{\"0\":\"text_h2\"}}']Ihre AnsprechpartnerInnen[\/ct_headline][ct_div_block_2 ct_sign_sha256='7984596a52b5e1ff093d006400a8d7f2cc1a67f2acad0605aa81c6c872ca9588' ct_options='{\"ct_id\":251,\"ct_parent\":250,\"selector\":\"div_block-251-173\",\"original\":{\"width\":\"100\",\"width-unit\":\"%\",\"justify-content\":\"space-between\",\"flex-direction\":\"row\",\"text-align\":\"justify\",\"display\":\"flex\",\"padding-top\":\"1\"},\"activeselector\":false,\"media\":{\"phone-landscape\":{\"original\":{\"flex-direction\":\"column\",\"display\":\"flex\"}}}}'][ct_div_block_3 ct_sign_sha256='7a748b089df3c7d377b5884ef6da18af219e919d6e0277712b8a97814e9ed3c4' ct_options='{\"ct_id\":252,\"ct_parent\":251,\"selector\":\"div_block-252-173\",\"original\":{\"width-unit\":\"%\",\"width\":\"30\",\"align-items\":\"center\",\"text-align\":\"center\",\"flex-direction\":\"column\",\"display\":\"flex\"},\"activeselector\":\"ansprechpartner\",\"media\":{\"phone-landscape\":{\"original\":{\"width-unit\":\"%\",\"width\":\"100\"}}},\"classes\":{\"0\":\"ansprechpartner\"}}'][ct_image ct_sign_sha256='4f3d4b4914933288b2bd7a01c2dd51ebf175bc7340fcf17277b5cf212e8dba65' ct_options='{\"ct_id\":253,\"ct_parent\":252,\"selector\":\"image-253-173\",\"original\":{\"src\":\"https:\/\/iat-kaelte.de\/wp-content\/uploads\/2021\/02\/testbild.jpg\",\"border-radius\":\"360\",\"width-unit\":\"%\",\"width\":\"60\"},\"activeselector\":\"ansprechpartner_img\",\"classes\":{\"0\":\"ansprechpartner_img\"}}'][\/ct_image][ct_image ct_sign_sha256='f7e05d56d115a19c703a5608445399ef8ab3044e180d2458f6c2f73b3528310d' ct_options='{\"ct_id\":275,\"ct_parent\":252,\"selector\":\"image-275-173\",\"original\":{\"src\":\"https:\/\/iat-kaelte.de\/wp-content\/uploads\/2023\/08\/DietmarSalberg.jpg\",\"padding-left\":\"20\",\"padding-top\":\"20\",\"padding-right\":\"20\",\"padding-bottom\":\"20\"},\"activeselector\":false}'][\/ct_image][oxy_rich_text ct_sign_sha256='d399b28f5f8876a3d971372c673028204c1078285f3a0ecb66e501f6004c65a1' ct_options='{\"ct_id\":256,\"ct_parent\":252,\"selector\":\"_rich_text-256-173\",\"original\":{\"padding-top\":\"17\"},\"activeselector\":false}']<p><strong>Dietmar Salberg<\/strong><br \/>Gesch\u00e4ftsleitung, Angebotserstellung<\/p><p>Tel.: <a href=\"tel:004995453595190\">+49 (0) 9545 \/ 3595191<\/a><br \/>E-Mail: <a href=\"mailto:d.salberg@iat-kaelte.de\">d.salberg@iat-kaelte.de<\/a><\/p>[\/oxy_rich_text][\/ct_div_block_3][ct_div_block_3 ct_sign_sha256='98f7f2e50388d340e4d6a6633c2954d579b1762c2d72e2162917b843cbdd8113' ct_options='{\"ct_id\":260,\"ct_parent\":251,\"selector\":\"div_block-260-173\",\"original\":{\"width-unit\":\"%\",\"width\":\"30\",\"align-items\":\"center\",\"text-align\":\"center\",\"flex-direction\":\"column\",\"display\":\"flex\"},\"activeselector\":\"ansprechpartner\",\"media\":{\"phone-landscape\":{\"original\":{\"width-unit\":\"%\",\"width\":\"100\"}}},\"classes\":{\"0\":\"ansprechpartner\"}}'][ct_image ct_sign_sha256='c9a42cfe01a9d4945e93254621d53e0a10117bd1aae4cbe16537e50b0bbfc134' ct_options='{\"ct_id\":261,\"ct_parent\":260,\"selector\":\"image-261-173\",\"original\":{\"src\":\"https:\/\/iat-kaelte.de\/wp-content\/uploads\/2021\/02\/testbild.jpg\",\"border-radius\":\"360\",\"width\":\"60\",\"width-unit\":\"%\"},\"activeselector\":\"ansprechpartner_img\",\"classes\":{\"0\":\"ansprechpartner_img\"}}'][\/ct_image][ct_image ct_sign_sha256='42052d1fed2b77e60017a94d0d8630eecbd9b0450a15867c6b567b7a232b82f5' ct_options='{\"ct_id\":278,\"ct_parent\":260,\"selector\":\"image-278-173\",\"original\":{\"src\":\"https:\/\/iat-kaelte.de\/wp-content\/uploads\/2023\/08\/KatharinaSalberg.jpg\",\"padding-top\":\"20\",\"padding-left\":\"20\",\"padding-right\":\"20\",\"padding-bottom\":\"20\"},\"activeselector\":false}'][\/ct_image][oxy_rich_text ct_sign_sha256='ed813ec876c8fb952a9387dccd79be441f4978a32797ae9794ddea501357710d' ct_options='{\"ct_id\":262,\"ct_parent\":260,\"selector\":\"_rich_text-262-173\",\"original\":{\"padding-top\":\"17\"},\"activeselector\":false}']<p><strong>Katharina Salberg<\/strong><br \/>Ein-, Verkauf \u2013 Buchhaltung <\/p><p>Tel.: <a href=\"tel:004995453595190\">+49 (0) 9545 \/ 3595190<\/a><br \/>E-Mail: <a href=\"mailto:k.salberg@iat-kaelte.de\">k.salberg@iat-kaelte.de<\/a><\/p>[\/oxy_rich_text][\/ct_div_block_3][ct_div_block_3 ct_sign_sha256='9a18d8dea7db7a533285d45a300497bb69a5b0c85e26ab6963e26dbf0805684e' ct_options='{\"ct_id\":257,\"ct_parent\":251,\"selector\":\"div_block-257-173\",\"original\":{\"width-unit\":\"%\",\"width\":\"30\",\"align-items\":\"center\",\"text-align\":\"center\",\"flex-direction\":\"column\",\"display\":\"flex\"},\"activeselector\":\"ansprechpartner\",\"media\":{\"phone-landscape\":{\"original\":{\"width-unit\":\"%\",\"width\":\"100\",\"padding-top\":\"0\"}}},\"classes\":{\"0\":\"ansprechpartner\"}}'][ct_image ct_sign_sha256='2b560033b92e6584129bdfbe70b33dae95426c1854adc3e188241452e70ed468' ct_options='{\"ct_id\":258,\"ct_parent\":257,\"selector\":\"image-258-173\",\"original\":{\"src\":\"https:\/\/iat-kaelte.de\/wp-content\/uploads\/2021\/02\/testbild.jpg\",\"border-radius\":\"360\",\"width\":\"60\",\"width-unit\":\"%\"},\"activeselector\":\"ansprechpartner_img\",\"classes\":{\"0\":\"ansprechpartner_img\"}}'][\/ct_image][ct_image ct_sign_sha256='7dc84a55f54c7f0fa0488ca659df0eea3a78833dba1acdc1cf3687f2c23b740a' ct_options='{\"ct_id\":280,\"ct_parent\":257,\"selector\":\"image-280-173\",\"original\":{\"src\":\"https:\/\/iat-kaelte.de\/wp-content\/uploads\/2023\/08\/Michael-Vogel.jpg\",\"padding-top\":\"20\",\"padding-left\":\"20\",\"padding-right\":\"20\",\"padding-bottom\":\"20\"},\"activeselector\":false}'][\/ct_image][oxy_rich_text ct_sign_sha256='4eff9168255dd9a408c922035b7bad2a5d71d9618f3503da083b885475135899' ct_options='{\"ct_id\":259,\"ct_parent\":257,\"selector\":\"_rich_text-259-173\",\"original\":{\"padding-top\":\"17\"},\"activeselector\":false}']<p><strong>Manuel Vogel<\/strong><br \/>Techn. Leitung, Service<\/p><p>Tel.: <a href=\"tel:004995453595190\">+49 (0) 9545 \/ 3595192<\/a><br \/>E-Mail: <a href=\"mailto:m.vogel@iat-kaelte.de\">m.vogel@iat-kaelte.de<\/a><\/p>[\/oxy_rich_text][\/ct_div_block_3][ct_div_block_3 ct_sign_sha256='6899c08a7e71e2acaefb2a656f462de2320208c0bdd9acd696313a8fbc3fc305' ct_options='{\"ct_id\":272,\"ct_parent\":251,\"selector\":\"div_block-272-173\",\"original\":{\"width-unit\":\"%\",\"width\":\"30\",\"align-items\":\"center\",\"text-align\":\"center\",\"flex-direction\":\"column\",\"display\":\"flex\"},\"activeselector\":\"ansprechpartner\",\"media\":{\"phone-landscape\":{\"original\":{\"width\":\"100\",\"width-unit\":\"%\"}}},\"classes\":{\"0\":\"ansprechpartner\"}}'][ct_image ct_sign_sha256='0f34f09bf15703f5ec68e60ef2ea99bc6cd7f277a56159451a92ba53bd50bf95' ct_options='{\"ct_id\":273,\"ct_parent\":272,\"selector\":\"image-273-173\",\"original\":{\"src\":\"https:\/\/iat-kaelte.de\/wp-content\/uploads\/2021\/02\/testbild.jpg\",\"border-radius\":\"360\",\"width\":\"60\",\"width-unit\":\"%\"},\"classes\":{\"0\":\"ansprechpartner_img\"}}'][\/ct_image][ct_image ct_sign_sha256='1ac58346f0c169562d4dc43e105f6b9984c2329eea91bfc03d9d2ddfb68b231d' ct_options='{\"ct_id\":290,\"ct_parent\":272,\"selector\":\"image-290-173\",\"original\":{\"src\":\"https:\/\/iat-kaelte.de\/wp-content\/uploads\/2021\/02\/favicon.png\",\"padding-left\":\"20\",\"padding-right\":\"20\",\"padding-bottom\":\"20\",\"padding-top\":\"0\"},\"activeselector\":false}'][\/ct_image][ct_text_block ct_sign_sha256='04afbfc3f3678e7b0e795c6272f0d16f22cdd8547c1d80eb109aa6431c28b81c' ct_options='{\"ct_id\":292,\"ct_parent\":272,\"selector\":\"text_block-292-173\"}']Bild folgt[\/ct_text_block][oxy_rich_text ct_sign_sha256='b69f01affe4e8271816fb617dd794304b192999d04e5a61cb49bb358a6a46fe7' ct_options='{\"ct_id\":274,\"ct_parent\":272,\"selector\":\"_rich_text-274-173\",\"original\":{\"padding-top\":\"17\",\"margin-top\":\"110\"},\"activeselector\":false}']<p><strong>Stefan Retzlaff<\/strong><br \/>Service Techniker<\/p><p>Tel.: <a href=\"tel:004995453595190\">+49 (0) 1525 9883443<\/a><br \/>E-Mail: <a href=\"_wp_link_placeholder\" data-wplink-edit=\"true\">r.retzlaff@iat-kaelte.de<\/a><\/p>[\/oxy_rich_text][\/ct_div_block_3][\/ct_div_block_2][\/ct_section]","ct_template_type":"","ct_parent_template":0},"acf":[],"yoast_head":"<!-- This site is optimized with the Yoast SEO plugin v20.13 - https:\/\/yoast.com\/wordpress\/plugins\/seo\/ -->\n<title>Kontaktieren Sie uns! \u00bb Innovative Anlagentechnik GmbH<\/title>\n<meta name=\"description\" content=\"Sie m\u00f6chten mehr \u00fcber unsere industriellen K\u00fchlsysteme erfahren? Rufen Sie uns an unter \u260e 09545\/3595190 oder mailen \u2709 Sie uns!\" \/>\n<meta name=\"robots\" content=\"index, follow, max-snippet:-1, max-image-preview:large, max-video-preview:-1\" \/>\n<link rel=\"canonical\" href=\"https:\/\/iat-kaelte.de\/en\/kontakt\/\" \/>\n<meta property=\"og:locale\" content=\"en_GB\" \/>\n<meta property=\"og:type\" content=\"article\" \/>\n<meta property=\"og:title\" content=\"Kontaktieren Sie uns! \u00bb Innovative Anlagentechnik GmbH\" \/>\n<meta property=\"og:description\" content=\"Sie m\u00f6chten mehr \u00fcber unsere industriellen K\u00fchlsysteme erfahren? Rufen Sie uns an unter \u260e 09545\/3595190 oder mailen \u2709 Sie uns!\" \/>\n<meta property=\"og:url\" content=\"https:\/\/iat-kaelte.de\/en\/kontakt\/\" \/>\n<meta property=\"og:site_name\" content=\"Innovative Anlagentechnik GmbH\" \/>\n<meta property=\"article:modified_time\" content=\"2021-02-09T21:17:46+00:00\" \/>\n<meta name=\"twitter:card\" content=\"summary_large_image\" \/>\n<script type=\"application\/ld+json\" class=\"yoast-schema-graph\">{\"@context\":\"https:\/\/schema.org\",\"@graph\":[{\"@type\":\"WebPage\",\"@id\":\"https:\/\/iat-kaelte.de\/kontakt\/\",\"url\":\"https:\/\/iat-kaelte.de\/kontakt\/\",\"name\":\"Kontaktieren Sie uns! \u00bb Innovative Anlagentechnik GmbH\",\"isPartOf\":{\"@id\":\"https:\/\/iat-kaelte.de\/#website\"},\"datePublished\":\"2021-02-01T12:00:00+00:00\",\"dateModified\":\"2021-02-09T21:17:46+00:00\",\"description\":\"Sie m\u00f6chten mehr \u00fcber unsere industriellen K\u00fchlsysteme erfahren? Rufen Sie uns an unter \u260e 09545\/3595190 oder mailen \u2709 Sie uns!\",\"breadcrumb\":{\"@id\":\"https:\/\/iat-kaelte.de\/kontakt\/#breadcrumb\"},\"inLanguage\":\"en-GB\",\"potentialAction\":[{\"@type\":\"ReadAction\",\"target\":[\"https:\/\/iat-kaelte.de\/kontakt\/\"]}]},{\"@type\":\"BreadcrumbList\",\"@id\":\"https:\/\/iat-kaelte.de\/kontakt\/#breadcrumb\",\"itemListElement\":[{\"@type\":\"ListItem\",\"position\":1,\"name\":\"Startseite\",\"item\":\"https:\/\/iat-kaelte.de\/\"},{\"@type\":\"ListItem\",\"position\":2,\"name\":\"Kontakt\"}]},{\"@type\":\"WebSite\",\"@id\":\"https:\/\/iat-kaelte.de\/#website\",\"url\":\"https:\/\/iat-kaelte.de\/\",\"name\":\"Innovative Anlagentechnik GmbH\",\"description\":\"Kaltwasser - Klima - Steuerungstechnik\",\"publisher\":{\"@id\":\"https:\/\/iat-kaelte.de\/#organization\"},\"alternateName\":\"IAT-K\u00e4lte\",\"potentialAction\":[{\"@type\":\"SearchAction\",\"target\":{\"@type\":\"EntryPoint\",\"urlTemplate\":\"https:\/\/iat-kaelte.de\/?s={search_term_string}\"},\"query-input\":\"required name=search_term_string\"}],\"inLanguage\":\"en-GB\"},{\"@type\":\"Organization\",\"@id\":\"https:\/\/iat-kaelte.de\/#organization\",\"name\":\"IAT - Innovative Anlagentechnik GmbH\",\"alternateName\":\"IAT-K\u00e4lte GmbH\",\"url\":\"https:\/\/iat-kaelte.de\/\",\"logo\":{\"@type\":\"ImageObject\",\"inLanguage\":\"en-GB\",\"@id\":\"https:\/\/iat-kaelte.de\/#\/schema\/logo\/image\/\",\"url\":\"https:\/\/iat-kaelte.de\/wp-content\/uploads\/2020\/11\/logo.svg\",\"contentUrl\":\"https:\/\/iat-kaelte.de\/wp-content\/uploads\/2020\/11\/logo.svg\",\"width\":286.58,\"height\":75.14,\"caption\":\"IAT - Innovative Anlagentechnik GmbH\"},\"image\":{\"@id\":\"https:\/\/iat-kaelte.de\/#\/schema\/logo\/image\/\"}}]}<\/script>\n<!-- \/ Yoast SEO plugin. -->","yoast_head_json":{"title":"Kontaktieren Sie uns! \u00bb Innovative Anlagentechnik GmbH","description":"Sie m\u00f6chten mehr \u00fcber unsere industriellen K\u00fchlsysteme erfahren? Rufen Sie uns an unter \u260e 09545\/3595190 oder mailen \u2709 Sie uns!","robots":{"index":"index","follow":"follow","max-snippet":"max-snippet:-1","max-image-preview":"max-image-preview:large","max-video-preview":"max-video-preview:-1"},"canonical":"https:\/\/iat-kaelte.de\/en\/kontakt\/","og_locale":"en_GB","og_type":"article","og_title":"Kontaktieren Sie uns! \u00bb Innovative Anlagentechnik GmbH","og_description":"Sie m\u00f6chten mehr \u00fcber unsere industriellen K\u00fchlsysteme erfahren? Rufen Sie uns an unter \u260e 09545\/3595190 oder mailen \u2709 Sie uns!","og_url":"https:\/\/iat-kaelte.de\/en\/kontakt\/","og_site_name":"Innovative Anlagentechnik GmbH","article_modified_time":"2021-02-09T21:17:46+00:00","twitter_card":"summary_large_image","schema":{"@context":"https:\/\/schema.org","@graph":[{"@type":"WebPage","@id":"https:\/\/iat-kaelte.de\/kontakt\/","url":"https:\/\/iat-kaelte.de\/kontakt\/","name":"Kontaktieren Sie uns! \u00bb Innovative Anlagentechnik GmbH","isPartOf":{"@id":"https:\/\/iat-kaelte.de\/#website"},"datePublished":"2021-02-01T12:00:00+00:00","dateModified":"2021-02-09T21:17:46+00:00","description":"Sie m\u00f6chten mehr \u00fcber unsere industriellen K\u00fchlsysteme erfahren? Rufen Sie uns an unter \u260e 09545\/3595190 oder mailen \u2709 Sie uns!","breadcrumb":{"@id":"https:\/\/iat-kaelte.de\/kontakt\/#breadcrumb"},"inLanguage":"en-GB","potentialAction":[{"@type":"ReadAction","target":["https:\/\/iat-kaelte.de\/kontakt\/"]}]},{"@type":"BreadcrumbList","@id":"https:\/\/iat-kaelte.de\/kontakt\/#breadcrumb","itemListElement":[{"@type":"ListItem","position":1,"name":"Startseite","item":"https:\/\/iat-kaelte.de\/"},{"@type":"ListItem","position":2,"name":"Kontakt"}]},{"@type":"WebSite","@id":"https:\/\/iat-kaelte.de\/#website","url":"https:\/\/iat-kaelte.de\/","name":"Innovative Anlagentechnik GmbH","description":"Kaltwasser - Klima - Steuerungstechnik","publisher":{"@id":"https:\/\/iat-kaelte.de\/#organization"},"alternateName":"IAT-K\u00e4lte","potentialAction":[{"@type":"SearchAction","target":{"@type":"EntryPoint","urlTemplate":"https:\/\/iat-kaelte.de\/?s={search_term_string}"},"query-input":"required name=search_term_string"}],"inLanguage":"en-GB"},{"@type":"Organization","@id":"https:\/\/iat-kaelte.de\/#organization","name":"IAT - Innovative Anlagentechnik GmbH","alternateName":"IAT-K\u00e4lte GmbH","url":"https:\/\/iat-kaelte.de\/","logo":{"@type":"ImageObject","inLanguage":"en-GB","@id":"https:\/\/iat-kaelte.de\/#\/schema\/logo\/image\/","url":"https:\/\/iat-kaelte.de\/wp-content\/uploads\/2020\/11\/logo.svg","contentUrl":"https:\/\/iat-kaelte.de\/wp-content\/uploads\/2020\/11\/logo.svg","width":286.58,"height":75.14,"caption":"IAT - Innovative Anlagentechnik GmbH"},"image":{"@id":"https:\/\/iat-kaelte.de\/#\/schema\/logo\/image\/"}}]}},"_links":{"self":[{"href":"https:\/\/iat-kaelte.de\/en\/wp-json\/wp\/v2\/pages\/173"}],"collection":[{"href":"https:\/\/iat-kaelte.de\/en\/wp-json\/wp\/v2\/pages"}],"about":[{"href":"https:\/\/iat-kaelte.de\/en\/wp-json\/wp\/v2\/types\/page"}],"author":[{"embeddable":true,"href":"https:\/\/iat-kaelte.de\/en\/wp-json\/wp\/v2\/users\/1"}],"replies":[{"embeddable":true,"href":"https:\/\/iat-kaelte.de\/en\/wp-json\/wp\/v2\/comments?post=173"}],"version-history":[{"count":2,"href":"https:\/\/iat-kaelte.de\/en\/wp-json\/wp\/v2\/pages\/173\/revisions"}],"predecessor-version":[{"id":244,"href":"https:\/\/iat-kaelte.de\/en\/wp-json\/wp\/v2\/pages\/173\/revisions\/244"}],"wp:attachment":[{"href":"https:\/\/iat-kaelte.de\/en\/wp-json\/wp\/v2\/media?parent=173"}],"curies":[{"name":"wp","href":"https:\/\/api.w.org\/{rel}","templated":true}]}}