{"id":163,"date":"2021-02-01T11:37:56","date_gmt":"2021-02-01T10:37:56","guid":{"rendered":"http:\/\/new.iat-kaelte.de\/?page_id=163"},"modified":"2021-02-19T13:44:39","modified_gmt":"2021-02-19T12:44:39","slug":"waermebehandlung","status":"publish","type":"page","link":"https:\/\/iat-kaelte.de\/en\/loesungen\/waermebehandlung\/","title":{"rendered":"Heat treatment"},"content":{"rendered":"","protected":false},"excerpt":{"rendered":"","protected":false},"author":1,"featured_media":211,"parent":147,"menu_order":0,"comment_status":"closed","ping_status":"closed","template":"","meta":{"ct_builder_shortcodes":"[ct_section ct_sign_sha256='6afc626c92ba688d54d9a5c628c801c3d114b8f1ed2e1e586d6354a8d2f3c386' ct_options='{\"ct_id\":17,\"ct_parent\":0,\"selector\":\"section-17-15\",\"activeselector\":\"header_image\",\"classes\":{\"0\":\"header_image\"},\"original\":{\"background-image\":\"[oxygen ct_sign_sha256='216211043951e09a29fe690e653f791d9ba586f6a700e7368fa96b326fb73634' data='featured_image' size='2000x1300' ]\",\"background-imagedynamic\":true}}'][ct_headline ct_sign_sha256='8fa2a8230a38ce976e3df1a1be4e11369cfce73d0d6c9e016d9af297bd8ef876' ct_options='{\"ct_id\":22,\"ct_parent\":17,\"selector\":\"headline-22-15\",\"activeselector\":\"text_schatten\",\"original\":{\"color\":\"color(3)\"},\"classes\":{\"0\":\"head_1\",\"1\":\"text_schatten\"}}']W\u00e4rmebehandlung \/ H\u00e4rte\u00f6fen<br>[\/ct_headline][ct_div_block_2 ct_sign_sha256='8ceef5c98ab9362a96dbd7c6c261895ab034f52f850dcd52b46f42425f39b1cd' ct_options='{\"ct_id\":26,\"ct_parent\":17,\"selector\":\"div_block-26-15\",\"classes\":{\"0\":\"linie_sep\",\"1\":\"div_schatten\"},\"activeselector\":\"div_schatten\",\"original\":{\"min-height\":\"0\",\"background-color\":\"color(3)\"}}'][\/ct_div_block_2][\/ct_section][ct_div_block ct_sign_sha256='ce31ab48c62f5c62cff1a93febb1c7c0e90f57176f31339b9bc1191f794d41ae' ct_options='{\"ct_id\":18,\"ct_parent\":0,\"selector\":\"div_block-18-15\",\"activeselector\":\"separator_unten\",\"classes\":{\"0\":\"separator_unten\"},\"nicename\":\"separator\"}'][\/ct_div_block][ct_section ct_sign_sha256='b636c6fcd0d0518c09e8bc7284855dab23521a2e7bc592490de2e8df5065bae6' ct_options='{\"ct_id\":28,\"ct_parent\":0,\"selector\":\"section-28-15\",\"original\":{\"container-padding-bottom\":\"117\",\"flex-direction\":\"column\",\"display\":\"flex\",\"text-align\":\"left\"},\"classes\":{\"0\":\"section_block\"},\"activeselector\":false,\"media\":{\"tablet\":{\"original\":{}}}}'][ct_div_block_2 ct_sign_sha256='d274cd3ccb698173473b9aa287ce8e523219317fe5375f3e8c55381b89ad7e0b' ct_options='{\"ct_id\":174,\"ct_parent\":28,\"selector\":\"div_block-174-163\",\"original\":{\"flex-direction\":\"row\",\"display\":\"flex\",\"justify-content\":\"space-between\",\"text-align\":\"justify\"},\"media\":{\"tablet\":{\"original\":{\"flex-direction\":\"column\",\"display\":\"flex\",\"align-items\":\"center\",\"text-align\":\"center\"}},\"phone-landscape\":{\"original\":{\"margin-bottom\":\"42\"}}}}'][ct_div_block_3 ct_sign_sha256='9520df74f6852461f71ff847ca4634c0848efed3a2fec534923df729e009d1c1' ct_options='{\"ct_id\":50,\"ct_parent\":174,\"selector\":\"div_block-50-15\",\"classes\":{\"0\":\"text_left_400\"},\"activeselector\":\"text_left_400\"}'][ct_headline ct_sign_sha256='724a6f9f19515f7e50ce586a7619eac54fc6fc00cb6456d5c55669530a36fd9a' ct_options='{\"ct_id\":53,\"ct_parent\":50,\"selector\":\"headline-53-15\",\"original\":{\"tag\":\"h2\"},\"activeselector\":\"text_h2\",\"classes\":{\"0\":\"text_h2\"}}']Wirksam und wirtschaftlich - K\u00fchlanlagen f\u00fcr die W\u00e4rmebehandlung in H\u00e4rte\u00f6fen[\/ct_headline][oxy_rich_text ct_sign_sha256='8a0989d084f1bc1c3d2589b092541b60c1d666337f556f2bc58aa79ad658abe7' ct_options='{\"ct_id\":52,\"ct_parent\":50,\"selector\":\"_rich_text-52-15\",\"activeselector\":\"text\",\"classes\":{\"0\":\"text\"}}']<p>\u00a0<\/p><p>Die B\u00fcndelung von Kompetenzen unter einem Dach bildet den Grundstein f\u00fcr einen modernen und innovativen Anlagenbau. Mit erfahrenen KonstrukteurInnen und TechnikerInnen steht Ihnen die IAT GmbH w\u00e4hrend der Umsetzung des Projektes und der anschlie\u00dfenden Inbetriebnahme zur Seite. Im Rahmen der Planung gilt es eine ma\u00dfgeschneiderte, effiziente Anlage in einem abgesteckten Investitionsrahmen zu realisieren. Bei der anschlie\u00dfenden Ausf\u00fchrung wird diese unter Beachtung der Prozessparameter, der Werksbedingungen und der gesetzlichen Rahmenbedingungen termingetreu realisiert.<\/p><p>\u00a0<\/p>[\/oxy_rich_text][\/ct_div_block_3][ct_div_block_3 ct_sign_sha256='ffdaa7307ba1c7302abaa4c47777434f5bf154d8bb08f51535036d072f6fe2ab' ct_options='{\"ct_id\":80,\"ct_parent\":174,\"selector\":\"div_block-80-15\",\"classes\":{\"0\":\"box_2\",\"1\":\"box_400\"},\"activeselector\":\"box_400\"}'][ct_headline ct_sign_sha256='e4ad8124aee1574f046072fe644cd869a24080ebfae5fcf9065a470ff3bd7ec0' ct_options='{\"ct_id\":44,\"ct_parent\":80,\"selector\":\"headline-44-15\",\"original\":{\"tag\":\"h3\"},\"classes\":{\"0\":\"vorteile_h2\"},\"activeselector\":\"vorteile_h2\"}']K\u00fchlanlagen&nbsp;<br>von IAT GmbH[\/ct_headline][oxy_rich_text ct_sign_sha256='0e5047c033ac570bdaf5d00c08cd1403529e5c94b85ea5f5d719bb8e75775039' ct_options='{\"ct_id\":49,\"ct_parent\":80,\"selector\":\"_rich_text-49-15\",\"classes\":{\"0\":\"vorteile_text\"},\"activeselector\":false,\"original\":{\"width\":\"280\"},\"media\":{\"tablet\":{\"original\":{\"width-unit\":\"auto\"}}}}']<ul class=\"flocke\"><li>sind individuell konzipiert und optimiert<\/li><li>ber\u00fccksichtigen flexibel alle Verbraucher<\/li><li>sichern h\u00f6chste Qualit\u00e4t<\/li><li>sind m\u00fchelos bedienbar<\/li><\/ul>[\/oxy_rich_text][\/ct_div_block_3][\/ct_div_block_2][ct_div_block_2 ct_sign_sha256='3c2cb47eea28baacba1f376381add8ca861da9a7afb551cc33f8604a26ebf0c4' ct_options='{\"ct_id\":178,\"ct_parent\":28,\"selector\":\"div_block-178-163\",\"original\":{\"width\":\"100\",\"width-unit\":\"%\",\"flex-direction\":\"row\",\"display\":\"flex\",\"justify-content\":\"space-between\",\"text-align\":\"justify\"},\"media\":{\"phone-landscape\":{\"original\":{\"flex-direction\":\"column\",\"display\":\"flex\"}}},\"activeselector\":false}'][ct_div_block_3 ct_sign_sha256='a5a60c21549e20f2727a726538b63a10003768a0c6824af2326a92838b175cff' ct_options='{\"ct_id\":102,\"ct_parent\":178,\"selector\":\"div_block-102-47\",\"original\":{\"width-unit\":\"%\",\"margin-top\":\"25\",\"flex-direction\":\"row\",\"display\":\"flex\",\"align-items\":\"center\",\"width\":\"48\"},\"activeselector\":false,\"media\":{\"tablet\":{\"original\":{\"display\":\"flex\",\"flex-direction\":\"column\"}},\"phone-landscape\":{\"original\":{\"width\":\"100\",\"width-unit\":\"%\"}}}}'][ct_image ct_sign_sha256='aa125206c050987797d7c838d32537677058577331326e84606942d4a31eb68a' ct_options='{\"ct_id\":104,\"ct_parent\":102,\"selector\":\"image-104-47\",\"original\":{\"src\":\"https:\/\/iat-kaelte.de\/wp-content\/uploads\/2021\/02\/IAT-Waermebehandlung-Haerteoefen.jpg\"},\"activeselector\":false,\"classes\":{}}'][\/ct_image][\/ct_div_block_3][ct_div_block_3 ct_sign_sha256='a667f65ecf8959872e3f0846e09b8be8688baf2c4c6c3c90b9caef12a07b291f' ct_options='{\"ct_id\":180,\"ct_parent\":178,\"selector\":\"div_block-180-163\",\"original\":{\"width-unit\":\"%\",\"width\":\"48\",\"margin-top\":\"25\",\"flex-direction\":\"row\",\"display\":\"flex\",\"align-items\":\"center\"},\"activeselector\":false,\"media\":{\"tablet\":{\"original\":{\"display\":\"flex\",\"flex-direction\":\"column\"}},\"phone-landscape\":{\"original\":{\"width\":\"100\",\"width-unit\":\"%\"}}}}'][ct_image ct_sign_sha256='f8f46190101e717b4e0d7376f0284b4506da61f03054f0ce7eb640fa4637ace6' ct_options='{\"ct_id\":181,\"ct_parent\":180,\"selector\":\"image-181-163\",\"original\":{\"src\":\"https:\/\/iat-kaelte.de\/wp-content\/uploads\/2021\/02\/waermebehandlung.jpg\"},\"activeselector\":false,\"classes\":{}}'][\/ct_image][\/ct_div_block_3][\/ct_div_block_2][\/ct_section][ct_section ct_sign_sha256='60d09943897153e67799b9f4475852050b28490bce28c4ec50d67bdc9c0cfdfa' ct_options='{\"ct_id\":164,\"ct_parent\":0,\"selector\":\"section-164-47\",\"activeselector\":false,\"classes\":{\"0\":\"cta_background\"}}'][ct_div_block_2 ct_sign_sha256='ecb1b002dddf1f4e89ad908cadeb45faded1307b3844ea8cb935bfd2313c967b' ct_options='{\"ct_id\":165,\"ct_parent\":164,\"selector\":\"div_block-165-47\",\"activeselector\":false,\"media\":{\"phone-portrait\":{\"original\":{\"padding-right\":\"34\",\"padding-left\":\"24\"}}},\"classes\":{\"0\":\"box_1\"},\"original\":{\"padding-right\":\"122\",\"margin-top\":\"-150\"}}'][ct_div_block_3 ct_sign_sha256='5613735a5debf188dbaabaebd1ec2886638f8bf80b9d62fedf425f24480d1793' ct_options='{\"ct_id\":166,\"ct_parent\":165,\"selector\":\"div_block-166-47\",\"original\":{\"width-unit\":\"%\",\"width\":\"100\"},\"media\":{\"tablet\":{\"original\":{\"display\":\"flex\",\"align-items\":\"flex-start\",\"text-align\":\"left\"}}}}'][ct_headline ct_sign_sha256='8e9ede50b5a0461767284e9d214344cd8187d781eaca53379c788b7e7d3ac2d7' ct_options='{\"ct_id\":167,\"ct_parent\":166,\"selector\":\"headline-167-47\",\"original\":{\"tag\":\"h4\"},\"classes\":{\"0\":\"cta_head\"},\"activeselector\":\"cta_head\"}']Sie m\u00f6chten mehr \u00fcber unsere K\u00fchlsysteme f\u00fcr die Industrie wissen?[\/ct_headline][ct_div_block_4 ct_sign_sha256='32dd957ffc1a3e69f4b2a3bbc67631009dbd6c7b83dcbb962174bf3ee2ee4777' ct_options='{\"ct_id\":168,\"ct_parent\":166,\"selector\":\"div_block-168-47\",\"original\":{\"min-height\":\"0\"},\"classes\":{\"0\":\"cta_linie\"}}'][\/ct_div_block_4][oxy_rich_text ct_sign_sha256='742fcd2ff15e2f9691bc5a946768fdad9dfa54ca72bf9097e668479892ccee43' ct_options='{\"ct_id\":169,\"ct_parent\":166,\"selector\":\"_rich_text-169-47\",\"classes\":{\"0\":\"cta_text\"}}']<p>In einem ersten pers\u00f6nlichen Gespr\u00e4ch k\u00f6nnen wir die Rahmenbedingungen kl\u00e4ren.<\/p>[\/oxy_rich_text][\/ct_div_block_3][ct_div_block_3 ct_sign_sha256='18d19b9b9ae0c651a9f3eae9a06ef58f3275b46142b0d30efd70b77454ba398b' ct_options='{\"ct_id\":170,\"ct_parent\":165,\"selector\":\"div_block-170-47\",\"original\":{\"width-unit\":\"%\",\"width\":\"80\",\"align-items\":\"flex-end\",\"text-align\":\"right\"},\"media\":{\"phone-landscape\":{\"original\":{\"width-unit\":\"%\",\"width\":\"100\",\"flex-direction\":\"column\",\"display\":\"flex\",\"align-items\":\"center\",\"text-align\":\"center\"}}}}'][ct_link_4 ct_sign_sha256='0f6deca843e8eb490e76c6515af3898d336b19bf8e7c2f02a79795f572026b38' ct_options='{\"ct_id\":171,\"ct_parent\":170,\"selector\":\"link-171-47\",\"original\":{\"position\":\"relative\",\"align-items\":\"center\",\"text-align\":\"center\",\"justify-content\":\"center\",\"url\":\"https:\/\/iat-kaelte.de\/kontakt\/\",\"target\":\"\",\"transition-duration\":\"0.4\",\"url_encoded\":\"true\"},\"hover\":{\"transform\":{\"0\":{\"transform-type\":\"scale\",\"rotateAngle\":\"-5\",\"scaleX\":\"1.1\",\"scaleY\":\"1.1\",\"scaleZ\":\"\"}}}}'][ct_image ct_sign_sha256='a4f6b69ed468653f1babbfbc816b9b9750e1c772dcd5c17402c885532129ad4a' ct_options='{\"ct_id\":172,\"ct_parent\":171,\"selector\":\"image-172-47\",\"original\":{\"src\":\"https:\/\/iat-kaelte.de\/wp-content\/uploads\/2021\/01\/button-outline.svg\"},\"classes\":{\"0\":\"cta_button\"}}'][\/ct_image][ct_text_block ct_sign_sha256='775de0887960112c982056bf0a36922e10512f28ba45047cbfeb90c126259169' ct_options='{\"ct_id\":173,\"ct_parent\":171,\"selector\":\"text_block-173-47\",\"activeselector\":\"cta_button_text\",\"classes\":{\"0\":\"cta_button_text\"}}']\u00bb Kontaktieren Sie uns![\/ct_text_block][\/ct_link_4][\/ct_div_block_3][\/ct_div_block_2][\/ct_section]","ct_template_type":"","ct_parent_template":0},"acf":[],"yoast_head":"<!-- This site is optimized with the Yoast SEO plugin v20.13 - https:\/\/yoast.com\/wordpress\/plugins\/seo\/ -->\n<title>K\u00fchlanlagen f\u00fcr W\u00e4rmebehandlung im H\u00e4rteofen \u00bb IAT GmbH<\/title>\n<meta name=\"description\" content=\"Industrielle K\u00fchlanlagen speziell f\u00fcr die W\u00e4rmebehandlung in H\u00e4rte\u00f6fen \u25b6 Beratung\u2713 Fertigung\u2713 Montage\u2713 \u27a5 Jetzt mehr erfahren!\" \/>\n<meta name=\"robots\" content=\"index, follow, max-snippet:-1, max-image-preview:large, max-video-preview:-1\" \/>\n<link rel=\"canonical\" href=\"https:\/\/iat-kaelte.de\/en\/loesungen\/waermebehandlung\/\" \/>\n<meta property=\"og:locale\" content=\"en_GB\" \/>\n<meta property=\"og:type\" content=\"article\" \/>\n<meta property=\"og:title\" content=\"K\u00fchlanlagen f\u00fcr W\u00e4rmebehandlung im H\u00e4rteofen \u00bb IAT GmbH\" \/>\n<meta property=\"og:description\" content=\"Industrielle K\u00fchlanlagen speziell f\u00fcr die W\u00e4rmebehandlung in H\u00e4rte\u00f6fen \u25b6 Beratung\u2713 Fertigung\u2713 Montage\u2713 \u27a5 Jetzt mehr erfahren!\" \/>\n<meta property=\"og:url\" content=\"https:\/\/iat-kaelte.de\/en\/loesungen\/waermebehandlung\/\" \/>\n<meta property=\"og:site_name\" content=\"Innovative Anlagentechnik GmbH\" \/>\n<meta property=\"article:modified_time\" content=\"2021-02-19T12:44:39+00:00\" \/>\n<meta property=\"og:image\" content=\"https:\/\/iat-kaelte.de\/wp-content\/uploads\/2021\/02\/waerme-1.jpg\" \/>\n\t<meta property=\"og:image:width\" content=\"1600\" \/>\n\t<meta property=\"og:image:height\" content=\"600\" \/>\n\t<meta property=\"og:image:type\" content=\"image\/jpeg\" \/>\n<meta name=\"twitter:card\" content=\"summary_large_image\" \/>\n<script type=\"application\/ld+json\" class=\"yoast-schema-graph\">{\"@context\":\"https:\/\/schema.org\",\"@graph\":[{\"@type\":\"WebPage\",\"@id\":\"https:\/\/iat-kaelte.de\/loesungen\/waermebehandlung\/\",\"url\":\"https:\/\/iat-kaelte.de\/loesungen\/waermebehandlung\/\",\"name\":\"K\u00fchlanlagen f\u00fcr W\u00e4rmebehandlung im H\u00e4rteofen \u00bb IAT GmbH\",\"isPartOf\":{\"@id\":\"https:\/\/iat-kaelte.de\/#website\"},\"datePublished\":\"2021-02-01T10:37:56+00:00\",\"dateModified\":\"2021-02-19T12:44:39+00:00\",\"description\":\"Industrielle K\u00fchlanlagen speziell f\u00fcr die W\u00e4rmebehandlung in H\u00e4rte\u00f6fen \u25b6 Beratung\u2713 Fertigung\u2713 Montage\u2713 \u27a5 Jetzt mehr erfahren!\",\"breadcrumb\":{\"@id\":\"https:\/\/iat-kaelte.de\/loesungen\/waermebehandlung\/#breadcrumb\"},\"inLanguage\":\"en-GB\",\"potentialAction\":[{\"@type\":\"ReadAction\",\"target\":[\"https:\/\/iat-kaelte.de\/loesungen\/waermebehandlung\/\"]}]},{\"@type\":\"BreadcrumbList\",\"@id\":\"https:\/\/iat-kaelte.de\/loesungen\/waermebehandlung\/#breadcrumb\",\"itemListElement\":[{\"@type\":\"ListItem\",\"position\":1,\"name\":\"Startseite\",\"item\":\"https:\/\/iat-kaelte.de\/\"},{\"@type\":\"ListItem\",\"position\":2,\"name\":\"L\u00f6sungen\",\"item\":\"https:\/\/iat-kaelte.de\/loesungen\/\"},{\"@type\":\"ListItem\",\"position\":3,\"name\":\"W\u00e4rmebehandlung\"}]},{\"@type\":\"WebSite\",\"@id\":\"https:\/\/iat-kaelte.de\/#website\",\"url\":\"https:\/\/iat-kaelte.de\/\",\"name\":\"Innovative Anlagentechnik GmbH\",\"description\":\"Kaltwasser - Klima - Steuerungstechnik\",\"publisher\":{\"@id\":\"https:\/\/iat-kaelte.de\/#organization\"},\"alternateName\":\"IAT-K\u00e4lte\",\"potentialAction\":[{\"@type\":\"SearchAction\",\"target\":{\"@type\":\"EntryPoint\",\"urlTemplate\":\"https:\/\/iat-kaelte.de\/?s={search_term_string}\"},\"query-input\":\"required name=search_term_string\"}],\"inLanguage\":\"en-GB\"},{\"@type\":\"Organization\",\"@id\":\"https:\/\/iat-kaelte.de\/#organization\",\"name\":\"IAT - Innovative Anlagentechnik GmbH\",\"alternateName\":\"IAT-K\u00e4lte GmbH\",\"url\":\"https:\/\/iat-kaelte.de\/\",\"logo\":{\"@type\":\"ImageObject\",\"inLanguage\":\"en-GB\",\"@id\":\"https:\/\/iat-kaelte.de\/#\/schema\/logo\/image\/\",\"url\":\"https:\/\/iat-kaelte.de\/wp-content\/uploads\/2020\/11\/logo.svg\",\"contentUrl\":\"https:\/\/iat-kaelte.de\/wp-content\/uploads\/2020\/11\/logo.svg\",\"width\":286.58,\"height\":75.14,\"caption\":\"IAT - Innovative Anlagentechnik GmbH\"},\"image\":{\"@id\":\"https:\/\/iat-kaelte.de\/#\/schema\/logo\/image\/\"}}]}<\/script>\n<!-- \/ Yoast SEO plugin. -->","yoast_head_json":{"title":"K\u00fchlanlagen f\u00fcr W\u00e4rmebehandlung im H\u00e4rteofen \u00bb IAT GmbH","description":"Industrielle K\u00fchlanlagen speziell f\u00fcr die W\u00e4rmebehandlung in H\u00e4rte\u00f6fen \u25b6 Beratung\u2713 Fertigung\u2713 Montage\u2713 \u27a5 Jetzt mehr erfahren!","robots":{"index":"index","follow":"follow","max-snippet":"max-snippet:-1","max-image-preview":"max-image-preview:large","max-video-preview":"max-video-preview:-1"},"canonical":"https:\/\/iat-kaelte.de\/en\/loesungen\/waermebehandlung\/","og_locale":"en_GB","og_type":"article","og_title":"K\u00fchlanlagen f\u00fcr W\u00e4rmebehandlung im H\u00e4rteofen \u00bb IAT GmbH","og_description":"Industrielle K\u00fchlanlagen speziell f\u00fcr die W\u00e4rmebehandlung in H\u00e4rte\u00f6fen \u25b6 Beratung\u2713 Fertigung\u2713 Montage\u2713 \u27a5 Jetzt mehr erfahren!","og_url":"https:\/\/iat-kaelte.de\/en\/loesungen\/waermebehandlung\/","og_site_name":"Innovative Anlagentechnik GmbH","article_modified_time":"2021-02-19T12:44:39+00:00","og_image":[{"width":1600,"height":600,"url":"https:\/\/iat-kaelte.de\/wp-content\/uploads\/2021\/02\/waerme-1.jpg","type":"image\/jpeg"}],"twitter_card":"summary_large_image","schema":{"@context":"https:\/\/schema.org","@graph":[{"@type":"WebPage","@id":"https:\/\/iat-kaelte.de\/loesungen\/waermebehandlung\/","url":"https:\/\/iat-kaelte.de\/loesungen\/waermebehandlung\/","name":"K\u00fchlanlagen f\u00fcr W\u00e4rmebehandlung im H\u00e4rteofen \u00bb IAT GmbH","isPartOf":{"@id":"https:\/\/iat-kaelte.de\/#website"},"datePublished":"2021-02-01T10:37:56+00:00","dateModified":"2021-02-19T12:44:39+00:00","description":"Industrielle K\u00fchlanlagen speziell f\u00fcr die W\u00e4rmebehandlung in H\u00e4rte\u00f6fen \u25b6 Beratung\u2713 Fertigung\u2713 Montage\u2713 \u27a5 Jetzt mehr erfahren!","breadcrumb":{"@id":"https:\/\/iat-kaelte.de\/loesungen\/waermebehandlung\/#breadcrumb"},"inLanguage":"en-GB","potentialAction":[{"@type":"ReadAction","target":["https:\/\/iat-kaelte.de\/loesungen\/waermebehandlung\/"]}]},{"@type":"BreadcrumbList","@id":"https:\/\/iat-kaelte.de\/loesungen\/waermebehandlung\/#breadcrumb","itemListElement":[{"@type":"ListItem","position":1,"name":"Startseite","item":"https:\/\/iat-kaelte.de\/"},{"@type":"ListItem","position":2,"name":"L\u00f6sungen","item":"https:\/\/iat-kaelte.de\/loesungen\/"},{"@type":"ListItem","position":3,"name":"W\u00e4rmebehandlung"}]},{"@type":"WebSite","@id":"https:\/\/iat-kaelte.de\/#website","url":"https:\/\/iat-kaelte.de\/","name":"Innovative Anlagentechnik GmbH","description":"Kaltwasser - Klima - Steuerungstechnik","publisher":{"@id":"https:\/\/iat-kaelte.de\/#organization"},"alternateName":"IAT-K\u00e4lte","potentialAction":[{"@type":"SearchAction","target":{"@type":"EntryPoint","urlTemplate":"https:\/\/iat-kaelte.de\/?s={search_term_string}"},"query-input":"required name=search_term_string"}],"inLanguage":"en-GB"},{"@type":"Organization","@id":"https:\/\/iat-kaelte.de\/#organization","name":"IAT - Innovative Anlagentechnik GmbH","alternateName":"IAT-K\u00e4lte GmbH","url":"https:\/\/iat-kaelte.de\/","logo":{"@type":"ImageObject","inLanguage":"en-GB","@id":"https:\/\/iat-kaelte.de\/#\/schema\/logo\/image\/","url":"https:\/\/iat-kaelte.de\/wp-content\/uploads\/2020\/11\/logo.svg","contentUrl":"https:\/\/iat-kaelte.de\/wp-content\/uploads\/2020\/11\/logo.svg","width":286.58,"height":75.14,"caption":"IAT - Innovative Anlagentechnik GmbH"},"image":{"@id":"https:\/\/iat-kaelte.de\/#\/schema\/logo\/image\/"}}]}},"_links":{"self":[{"href":"https:\/\/iat-kaelte.de\/en\/wp-json\/wp\/v2\/pages\/163"}],"collection":[{"href":"https:\/\/iat-kaelte.de\/en\/wp-json\/wp\/v2\/pages"}],"about":[{"href":"https:\/\/iat-kaelte.de\/en\/wp-json\/wp\/v2\/types\/page"}],"author":[{"embeddable":true,"href":"https:\/\/iat-kaelte.de\/en\/wp-json\/wp\/v2\/users\/1"}],"replies":[{"embeddable":true,"href":"https:\/\/iat-kaelte.de\/en\/wp-json\/wp\/v2\/comments?post=163"}],"version-history":[{"count":2,"href":"https:\/\/iat-kaelte.de\/en\/wp-json\/wp\/v2\/pages\/163\/revisions"}],"predecessor-version":[{"id":169,"href":"https:\/\/iat-kaelte.de\/en\/wp-json\/wp\/v2\/pages\/163\/revisions\/169"}],"up":[{"embeddable":true,"href":"https:\/\/iat-kaelte.de\/en\/wp-json\/wp\/v2\/pages\/147"}],"wp:featuredmedia":[{"embeddable":true,"href":"https:\/\/iat-kaelte.de\/en\/wp-json\/wp\/v2\/media\/211"}],"wp:attachment":[{"href":"https:\/\/iat-kaelte.de\/en\/wp-json\/wp\/v2\/media?parent=163"}],"curies":[{"name":"wp","href":"https:\/\/api.w.org\/{rel}","templated":true}]}}