{"id":161,"date":"2021-02-01T11:35:16","date_gmt":"2021-02-01T10:35:16","guid":{"rendered":"http:\/\/new.iat-kaelte.de\/?page_id=161"},"modified":"2021-02-19T13:36:06","modified_gmt":"2021-02-19T12:36:06","slug":"metallbearbeitung","status":"publish","type":"page","link":"https:\/\/iat-kaelte.de\/en\/loesungen\/metallbearbeitung\/","title":{"rendered":"Metalworking"},"content":{"rendered":"","protected":false},"excerpt":{"rendered":"","protected":false},"author":1,"featured_media":209,"parent":147,"menu_order":0,"comment_status":"closed","ping_status":"closed","template":"","meta":{"ct_builder_shortcodes":"[ct_section ct_sign_sha256='1f7d72609e5f5159459b7d92798876eab8c9ff7cf0d280174cc970adcafd4e60' ct_options='{\"ct_id\":17,\"ct_parent\":0,\"selector\":\"section-17-15\",\"activeselector\":false,\"classes\":{\"0\":\"header_image\"},\"original\":{\"background-image\":\"[oxygen ct_sign_sha256='216211043951e09a29fe690e653f791d9ba586f6a700e7368fa96b326fb73634' data='featured_image' size='2000x1300' ]\",\"background-imagedynamic\":true}}'][ct_headline ct_sign_sha256='6bdfc381e56aff79fd0d9f514d762b47f82c26d66798c8900cb779e493cdf064' ct_options='{\"ct_id\":22,\"ct_parent\":17,\"selector\":\"headline-22-15\",\"activeselector\":\"text_schatten\",\"original\":{\"color\":\"color(3)\"},\"classes\":{\"0\":\"head_1\",\"1\":\"text_schatten\"}}']Metallbearbeitung<br>[\/ct_headline][ct_div_block_2 ct_sign_sha256='8ceef5c98ab9362a96dbd7c6c261895ab034f52f850dcd52b46f42425f39b1cd' ct_options='{\"ct_id\":26,\"ct_parent\":17,\"selector\":\"div_block-26-15\",\"classes\":{\"0\":\"linie_sep\",\"1\":\"div_schatten\"},\"activeselector\":\"div_schatten\",\"original\":{\"min-height\":\"0\",\"background-color\":\"color(3)\"}}'][\/ct_div_block_2][\/ct_section][ct_div_block ct_sign_sha256='ce31ab48c62f5c62cff1a93febb1c7c0e90f57176f31339b9bc1191f794d41ae' ct_options='{\"ct_id\":18,\"ct_parent\":0,\"selector\":\"div_block-18-15\",\"activeselector\":\"separator_unten\",\"classes\":{\"0\":\"separator_unten\"},\"nicename\":\"separator\"}'][\/ct_div_block][ct_section ct_sign_sha256='8038420c1155881fa35dbf48cf15d23f1b2736e2f272877c732ae639773adb25' ct_options='{\"ct_id\":28,\"ct_parent\":0,\"selector\":\"section-28-15\",\"original\":{\"container-padding-bottom\":\"50\",\"flex-direction\":\"column\",\"display\":\"flex\",\"text-align\":\"left\"},\"classes\":{\"0\":\"section_block\"},\"activeselector\":false,\"media\":{\"tablet\":{\"original\":{}}}}'][ct_headline ct_sign_sha256='0d7283f45ba1a8a3152b8c3aa1caf122bc4ae7ee6519266e94f14ba037c83276' ct_options='{\"ct_id\":199,\"ct_parent\":28,\"selector\":\"headline-199-117\",\"original\":{\"tag\":\"h2\"},\"activeselector\":\"text_h2\",\"classes\":{\"0\":\"text_h2\"}}']Ma\u00dfgeschneiderte K\u00fchlsysteme f\u00fcr die metallverarbeitende Industrie[\/ct_headline][oxy_rich_text ct_sign_sha256='1a8b0f1bb6c284a151edd7c9c585878c032a642b534ea5de8b856a59cc941960' ct_options='{\"ct_id\":194,\"ct_parent\":28,\"selector\":\"_rich_text-194-117\",\"activeselector\":\"text\",\"classes\":{\"0\":\"text\"}}']<p>Verfahrensk\u00e4lte wird in der Metallverarbeitung f\u00fcr verschiedenste Produktionsabl\u00e4ufe und Prozesse ben\u00f6tigt. Neben der optimalen Erf\u00fcllung der Anforderungen ist in diesem Bereich auch die Energieeffizienz der eingesetzten K\u00e4ltetechnik ein wichtiger Aspekt, besonders in Hinsicht auf die steigenden Energiekosten.<strong> Maximale Leistung mit m\u00f6glichst geringen Betriebskosten zu erreichen und dabei kosteneffizient alle K\u00e4lteabnehmer zu versorgen<\/strong>, ist der Ausgangspunkt f\u00fcr unsere Planung Ihrer Anlagentechnik.\u00a0Hierbei kommen verst\u00e4rkt <a href=\"https:\/\/iat-kaelte.de\/produkte\/containeranlagen\/\">Containerl\u00f6sungen \/ Konzepte<\/a> zum tragen.<\/p>[\/oxy_rich_text][\/ct_section][ct_section ct_sign_sha256='e184e82e708452abf779202118c38bc96335d4a79faf617a0310bde799805979' ct_options='{\"ct_id\":200,\"ct_parent\":0,\"selector\":\"section-200-161\",\"original\":{\"container-padding-bottom\":\"117\",\"container-padding-top\":\"0\"},\"classes\":{\"0\":\"section_block\"},\"activeselector\":false,\"media\":{\"tablet\":{\"original\":{}},\"phone-landscape\":{\"original\":{\"container-padding-bottom\":\"50\"}}}}'][ct_div_block_2 ct_sign_sha256='02185a78c87e01111b81d63c0eabb32f7c955d59b32ff879de52a7f933dca462' ct_options='{\"ct_id\":188,\"ct_parent\":200,\"selector\":\"div_block-188-117\",\"original\":{\"flex-direction\":\"row\",\"display\":\"flex\",\"justify-content\":\"space-between\",\"text-align\":\"justify\",\"padding-top\":\"0\"},\"media\":{\"phone-landscape\":{\"original\":{\"flex-direction\":\"column\",\"display\":\"flex\"}}},\"activeselector\":false}'][ct_div_block_3 ct_sign_sha256='e567d33e5996d2aa8a84ec56b66d53bc8813e124b353b34ba19b1b5ae511b04f' ct_options='{\"ct_id\":190,\"ct_parent\":188,\"selector\":\"div_block-190-117\",\"original\":{\"width\":\"48\",\"width-unit\":\"%\",\"margin-top\":\"00\",\"padding-top\":\"0\"},\"media\":{\"phone-landscape\":{\"original\":{\"width\":\"100\",\"width-unit\":\"%\"}}}}'][ct_image ct_sign_sha256='c1de9fc57fdbd00cf1972fe5a5e2b0fcb14a25b2be7412fef8f48116a5ef74f8' ct_options='{\"ct_id\":185,\"ct_parent\":190,\"selector\":\"image-185-117\",\"original\":{\"src\":\"https:\/\/iat-kaelte.de\/wp-content\/uploads\/2021\/02\/metallbearbeitung.jpg\"},\"activeselector\":false}'][\/ct_image][\/ct_div_block_3][ct_div_block_3 ct_sign_sha256='235c551e5049894b36193eec9f79022ed50f311e7b6fac6f11389a06dada5e92' ct_options='{\"ct_id\":191,\"ct_parent\":188,\"selector\":\"div_block-191-117\",\"original\":{\"width\":\"48\",\"width-unit\":\"%\",\"margin-top\":\"00\",\"padding-top\":\"0\"},\"media\":{\"phone-landscape\":{\"original\":{\"width-unit\":\"%\",\"width\":\"100\"}}},\"classes\":{\"0\":\"text\"},\"activeselector\":\"text\"}'][ct_headline ct_sign_sha256='674f1b263d50530495abdde9839792425803f64542585157e0103a3030a8d008' ct_options='{\"ct_id\":53,\"ct_parent\":191,\"selector\":\"headline-53-15\",\"original\":{\"tag\":\"h2\"},\"activeselector\":false,\"classes\":{\"0\":\"text_h2\"},\"media\":{\"tablet\":{\"original\":{\"text-align\":\"left\"}},\"phone-landscape\":{\"original\":{\"text-align\":\"center\",\"margin-top\":\"25\"}}}}']Optimal gek\u00fchlt \u2013 wir liefern die L\u00f6sung!<br>[\/ct_headline][oxy_rich_text ct_sign_sha256='4c8e745d0c7562cc5036792eea87b723e0dc8546033f4fd5832d2d043da79479' ct_options='{\"ct_id\":52,\"ct_parent\":191,\"selector\":\"_rich_text-52-15\",\"activeselector\":false,\"classes\":{\"0\":\"text\"},\"media\":{\"tablet\":{\"original\":{\"text-align\":\"left\"}},\"phone-landscape\":{\"original\":{\"text-align\":\"center\"}}}}']<p>Die IAT GmbH orientiert sich an den Bed\u00fcrfnissen ihrer Kunden. Kurze Entscheidungswege sind bei uns gelebte Unternehmenskultur. Sie haben einen Ansprechpartner im Unternehmen und unsere MitarbeiterInnen verf\u00fcgen \u00fcber eine hohe Entscheidungskompetenz.<\/p><p>F\u00fcr den Aufbau unserer Anlagen verwenden wir Komponenten nur von f\u00fchrenden Herstellern, die weltweit vertreten sind und die langj\u00e4hrigen Ersatzteil-, Wartungs- und Reparaturservice garantieren.<\/p>[\/oxy_rich_text][\/ct_div_block_3][\/ct_div_block_2][\/ct_section][ct_section ct_sign_sha256='a6cee07d1f3f1d68d31ae810f5e4bbdda55b8f2cdeb4415b88812036a1fb197d' ct_options='{\"ct_id\":164,\"ct_parent\":0,\"selector\":\"section-164-47\",\"activeselector\":false,\"classes\":{\"0\":\"cta_background\"}}'][ct_div_block_2 ct_sign_sha256='e04e5031e732306b99fde3e7ae7f015ae152c785693cb1e14586392af6fef5d4' ct_options='{\"ct_id\":165,\"ct_parent\":164,\"selector\":\"div_block-165-47\",\"activeselector\":false,\"media\":{\"phone-portrait\":{\"original\":{\"padding-right\":\"34\",\"padding-left\":\"24\"}}},\"classes\":{\"0\":\"box_1\"},\"original\":{\"padding-right\":\"122\",\"margin-top\":\"-150\"}}'][ct_div_block_3 ct_sign_sha256='9e30d41e1426da8d9c296947df3bfd2e9d07bcedf6c7ccaf79f57d988398ecad' ct_options='{\"ct_id\":166,\"ct_parent\":165,\"selector\":\"div_block-166-47\",\"original\":{\"width-unit\":\"%\",\"width\":\"100\"},\"media\":{\"tablet\":{\"original\":{\"display\":\"flex\",\"align-items\":\"flex-start\",\"text-align\":\"left\"}}}}'][ct_headline ct_sign_sha256='932229c05adf4fe96c3fc0c7728c8d09b11c5d410ae9cdffd84fabbfbc2d9e3f' ct_options='{\"ct_id\":167,\"ct_parent\":166,\"selector\":\"headline-167-47\",\"original\":{\"tag\":\"h4\"},\"classes\":{\"0\":\"cta_head\"},\"activeselector\":\"cta_head\"}']Sie m\u00f6chten mehr \u00fcber den Einsatz von K\u00fchlanlagen in der Metallverarbeitung wissen?[\/ct_headline][ct_div_block_4 ct_sign_sha256='32dd957ffc1a3e69f4b2a3bbc67631009dbd6c7b83dcbb962174bf3ee2ee4777' ct_options='{\"ct_id\":168,\"ct_parent\":166,\"selector\":\"div_block-168-47\",\"original\":{\"min-height\":\"0\"},\"classes\":{\"0\":\"cta_linie\"}}'][\/ct_div_block_4][oxy_rich_text ct_sign_sha256='bac9d0e0bc68742c19451839219a519df6f1e2a9a7b7c022c2404c667b7dddff' ct_options='{\"ct_id\":169,\"ct_parent\":166,\"selector\":\"_rich_text-169-47\",\"classes\":{\"0\":\"cta_text\"}}']<p>Sprechen sie uns an! Gerne planen wir mit ihnen gemeinsam eine ma\u00dfgeschneiderte K\u00fchll\u00f6sung.<\/p>[\/oxy_rich_text][\/ct_div_block_3][ct_div_block_3 ct_sign_sha256='18d19b9b9ae0c651a9f3eae9a06ef58f3275b46142b0d30efd70b77454ba398b' ct_options='{\"ct_id\":170,\"ct_parent\":165,\"selector\":\"div_block-170-47\",\"original\":{\"width-unit\":\"%\",\"width\":\"80\",\"align-items\":\"flex-end\",\"text-align\":\"right\"},\"media\":{\"phone-landscape\":{\"original\":{\"width-unit\":\"%\",\"width\":\"100\",\"flex-direction\":\"column\",\"display\":\"flex\",\"align-items\":\"center\",\"text-align\":\"center\"}}}}'][ct_link_4 ct_sign_sha256='0f6deca843e8eb490e76c6515af3898d336b19bf8e7c2f02a79795f572026b38' ct_options='{\"ct_id\":171,\"ct_parent\":170,\"selector\":\"link-171-47\",\"original\":{\"position\":\"relative\",\"align-items\":\"center\",\"text-align\":\"center\",\"justify-content\":\"center\",\"url\":\"https:\/\/iat-kaelte.de\/kontakt\/\",\"target\":\"\",\"transition-duration\":\"0.4\",\"url_encoded\":\"true\"},\"hover\":{\"transform\":{\"0\":{\"transform-type\":\"scale\",\"rotateAngle\":\"-5\",\"scaleX\":\"1.1\",\"scaleY\":\"1.1\",\"scaleZ\":\"\"}}}}'][ct_image ct_sign_sha256='a4f6b69ed468653f1babbfbc816b9b9750e1c772dcd5c17402c885532129ad4a' ct_options='{\"ct_id\":172,\"ct_parent\":171,\"selector\":\"image-172-47\",\"original\":{\"src\":\"https:\/\/iat-kaelte.de\/wp-content\/uploads\/2021\/01\/button-outline.svg\"},\"classes\":{\"0\":\"cta_button\"}}'][\/ct_image][ct_text_block ct_sign_sha256='775de0887960112c982056bf0a36922e10512f28ba45047cbfeb90c126259169' ct_options='{\"ct_id\":173,\"ct_parent\":171,\"selector\":\"text_block-173-47\",\"activeselector\":\"cta_button_text\",\"classes\":{\"0\":\"cta_button_text\"}}']\u00bb Kontaktieren Sie uns![\/ct_text_block][\/ct_link_4][\/ct_div_block_3][\/ct_div_block_2][\/ct_section]","ct_template_type":"","ct_parent_template":0},"acf":[],"yoast_head":"<!-- This site is optimized with the Yoast SEO plugin v20.13 - https:\/\/yoast.com\/wordpress\/plugins\/seo\/ -->\n<title>K\u00fchlsysteme f\u00fcr die metallverarbeitende Industrie \u00bb IAT GmbH<\/title>\n<meta name=\"description\" content=\"Industrielle K\u00fchlanlagen speziell f\u00fcr die Metallverarbeitung \u25b6 Beratung\u2713 Fertigung\u2713 Montage\u2713 \u27a5 IAT GmbH - Mehr 25 Jahre Erfahrung!\" \/>\n<meta name=\"robots\" content=\"index, follow, max-snippet:-1, max-image-preview:large, max-video-preview:-1\" \/>\n<link rel=\"canonical\" href=\"https:\/\/iat-kaelte.de\/en\/loesungen\/metallbearbeitung\/\" \/>\n<meta property=\"og:locale\" content=\"en_GB\" \/>\n<meta property=\"og:type\" content=\"article\" \/>\n<meta property=\"og:title\" content=\"K\u00fchlsysteme f\u00fcr die metallverarbeitende Industrie \u00bb IAT GmbH\" \/>\n<meta property=\"og:description\" content=\"Industrielle K\u00fchlanlagen speziell f\u00fcr die Metallverarbeitung \u25b6 Beratung\u2713 Fertigung\u2713 Montage\u2713 \u27a5 IAT GmbH - Mehr 25 Jahre Erfahrung!\" \/>\n<meta property=\"og:url\" content=\"https:\/\/iat-kaelte.de\/en\/loesungen\/metallbearbeitung\/\" \/>\n<meta property=\"og:site_name\" content=\"Innovative Anlagentechnik GmbH\" \/>\n<meta property=\"article:modified_time\" content=\"2021-02-19T12:36:06+00:00\" \/>\n<meta property=\"og:image\" content=\"https:\/\/iat-kaelte.de\/wp-content\/uploads\/2021\/02\/metall.jpg\" \/>\n\t<meta property=\"og:image:width\" content=\"1600\" \/>\n\t<meta property=\"og:image:height\" content=\"600\" \/>\n\t<meta property=\"og:image:type\" content=\"image\/jpeg\" \/>\n<meta name=\"twitter:card\" content=\"summary_large_image\" \/>\n<script type=\"application\/ld+json\" class=\"yoast-schema-graph\">{\"@context\":\"https:\/\/schema.org\",\"@graph\":[{\"@type\":\"WebPage\",\"@id\":\"https:\/\/iat-kaelte.de\/loesungen\/metallbearbeitung\/\",\"url\":\"https:\/\/iat-kaelte.de\/loesungen\/metallbearbeitung\/\",\"name\":\"K\u00fchlsysteme f\u00fcr die metallverarbeitende Industrie \u00bb IAT GmbH\",\"isPartOf\":{\"@id\":\"https:\/\/iat-kaelte.de\/#website\"},\"datePublished\":\"2021-02-01T10:35:16+00:00\",\"dateModified\":\"2021-02-19T12:36:06+00:00\",\"description\":\"Industrielle K\u00fchlanlagen speziell f\u00fcr die Metallverarbeitung \u25b6 Beratung\u2713 Fertigung\u2713 Montage\u2713 \u27a5 IAT GmbH - Mehr 25 Jahre Erfahrung!\",\"breadcrumb\":{\"@id\":\"https:\/\/iat-kaelte.de\/loesungen\/metallbearbeitung\/#breadcrumb\"},\"inLanguage\":\"en-GB\",\"potentialAction\":[{\"@type\":\"ReadAction\",\"target\":[\"https:\/\/iat-kaelte.de\/loesungen\/metallbearbeitung\/\"]}]},{\"@type\":\"BreadcrumbList\",\"@id\":\"https:\/\/iat-kaelte.de\/loesungen\/metallbearbeitung\/#breadcrumb\",\"itemListElement\":[{\"@type\":\"ListItem\",\"position\":1,\"name\":\"Startseite\",\"item\":\"https:\/\/iat-kaelte.de\/\"},{\"@type\":\"ListItem\",\"position\":2,\"name\":\"L\u00f6sungen\",\"item\":\"https:\/\/iat-kaelte.de\/loesungen\/\"},{\"@type\":\"ListItem\",\"position\":3,\"name\":\"Metallbearbeitung\"}]},{\"@type\":\"WebSite\",\"@id\":\"https:\/\/iat-kaelte.de\/#website\",\"url\":\"https:\/\/iat-kaelte.de\/\",\"name\":\"Innovative Anlagentechnik GmbH\",\"description\":\"Kaltwasser - Klima - Steuerungstechnik\",\"publisher\":{\"@id\":\"https:\/\/iat-kaelte.de\/#organization\"},\"alternateName\":\"IAT-K\u00e4lte\",\"potentialAction\":[{\"@type\":\"SearchAction\",\"target\":{\"@type\":\"EntryPoint\",\"urlTemplate\":\"https:\/\/iat-kaelte.de\/?s={search_term_string}\"},\"query-input\":\"required name=search_term_string\"}],\"inLanguage\":\"en-GB\"},{\"@type\":\"Organization\",\"@id\":\"https:\/\/iat-kaelte.de\/#organization\",\"name\":\"IAT - Innovative Anlagentechnik GmbH\",\"alternateName\":\"IAT-K\u00e4lte GmbH\",\"url\":\"https:\/\/iat-kaelte.de\/\",\"logo\":{\"@type\":\"ImageObject\",\"inLanguage\":\"en-GB\",\"@id\":\"https:\/\/iat-kaelte.de\/#\/schema\/logo\/image\/\",\"url\":\"https:\/\/iat-kaelte.de\/wp-content\/uploads\/2020\/11\/logo.svg\",\"contentUrl\":\"https:\/\/iat-kaelte.de\/wp-content\/uploads\/2020\/11\/logo.svg\",\"width\":286.58,\"height\":75.14,\"caption\":\"IAT - Innovative Anlagentechnik GmbH\"},\"image\":{\"@id\":\"https:\/\/iat-kaelte.de\/#\/schema\/logo\/image\/\"}}]}<\/script>\n<!-- \/ Yoast SEO plugin. -->","yoast_head_json":{"title":"K\u00fchlsysteme f\u00fcr die metallverarbeitende Industrie \u00bb IAT GmbH","description":"Industrielle K\u00fchlanlagen speziell f\u00fcr die Metallverarbeitung \u25b6 Beratung\u2713 Fertigung\u2713 Montage\u2713 \u27a5 IAT GmbH - Mehr 25 Jahre Erfahrung!","robots":{"index":"index","follow":"follow","max-snippet":"max-snippet:-1","max-image-preview":"max-image-preview:large","max-video-preview":"max-video-preview:-1"},"canonical":"https:\/\/iat-kaelte.de\/en\/loesungen\/metallbearbeitung\/","og_locale":"en_GB","og_type":"article","og_title":"K\u00fchlsysteme f\u00fcr die metallverarbeitende Industrie \u00bb IAT GmbH","og_description":"Industrielle K\u00fchlanlagen speziell f\u00fcr die Metallverarbeitung \u25b6 Beratung\u2713 Fertigung\u2713 Montage\u2713 \u27a5 IAT GmbH - Mehr 25 Jahre Erfahrung!","og_url":"https:\/\/iat-kaelte.de\/en\/loesungen\/metallbearbeitung\/","og_site_name":"Innovative Anlagentechnik GmbH","article_modified_time":"2021-02-19T12:36:06+00:00","og_image":[{"width":1600,"height":600,"url":"https:\/\/iat-kaelte.de\/wp-content\/uploads\/2021\/02\/metall.jpg","type":"image\/jpeg"}],"twitter_card":"summary_large_image","schema":{"@context":"https:\/\/schema.org","@graph":[{"@type":"WebPage","@id":"https:\/\/iat-kaelte.de\/loesungen\/metallbearbeitung\/","url":"https:\/\/iat-kaelte.de\/loesungen\/metallbearbeitung\/","name":"K\u00fchlsysteme f\u00fcr die metallverarbeitende Industrie \u00bb IAT GmbH","isPartOf":{"@id":"https:\/\/iat-kaelte.de\/#website"},"datePublished":"2021-02-01T10:35:16+00:00","dateModified":"2021-02-19T12:36:06+00:00","description":"Industrielle K\u00fchlanlagen speziell f\u00fcr die Metallverarbeitung \u25b6 Beratung\u2713 Fertigung\u2713 Montage\u2713 \u27a5 IAT GmbH - Mehr 25 Jahre Erfahrung!","breadcrumb":{"@id":"https:\/\/iat-kaelte.de\/loesungen\/metallbearbeitung\/#breadcrumb"},"inLanguage":"en-GB","potentialAction":[{"@type":"ReadAction","target":["https:\/\/iat-kaelte.de\/loesungen\/metallbearbeitung\/"]}]},{"@type":"BreadcrumbList","@id":"https:\/\/iat-kaelte.de\/loesungen\/metallbearbeitung\/#breadcrumb","itemListElement":[{"@type":"ListItem","position":1,"name":"Startseite","item":"https:\/\/iat-kaelte.de\/"},{"@type":"ListItem","position":2,"name":"L\u00f6sungen","item":"https:\/\/iat-kaelte.de\/loesungen\/"},{"@type":"ListItem","position":3,"name":"Metallbearbeitung"}]},{"@type":"WebSite","@id":"https:\/\/iat-kaelte.de\/#website","url":"https:\/\/iat-kaelte.de\/","name":"Innovative Anlagentechnik GmbH","description":"Kaltwasser - Klima - Steuerungstechnik","publisher":{"@id":"https:\/\/iat-kaelte.de\/#organization"},"alternateName":"IAT-K\u00e4lte","potentialAction":[{"@type":"SearchAction","target":{"@type":"EntryPoint","urlTemplate":"https:\/\/iat-kaelte.de\/?s={search_term_string}"},"query-input":"required name=search_term_string"}],"inLanguage":"en-GB"},{"@type":"Organization","@id":"https:\/\/iat-kaelte.de\/#organization","name":"IAT - Innovative Anlagentechnik GmbH","alternateName":"IAT-K\u00e4lte GmbH","url":"https:\/\/iat-kaelte.de\/","logo":{"@type":"ImageObject","inLanguage":"en-GB","@id":"https:\/\/iat-kaelte.de\/#\/schema\/logo\/image\/","url":"https:\/\/iat-kaelte.de\/wp-content\/uploads\/2020\/11\/logo.svg","contentUrl":"https:\/\/iat-kaelte.de\/wp-content\/uploads\/2020\/11\/logo.svg","width":286.58,"height":75.14,"caption":"IAT - Innovative Anlagentechnik GmbH"},"image":{"@id":"https:\/\/iat-kaelte.de\/#\/schema\/logo\/image\/"}}]}},"_links":{"self":[{"href":"https:\/\/iat-kaelte.de\/en\/wp-json\/wp\/v2\/pages\/161"}],"collection":[{"href":"https:\/\/iat-kaelte.de\/en\/wp-json\/wp\/v2\/pages"}],"about":[{"href":"https:\/\/iat-kaelte.de\/en\/wp-json\/wp\/v2\/types\/page"}],"author":[{"embeddable":true,"href":"https:\/\/iat-kaelte.de\/en\/wp-json\/wp\/v2\/users\/1"}],"replies":[{"embeddable":true,"href":"https:\/\/iat-kaelte.de\/en\/wp-json\/wp\/v2\/comments?post=161"}],"version-history":[{"count":1,"href":"https:\/\/iat-kaelte.de\/en\/wp-json\/wp\/v2\/pages\/161\/revisions"}],"predecessor-version":[{"id":162,"href":"https:\/\/iat-kaelte.de\/en\/wp-json\/wp\/v2\/pages\/161\/revisions\/162"}],"up":[{"embeddable":true,"href":"https:\/\/iat-kaelte.de\/en\/wp-json\/wp\/v2\/pages\/147"}],"wp:featuredmedia":[{"embeddable":true,"href":"https:\/\/iat-kaelte.de\/en\/wp-json\/wp\/v2\/media\/209"}],"wp:attachment":[{"href":"https:\/\/iat-kaelte.de\/en\/wp-json\/wp\/v2\/media?parent=161"}],"curies":[{"name":"wp","href":"https:\/\/api.w.org\/{rel}","templated":true}]}}