{"id":117,"date":"2021-02-01T11:12:56","date_gmt":"2021-02-01T10:12:56","guid":{"rendered":"http:\/\/new.iat-kaelte.de\/?page_id=117"},"modified":"2021-02-19T13:32:33","modified_gmt":"2021-02-19T12:32:33","slug":"glasindustrie","status":"publish","type":"page","link":"https:\/\/iat-kaelte.de\/en\/loesungen\/glasindustrie\/","title":{"rendered":"Glass industry"},"content":{"rendered":"","protected":false},"excerpt":{"rendered":"","protected":false},"author":1,"featured_media":208,"parent":147,"menu_order":0,"comment_status":"closed","ping_status":"closed","template":"","meta":{"ct_builder_shortcodes":"[ct_section ct_sign_sha256='73bff6a75e0c9fd81c9956728fd6b5f8364029c58b7425f2a1f0aa6cbb384892' ct_options='{\"ct_id\":17,\"ct_parent\":0,\"selector\":\"section-17-15\",\"activeselector\":false,\"classes\":{\"0\":\"header_image\"},\"original\":{\"background-image\":\"[oxygen ct_sign_sha256='75a79773468f4900a8b658fd1581b78d55891e64ee28f4dabd1a746f184ba20f' data='featured_image' size='undefinedx2000' default='1300' ]\",\"background-imagedynamic\":true}}'][ct_headline ct_sign_sha256='099462f883b6a79445b90dd62fe458577bb7905acc27924c85fd751a3aa51fe8' ct_options='{\"ct_id\":22,\"ct_parent\":17,\"selector\":\"headline-22-15\",\"activeselector\":\"text_schatten\",\"original\":{\"color\":\"color(3)\"},\"classes\":{\"0\":\"head_1\",\"1\":\"text_schatten\"}}']Glasindustrie<br>[\/ct_headline][ct_div_block_2 ct_sign_sha256='8ceef5c98ab9362a96dbd7c6c261895ab034f52f850dcd52b46f42425f39b1cd' ct_options='{\"ct_id\":26,\"ct_parent\":17,\"selector\":\"div_block-26-15\",\"classes\":{\"0\":\"linie_sep\",\"1\":\"div_schatten\"},\"activeselector\":\"div_schatten\",\"original\":{\"min-height\":\"0\",\"background-color\":\"color(3)\"}}'][\/ct_div_block_2][\/ct_section][ct_div_block ct_sign_sha256='b5da05c23f6134d1b61a4bc65a1a7ea04e3d9b74e8e0a429758672fdccb5e893' ct_options='{\"ct_id\":18,\"ct_parent\":0,\"selector\":\"div_block-18-15\",\"activeselector\":false,\"classes\":{\"0\":\"separator_unten\"},\"nicename\":\"separator\",\"original\":{\"background-imagedynamic\":false,\"background-image\":\"https:\/\/iat-kaelte.de\/wp-content\/uploads\/2021\/01\/separator.svg\"}}'][\/ct_div_block][ct_section ct_sign_sha256='b87756315c49fd317df9d4bf413c793f2364321fc95a8742f5454797cea9e306' ct_options='{\"ct_id\":28,\"ct_parent\":0,\"selector\":\"section-28-15\",\"original\":{\"container-padding-bottom\":\"0\",\"flex-direction\":\"column\",\"display\":\"flex\",\"text-align\":\"left\"},\"classes\":{\"0\":\"section_block\"},\"activeselector\":false,\"media\":{\"tablet\":{\"original\":{}}}}'][ct_headline ct_sign_sha256='01461945cdca8810a4b5538d1cb7453bd649cf25ac3f3bc6c17ea9cc59e1a22c' ct_options='{\"ct_id\":199,\"ct_parent\":28,\"selector\":\"headline-199-117\",\"activeselector\":\"text_h2\",\"classes\":{\"0\":\"text_h2\"},\"original\":{\"tag\":\"h2\"}}']Unsere Kompetenz: Ma\u00dfgeschneiderte K\u00e4ltel\u00f6sungen f\u00fcr die Glasindustrie<br>[\/ct_headline][oxy_rich_text ct_sign_sha256='97c5a5a7b8065d212f58ee72a10f37fca1ea3e9e5714f71496a29b48d703353c' ct_options='{\"ct_id\":194,\"ct_parent\":28,\"selector\":\"_rich_text-194-117\",\"activeselector\":\"text\",\"classes\":{\"0\":\"text\"}}']<p>Unsere K\u00fchlungsanlagen k\u00f6nnen an nahezu jeden Prozess angepasst werden, sie werden hierzu auf den kundenseitigen Anwendungsfall speziell abgestimmt und k\u00f6nnen auch nachtr\u00e4glich noch an weitere Prozesse angepasst bzw. erweitert werden. Unsere K\u00fchlsysteme f\u00fcr die Glasindustrie k\u00f6nnen\u00a0 auch speziell f\u00fcr den Aufstellungsort ausgelegt werden, somit besteht die M\u00f6glichkeit, dass auch f\u00fcr eventuell beengte Platzverh\u00e4ltnisse eine kosteng\u00fcnstige und effektive K\u00fchlung realisiert werden kann. <a href=\"https:\/\/iat-kaelte.de\/produkte\/containeranlagen\/\">K\u00fchlanlagen in Containerbauweise<\/a> sind daf\u00fcr eine effiziente L\u00f6sung bzw. Alternative.\u00a0<\/p>[\/oxy_rich_text][\/ct_section][ct_section ct_sign_sha256='c3bb6150f053daede04bc86a0adcbb3328f9e0c1f4772314588e15f1a45e6478' ct_options='{\"ct_id\":212,\"ct_parent\":0,\"selector\":\"section-212-117\",\"original\":{\"container-padding-bottom\":\"75\"},\"classes\":{\"0\":\"section_block\"},\"activeselector\":false,\"media\":{\"tablet\":{\"original\":{}},\"phone-landscape\":{\"original\":{\"container-padding-bottom\":\"50\"}}}}'][ct_div_block_2 ct_sign_sha256='10f7d143134d45c96fae85a925412a5b1673b95b555317970d71ce4153b9f397' ct_options='{\"ct_id\":188,\"ct_parent\":212,\"selector\":\"div_block-188-117\",\"original\":{\"flex-direction\":\"row\",\"display\":\"flex\",\"justify-content\":\"space-between\",\"text-align\":\"justify\",\"padding-top\":\"23\"},\"media\":{\"phone-landscape\":{\"original\":{\"flex-direction\":\"column\",\"display\":\"flex\"}}},\"activeselector\":false}'][ct_div_block_3 ct_sign_sha256='39ec7e892ccf42c0d460d37d66b24687f487cd0ad7e122f15a4811a5e5cf162c' ct_options='{\"ct_id\":190,\"ct_parent\":188,\"selector\":\"div_block-190-117\",\"original\":{\"width\":\"48\",\"width-unit\":\"%\",\"margin-top\":\"00\",\"padding-top\":\"0\"},\"media\":{\"phone-landscape\":{\"original\":{\"width\":\"100\",\"width-unit\":\"%\"}}}}'][ct_image ct_sign_sha256='02b27dacab6911b4106d9ea4d84b79e858918ed1f786c683872e3d0752b4ee99' ct_options='{\"ct_id\":185,\"ct_parent\":190,\"selector\":\"image-185-117\",\"original\":{\"src\":\"https:\/\/iat-kaelte.de\/wp-content\/uploads\/2021\/02\/IAT-Glasindustrie.jpg\"},\"activeselector\":false}'][\/ct_image][\/ct_div_block_3][ct_div_block_3 ct_sign_sha256='8f7a4bb10885cebadfef56414527e309d39fe01bdefb323c1c4c0b6059ce1bda' ct_options='{\"ct_id\":191,\"ct_parent\":188,\"selector\":\"div_block-191-117\",\"original\":{\"width\":\"48\",\"width-unit\":\"%\",\"margin-top\":\"00\",\"padding-top\":\"0\"},\"media\":{\"phone-landscape\":{\"original\":{\"width-unit\":\"%\",\"width\":\"100\",\"margin-top\":\"25\"}},\"tablet\":{\"original\":{\"flex-direction\":\"column\",\"display\":\"flex\",\"align-items\":\"flex-start\",\"text-align\":\"left\"}}},\"classes\":{\"0\":\"text\"},\"activeselector\":false}'][ct_headline ct_sign_sha256='6e1bee7669386c9d94340eb6ac08f0509496901dfea09f84609cf0ca977d29eb' ct_options='{\"ct_id\":53,\"ct_parent\":191,\"selector\":\"headline-53-15\",\"original\":{\"tag\":\"h2\"},\"activeselector\":false,\"classes\":{\"0\":\"text_h2\"},\"media\":{\"tablet\":{\"original\":{\"text-align\":\"left\"}},\"phone-landscape\":{\"original\":{\"text-align\":\"center\"}}}}']Ad\u00e4quat k\u00fchlen \u2013 Kosten sparen<br>[\/ct_headline][oxy_rich_text ct_sign_sha256='ed7a8f6c49e73d9726887cef94821416d7dada3eb2847af169e59edb88764d6a' ct_options='{\"ct_id\":52,\"ct_parent\":191,\"selector\":\"_rich_text-52-15\",\"activeselector\":false,\"classes\":{\"0\":\"text\"},\"media\":{\"tablet\":{\"original\":{\"text-align\":\"left\"}},\"phone-landscape\":{\"original\":{\"text-align\":\"center\"}}}}']<p>Unsere Kernkompetenz liegt dabei auf individuellen, ma\u00dfgeschneiderten L\u00f6sung f\u00fcr den jeweiligen Industriezweig. <strong>Gerade in der Glasindustrie ist die K\u00fchlung von durch Sand, \u00d6l und Glassplittern versetztem Wasser nicht einfach.<\/strong> Mit unserem Team erarbeiten wir Ma\u00dfnahmen, die die Investition, Wirtschaftlichkeit und Energieeffizienz ihrer Anlage optimal verbinden. Die Beratung ist dabei f\u00fcr uns ebenso selbstverst\u00e4ndlich wie die sp\u00e4tere <a href=\"https:\/\/iat-kaelte.de\/leistungen\/beratung-projektierung\/\">Projektierung und Berechnung<\/a> der Anlage.<\/p>[\/oxy_rich_text][\/ct_div_block_3][\/ct_div_block_2][\/ct_section][ct_section ct_sign_sha256='03bd8ffa9f216330b102963c5be333a5cdd3d3a70bcd694de0c8f298674078b3' ct_options='{\"ct_id\":164,\"ct_parent\":0,\"selector\":\"section-164-47\",\"activeselector\":false,\"classes\":{\"0\":\"cta_background\"}}'][ct_div_block_2 ct_sign_sha256='971c2ec1dcf38fc2fb20059f5b38dde8da5596565f4861247ffd3c44c372ba94' ct_options='{\"ct_id\":165,\"ct_parent\":164,\"selector\":\"div_block-165-47\",\"activeselector\":false,\"media\":{\"phone-portrait\":{\"original\":{\"padding-right\":\"34\",\"padding-left\":\"24\"}}},\"classes\":{\"0\":\"box_1\"},\"original\":{\"padding-right\":\"122\",\"margin-top\":\"-150\"}}'][ct_div_block_3 ct_sign_sha256='2160565522a743e52d4bf60ab234d552aef3b598f8ac87584924269b31db2b8c' ct_options='{\"ct_id\":166,\"ct_parent\":165,\"selector\":\"div_block-166-47\",\"original\":{\"width-unit\":\"%\",\"width\":\"100\"},\"media\":{\"tablet\":{\"original\":{\"display\":\"flex\",\"align-items\":\"flex-start\",\"text-align\":\"left\"}}}}'][ct_headline ct_sign_sha256='2b97281606f170dc71e778287a768308df7baf0deeeb16ffd95f9ed864a66f93' ct_options='{\"ct_id\":167,\"ct_parent\":166,\"selector\":\"headline-167-47\",\"original\":{\"tag\":\"h4\"},\"classes\":{\"0\":\"cta_head\"},\"activeselector\":\"cta_head\"}']Sie suchen nach einer ma\u00dfgeschneiderten K\u00fchll\u00f6sung f\u00fcr die Glasindustrie?[\/ct_headline][ct_div_block_4 ct_sign_sha256='32dd957ffc1a3e69f4b2a3bbc67631009dbd6c7b83dcbb962174bf3ee2ee4777' ct_options='{\"ct_id\":168,\"ct_parent\":166,\"selector\":\"div_block-168-47\",\"original\":{\"min-height\":\"0\"},\"classes\":{\"0\":\"cta_linie\"}}'][\/ct_div_block_4][oxy_rich_text ct_sign_sha256='c3b6fed8344bfdb964baad39828d3a025295b3ef3ea0695fc96ca99b59a9fd32' ct_options='{\"ct_id\":169,\"ct_parent\":166,\"selector\":\"_rich_text-169-47\",\"classes\":{\"0\":\"cta_text\"}}']<p>Lassen Sie uns pers\u00f6nlich \u00fcber ihre Anforderungen sprechen!<\/p>[\/oxy_rich_text][\/ct_div_block_3][ct_div_block_3 ct_sign_sha256='18d19b9b9ae0c651a9f3eae9a06ef58f3275b46142b0d30efd70b77454ba398b' ct_options='{\"ct_id\":170,\"ct_parent\":165,\"selector\":\"div_block-170-47\",\"original\":{\"width-unit\":\"%\",\"width\":\"80\",\"align-items\":\"flex-end\",\"text-align\":\"right\"},\"media\":{\"phone-landscape\":{\"original\":{\"width-unit\":\"%\",\"width\":\"100\",\"flex-direction\":\"column\",\"display\":\"flex\",\"align-items\":\"center\",\"text-align\":\"center\"}}}}'][ct_link_4 ct_sign_sha256='0f6deca843e8eb490e76c6515af3898d336b19bf8e7c2f02a79795f572026b38' ct_options='{\"ct_id\":171,\"ct_parent\":170,\"selector\":\"link-171-47\",\"original\":{\"position\":\"relative\",\"align-items\":\"center\",\"text-align\":\"center\",\"justify-content\":\"center\",\"url\":\"https:\/\/iat-kaelte.de\/kontakt\/\",\"target\":\"\",\"transition-duration\":\"0.4\",\"url_encoded\":\"true\"},\"hover\":{\"transform\":{\"0\":{\"transform-type\":\"scale\",\"rotateAngle\":\"-5\",\"scaleX\":\"1.1\",\"scaleY\":\"1.1\",\"scaleZ\":\"\"}}}}'][ct_image ct_sign_sha256='a4f6b69ed468653f1babbfbc816b9b9750e1c772dcd5c17402c885532129ad4a' ct_options='{\"ct_id\":172,\"ct_parent\":171,\"selector\":\"image-172-47\",\"original\":{\"src\":\"https:\/\/iat-kaelte.de\/wp-content\/uploads\/2021\/01\/button-outline.svg\"},\"classes\":{\"0\":\"cta_button\"}}'][\/ct_image][ct_text_block ct_sign_sha256='775de0887960112c982056bf0a36922e10512f28ba45047cbfeb90c126259169' ct_options='{\"ct_id\":173,\"ct_parent\":171,\"selector\":\"text_block-173-47\",\"activeselector\":\"cta_button_text\",\"classes\":{\"0\":\"cta_button_text\"}}']\u00bb Kontaktieren Sie uns![\/ct_text_block][\/ct_link_4][\/ct_div_block_3][\/ct_div_block_2][\/ct_section]","ct_template_type":"","ct_parent_template":0},"acf":[],"yoast_head":"<!-- This site is optimized with the Yoast SEO plugin v20.13 - https:\/\/yoast.com\/wordpress\/plugins\/seo\/ -->\n<title>K\u00fchlturmanlagen f\u00fcr die Glasindustrie \u00bb IAT GmbH<\/title>\n<meta name=\"description\" content=\"Industrielle K\u00fchlsysteme speziell f\u00fcr die Glasbranche \u25b6 Beratung\u2713 Fertigung\u2713 Montage\u2713 \u27a5 IAT - Mehr 25 Jahre Erfahrung!\" \/>\n<meta name=\"robots\" content=\"index, follow, max-snippet:-1, max-image-preview:large, max-video-preview:-1\" \/>\n<link rel=\"canonical\" href=\"https:\/\/iat-kaelte.de\/en\/loesungen\/glasindustrie\/\" \/>\n<meta property=\"og:locale\" content=\"en_GB\" \/>\n<meta property=\"og:type\" content=\"article\" \/>\n<meta property=\"og:title\" content=\"K\u00fchlturmanlagen f\u00fcr die Glasindustrie \u00bb IAT GmbH\" \/>\n<meta property=\"og:description\" content=\"Industrielle K\u00fchlsysteme speziell f\u00fcr die Glasbranche \u25b6 Beratung\u2713 Fertigung\u2713 Montage\u2713 \u27a5 IAT - Mehr 25 Jahre Erfahrung!\" \/>\n<meta property=\"og:url\" content=\"https:\/\/iat-kaelte.de\/en\/loesungen\/glasindustrie\/\" \/>\n<meta property=\"og:site_name\" content=\"Innovative Anlagentechnik GmbH\" \/>\n<meta property=\"article:modified_time\" content=\"2021-02-19T12:32:33+00:00\" \/>\n<meta property=\"og:image\" content=\"https:\/\/iat-kaelte.de\/wp-content\/uploads\/2021\/02\/glas-1.jpg\" \/>\n\t<meta property=\"og:image:width\" content=\"1600\" \/>\n\t<meta property=\"og:image:height\" content=\"600\" \/>\n\t<meta property=\"og:image:type\" content=\"image\/jpeg\" \/>\n<meta name=\"twitter:card\" content=\"summary_large_image\" \/>\n<script type=\"application\/ld+json\" class=\"yoast-schema-graph\">{\"@context\":\"https:\/\/schema.org\",\"@graph\":[{\"@type\":\"WebPage\",\"@id\":\"https:\/\/iat-kaelte.de\/loesungen\/glasindustrie\/\",\"url\":\"https:\/\/iat-kaelte.de\/loesungen\/glasindustrie\/\",\"name\":\"K\u00fchlturmanlagen f\u00fcr die Glasindustrie \u00bb IAT GmbH\",\"isPartOf\":{\"@id\":\"https:\/\/iat-kaelte.de\/#website\"},\"datePublished\":\"2021-02-01T10:12:56+00:00\",\"dateModified\":\"2021-02-19T12:32:33+00:00\",\"description\":\"Industrielle K\u00fchlsysteme speziell f\u00fcr die Glasbranche \u25b6 Beratung\u2713 Fertigung\u2713 Montage\u2713 \u27a5 IAT - Mehr 25 Jahre Erfahrung!\",\"breadcrumb\":{\"@id\":\"https:\/\/iat-kaelte.de\/loesungen\/glasindustrie\/#breadcrumb\"},\"inLanguage\":\"en-GB\",\"potentialAction\":[{\"@type\":\"ReadAction\",\"target\":[\"https:\/\/iat-kaelte.de\/loesungen\/glasindustrie\/\"]}]},{\"@type\":\"BreadcrumbList\",\"@id\":\"https:\/\/iat-kaelte.de\/loesungen\/glasindustrie\/#breadcrumb\",\"itemListElement\":[{\"@type\":\"ListItem\",\"position\":1,\"name\":\"Startseite\",\"item\":\"https:\/\/iat-kaelte.de\/\"},{\"@type\":\"ListItem\",\"position\":2,\"name\":\"L\u00f6sungen\",\"item\":\"https:\/\/iat-kaelte.de\/loesungen\/\"},{\"@type\":\"ListItem\",\"position\":3,\"name\":\"Glasindustrie\"}]},{\"@type\":\"WebSite\",\"@id\":\"https:\/\/iat-kaelte.de\/#website\",\"url\":\"https:\/\/iat-kaelte.de\/\",\"name\":\"Innovative Anlagentechnik GmbH\",\"description\":\"Kaltwasser - Klima - Steuerungstechnik\",\"publisher\":{\"@id\":\"https:\/\/iat-kaelte.de\/#organization\"},\"alternateName\":\"IAT-K\u00e4lte\",\"potentialAction\":[{\"@type\":\"SearchAction\",\"target\":{\"@type\":\"EntryPoint\",\"urlTemplate\":\"https:\/\/iat-kaelte.de\/?s={search_term_string}\"},\"query-input\":\"required name=search_term_string\"}],\"inLanguage\":\"en-GB\"},{\"@type\":\"Organization\",\"@id\":\"https:\/\/iat-kaelte.de\/#organization\",\"name\":\"IAT - Innovative Anlagentechnik GmbH\",\"alternateName\":\"IAT-K\u00e4lte GmbH\",\"url\":\"https:\/\/iat-kaelte.de\/\",\"logo\":{\"@type\":\"ImageObject\",\"inLanguage\":\"en-GB\",\"@id\":\"https:\/\/iat-kaelte.de\/#\/schema\/logo\/image\/\",\"url\":\"https:\/\/iat-kaelte.de\/wp-content\/uploads\/2020\/11\/logo.svg\",\"contentUrl\":\"https:\/\/iat-kaelte.de\/wp-content\/uploads\/2020\/11\/logo.svg\",\"width\":286.58,\"height\":75.14,\"caption\":\"IAT - Innovative Anlagentechnik GmbH\"},\"image\":{\"@id\":\"https:\/\/iat-kaelte.de\/#\/schema\/logo\/image\/\"}}]}<\/script>\n<!-- \/ Yoast SEO plugin. -->","yoast_head_json":{"title":"K\u00fchlturmanlagen f\u00fcr die Glasindustrie \u00bb IAT GmbH","description":"Industrielle K\u00fchlsysteme speziell f\u00fcr die Glasbranche \u25b6 Beratung\u2713 Fertigung\u2713 Montage\u2713 \u27a5 IAT - Mehr 25 Jahre Erfahrung!","robots":{"index":"index","follow":"follow","max-snippet":"max-snippet:-1","max-image-preview":"max-image-preview:large","max-video-preview":"max-video-preview:-1"},"canonical":"https:\/\/iat-kaelte.de\/en\/loesungen\/glasindustrie\/","og_locale":"en_GB","og_type":"article","og_title":"K\u00fchlturmanlagen f\u00fcr die Glasindustrie \u00bb IAT GmbH","og_description":"Industrielle K\u00fchlsysteme speziell f\u00fcr die Glasbranche \u25b6 Beratung\u2713 Fertigung\u2713 Montage\u2713 \u27a5 IAT - Mehr 25 Jahre Erfahrung!","og_url":"https:\/\/iat-kaelte.de\/en\/loesungen\/glasindustrie\/","og_site_name":"Innovative Anlagentechnik GmbH","article_modified_time":"2021-02-19T12:32:33+00:00","og_image":[{"width":1600,"height":600,"url":"https:\/\/iat-kaelte.de\/wp-content\/uploads\/2021\/02\/glas-1.jpg","type":"image\/jpeg"}],"twitter_card":"summary_large_image","schema":{"@context":"https:\/\/schema.org","@graph":[{"@type":"WebPage","@id":"https:\/\/iat-kaelte.de\/loesungen\/glasindustrie\/","url":"https:\/\/iat-kaelte.de\/loesungen\/glasindustrie\/","name":"K\u00fchlturmanlagen f\u00fcr die Glasindustrie \u00bb IAT GmbH","isPartOf":{"@id":"https:\/\/iat-kaelte.de\/#website"},"datePublished":"2021-02-01T10:12:56+00:00","dateModified":"2021-02-19T12:32:33+00:00","description":"Industrielle K\u00fchlsysteme speziell f\u00fcr die Glasbranche \u25b6 Beratung\u2713 Fertigung\u2713 Montage\u2713 \u27a5 IAT - Mehr 25 Jahre Erfahrung!","breadcrumb":{"@id":"https:\/\/iat-kaelte.de\/loesungen\/glasindustrie\/#breadcrumb"},"inLanguage":"en-GB","potentialAction":[{"@type":"ReadAction","target":["https:\/\/iat-kaelte.de\/loesungen\/glasindustrie\/"]}]},{"@type":"BreadcrumbList","@id":"https:\/\/iat-kaelte.de\/loesungen\/glasindustrie\/#breadcrumb","itemListElement":[{"@type":"ListItem","position":1,"name":"Startseite","item":"https:\/\/iat-kaelte.de\/"},{"@type":"ListItem","position":2,"name":"L\u00f6sungen","item":"https:\/\/iat-kaelte.de\/loesungen\/"},{"@type":"ListItem","position":3,"name":"Glasindustrie"}]},{"@type":"WebSite","@id":"https:\/\/iat-kaelte.de\/#website","url":"https:\/\/iat-kaelte.de\/","name":"Innovative Anlagentechnik GmbH","description":"Kaltwasser - Klima - Steuerungstechnik","publisher":{"@id":"https:\/\/iat-kaelte.de\/#organization"},"alternateName":"IAT-K\u00e4lte","potentialAction":[{"@type":"SearchAction","target":{"@type":"EntryPoint","urlTemplate":"https:\/\/iat-kaelte.de\/?s={search_term_string}"},"query-input":"required name=search_term_string"}],"inLanguage":"en-GB"},{"@type":"Organization","@id":"https:\/\/iat-kaelte.de\/#organization","name":"IAT - Innovative Anlagentechnik GmbH","alternateName":"IAT-K\u00e4lte GmbH","url":"https:\/\/iat-kaelte.de\/","logo":{"@type":"ImageObject","inLanguage":"en-GB","@id":"https:\/\/iat-kaelte.de\/#\/schema\/logo\/image\/","url":"https:\/\/iat-kaelte.de\/wp-content\/uploads\/2020\/11\/logo.svg","contentUrl":"https:\/\/iat-kaelte.de\/wp-content\/uploads\/2020\/11\/logo.svg","width":286.58,"height":75.14,"caption":"IAT - Innovative Anlagentechnik GmbH"},"image":{"@id":"https:\/\/iat-kaelte.de\/#\/schema\/logo\/image\/"}}]}},"_links":{"self":[{"href":"https:\/\/iat-kaelte.de\/en\/wp-json\/wp\/v2\/pages\/117"}],"collection":[{"href":"https:\/\/iat-kaelte.de\/en\/wp-json\/wp\/v2\/pages"}],"about":[{"href":"https:\/\/iat-kaelte.de\/en\/wp-json\/wp\/v2\/types\/page"}],"author":[{"embeddable":true,"href":"https:\/\/iat-kaelte.de\/en\/wp-json\/wp\/v2\/users\/1"}],"replies":[{"embeddable":true,"href":"https:\/\/iat-kaelte.de\/en\/wp-json\/wp\/v2\/comments?post=117"}],"version-history":[{"count":1,"href":"https:\/\/iat-kaelte.de\/en\/wp-json\/wp\/v2\/pages\/117\/revisions"}],"predecessor-version":[{"id":118,"href":"https:\/\/iat-kaelte.de\/en\/wp-json\/wp\/v2\/pages\/117\/revisions\/118"}],"up":[{"embeddable":true,"href":"https:\/\/iat-kaelte.de\/en\/wp-json\/wp\/v2\/pages\/147"}],"wp:featuredmedia":[{"embeddable":true,"href":"https:\/\/iat-kaelte.de\/en\/wp-json\/wp\/v2\/media\/208"}],"wp:attachment":[{"href":"https:\/\/iat-kaelte.de\/en\/wp-json\/wp\/v2\/media?parent=117"}],"curies":[{"name":"wp","href":"https:\/\/api.w.org\/{rel}","templated":true}]}}