{"id":113,"date":"2021-02-01T11:06:37","date_gmt":"2021-02-01T10:06:37","guid":{"rendered":"http:\/\/new.iat-kaelte.de\/?page_id=113"},"modified":"2021-02-19T13:26:24","modified_gmt":"2021-02-19T12:26:24","slug":"lebensmittelindustrie","status":"publish","type":"page","link":"https:\/\/iat-kaelte.de\/en\/loesungen\/lebensmittelindustrie\/","title":{"rendered":"Food industry"},"content":{"rendered":"","protected":false},"excerpt":{"rendered":"","protected":false},"author":1,"featured_media":206,"parent":147,"menu_order":0,"comment_status":"closed","ping_status":"closed","template":"","meta":{"ct_builder_shortcodes":"[ct_section ct_sign_sha256='9584dacb538c68c009eabe590cb75ede79a775cbab45bad7629699d1425b46e2' ct_options='{\"ct_id\":17,\"ct_parent\":0,\"selector\":\"section-17-15\",\"activeselector\":false,\"classes\":{\"0\":\"header_image\"},\"original\":{\"background-image\":\"[oxygen ct_sign_sha256='216211043951e09a29fe690e653f791d9ba586f6a700e7368fa96b326fb73634' data='featured_image' size='2000x1300' ]\",\"background-imagedynamic\":true}}'][ct_headline ct_sign_sha256='a18795ef85db60ee21ec3e7dff58b3c7abbf358d90e3915a408328442b67ff48' ct_options='{\"ct_id\":22,\"ct_parent\":17,\"selector\":\"headline-22-15\",\"activeselector\":\"text_schatten\",\"original\":{\"color\":\"color(3)\"},\"classes\":{\"0\":\"head_1\",\"1\":\"text_schatten\"}}']Lebensmittelindustrie<br>[\/ct_headline][ct_div_block_2 ct_sign_sha256='8ceef5c98ab9362a96dbd7c6c261895ab034f52f850dcd52b46f42425f39b1cd' ct_options='{\"ct_id\":26,\"ct_parent\":17,\"selector\":\"div_block-26-15\",\"classes\":{\"0\":\"linie_sep\",\"1\":\"div_schatten\"},\"activeselector\":\"div_schatten\",\"original\":{\"min-height\":\"0\",\"background-color\":\"color(3)\"}}'][\/ct_div_block_2][ct_text_block ct_sign_sha256='e32679e817729d6ea357a624ef218a0dfd19561c29950775e2f43e116138b6bd' ct_options='{\"ct_id\":175,\"ct_parent\":17,\"selector\":\"text_block-175-69\",\"original\":{\"color\":\"color(3)\",\"font-size\":\"19\",\"font-weight\":\"600\"},\"classes\":{\"0\":\"text_schatten\"},\"activeselector\":\"text_schatten\"}']<br>[\/ct_text_block][\/ct_section][ct_div_block ct_sign_sha256='e56726c612afce90d74064c2ad65fd1cf7152d8601f2ca0a950485fc7c52a063' ct_options='{\"ct_id\":18,\"ct_parent\":0,\"selector\":\"div_block-18-15\",\"classes\":{\"0\":\"separator_unten\"},\"activeselector\":\"separator_unten\",\"nicename\":\"separator\"}'][\/ct_div_block][ct_section ct_sign_sha256='5031cc919591c631263dac331be97c3b02adfae69d2b6c8f558d20ccb8a7db3f' ct_options='{\"ct_id\":28,\"ct_parent\":0,\"selector\":\"section-28-15\",\"original\":{\"container-padding-bottom\":\"0\"},\"activeselector\":false,\"classes\":{\"0\":\"section_block\"},\"media\":{\"tablet\":{\"original\":{}}}}'][ct_div_block_2 ct_sign_sha256='d82f1026da3134f4413ba464a2b7ed500144b47566e774a52cf88fadd56da262' ct_options='{\"ct_id\":50,\"ct_parent\":28,\"selector\":\"div_block-50-15\",\"activeselector\":false,\"classes\":{}}'][ct_headline ct_sign_sha256='7e465d06695eed7836d222da4c3ccd6a3b6d2439f8793c4b4ee3ec343df2064b' ct_options='{\"ct_id\":53,\"ct_parent\":50,\"selector\":\"headline-53-15\",\"original\":{\"tag\":\"h2\"},\"activeselector\":\"text_h2\",\"classes\":{\"0\":\"text_h2\"}}']Zuverl\u00e4ssig k\u00fchler - Systeml\u00f6sungen f\u00fcr die Lebensmittelbranche[\/ct_headline][oxy_rich_text ct_sign_sha256='1381fcc957af3cb92d7d6c3331944ba1f476fcdbca6de1d665c5a15d8b4b35b4' ct_options='{\"ct_id\":52,\"ct_parent\":50,\"selector\":\"_rich_text-52-15\",\"activeselector\":\"text\",\"classes\":{\"0\":\"text\"}}']<p>F\u00fcr die Lebensmittelindustrie ist die richtige K\u00fchlung einer der wichtigsten Faktoren um die Profitabilit\u00e4t eines Unternehmens zu steigern oder zumindest zu erhalten. Unternehmen, die bei der Erzeugung der Produkte mit an allen Phasen \u2013 von der Ernte \u00fcber Weiterverarbeitung, Verpackung und Auslieferung \u2013 beteiligt sind, m\u00fcssen sorgf\u00e4ltig darauf achten, dass geeignete Technologien zum Einsatz kommen. Verdorbene Produkte verursachen neben ungew\u00fcnschten Kosten auch gro\u00dfe Mengen an M\u00fcll.<\/p><p>Mit der Vielfalt und erforderlichen Mengen - in der Getr\u00e4nkeindustrie z.B. von Wasser \u00fcber Softdrinks bis hin zum Bier - steigt die Komplexit\u00e4t in deren Herstellung und damit auch die Anforderungen an die K\u00fchlung.<\/p>[\/oxy_rich_text][\/ct_div_block_2][\/ct_section][ct_section ct_sign_sha256='299ebc83b153e2dc8ca16dee03842da258b2f6bc4de22e0f10371e169335fb23' ct_options='{\"ct_id\":181,\"ct_parent\":0,\"selector\":\"section-181-69\",\"activeselector\":false,\"original\":{\"container-padding-top\":\"27\",\"flex-direction\":\"row\",\"display\":\"flex\",\"justify-content\":\"space-between\",\"text-align\":\"justify\",\"container-padding-bottom\":\"7\"},\"media\":{\"phone-landscape\":{\"original\":{\"flex-direction\":\"column\",\"display\":\"flex\"}}}}'][ct_div_block_2 ct_sign_sha256='b9f1461db317b673efdb3045221bf5485f07f4a3d2bbc762968492fda2691b71' ct_options='{\"ct_id\":182,\"ct_parent\":181,\"selector\":\"div_block-182-69\",\"activeselector\":false,\"original\":{\"width\":\"47\",\"width-unit\":\"%\"},\"media\":{\"phone-landscape\":{\"original\":{\"width-unit\":\"%\",\"width\":\"100\",\"margin-bottom\":\"25\"}}}}'][ct_image ct_sign_sha256='594bedff0478028e19b9acdf04c10d178b1592f9dca3fe84e4465e9b020349e6' ct_options='{\"ct_id\":104,\"ct_parent\":182,\"selector\":\"image-104-47\",\"original\":{\"src\":\"https:\/\/iat-kaelte.de\/wp-content\/uploads\/2021\/02\/IAT-Lebensmittelindustrie-1.jpg\"},\"activeselector\":false,\"classes\":{}}'][\/ct_image][\/ct_div_block_2][ct_div_block_2 ct_sign_sha256='19d2a9984cc993c4431826a1c621190549bca17fcef6a5b5b02e7512040887f6' ct_options='{\"ct_id\":185,\"ct_parent\":181,\"selector\":\"div_block-185-69\",\"activeselector\":false,\"original\":{\"width\":\"47\",\"width-unit\":\"%\"},\"media\":{\"phone-landscape\":{\"original\":{\"width\":\"100\",\"width-unit\":\"%\"}}}}'][ct_image ct_sign_sha256='a7e30c5c5b9ab0639f75a0181b4abbf3dae30266aa8e33ba64f30073687a15c1' ct_options='{\"ct_id\":186,\"ct_parent\":185,\"selector\":\"image-186-69\",\"original\":{\"src\":\"https:\/\/iat-kaelte.de\/wp-content\/uploads\/2021\/02\/IAT-Lebensmittelindustrie-2.jpg\"},\"activeselector\":false,\"classes\":{}}'][\/ct_image][\/ct_div_block_2][\/ct_section][ct_section ct_sign_sha256='69f09eddc02d0d766d35190a08b883662d8e73dbdaade6c33f08a215e63510b0' ct_options='{\"ct_id\":192,\"ct_parent\":0,\"selector\":\"section-192-113\",\"activeselector\":false,\"original\":{\"container-padding-bottom\":\"75\"},\"classes\":{\"0\":\"section_block\"},\"media\":{\"tablet\":{\"original\":{}}}}'][ct_div_block_2 ct_sign_sha256='981a4579ee41dcdf468b3e9a3b8012dbcef9549a079e8eff71fb1631aa68aba3' ct_options='{\"ct_id\":193,\"ct_parent\":192,\"selector\":\"div_block-193-113\",\"activeselector\":false,\"classes\":{}}'][oxy_rich_text ct_sign_sha256='b523fbcebec9e0822742068622d09afc8ff0e2b4aa97d67bc3042ba5df0e71b0' ct_options='{\"ct_id\":195,\"ct_parent\":193,\"selector\":\"_rich_text-195-113\",\"activeselector\":false,\"classes\":{\"0\":\"text\"}}']<p>Die Anlagentechnik von IAT GmbH bieten eine effiziente L\u00f6sung, die individuell f\u00fcr die Anforderungen der Lebensmittelindustrie konzipiert und optimiert wurde. Im Besonderen der Einsatz von K\u00e4ltemaschinen mit dem <a href=\"https:\/\/iat-kaelte.de\/produkte\/kaltwassersaetze\/\">K\u00e4ltemittel Ammoniak (R717)<\/a> macht die Nutzung unserer Anlagen zu einer noch effizienteren und umweltvertr\u00e4glicheren L\u00f6sung.<\/p>[\/oxy_rich_text][\/ct_div_block_2][\/ct_section][ct_section ct_sign_sha256='7cd748a2a543b7f7b5f513b96fc0e511053b67ba62744377e7d4673ba12df0fb' ct_options='{\"ct_id\":164,\"ct_parent\":0,\"selector\":\"section-164-47\",\"activeselector\":false,\"classes\":{\"0\":\"cta_background\"}}'][ct_div_block_2 ct_sign_sha256='28b2bf6670c6664b314f7d1ae5be951c0ce81360171ab564e6726db9689397ad' ct_options='{\"ct_id\":165,\"ct_parent\":164,\"selector\":\"div_block-165-47\",\"activeselector\":false,\"classes\":{\"0\":\"box_1\"},\"media\":{\"phone-portrait\":{\"original\":{\"padding-right\":\"34\",\"padding-left\":\"24\"}}},\"original\":{\"padding-right\":\"122\",\"margin-top\":\"-150\"}}'][ct_div_block_3 ct_sign_sha256='03dbd1a354627316547bb20caccfdd0507c43e1d92250cfffc9a32006cf9b18a' ct_options='{\"ct_id\":166,\"ct_parent\":165,\"selector\":\"div_block-166-47\",\"original\":{\"width-unit\":\"%\",\"width\":\"100\"},\"media\":{\"tablet\":{\"original\":{\"display\":\"flex\",\"align-items\":\"flex-start\",\"text-align\":\"left\"}}}}'][ct_headline ct_sign_sha256='675459c37d5ebf0f76ca09735fd296669825c4a36949d363a3702e9f1ac90cfc' ct_options='{\"ct_id\":167,\"ct_parent\":166,\"selector\":\"headline-167-47\",\"original\":{\"tag\":\"h4\"},\"classes\":{\"0\":\"cta_head\"},\"activeselector\":\"cta_head\"}']Sie sind auf der Suche nach einem K\u00fchlsystem speziell f\u00fcr die Lebensmittelindustrie?[\/ct_headline][ct_div_block_4 ct_sign_sha256='32dd957ffc1a3e69f4b2a3bbc67631009dbd6c7b83dcbb962174bf3ee2ee4777' ct_options='{\"ct_id\":168,\"ct_parent\":166,\"selector\":\"div_block-168-47\",\"original\":{\"min-height\":\"0\"},\"classes\":{\"0\":\"cta_linie\"}}'][\/ct_div_block_4][oxy_rich_text ct_sign_sha256='dbabd3eff4857ce22054c2eb09c54814b67a7d14c5b38ff46bdd23dd8d684f24' ct_options='{\"ct_id\":169,\"ct_parent\":166,\"selector\":\"_rich_text-169-47\",\"classes\":{\"0\":\"cta_text\"}}']<p>Ob Schokoladenproduktion oder Brauerei - wir haben die passenden K\u00fchll\u00f6sung f\u00fcr ihre Lebensmittel.<\/p>[\/oxy_rich_text][\/ct_div_block_3][ct_div_block_3 ct_sign_sha256='18d19b9b9ae0c651a9f3eae9a06ef58f3275b46142b0d30efd70b77454ba398b' ct_options='{\"ct_id\":170,\"ct_parent\":165,\"selector\":\"div_block-170-47\",\"original\":{\"width-unit\":\"%\",\"width\":\"80\",\"align-items\":\"flex-end\",\"text-align\":\"right\"},\"media\":{\"phone-landscape\":{\"original\":{\"width-unit\":\"%\",\"width\":\"100\",\"flex-direction\":\"column\",\"display\":\"flex\",\"align-items\":\"center\",\"text-align\":\"center\"}}}}'][ct_link_4 ct_sign_sha256='0f6deca843e8eb490e76c6515af3898d336b19bf8e7c2f02a79795f572026b38' ct_options='{\"ct_id\":171,\"ct_parent\":170,\"selector\":\"link-171-47\",\"original\":{\"position\":\"relative\",\"align-items\":\"center\",\"text-align\":\"center\",\"justify-content\":\"center\",\"url\":\"https:\/\/iat-kaelte.de\/kontakt\/\",\"target\":\"\",\"transition-duration\":\"0.4\",\"url_encoded\":\"true\"},\"hover\":{\"transform\":{\"0\":{\"transform-type\":\"scale\",\"rotateAngle\":\"-5\",\"scaleX\":\"1.1\",\"scaleY\":\"1.1\",\"scaleZ\":\"\"}}}}'][ct_image ct_sign_sha256='a4f6b69ed468653f1babbfbc816b9b9750e1c772dcd5c17402c885532129ad4a' ct_options='{\"ct_id\":172,\"ct_parent\":171,\"selector\":\"image-172-47\",\"original\":{\"src\":\"https:\/\/iat-kaelte.de\/wp-content\/uploads\/2021\/01\/button-outline.svg\"},\"classes\":{\"0\":\"cta_button\"}}'][\/ct_image][ct_text_block ct_sign_sha256='775de0887960112c982056bf0a36922e10512f28ba45047cbfeb90c126259169' ct_options='{\"ct_id\":173,\"ct_parent\":171,\"selector\":\"text_block-173-47\",\"activeselector\":\"cta_button_text\",\"classes\":{\"0\":\"cta_button_text\"}}']\u00bb Kontaktieren Sie uns![\/ct_text_block][\/ct_link_4][\/ct_div_block_3][\/ct_div_block_2][\/ct_section]","ct_template_type":"","ct_parent_template":0},"acf":[],"yoast_head":"<!-- This site is optimized with the Yoast SEO plugin v20.13 - https:\/\/yoast.com\/wordpress\/plugins\/seo\/ -->\n<title>K\u00fchlanlagen f\u00fcr die Lebensmittelindustrie \u00bb IAT GmbH<\/title>\n<meta name=\"description\" content=\"Industrielle K\u00fchlsysteme speziell f\u00fcr die Lebensmittelbranche \u25b6 Beratung\u2713 Fertigung\u2713 Montage\u2713 \u27a5 IAT - Mehr 25 Jahre Erfahrung!\" \/>\n<meta name=\"robots\" content=\"index, follow, max-snippet:-1, max-image-preview:large, max-video-preview:-1\" \/>\n<link rel=\"canonical\" href=\"https:\/\/iat-kaelte.de\/en\/loesungen\/lebensmittelindustrie\/\" \/>\n<meta property=\"og:locale\" content=\"en_GB\" \/>\n<meta property=\"og:type\" content=\"article\" \/>\n<meta property=\"og:title\" content=\"K\u00fchlanlagen f\u00fcr die Lebensmittelindustrie \u00bb IAT GmbH\" \/>\n<meta property=\"og:description\" content=\"Industrielle K\u00fchlsysteme speziell f\u00fcr die Lebensmittelbranche \u25b6 Beratung\u2713 Fertigung\u2713 Montage\u2713 \u27a5 IAT - Mehr 25 Jahre Erfahrung!\" \/>\n<meta property=\"og:url\" content=\"https:\/\/iat-kaelte.de\/en\/loesungen\/lebensmittelindustrie\/\" \/>\n<meta property=\"og:site_name\" content=\"Innovative Anlagentechnik GmbH\" \/>\n<meta property=\"article:modified_time\" content=\"2021-02-19T12:26:24+00:00\" \/>\n<meta property=\"og:image\" content=\"https:\/\/iat-kaelte.de\/wp-content\/uploads\/2021\/02\/lebensmittel.jpg\" \/>\n\t<meta property=\"og:image:width\" content=\"1600\" \/>\n\t<meta property=\"og:image:height\" content=\"600\" \/>\n\t<meta property=\"og:image:type\" content=\"image\/jpeg\" \/>\n<meta name=\"twitter:card\" content=\"summary_large_image\" \/>\n<script type=\"application\/ld+json\" class=\"yoast-schema-graph\">{\"@context\":\"https:\/\/schema.org\",\"@graph\":[{\"@type\":\"WebPage\",\"@id\":\"https:\/\/iat-kaelte.de\/loesungen\/lebensmittelindustrie\/\",\"url\":\"https:\/\/iat-kaelte.de\/loesungen\/lebensmittelindustrie\/\",\"name\":\"K\u00fchlanlagen f\u00fcr die Lebensmittelindustrie \u00bb IAT GmbH\",\"isPartOf\":{\"@id\":\"https:\/\/iat-kaelte.de\/#website\"},\"datePublished\":\"2021-02-01T10:06:37+00:00\",\"dateModified\":\"2021-02-19T12:26:24+00:00\",\"description\":\"Industrielle K\u00fchlsysteme speziell f\u00fcr die Lebensmittelbranche \u25b6 Beratung\u2713 Fertigung\u2713 Montage\u2713 \u27a5 IAT - Mehr 25 Jahre Erfahrung!\",\"breadcrumb\":{\"@id\":\"https:\/\/iat-kaelte.de\/loesungen\/lebensmittelindustrie\/#breadcrumb\"},\"inLanguage\":\"en-GB\",\"potentialAction\":[{\"@type\":\"ReadAction\",\"target\":[\"https:\/\/iat-kaelte.de\/loesungen\/lebensmittelindustrie\/\"]}]},{\"@type\":\"BreadcrumbList\",\"@id\":\"https:\/\/iat-kaelte.de\/loesungen\/lebensmittelindustrie\/#breadcrumb\",\"itemListElement\":[{\"@type\":\"ListItem\",\"position\":1,\"name\":\"Startseite\",\"item\":\"https:\/\/iat-kaelte.de\/\"},{\"@type\":\"ListItem\",\"position\":2,\"name\":\"L\u00f6sungen\",\"item\":\"https:\/\/iat-kaelte.de\/loesungen\/\"},{\"@type\":\"ListItem\",\"position\":3,\"name\":\"Lebensmittelindustrie\"}]},{\"@type\":\"WebSite\",\"@id\":\"https:\/\/iat-kaelte.de\/#website\",\"url\":\"https:\/\/iat-kaelte.de\/\",\"name\":\"Innovative Anlagentechnik GmbH\",\"description\":\"Kaltwasser - Klima - Steuerungstechnik\",\"publisher\":{\"@id\":\"https:\/\/iat-kaelte.de\/#organization\"},\"alternateName\":\"IAT-K\u00e4lte\",\"potentialAction\":[{\"@type\":\"SearchAction\",\"target\":{\"@type\":\"EntryPoint\",\"urlTemplate\":\"https:\/\/iat-kaelte.de\/?s={search_term_string}\"},\"query-input\":\"required name=search_term_string\"}],\"inLanguage\":\"en-GB\"},{\"@type\":\"Organization\",\"@id\":\"https:\/\/iat-kaelte.de\/#organization\",\"name\":\"IAT - Innovative Anlagentechnik GmbH\",\"alternateName\":\"IAT-K\u00e4lte GmbH\",\"url\":\"https:\/\/iat-kaelte.de\/\",\"logo\":{\"@type\":\"ImageObject\",\"inLanguage\":\"en-GB\",\"@id\":\"https:\/\/iat-kaelte.de\/#\/schema\/logo\/image\/\",\"url\":\"https:\/\/iat-kaelte.de\/wp-content\/uploads\/2020\/11\/logo.svg\",\"contentUrl\":\"https:\/\/iat-kaelte.de\/wp-content\/uploads\/2020\/11\/logo.svg\",\"width\":286.58,\"height\":75.14,\"caption\":\"IAT - Innovative Anlagentechnik GmbH\"},\"image\":{\"@id\":\"https:\/\/iat-kaelte.de\/#\/schema\/logo\/image\/\"}}]}<\/script>\n<!-- \/ Yoast SEO plugin. -->","yoast_head_json":{"title":"K\u00fchlanlagen f\u00fcr die Lebensmittelindustrie \u00bb IAT GmbH","description":"Industrielle K\u00fchlsysteme speziell f\u00fcr die Lebensmittelbranche \u25b6 Beratung\u2713 Fertigung\u2713 Montage\u2713 \u27a5 IAT - Mehr 25 Jahre Erfahrung!","robots":{"index":"index","follow":"follow","max-snippet":"max-snippet:-1","max-image-preview":"max-image-preview:large","max-video-preview":"max-video-preview:-1"},"canonical":"https:\/\/iat-kaelte.de\/en\/loesungen\/lebensmittelindustrie\/","og_locale":"en_GB","og_type":"article","og_title":"K\u00fchlanlagen f\u00fcr die Lebensmittelindustrie \u00bb IAT GmbH","og_description":"Industrielle K\u00fchlsysteme speziell f\u00fcr die Lebensmittelbranche \u25b6 Beratung\u2713 Fertigung\u2713 Montage\u2713 \u27a5 IAT - Mehr 25 Jahre Erfahrung!","og_url":"https:\/\/iat-kaelte.de\/en\/loesungen\/lebensmittelindustrie\/","og_site_name":"Innovative Anlagentechnik GmbH","article_modified_time":"2021-02-19T12:26:24+00:00","og_image":[{"width":1600,"height":600,"url":"https:\/\/iat-kaelte.de\/wp-content\/uploads\/2021\/02\/lebensmittel.jpg","type":"image\/jpeg"}],"twitter_card":"summary_large_image","schema":{"@context":"https:\/\/schema.org","@graph":[{"@type":"WebPage","@id":"https:\/\/iat-kaelte.de\/loesungen\/lebensmittelindustrie\/","url":"https:\/\/iat-kaelte.de\/loesungen\/lebensmittelindustrie\/","name":"K\u00fchlanlagen f\u00fcr die Lebensmittelindustrie \u00bb IAT GmbH","isPartOf":{"@id":"https:\/\/iat-kaelte.de\/#website"},"datePublished":"2021-02-01T10:06:37+00:00","dateModified":"2021-02-19T12:26:24+00:00","description":"Industrielle K\u00fchlsysteme speziell f\u00fcr die Lebensmittelbranche \u25b6 Beratung\u2713 Fertigung\u2713 Montage\u2713 \u27a5 IAT - Mehr 25 Jahre Erfahrung!","breadcrumb":{"@id":"https:\/\/iat-kaelte.de\/loesungen\/lebensmittelindustrie\/#breadcrumb"},"inLanguage":"en-GB","potentialAction":[{"@type":"ReadAction","target":["https:\/\/iat-kaelte.de\/loesungen\/lebensmittelindustrie\/"]}]},{"@type":"BreadcrumbList","@id":"https:\/\/iat-kaelte.de\/loesungen\/lebensmittelindustrie\/#breadcrumb","itemListElement":[{"@type":"ListItem","position":1,"name":"Startseite","item":"https:\/\/iat-kaelte.de\/"},{"@type":"ListItem","position":2,"name":"L\u00f6sungen","item":"https:\/\/iat-kaelte.de\/loesungen\/"},{"@type":"ListItem","position":3,"name":"Lebensmittelindustrie"}]},{"@type":"WebSite","@id":"https:\/\/iat-kaelte.de\/#website","url":"https:\/\/iat-kaelte.de\/","name":"Innovative Anlagentechnik GmbH","description":"Kaltwasser - Klima - Steuerungstechnik","publisher":{"@id":"https:\/\/iat-kaelte.de\/#organization"},"alternateName":"IAT-K\u00e4lte","potentialAction":[{"@type":"SearchAction","target":{"@type":"EntryPoint","urlTemplate":"https:\/\/iat-kaelte.de\/?s={search_term_string}"},"query-input":"required name=search_term_string"}],"inLanguage":"en-GB"},{"@type":"Organization","@id":"https:\/\/iat-kaelte.de\/#organization","name":"IAT - Innovative Anlagentechnik GmbH","alternateName":"IAT-K\u00e4lte GmbH","url":"https:\/\/iat-kaelte.de\/","logo":{"@type":"ImageObject","inLanguage":"en-GB","@id":"https:\/\/iat-kaelte.de\/#\/schema\/logo\/image\/","url":"https:\/\/iat-kaelte.de\/wp-content\/uploads\/2020\/11\/logo.svg","contentUrl":"https:\/\/iat-kaelte.de\/wp-content\/uploads\/2020\/11\/logo.svg","width":286.58,"height":75.14,"caption":"IAT - Innovative Anlagentechnik GmbH"},"image":{"@id":"https:\/\/iat-kaelte.de\/#\/schema\/logo\/image\/"}}]}},"_links":{"self":[{"href":"https:\/\/iat-kaelte.de\/en\/wp-json\/wp\/v2\/pages\/113"}],"collection":[{"href":"https:\/\/iat-kaelte.de\/en\/wp-json\/wp\/v2\/pages"}],"about":[{"href":"https:\/\/iat-kaelte.de\/en\/wp-json\/wp\/v2\/types\/page"}],"author":[{"embeddable":true,"href":"https:\/\/iat-kaelte.de\/en\/wp-json\/wp\/v2\/users\/1"}],"replies":[{"embeddable":true,"href":"https:\/\/iat-kaelte.de\/en\/wp-json\/wp\/v2\/comments?post=113"}],"version-history":[{"count":1,"href":"https:\/\/iat-kaelte.de\/en\/wp-json\/wp\/v2\/pages\/113\/revisions"}],"predecessor-version":[{"id":114,"href":"https:\/\/iat-kaelte.de\/en\/wp-json\/wp\/v2\/pages\/113\/revisions\/114"}],"up":[{"embeddable":true,"href":"https:\/\/iat-kaelte.de\/en\/wp-json\/wp\/v2\/pages\/147"}],"wp:featuredmedia":[{"embeddable":true,"href":"https:\/\/iat-kaelte.de\/en\/wp-json\/wp\/v2\/media\/206"}],"wp:attachment":[{"href":"https:\/\/iat-kaelte.de\/en\/wp-json\/wp\/v2\/media?parent=113"}],"curies":[{"name":"wp","href":"https:\/\/api.w.org\/{rel}","templated":true}]}}