{"id":110,"date":"2021-02-01T10:58:30","date_gmt":"2021-02-01T09:58:30","guid":{"rendered":"http:\/\/new.iat-kaelte.de\/?page_id=110"},"modified":"2021-02-19T13:00:32","modified_gmt":"2021-02-19T12:00:32","slug":"wasserbehandlung","status":"publish","type":"page","link":"https:\/\/iat-kaelte.de\/en\/leistungen\/wasserbehandlung\/","title":{"rendered":"Water treatment"},"content":{"rendered":"","protected":false},"excerpt":{"rendered":"","protected":false},"author":1,"featured_media":196,"parent":86,"menu_order":0,"comment_status":"closed","ping_status":"closed","template":"","meta":{"ct_builder_shortcodes":"[ct_section ct_sign_sha256='c370db8b248f0d68c4c9d79de91734e39ebe26b63db2f806cab0578dc14fa2c9' ct_options='{\"ct_id\":17,\"ct_parent\":0,\"selector\":\"section-17-15\",\"activeselector\":false,\"classes\":{\"0\":\"header_image\"},\"original\":{\"background-image\":\"[oxygen ct_sign_sha256='216211043951e09a29fe690e653f791d9ba586f6a700e7368fa96b326fb73634' data='featured_image' size='2000x1300' ]\",\"background-imagedynamic\":true}}'][ct_headline ct_sign_sha256='ffc156835b2142db5658701f3f238f3c3089fd5ea64c4d1abf38359cb2086b0e' ct_options='{\"ct_id\":22,\"ct_parent\":17,\"selector\":\"headline-22-15\",\"activeselector\":\"text_schatten\",\"original\":{\"color\":\"color(3)\"},\"classes\":{\"0\":\"head_1\",\"1\":\"text_schatten\"}}']Wasserbehandlung<br>[\/ct_headline][ct_div_block_2 ct_sign_sha256='8ceef5c98ab9362a96dbd7c6c261895ab034f52f850dcd52b46f42425f39b1cd' ct_options='{\"ct_id\":26,\"ct_parent\":17,\"selector\":\"div_block-26-15\",\"classes\":{\"0\":\"linie_sep\",\"1\":\"div_schatten\"},\"activeselector\":\"div_schatten\",\"original\":{\"min-height\":\"0\",\"background-color\":\"color(3)\"}}'][\/ct_div_block_2][\/ct_section][ct_div_block ct_sign_sha256='ce31ab48c62f5c62cff1a93febb1c7c0e90f57176f31339b9bc1191f794d41ae' ct_options='{\"ct_id\":18,\"ct_parent\":0,\"selector\":\"div_block-18-15\",\"activeselector\":\"separator_unten\",\"classes\":{\"0\":\"separator_unten\"},\"nicename\":\"separator\"}'][\/ct_div_block][ct_section ct_sign_sha256='9a3cf3c361dbe20c71c64b347f520f278d237480cffe8959ecff7083ac385461' ct_options='{\"ct_id\":28,\"ct_parent\":0,\"selector\":\"section-28-15\",\"original\":{\"container-padding-bottom\":\"117\"},\"classes\":{\"0\":\"section_block\"},\"activeselector\":false,\"media\":{\"tablet\":{\"original\":{}}}}'][ct_div_block_2 ct_sign_sha256='b0ef6bc03b7140e9ecf30f2f09c9d1f65eff54c3f487b2416ec032c6979ea021' ct_options='{\"ct_id\":50,\"ct_parent\":28,\"selector\":\"div_block-50-15\",\"classes\":{\"0\":\"text_left_400\"},\"activeselector\":\"text_left_400\"}'][ct_headline ct_sign_sha256='368e2b75ae9fc71aac07d08272f6e30a0728db37695d6fc469006e231b0b5384' ct_options='{\"ct_id\":53,\"ct_parent\":50,\"selector\":\"headline-53-15\",\"original\":{\"tag\":\"h2\"},\"activeselector\":\"text_h2\",\"classes\":{\"0\":\"text_h2\"}}']Integrale L\u00f6sungen f\u00fcr die Aufbereitung und Behandlung von K\u00fchlwasser<br>[\/ct_headline][oxy_rich_text ct_sign_sha256='10e350645836bf759794f8851874ed2692d13785928ab1b755c3fb0a1a569eb2' ct_options='{\"ct_id\":52,\"ct_parent\":50,\"selector\":\"_rich_text-52-15\",\"activeselector\":\"text\",\"classes\":{\"0\":\"text\"}}']<p>\u00a0<\/p><p>K\u00fchlwasser ist ein entscheidendes Medium in Produktionsprozessen, doch es bringt auch potenzielle Probleme wie <br \/>Korrosionssch\u00e4den Ablagerungen und Biofilme mit sich<\/p><p>Unsere ganzheitlichen L\u00f6sungen zur Wasseraufbereitung in K\u00fchlt\u00fcrmen und K\u00e4lteanlagen beugen diesen Problemen vor und verl\u00e4ngern die Lebensdauer Ihrer Anlage erheblich. <br \/>Verlassen Sie sich auf unsere bew\u00e4hrten Technologien, um die Effizienz Ihres Produktionsprozesses zu optimieren und unerw\u00fcnschte Folgen des Wassereinsatzes zu minimieren.<\/p><p>\u00a0<\/p><p>Wenn es um Wasser geht, setzen wir auf h\u00f6chste Qualit\u00e4t und vertrauen dabei auf die Expertise von <a href=\"https:\/\/aqua-technik-gmbh.de\/\">Aqua Technik in Schwabach<\/a>. Hier arbeiten Spezialisten, die sich sowohl mit Umkehrosmoseanlagen als auch Dosierstationen, Korrosionsschutz und Enth\u00e4rtungsanlagen u. v. m. bestens auskennen.<br \/>Die perfekte Kombination mit unserer fortschrittlichen Anlagentechnik gew\u00e4hrleistet eine optimale Versorgung und Pflege Ihrer industriellen Anlagen.<\/p>[\/oxy_rich_text][ct_image ct_sign_sha256='41cd5fc513fa746b35b918d5939537350d212f1130af157ea52e8bd841969773' ct_options='{\"ct_id\":175,\"ct_parent\":50,\"selector\":\"image-175-110\",\"original\":{\"src\":\"https:\/\/iat-kaelte.de\/wp-content\/uploads\/2023\/12\/logo_aquabest_mobil.png\",\"align-self\":\"center\",\"margin-top\":\"20\"},\"activeselector\":false}'][\/ct_image][ct_headline ct_sign_sha256='dc0332ae8e562e7d798bd7501a4902117ca2ebf7973479fe62e16dd0cbdda433' ct_options='{\"ct_id\":180,\"ct_parent\":50,\"selector\":\"headline-180-110\",\"classes\":{\"0\":\"text_h2\"},\"activeselector\":\"text_h2\"}']Verkalkte K\u00fchlturm-Spr\u00fchd\u00fcsen[\/ct_headline][oxy_gallery ct_sign_sha256='6512e2e2f0c2d9f803aa8ecaf49bee66c7360a7fa55e9c64c79962978269cefe' ct_options='{\"ct_id\":190,\"ct_parent\":50,\"selector\":\"_gallery-190-110\",\"original\":{\"image_ids\":\"402,403,404\"},\"activeselector\":false}'][\/oxy_gallery][ct_text_block ct_sign_sha256='91c1557f2aac37c54adf7a4b6b1a85e61225045f56f4f1684bac7570a9b7c478' ct_options='{\"ct_id\":183,\"ct_parent\":50,\"selector\":\"text_block-183-110\",\"classes\":{\"0\":\"text\"},\"activeselector\":\"text\"}']\u00dcber einen l\u00e4ngeren Zeitraum hinweg wurde die Dosierung entweder falsch oder unzureichend durchgef\u00fchrt. Dies f\u00fchrte zur Verkalkung der Spr\u00fchd\u00fcsen, wodurch die Effizienz des K\u00fchlturms erheblich beeintr\u00e4chtigt wurde, da die notwendige Wasservernebelung nicht mehr gew\u00e4hrleistet werden konnte.[\/ct_text_block][ct_headline ct_sign_sha256='ff7c3941ae52344b74cfb8233e27c94aa02f0387de5353bc524f130298114b61' ct_options='{\"ct_id\":185,\"ct_parent\":50,\"selector\":\"headline-185-110\",\"classes\":{\"0\":\"text_h2\"},\"activeselector\":\"text_h2\"}']Spr\u00fchd\u00fcsen nach der Behandlung[\/ct_headline][ct_image ct_sign_sha256='0b6486f4acff6fd485008fe04418b08b32f6854d87d3daa7081923a62025f456' ct_options='{\"ct_id\":188,\"ct_parent\":50,\"selector\":\"image-188-110\",\"original\":{\"src\":\"https:\/\/iat-kaelte.de\/wp-content\/uploads\/2024\/07\/Nacher-2.jpg\"},\"activeselector\":false}'][\/ct_image][ct_text_block ct_sign_sha256='b2f2032b1626d09324ee8f7c1302dd78cdfab75ae66e15b375ceb84c51064039' ct_options='{\"ct_id\":186,\"ct_parent\":50,\"selector\":\"text_block-186-110\",\"classes\":{\"0\":\"text\"},\"activeselector\":\"text\"}']Zustand nach der Reinigung und dem teilweisen Austausch der Spr\u00fchd\u00fcsen: Es ist jedoch von entscheidender Bedeutung, die Dosierung korrekt vorzunehmen, da sonst innerhalb weniger Monate erneut dasselbe Problem auftreten kann.<br><br><br>[\/ct_text_block][\/ct_div_block_2][ct_div_block_2 ct_sign_sha256='c290ae2bc2960ecf459db33174b2125c2a7cf9f8d1a4e0b7ded9b14505b63e53' ct_options='{\"ct_id\":80,\"ct_parent\":28,\"selector\":\"div_block-80-15\",\"classes\":{\"0\":\"box_2\",\"1\":\"box_400\"},\"activeselector\":\"box_400\"}'][ct_headline ct_sign_sha256='9112d9eeb47e2f9879a16a4a934bef8f28bdfc3eb00594eb4b5dcdaeea5348f7' ct_options='{\"ct_id\":44,\"ct_parent\":80,\"selector\":\"headline-44-15\",\"original\":{\"tag\":\"h3\"},\"classes\":{\"0\":\"vorteile_h2\"},\"activeselector\":\"vorteile_h2\"}']Anwendungsbereiche[\/ct_headline][oxy_rich_text ct_sign_sha256='8dd58bb509024af96ea2b102cbaf2e0f496d13cbe756a6bf06d58d05b7403103' ct_options='{\"ct_id\":49,\"ct_parent\":80,\"selector\":\"_rich_text-49-15\",\"classes\":{\"0\":\"vorteile_text\"},\"activeselector\":false,\"original\":{\"width\":\"280\"},\"media\":{\"tablet\":{\"original\":{\"width-unit\":\"auto\"}}}}']<ul class=\"flocke\"><li>Filtration<\/li><li>Enth\u00e4rtung<\/li><li>Kalk- \/ Korrosionsschutz<\/li><li>Umkehrosmoseanlagen<\/li><li>Enth\u00e4rtungsanlagen<\/li><li>Dosierung \/ Wirkstoffe<\/li><li>Reinigungstechnik<\/li><\/ul>[\/oxy_rich_text][\/ct_div_block_2][\/ct_section][ct_section ct_sign_sha256='ac1de02d1e1ab3d54e86b31fe3b8df492998461f6ba24fd506f91bd4d1f0dd11' ct_options='{\"ct_id\":178,\"ct_parent\":0,\"selector\":\"section-178-110\",\"media\":{\"phone-portrait\":{\"original\":{\"container-padding-top\":\"28\",\"container-padding-bottom\":\"40\"}}},\"activeselector\":false}'][oxy_gallery ct_sign_sha256='d15f0206d6e81d82a524e504faa1edee332133158cadbf8b0af5dc6de0e443d3' ct_options='{\"ct_id\":179,\"ct_parent\":178,\"selector\":\"_gallery-179-110\",\"original\":{\"image_ids\":\"392,393,394,395\"},\"activeselector\":false}'][\/oxy_gallery][\/ct_section][ct_section ct_sign_sha256='0903c9b8486972d8b01e25f308f4b0141e8cd69a145e553fe493cae38a68fdcc' ct_options='{\"ct_id\":164,\"ct_parent\":0,\"selector\":\"section-164-47\",\"activeselector\":false,\"classes\":{\"0\":\"cta_background\"}}'][ct_div_block_2 ct_sign_sha256='06cca9a274c0e9a88943837735e98779a4358e477042e310266d5a10ff6c661f' ct_options='{\"ct_id\":165,\"ct_parent\":164,\"selector\":\"div_block-165-47\",\"activeselector\":false,\"media\":{\"phone-portrait\":{\"original\":{\"padding-right\":\"34\",\"padding-left\":\"24\"}}},\"classes\":{\"0\":\"box_1\"},\"original\":{\"padding-right\":\"122\",\"margin-top\":\"-150\"}}'][ct_div_block_3 ct_sign_sha256='8f95c8d7d0901e4f3ef26b0ba1457819e348f6dc5c34ae7b949d14263bcb916d' ct_options='{\"ct_id\":166,\"ct_parent\":165,\"selector\":\"div_block-166-47\",\"original\":{\"width-unit\":\"%\",\"width\":\"100\"},\"media\":{\"tablet\":{\"original\":{\"display\":\"flex\",\"align-items\":\"flex-start\",\"text-align\":\"left\"}}}}'][ct_headline ct_sign_sha256='c45e9c6a9fd29453cc6dec2b22ad6c600f912e0e35386b175a8747ba899714ee' ct_options='{\"ct_id\":167,\"ct_parent\":166,\"selector\":\"headline-167-47\",\"original\":{\"tag\":\"h4\"},\"classes\":{\"0\":\"cta_head\"},\"activeselector\":\"cta_head\"}']Haben Sie auch Probleme mit schlechter K\u00fchlturmleistung oder schlechter Wasserqualit\u00e4t?<br>[\/ct_headline][ct_div_block_4 ct_sign_sha256='32dd957ffc1a3e69f4b2a3bbc67631009dbd6c7b83dcbb962174bf3ee2ee4777' ct_options='{\"ct_id\":168,\"ct_parent\":166,\"selector\":\"div_block-168-47\",\"original\":{\"min-height\":\"0\"},\"classes\":{\"0\":\"cta_linie\"}}'][\/ct_div_block_4][oxy_rich_text ct_sign_sha256='19e2dcafd64ea21da379f92fdb1a66e41fbe1e963f1b70fe199fc38716dcd112' ct_options='{\"ct_id\":169,\"ct_parent\":166,\"selector\":\"_rich_text-169-47\",\"classes\":{\"0\":\"cta_text\"}}']<p>Sprechen Sie uns an, wir helfen Ihnen gerne<\/p>[\/oxy_rich_text][\/ct_div_block_3][ct_div_block_3 ct_sign_sha256='18d19b9b9ae0c651a9f3eae9a06ef58f3275b46142b0d30efd70b77454ba398b' ct_options='{\"ct_id\":170,\"ct_parent\":165,\"selector\":\"div_block-170-47\",\"original\":{\"width-unit\":\"%\",\"width\":\"80\",\"align-items\":\"flex-end\",\"text-align\":\"right\"},\"media\":{\"phone-landscape\":{\"original\":{\"width-unit\":\"%\",\"width\":\"100\",\"flex-direction\":\"column\",\"display\":\"flex\",\"align-items\":\"center\",\"text-align\":\"center\"}}}}'][ct_link_4 ct_sign_sha256='0f6deca843e8eb490e76c6515af3898d336b19bf8e7c2f02a79795f572026b38' ct_options='{\"ct_id\":171,\"ct_parent\":170,\"selector\":\"link-171-47\",\"original\":{\"position\":\"relative\",\"align-items\":\"center\",\"text-align\":\"center\",\"justify-content\":\"center\",\"url\":\"https:\/\/iat-kaelte.de\/kontakt\/\",\"target\":\"\",\"transition-duration\":\"0.4\",\"url_encoded\":\"true\"},\"hover\":{\"transform\":{\"0\":{\"transform-type\":\"scale\",\"rotateAngle\":\"-5\",\"scaleX\":\"1.1\",\"scaleY\":\"1.1\",\"scaleZ\":\"\"}}}}'][ct_image ct_sign_sha256='a4f6b69ed468653f1babbfbc816b9b9750e1c772dcd5c17402c885532129ad4a' ct_options='{\"ct_id\":172,\"ct_parent\":171,\"selector\":\"image-172-47\",\"original\":{\"src\":\"https:\/\/iat-kaelte.de\/wp-content\/uploads\/2021\/01\/button-outline.svg\"},\"classes\":{\"0\":\"cta_button\"}}'][\/ct_image][ct_text_block ct_sign_sha256='775de0887960112c982056bf0a36922e10512f28ba45047cbfeb90c126259169' ct_options='{\"ct_id\":173,\"ct_parent\":171,\"selector\":\"text_block-173-47\",\"activeselector\":\"cta_button_text\",\"classes\":{\"0\":\"cta_button_text\"}}']\u00bb Kontaktieren Sie uns![\/ct_text_block][\/ct_link_4][\/ct_div_block_3][\/ct_div_block_2][\/ct_section]","ct_template_type":"","ct_parent_template":0},"acf":[],"yoast_head":"<!-- This site is optimized with the Yoast SEO plugin v20.13 - https:\/\/yoast.com\/wordpress\/plugins\/seo\/ -->\n<title>K\u00fchlwasserbehandlung \u00bb Aufbereitung, Filtration &amp; Co.<\/title>\n<meta name=\"description\" content=\"Ganzheitliche Wasserbehandlungen f\u00fcr ihre K\u00fchlanlage \u2726 Kalk- &amp; Korrosionsschutz\u2713 Filter &amp; Enth\u00e4rtung\u2713 uvm. \u279c Jetzt mehr erfahren!\" \/>\n<meta name=\"robots\" content=\"index, follow, max-snippet:-1, max-image-preview:large, max-video-preview:-1\" \/>\n<link rel=\"canonical\" href=\"https:\/\/iat-kaelte.de\/en\/leistungen\/wasserbehandlung\/\" \/>\n<meta property=\"og:locale\" content=\"en_GB\" \/>\n<meta property=\"og:type\" content=\"article\" \/>\n<meta property=\"og:title\" content=\"K\u00fchlwasserbehandlung \u00bb Aufbereitung, Filtration &amp; Co.\" \/>\n<meta property=\"og:description\" content=\"Ganzheitliche Wasserbehandlungen f\u00fcr ihre K\u00fchlanlage \u2726 Kalk- &amp; Korrosionsschutz\u2713 Filter &amp; Enth\u00e4rtung\u2713 uvm. \u279c Jetzt mehr erfahren!\" \/>\n<meta property=\"og:url\" content=\"https:\/\/iat-kaelte.de\/en\/leistungen\/wasserbehandlung\/\" \/>\n<meta property=\"og:site_name\" content=\"Innovative Anlagentechnik GmbH\" \/>\n<meta property=\"article:modified_time\" content=\"2021-02-19T12:00:32+00:00\" \/>\n<meta property=\"og:image\" content=\"https:\/\/iat-kaelte.de\/wp-content\/uploads\/2021\/02\/wasserbehandlung-1.jpg\" \/>\n\t<meta property=\"og:image:width\" content=\"1600\" \/>\n\t<meta property=\"og:image:height\" content=\"600\" \/>\n\t<meta property=\"og:image:type\" content=\"image\/jpeg\" \/>\n<meta name=\"twitter:card\" content=\"summary_large_image\" \/>\n<script type=\"application\/ld+json\" class=\"yoast-schema-graph\">{\"@context\":\"https:\/\/schema.org\",\"@graph\":[{\"@type\":\"WebPage\",\"@id\":\"https:\/\/iat-kaelte.de\/leistungen\/wasserbehandlung\/\",\"url\":\"https:\/\/iat-kaelte.de\/leistungen\/wasserbehandlung\/\",\"name\":\"K\u00fchlwasserbehandlung \u00bb Aufbereitung, Filtration & Co.\",\"isPartOf\":{\"@id\":\"https:\/\/iat-kaelte.de\/#website\"},\"datePublished\":\"2021-02-01T09:58:30+00:00\",\"dateModified\":\"2021-02-19T12:00:32+00:00\",\"description\":\"Ganzheitliche Wasserbehandlungen f\u00fcr ihre K\u00fchlanlage \u2726 Kalk- & Korrosionsschutz\u2713 Filter & Enth\u00e4rtung\u2713 uvm. \u279c Jetzt mehr erfahren!\",\"breadcrumb\":{\"@id\":\"https:\/\/iat-kaelte.de\/leistungen\/wasserbehandlung\/#breadcrumb\"},\"inLanguage\":\"en-GB\",\"potentialAction\":[{\"@type\":\"ReadAction\",\"target\":[\"https:\/\/iat-kaelte.de\/leistungen\/wasserbehandlung\/\"]}]},{\"@type\":\"BreadcrumbList\",\"@id\":\"https:\/\/iat-kaelte.de\/leistungen\/wasserbehandlung\/#breadcrumb\",\"itemListElement\":[{\"@type\":\"ListItem\",\"position\":1,\"name\":\"Startseite\",\"item\":\"https:\/\/iat-kaelte.de\/\"},{\"@type\":\"ListItem\",\"position\":2,\"name\":\"Leistungen\",\"item\":\"https:\/\/iat-kaelte.de\/leistungen\/\"},{\"@type\":\"ListItem\",\"position\":3,\"name\":\"Wasserbehandlung\"}]},{\"@type\":\"WebSite\",\"@id\":\"https:\/\/iat-kaelte.de\/#website\",\"url\":\"https:\/\/iat-kaelte.de\/\",\"name\":\"Innovative Anlagentechnik GmbH\",\"description\":\"Kaltwasser - Klima - Steuerungstechnik\",\"publisher\":{\"@id\":\"https:\/\/iat-kaelte.de\/#organization\"},\"alternateName\":\"IAT-K\u00e4lte\",\"potentialAction\":[{\"@type\":\"SearchAction\",\"target\":{\"@type\":\"EntryPoint\",\"urlTemplate\":\"https:\/\/iat-kaelte.de\/?s={search_term_string}\"},\"query-input\":\"required name=search_term_string\"}],\"inLanguage\":\"en-GB\"},{\"@type\":\"Organization\",\"@id\":\"https:\/\/iat-kaelte.de\/#organization\",\"name\":\"IAT - Innovative Anlagentechnik GmbH\",\"alternateName\":\"IAT-K\u00e4lte GmbH\",\"url\":\"https:\/\/iat-kaelte.de\/\",\"logo\":{\"@type\":\"ImageObject\",\"inLanguage\":\"en-GB\",\"@id\":\"https:\/\/iat-kaelte.de\/#\/schema\/logo\/image\/\",\"url\":\"https:\/\/iat-kaelte.de\/wp-content\/uploads\/2020\/11\/logo.svg\",\"contentUrl\":\"https:\/\/iat-kaelte.de\/wp-content\/uploads\/2020\/11\/logo.svg\",\"width\":286.58,\"height\":75.14,\"caption\":\"IAT - Innovative Anlagentechnik GmbH\"},\"image\":{\"@id\":\"https:\/\/iat-kaelte.de\/#\/schema\/logo\/image\/\"}}]}<\/script>\n<!-- \/ Yoast SEO plugin. -->","yoast_head_json":{"title":"K\u00fchlwasserbehandlung \u00bb Aufbereitung, Filtration & Co.","description":"Ganzheitliche Wasserbehandlungen f\u00fcr ihre K\u00fchlanlage \u2726 Kalk- & Korrosionsschutz\u2713 Filter & Enth\u00e4rtung\u2713 uvm. \u279c Jetzt mehr erfahren!","robots":{"index":"index","follow":"follow","max-snippet":"max-snippet:-1","max-image-preview":"max-image-preview:large","max-video-preview":"max-video-preview:-1"},"canonical":"https:\/\/iat-kaelte.de\/en\/leistungen\/wasserbehandlung\/","og_locale":"en_GB","og_type":"article","og_title":"K\u00fchlwasserbehandlung \u00bb Aufbereitung, Filtration & Co.","og_description":"Ganzheitliche Wasserbehandlungen f\u00fcr ihre K\u00fchlanlage \u2726 Kalk- & Korrosionsschutz\u2713 Filter & Enth\u00e4rtung\u2713 uvm. \u279c Jetzt mehr erfahren!","og_url":"https:\/\/iat-kaelte.de\/en\/leistungen\/wasserbehandlung\/","og_site_name":"Innovative Anlagentechnik GmbH","article_modified_time":"2021-02-19T12:00:32+00:00","og_image":[{"width":1600,"height":600,"url":"https:\/\/iat-kaelte.de\/wp-content\/uploads\/2021\/02\/wasserbehandlung-1.jpg","type":"image\/jpeg"}],"twitter_card":"summary_large_image","schema":{"@context":"https:\/\/schema.org","@graph":[{"@type":"WebPage","@id":"https:\/\/iat-kaelte.de\/leistungen\/wasserbehandlung\/","url":"https:\/\/iat-kaelte.de\/leistungen\/wasserbehandlung\/","name":"K\u00fchlwasserbehandlung \u00bb Aufbereitung, Filtration & Co.","isPartOf":{"@id":"https:\/\/iat-kaelte.de\/#website"},"datePublished":"2021-02-01T09:58:30+00:00","dateModified":"2021-02-19T12:00:32+00:00","description":"Ganzheitliche Wasserbehandlungen f\u00fcr ihre K\u00fchlanlage \u2726 Kalk- & Korrosionsschutz\u2713 Filter & Enth\u00e4rtung\u2713 uvm. \u279c Jetzt mehr erfahren!","breadcrumb":{"@id":"https:\/\/iat-kaelte.de\/leistungen\/wasserbehandlung\/#breadcrumb"},"inLanguage":"en-GB","potentialAction":[{"@type":"ReadAction","target":["https:\/\/iat-kaelte.de\/leistungen\/wasserbehandlung\/"]}]},{"@type":"BreadcrumbList","@id":"https:\/\/iat-kaelte.de\/leistungen\/wasserbehandlung\/#breadcrumb","itemListElement":[{"@type":"ListItem","position":1,"name":"Startseite","item":"https:\/\/iat-kaelte.de\/"},{"@type":"ListItem","position":2,"name":"Leistungen","item":"https:\/\/iat-kaelte.de\/leistungen\/"},{"@type":"ListItem","position":3,"name":"Wasserbehandlung"}]},{"@type":"WebSite","@id":"https:\/\/iat-kaelte.de\/#website","url":"https:\/\/iat-kaelte.de\/","name":"Innovative Anlagentechnik GmbH","description":"Kaltwasser - Klima - Steuerungstechnik","publisher":{"@id":"https:\/\/iat-kaelte.de\/#organization"},"alternateName":"IAT-K\u00e4lte","potentialAction":[{"@type":"SearchAction","target":{"@type":"EntryPoint","urlTemplate":"https:\/\/iat-kaelte.de\/?s={search_term_string}"},"query-input":"required name=search_term_string"}],"inLanguage":"en-GB"},{"@type":"Organization","@id":"https:\/\/iat-kaelte.de\/#organization","name":"IAT - Innovative Anlagentechnik GmbH","alternateName":"IAT-K\u00e4lte GmbH","url":"https:\/\/iat-kaelte.de\/","logo":{"@type":"ImageObject","inLanguage":"en-GB","@id":"https:\/\/iat-kaelte.de\/#\/schema\/logo\/image\/","url":"https:\/\/iat-kaelte.de\/wp-content\/uploads\/2020\/11\/logo.svg","contentUrl":"https:\/\/iat-kaelte.de\/wp-content\/uploads\/2020\/11\/logo.svg","width":286.58,"height":75.14,"caption":"IAT - Innovative Anlagentechnik GmbH"},"image":{"@id":"https:\/\/iat-kaelte.de\/#\/schema\/logo\/image\/"}}]}},"_links":{"self":[{"href":"https:\/\/iat-kaelte.de\/en\/wp-json\/wp\/v2\/pages\/110"}],"collection":[{"href":"https:\/\/iat-kaelte.de\/en\/wp-json\/wp\/v2\/pages"}],"about":[{"href":"https:\/\/iat-kaelte.de\/en\/wp-json\/wp\/v2\/types\/page"}],"author":[{"embeddable":true,"href":"https:\/\/iat-kaelte.de\/en\/wp-json\/wp\/v2\/users\/1"}],"replies":[{"embeddable":true,"href":"https:\/\/iat-kaelte.de\/en\/wp-json\/wp\/v2\/comments?post=110"}],"version-history":[{"count":1,"href":"https:\/\/iat-kaelte.de\/en\/wp-json\/wp\/v2\/pages\/110\/revisions"}],"predecessor-version":[{"id":111,"href":"https:\/\/iat-kaelte.de\/en\/wp-json\/wp\/v2\/pages\/110\/revisions\/111"}],"up":[{"embeddable":true,"href":"https:\/\/iat-kaelte.de\/en\/wp-json\/wp\/v2\/pages\/86"}],"wp:featuredmedia":[{"embeddable":true,"href":"https:\/\/iat-kaelte.de\/en\/wp-json\/wp\/v2\/media\/196"}],"wp:attachment":[{"href":"https:\/\/iat-kaelte.de\/en\/wp-json\/wp\/v2\/media?parent=110"}],"curies":[{"name":"wp","href":"https:\/\/api.w.org\/{rel}","templated":true}]}}