{"id":108,"date":"2021-02-01T10:51:49","date_gmt":"2021-02-01T09:51:49","guid":{"rendered":"http:\/\/new.iat-kaelte.de\/?page_id=108"},"modified":"2021-02-19T13:04:17","modified_gmt":"2021-02-19T12:04:17","slug":"fernwartung","status":"publish","type":"page","link":"https:\/\/iat-kaelte.de\/en\/leistungen\/fernwartung\/","title":{"rendered":"Remote maintenance"},"content":{"rendered":"","protected":false},"excerpt":{"rendered":"","protected":false},"author":1,"featured_media":197,"parent":86,"menu_order":0,"comment_status":"closed","ping_status":"closed","template":"","meta":{"ct_builder_shortcodes":"[ct_section ct_sign_sha256='b89ecdffeda90c02ea76bc87083dd3a20dcf07f39a984c6a10c3b8fbeead52ff' ct_options='{\"ct_id\":17,\"ct_parent\":0,\"selector\":\"section-17-15\",\"activeselector\":false,\"classes\":{\"0\":\"header_image\"},\"original\":{\"background-image\":\"[oxygen ct_sign_sha256='216211043951e09a29fe690e653f791d9ba586f6a700e7368fa96b326fb73634' data='featured_image' size='2000x1300' ]\",\"background-imagedynamic\":true}}'][ct_headline ct_sign_sha256='ce1b1b8a40b51d74ac7a0a9ba07834bc258aa83d156f053ad767d6d6bc1c31c9' ct_options='{\"ct_id\":22,\"ct_parent\":17,\"selector\":\"headline-22-15\",\"activeselector\":\"text_schatten\",\"original\":{\"color\":\"color(3)\"},\"classes\":{\"0\":\"head_1\",\"1\":\"text_schatten\"}}']Fernwartung<br>[\/ct_headline][ct_div_block_2 ct_sign_sha256='8ceef5c98ab9362a96dbd7c6c261895ab034f52f850dcd52b46f42425f39b1cd' ct_options='{\"ct_id\":26,\"ct_parent\":17,\"selector\":\"div_block-26-15\",\"classes\":{\"0\":\"linie_sep\",\"1\":\"div_schatten\"},\"activeselector\":\"div_schatten\",\"original\":{\"min-height\":\"0\",\"background-color\":\"color(3)\"}}'][\/ct_div_block_2][\/ct_section][ct_div_block ct_sign_sha256='ce31ab48c62f5c62cff1a93febb1c7c0e90f57176f31339b9bc1191f794d41ae' ct_options='{\"ct_id\":18,\"ct_parent\":0,\"selector\":\"div_block-18-15\",\"activeselector\":\"separator_unten\",\"classes\":{\"0\":\"separator_unten\"},\"nicename\":\"separator\"}'][\/ct_div_block][ct_section ct_sign_sha256='da4d59e2b762212a6488296de0ccec994c0059ff9ec3e18595a98ac57d68e02a' ct_options='{\"ct_id\":28,\"ct_parent\":0,\"selector\":\"section-28-15\",\"original\":{\"container-padding-bottom\":\"117\"},\"classes\":{\"0\":\"section_block\"},\"activeselector\":false,\"media\":{\"tablet\":{\"original\":{}}}}'][ct_div_block_2 ct_sign_sha256='440e2c911132b2e5c7bec3f31ed2637cef3d44d5741ad6688c5e92c4648c7951' ct_options='{\"ct_id\":50,\"ct_parent\":28,\"selector\":\"div_block-50-15\",\"classes\":{\"0\":\"text_left_400\"},\"activeselector\":\"text_left_400\"}'][ct_headline ct_sign_sha256='c8988464acd3b11014031615aeb5777b759c7509fc15b52a1444d13f1595a6d8' ct_options='{\"ct_id\":53,\"ct_parent\":50,\"selector\":\"headline-53-15\",\"original\":{\"tag\":\"h2\"},\"activeselector\":\"text_h2\",\"classes\":{\"0\":\"text_h2\"}}']Der direkte Draht zu Ihrer Anlage[\/ct_headline][oxy_rich_text ct_sign_sha256='47aab06b6ce611d3e366a6bf2e97994a7c5ec5f0a917faf1099c8fe562fd485c' ct_options='{\"ct_id\":52,\"ct_parent\":50,\"selector\":\"_rich_text-52-15\",\"activeselector\":\"text\",\"classes\":{\"0\":\"text\"}}']<p>Streikt die Anlagentechnik, muss der Techniker kommen. Das war lange Zeit die einzige Alternative.<\/p><p>Mit unserer Ferndiagnose und Fernwartung \u00fcber das Internet lassen sich unsere Anlagen \u00fcber Fernzugriff von jedem Punkt der Welt aus diagnostizieren.<br \/>Sie erfassen s\u00e4mtliche Prozess- und Anlagedaten und leiten diese weiter. Zus\u00e4tzlich kann man Diagnosen erstellen, Werte optimieren und Systemupdates durchf\u00fchren - <strong>per Fernzugriff und ohne, dass ein Techniker vor Ort sein muss<\/strong>. Berechtigungen f\u00fcr den Zugriff auf die Daten k\u00f6nnen je nach Verantwortungsbereich individuell angelegt werden. Der Zugang zur jeweiligen Webplattform kann per Desktop, Tablet oder Smartphone erfolgen.<\/p><p>\u00a0<\/p>[\/oxy_rich_text][\/ct_div_block_2][ct_div_block_2 ct_sign_sha256='b4d52ab94dd5646e4c953675665879ca213a753d9c2e8ab69c42fb02b0073b34' ct_options='{\"ct_id\":80,\"ct_parent\":28,\"selector\":\"div_block-80-15\",\"classes\":{\"0\":\"box_2\",\"1\":\"box_400\"},\"activeselector\":\"box_400\"}'][ct_headline ct_sign_sha256='8082a3ff5cf77ba07de2596e0d7d2c8c9e587f0e52eb691f349301d37f060898' ct_options='{\"ct_id\":44,\"ct_parent\":80,\"selector\":\"headline-44-15\",\"original\":{\"tag\":\"h3\"},\"classes\":{\"0\":\"vorteile_h2\"},\"activeselector\":\"vorteile_h2\"}']Fernwartung \u2013 Vorteile&nbsp;<br>auf einen Blick[\/ct_headline][oxy_rich_text ct_sign_sha256='d3814f2317a12817f013070480fcc889d5fd3aa212b3e155b518bb9d867b46d7' ct_options='{\"ct_id\":49,\"ct_parent\":80,\"selector\":\"_rich_text-49-15\",\"classes\":{\"0\":\"vorteile_text\"},\"activeselector\":false,\"original\":{\"width\":\"280\"},\"media\":{\"tablet\":{\"original\":{\"width-unit\":\"auto\"}}}}']<ul class=\"flocke\">\r\n \t<li>Kostenersparnis<\/li>\r\n \t<li>Zeitersparnis<\/li>\r\n \t<li>Reduzierte Serviceeins\u00e4tze<\/li>\r\n \t<li>Modernisierung<\/li>\r\n \t<li>Systemupdates<\/li>\r\n \t<li>Transparenz<\/li>\r\n<\/ul>[\/oxy_rich_text][\/ct_div_block_2][\/ct_section][ct_section ct_sign_sha256='28fd8e6a5752094966a74666f4d593639abb010b6169d8502324c2986ee2f1fe' ct_options='{\"ct_id\":164,\"ct_parent\":0,\"selector\":\"section-164-47\",\"activeselector\":false,\"classes\":{\"0\":\"cta_background\"}}'][ct_div_block_2 ct_sign_sha256='a6880b5ad608be6b6763934f18509638120d0dd68abaa0c88c79add4dee4fb23' ct_options='{\"ct_id\":165,\"ct_parent\":164,\"selector\":\"div_block-165-47\",\"activeselector\":false,\"media\":{\"phone-portrait\":{\"original\":{\"padding-right\":\"34\",\"padding-left\":\"24\"}}},\"classes\":{\"0\":\"box_1\"},\"original\":{\"padding-right\":\"122\",\"margin-top\":\"-150\"}}'][ct_div_block_3 ct_sign_sha256='6b5c0176412b07fbc54a620ef1d9b92c28df03ecaa0447243143fd8ffe95e89e' ct_options='{\"ct_id\":166,\"ct_parent\":165,\"selector\":\"div_block-166-47\",\"original\":{\"width-unit\":\"%\",\"width\":\"100\"},\"media\":{\"tablet\":{\"original\":{\"display\":\"flex\",\"align-items\":\"flex-start\",\"text-align\":\"left\"}}}}'][ct_headline ct_sign_sha256='981d766f509c1578fd42829527bcb9e805a3855c305f575dd375aef08f1af68b' ct_options='{\"ct_id\":167,\"ct_parent\":166,\"selector\":\"headline-167-47\",\"original\":{\"tag\":\"h4\"},\"classes\":{\"0\":\"cta_head\"},\"activeselector\":\"cta_head\"}']Sie m\u00f6chten mehr \u00fcber die Fernwartung von K\u00fchlanlagen wissen?[\/ct_headline][ct_div_block_4 ct_sign_sha256='32dd957ffc1a3e69f4b2a3bbc67631009dbd6c7b83dcbb962174bf3ee2ee4777' ct_options='{\"ct_id\":168,\"ct_parent\":166,\"selector\":\"div_block-168-47\",\"original\":{\"min-height\":\"0\"},\"classes\":{\"0\":\"cta_linie\"}}'][\/ct_div_block_4][oxy_rich_text ct_sign_sha256='9210cb325c9f2d88f22d3422721b3a2b698dd9dced84fa43856d25fa18477ae0' ct_options='{\"ct_id\":169,\"ct_parent\":166,\"selector\":\"_rich_text-169-47\",\"classes\":{\"0\":\"cta_text\"}}']<p>Vereinbaren Sie mit uns einen Termin zum pers\u00f6nlichen Gespr\u00e4ch. Wir freuen uns auf ihre Anfrage!<\/p>[\/oxy_rich_text][\/ct_div_block_3][ct_div_block_3 ct_sign_sha256='18d19b9b9ae0c651a9f3eae9a06ef58f3275b46142b0d30efd70b77454ba398b' ct_options='{\"ct_id\":170,\"ct_parent\":165,\"selector\":\"div_block-170-47\",\"original\":{\"width-unit\":\"%\",\"width\":\"80\",\"align-items\":\"flex-end\",\"text-align\":\"right\"},\"media\":{\"phone-landscape\":{\"original\":{\"width-unit\":\"%\",\"width\":\"100\",\"flex-direction\":\"column\",\"display\":\"flex\",\"align-items\":\"center\",\"text-align\":\"center\"}}}}'][ct_link_4 ct_sign_sha256='0f6deca843e8eb490e76c6515af3898d336b19bf8e7c2f02a79795f572026b38' ct_options='{\"ct_id\":171,\"ct_parent\":170,\"selector\":\"link-171-47\",\"original\":{\"position\":\"relative\",\"align-items\":\"center\",\"text-align\":\"center\",\"justify-content\":\"center\",\"url\":\"https:\/\/iat-kaelte.de\/kontakt\/\",\"target\":\"\",\"transition-duration\":\"0.4\",\"url_encoded\":\"true\"},\"hover\":{\"transform\":{\"0\":{\"transform-type\":\"scale\",\"rotateAngle\":\"-5\",\"scaleX\":\"1.1\",\"scaleY\":\"1.1\",\"scaleZ\":\"\"}}}}'][ct_image ct_sign_sha256='a4f6b69ed468653f1babbfbc816b9b9750e1c772dcd5c17402c885532129ad4a' ct_options='{\"ct_id\":172,\"ct_parent\":171,\"selector\":\"image-172-47\",\"original\":{\"src\":\"https:\/\/iat-kaelte.de\/wp-content\/uploads\/2021\/01\/button-outline.svg\"},\"classes\":{\"0\":\"cta_button\"}}'][\/ct_image][ct_text_block ct_sign_sha256='775de0887960112c982056bf0a36922e10512f28ba45047cbfeb90c126259169' ct_options='{\"ct_id\":173,\"ct_parent\":171,\"selector\":\"text_block-173-47\",\"activeselector\":\"cta_button_text\",\"classes\":{\"0\":\"cta_button_text\"}}']\u00bb Kontaktieren Sie uns![\/ct_text_block][\/ct_link_4][\/ct_div_block_3][\/ct_div_block_2][\/ct_section]","ct_template_type":"","ct_parent_template":0},"acf":[],"yoast_head":"<!-- This site is optimized with the Yoast SEO plugin v20.13 - https:\/\/yoast.com\/wordpress\/plugins\/seo\/ -->\n<title>Fernwartung f\u00fcr ihre K\u00fchlanlage \u00bb per PC, Smartphone &amp; Tablet<\/title>\n<meta name=\"description\" content=\"Mit unseren Fernwartungssystemen f\u00fcr K\u00e4lteanlagen sparen sie sich den Techniker vor Ort \u279c Jetzt mehr erfahren!\" \/>\n<meta name=\"robots\" content=\"index, follow, max-snippet:-1, max-image-preview:large, max-video-preview:-1\" \/>\n<link rel=\"canonical\" href=\"https:\/\/iat-kaelte.de\/en\/leistungen\/fernwartung\/\" \/>\n<meta property=\"og:locale\" content=\"en_GB\" \/>\n<meta property=\"og:type\" content=\"article\" \/>\n<meta property=\"og:title\" content=\"Fernwartung f\u00fcr ihre K\u00fchlanlage \u00bb per PC, Smartphone &amp; Tablet\" \/>\n<meta property=\"og:description\" content=\"Mit unseren Fernwartungssystemen f\u00fcr K\u00e4lteanlagen sparen sie sich den Techniker vor Ort \u279c Jetzt mehr erfahren!\" \/>\n<meta property=\"og:url\" content=\"https:\/\/iat-kaelte.de\/en\/leistungen\/fernwartung\/\" \/>\n<meta property=\"og:site_name\" content=\"Innovative Anlagentechnik GmbH\" \/>\n<meta property=\"article:modified_time\" content=\"2021-02-19T12:04:17+00:00\" \/>\n<meta property=\"og:image\" content=\"https:\/\/iat-kaelte.de\/wp-content\/uploads\/2021\/02\/Fernwartung.jpg\" \/>\n\t<meta property=\"og:image:width\" content=\"1600\" \/>\n\t<meta property=\"og:image:height\" content=\"600\" \/>\n\t<meta property=\"og:image:type\" content=\"image\/jpeg\" \/>\n<meta name=\"twitter:card\" content=\"summary_large_image\" \/>\n<script type=\"application\/ld+json\" class=\"yoast-schema-graph\">{\"@context\":\"https:\/\/schema.org\",\"@graph\":[{\"@type\":\"WebPage\",\"@id\":\"https:\/\/iat-kaelte.de\/leistungen\/fernwartung\/\",\"url\":\"https:\/\/iat-kaelte.de\/leistungen\/fernwartung\/\",\"name\":\"Fernwartung f\u00fcr ihre K\u00fchlanlage \u00bb per PC, Smartphone & Tablet\",\"isPartOf\":{\"@id\":\"https:\/\/iat-kaelte.de\/#website\"},\"datePublished\":\"2021-02-01T09:51:49+00:00\",\"dateModified\":\"2021-02-19T12:04:17+00:00\",\"description\":\"Mit unseren Fernwartungssystemen f\u00fcr K\u00e4lteanlagen sparen sie sich den Techniker vor Ort \u279c Jetzt mehr erfahren!\",\"breadcrumb\":{\"@id\":\"https:\/\/iat-kaelte.de\/leistungen\/fernwartung\/#breadcrumb\"},\"inLanguage\":\"en-GB\",\"potentialAction\":[{\"@type\":\"ReadAction\",\"target\":[\"https:\/\/iat-kaelte.de\/leistungen\/fernwartung\/\"]}]},{\"@type\":\"BreadcrumbList\",\"@id\":\"https:\/\/iat-kaelte.de\/leistungen\/fernwartung\/#breadcrumb\",\"itemListElement\":[{\"@type\":\"ListItem\",\"position\":1,\"name\":\"Startseite\",\"item\":\"https:\/\/iat-kaelte.de\/\"},{\"@type\":\"ListItem\",\"position\":2,\"name\":\"Leistungen\",\"item\":\"https:\/\/iat-kaelte.de\/leistungen\/\"},{\"@type\":\"ListItem\",\"position\":3,\"name\":\"Fernwartung\"}]},{\"@type\":\"WebSite\",\"@id\":\"https:\/\/iat-kaelte.de\/#website\",\"url\":\"https:\/\/iat-kaelte.de\/\",\"name\":\"Innovative Anlagentechnik GmbH\",\"description\":\"Kaltwasser - Klima - Steuerungstechnik\",\"publisher\":{\"@id\":\"https:\/\/iat-kaelte.de\/#organization\"},\"alternateName\":\"IAT-K\u00e4lte\",\"potentialAction\":[{\"@type\":\"SearchAction\",\"target\":{\"@type\":\"EntryPoint\",\"urlTemplate\":\"https:\/\/iat-kaelte.de\/?s={search_term_string}\"},\"query-input\":\"required name=search_term_string\"}],\"inLanguage\":\"en-GB\"},{\"@type\":\"Organization\",\"@id\":\"https:\/\/iat-kaelte.de\/#organization\",\"name\":\"IAT - Innovative Anlagentechnik GmbH\",\"alternateName\":\"IAT-K\u00e4lte GmbH\",\"url\":\"https:\/\/iat-kaelte.de\/\",\"logo\":{\"@type\":\"ImageObject\",\"inLanguage\":\"en-GB\",\"@id\":\"https:\/\/iat-kaelte.de\/#\/schema\/logo\/image\/\",\"url\":\"https:\/\/iat-kaelte.de\/wp-content\/uploads\/2020\/11\/logo.svg\",\"contentUrl\":\"https:\/\/iat-kaelte.de\/wp-content\/uploads\/2020\/11\/logo.svg\",\"width\":286.58,\"height\":75.14,\"caption\":\"IAT - Innovative Anlagentechnik GmbH\"},\"image\":{\"@id\":\"https:\/\/iat-kaelte.de\/#\/schema\/logo\/image\/\"}}]}<\/script>\n<!-- \/ Yoast SEO plugin. -->","yoast_head_json":{"title":"Fernwartung f\u00fcr ihre K\u00fchlanlage \u00bb per PC, Smartphone & Tablet","description":"Mit unseren Fernwartungssystemen f\u00fcr K\u00e4lteanlagen sparen sie sich den Techniker vor Ort \u279c Jetzt mehr erfahren!","robots":{"index":"index","follow":"follow","max-snippet":"max-snippet:-1","max-image-preview":"max-image-preview:large","max-video-preview":"max-video-preview:-1"},"canonical":"https:\/\/iat-kaelte.de\/en\/leistungen\/fernwartung\/","og_locale":"en_GB","og_type":"article","og_title":"Fernwartung f\u00fcr ihre K\u00fchlanlage \u00bb per PC, Smartphone & Tablet","og_description":"Mit unseren Fernwartungssystemen f\u00fcr K\u00e4lteanlagen sparen sie sich den Techniker vor Ort \u279c Jetzt mehr erfahren!","og_url":"https:\/\/iat-kaelte.de\/en\/leistungen\/fernwartung\/","og_site_name":"Innovative Anlagentechnik GmbH","article_modified_time":"2021-02-19T12:04:17+00:00","og_image":[{"width":1600,"height":600,"url":"https:\/\/iat-kaelte.de\/wp-content\/uploads\/2021\/02\/Fernwartung.jpg","type":"image\/jpeg"}],"twitter_card":"summary_large_image","schema":{"@context":"https:\/\/schema.org","@graph":[{"@type":"WebPage","@id":"https:\/\/iat-kaelte.de\/leistungen\/fernwartung\/","url":"https:\/\/iat-kaelte.de\/leistungen\/fernwartung\/","name":"Fernwartung f\u00fcr ihre K\u00fchlanlage \u00bb per PC, Smartphone & Tablet","isPartOf":{"@id":"https:\/\/iat-kaelte.de\/#website"},"datePublished":"2021-02-01T09:51:49+00:00","dateModified":"2021-02-19T12:04:17+00:00","description":"Mit unseren Fernwartungssystemen f\u00fcr K\u00e4lteanlagen sparen sie sich den Techniker vor Ort \u279c Jetzt mehr erfahren!","breadcrumb":{"@id":"https:\/\/iat-kaelte.de\/leistungen\/fernwartung\/#breadcrumb"},"inLanguage":"en-GB","potentialAction":[{"@type":"ReadAction","target":["https:\/\/iat-kaelte.de\/leistungen\/fernwartung\/"]}]},{"@type":"BreadcrumbList","@id":"https:\/\/iat-kaelte.de\/leistungen\/fernwartung\/#breadcrumb","itemListElement":[{"@type":"ListItem","position":1,"name":"Startseite","item":"https:\/\/iat-kaelte.de\/"},{"@type":"ListItem","position":2,"name":"Leistungen","item":"https:\/\/iat-kaelte.de\/leistungen\/"},{"@type":"ListItem","position":3,"name":"Fernwartung"}]},{"@type":"WebSite","@id":"https:\/\/iat-kaelte.de\/#website","url":"https:\/\/iat-kaelte.de\/","name":"Innovative Anlagentechnik GmbH","description":"Kaltwasser - Klima - Steuerungstechnik","publisher":{"@id":"https:\/\/iat-kaelte.de\/#organization"},"alternateName":"IAT-K\u00e4lte","potentialAction":[{"@type":"SearchAction","target":{"@type":"EntryPoint","urlTemplate":"https:\/\/iat-kaelte.de\/?s={search_term_string}"},"query-input":"required name=search_term_string"}],"inLanguage":"en-GB"},{"@type":"Organization","@id":"https:\/\/iat-kaelte.de\/#organization","name":"IAT - Innovative Anlagentechnik GmbH","alternateName":"IAT-K\u00e4lte GmbH","url":"https:\/\/iat-kaelte.de\/","logo":{"@type":"ImageObject","inLanguage":"en-GB","@id":"https:\/\/iat-kaelte.de\/#\/schema\/logo\/image\/","url":"https:\/\/iat-kaelte.de\/wp-content\/uploads\/2020\/11\/logo.svg","contentUrl":"https:\/\/iat-kaelte.de\/wp-content\/uploads\/2020\/11\/logo.svg","width":286.58,"height":75.14,"caption":"IAT - Innovative Anlagentechnik GmbH"},"image":{"@id":"https:\/\/iat-kaelte.de\/#\/schema\/logo\/image\/"}}]}},"_links":{"self":[{"href":"https:\/\/iat-kaelte.de\/en\/wp-json\/wp\/v2\/pages\/108"}],"collection":[{"href":"https:\/\/iat-kaelte.de\/en\/wp-json\/wp\/v2\/pages"}],"about":[{"href":"https:\/\/iat-kaelte.de\/en\/wp-json\/wp\/v2\/types\/page"}],"author":[{"embeddable":true,"href":"https:\/\/iat-kaelte.de\/en\/wp-json\/wp\/v2\/users\/1"}],"replies":[{"embeddable":true,"href":"https:\/\/iat-kaelte.de\/en\/wp-json\/wp\/v2\/comments?post=108"}],"version-history":[{"count":1,"href":"https:\/\/iat-kaelte.de\/en\/wp-json\/wp\/v2\/pages\/108\/revisions"}],"predecessor-version":[{"id":109,"href":"https:\/\/iat-kaelte.de\/en\/wp-json\/wp\/v2\/pages\/108\/revisions\/109"}],"up":[{"embeddable":true,"href":"https:\/\/iat-kaelte.de\/en\/wp-json\/wp\/v2\/pages\/86"}],"wp:featuredmedia":[{"embeddable":true,"href":"https:\/\/iat-kaelte.de\/en\/wp-json\/wp\/v2\/media\/197"}],"wp:attachment":[{"href":"https:\/\/iat-kaelte.de\/en\/wp-json\/wp\/v2\/media?parent=108"}],"curies":[{"name":"wp","href":"https:\/\/api.w.org\/{rel}","templated":true}]}}