{"id":101,"date":"2021-01-28T16:23:31","date_gmt":"2021-01-28T15:23:31","guid":{"rendered":"http:\/\/new.iat-kaelte.de\/?page_id=101"},"modified":"2021-02-19T13:10:03","modified_gmt":"2021-02-19T12:10:03","slug":"service-wartung","status":"publish","type":"page","link":"https:\/\/iat-kaelte.de\/en\/leistungen\/service-wartung\/","title":{"rendered":"Service &amp; Maintenance"},"content":{"rendered":"","protected":false},"excerpt":{"rendered":"","protected":false},"author":1,"featured_media":200,"parent":86,"menu_order":0,"comment_status":"closed","ping_status":"closed","template":"","meta":{"ct_builder_shortcodes":"[ct_section ct_sign_sha256='56b6a6a4a7ec9bce35a43b3d55f8e0ea2c2dd3cb8c1f9928f1fb75cc8c90210c' ct_options='{\"ct_id\":17,\"ct_parent\":0,\"selector\":\"section-17-15\",\"activeselector\":false,\"classes\":{\"0\":\"header_image\"},\"original\":{\"background-image\":\"[oxygen ct_sign_sha256='216211043951e09a29fe690e653f791d9ba586f6a700e7368fa96b326fb73634' data='featured_image' size='2000x1300' ]\",\"background-imagedynamic\":true}}'][ct_headline ct_sign_sha256='54ecbac5a9340bfd16e026a3b17aac91e7ed299836c991340aae3ee613b87a37' ct_options='{\"ct_id\":22,\"ct_parent\":17,\"selector\":\"headline-22-15\",\"activeselector\":\"text_schatten\",\"original\":{\"color\":\"color(3)\"},\"classes\":{\"0\":\"head_1\",\"1\":\"text_schatten\"}}']Service &amp; Wartung<br>[\/ct_headline][ct_div_block_2 ct_sign_sha256='8ceef5c98ab9362a96dbd7c6c261895ab034f52f850dcd52b46f42425f39b1cd' ct_options='{\"ct_id\":26,\"ct_parent\":17,\"selector\":\"div_block-26-15\",\"classes\":{\"0\":\"linie_sep\",\"1\":\"div_schatten\"},\"activeselector\":\"div_schatten\",\"original\":{\"min-height\":\"0\",\"background-color\":\"color(3)\"}}'][\/ct_div_block_2][\/ct_section][ct_div_block ct_sign_sha256='ce31ab48c62f5c62cff1a93febb1c7c0e90f57176f31339b9bc1191f794d41ae' ct_options='{\"ct_id\":18,\"ct_parent\":0,\"selector\":\"div_block-18-15\",\"activeselector\":\"separator_unten\",\"classes\":{\"0\":\"separator_unten\"},\"nicename\":\"separator\"}'][\/ct_div_block][ct_section ct_sign_sha256='9e51b619df0b472202231dd28002d1ad970767eac284bd8e87e029ec547ee6b2' ct_options='{\"ct_id\":28,\"ct_parent\":0,\"selector\":\"section-28-15\",\"original\":{\"container-padding-bottom\":\"117\"},\"classes\":{\"0\":\"section_block\"},\"activeselector\":false,\"media\":{\"tablet\":{\"original\":{}}}}'][ct_div_block_2 ct_sign_sha256='4eac3d58beb49a93037c1f2d7d8c4338e536bb027ae8a458590a23db2db6c927' ct_options='{\"ct_id\":50,\"ct_parent\":28,\"selector\":\"div_block-50-15\",\"classes\":{\"0\":\"text_left_400\"},\"activeselector\":\"text_left_400\"}'][ct_headline ct_sign_sha256='786dbdc62b6e85e2e7709a0b1131fbdf7514e580f9e9bcbe1b0c8f1311d226bb' ct_options='{\"ct_id\":53,\"ct_parent\":50,\"selector\":\"headline-53-15\",\"original\":{\"tag\":\"h2\"},\"activeselector\":\"text_h2\",\"classes\":{\"0\":\"text_h2\"}}']Wir \u00fcbernehmen die Wartung&nbsp;<br>Ihrer K\u00e4lteanlage[\/ct_headline][oxy_rich_text ct_sign_sha256='23bb72b532d0d1142f47f75e1221c1a31d97d9059b5dc90613c79c379e49ff28' ct_options='{\"ct_id\":52,\"ct_parent\":50,\"selector\":\"_rich_text-52-15\",\"activeselector\":\"text\",\"classes\":{\"0\":\"text\"}}']<p>Um Ausf\u00e4lle zu vermeiden und Sch\u00e4den an der Anlage schnell und unkompliziert zu beheben, steht Ihnen unser engagiertes Team jederzeit zur Verf\u00fcgung. Von der Reinigung \u00fcber die K\u00fchlturmsanierung bis hin zur energetischen Aufr\u00fcstung - mit unseren Serviceleistungen unterst\u00fctzen wir Sie bei der Instandhaltung ihrer K\u00e4lteanlage und der Wiederherstellung eines reibungslosen Prozessablaufs.\u00a0<\/p><p><strong>Mehr als nur technische Wartung<br \/><\/strong>Die IAT GmbH versteht dabei Service nicht nur als Ausf\u00fchrung technischer Kontrolle. Selbstverst\u00e4ndlich sind wir f\u00fcr unsere Kunden bei St\u00f6rungsmeldungen auch vor Ort.<\/p>[\/oxy_rich_text][\/ct_div_block_2][ct_div_block_2 ct_sign_sha256='b473ac51ec2d33be80a88e58a66c5638aa009b36cd20ac2cb67f0ae89cf6529d' ct_options='{\"ct_id\":80,\"ct_parent\":28,\"selector\":\"div_block-80-15\",\"classes\":{\"0\":\"box_2\",\"1\":\"box_400\"},\"activeselector\":\"box_400\"}'][ct_headline ct_sign_sha256='bb5dc9f7aabddb51202866445ff9fb035277efbf4a8867e79e2d3195b292fc96' ct_options='{\"ct_id\":44,\"ct_parent\":80,\"selector\":\"headline-44-15\",\"original\":{\"tag\":\"h3\"},\"classes\":{\"0\":\"vorteile_h2\"},\"activeselector\":\"vorteile_h2\"}']Unser Servicekonzept[\/ct_headline][oxy_rich_text ct_sign_sha256='b367d3d5979b9cb0343a56b795bdc331e355b28deff0cf65dcfeadb5b9653f21' ct_options='{\"ct_id\":49,\"ct_parent\":80,\"selector\":\"_rich_text-49-15\",\"classes\":{\"0\":\"vorteile_text\"},\"activeselector\":false,\"original\":{\"width\":\"280\"},\"media\":{\"tablet\":{\"original\":{\"width-unit\":\"auto\"}}}}']<ul class=\"flocke\"><li>Modulare Wartung<\/li><li>St\u00f6rungsdienst<\/li><li>Instandhaltung<\/li><li>Modernisierung<\/li><li>Efficiency Check<\/li><li>Technische Optimierung <br \/>der Anlagen<\/li><li>K\u00fchlturmsanierung<\/li><li>Reinigung der Anlagen<\/li><\/ul>[\/oxy_rich_text][\/ct_div_block_2][\/ct_section][ct_section ct_sign_sha256='83f072f52b2cafdc96a2c7f1b98d07dbeee9ef34da351ebff07faf780c2c33d8' ct_options='{\"ct_id\":164,\"ct_parent\":0,\"selector\":\"section-164-47\",\"activeselector\":false,\"classes\":{\"0\":\"cta_background\"}}'][ct_div_block_2 ct_sign_sha256='b3c646ec04628e793440178c70fa3c085f8a52b7c4661b022faefa907c077c6a' ct_options='{\"ct_id\":165,\"ct_parent\":164,\"selector\":\"div_block-165-47\",\"activeselector\":false,\"media\":{\"phone-portrait\":{\"original\":{\"padding-right\":\"34\",\"padding-left\":\"24\"}}},\"classes\":{\"0\":\"box_1\"},\"original\":{\"padding-right\":\"122\",\"margin-top\":\"-150\"}}'][ct_div_block_3 ct_sign_sha256='b32ee6d30d6cb963c04fd5e9b299375bbc74646f7c4817c382f1ae2740e568d7' ct_options='{\"ct_id\":166,\"ct_parent\":165,\"selector\":\"div_block-166-47\",\"original\":{\"width-unit\":\"%\",\"width\":\"100\"},\"media\":{\"tablet\":{\"original\":{\"display\":\"flex\",\"align-items\":\"flex-start\",\"text-align\":\"left\"}}}}'][ct_headline ct_sign_sha256='21fbaa327ebedcbecab60c9906ee210e059019caac7d573bd780a40c7b9a8f8c' ct_options='{\"ct_id\":167,\"ct_parent\":166,\"selector\":\"headline-167-47\",\"original\":{\"tag\":\"h4\"},\"classes\":{\"0\":\"cta_head\"},\"activeselector\":\"cta_head\"}']Sie m\u00f6chten mehr \u00fcber unsere Serviceleistungen erfahren?[\/ct_headline][ct_div_block_4 ct_sign_sha256='32dd957ffc1a3e69f4b2a3bbc67631009dbd6c7b83dcbb962174bf3ee2ee4777' ct_options='{\"ct_id\":168,\"ct_parent\":166,\"selector\":\"div_block-168-47\",\"original\":{\"min-height\":\"0\"},\"classes\":{\"0\":\"cta_linie\"}}'][\/ct_div_block_4][oxy_rich_text ct_sign_sha256='07b381a208fe63a0aa08409664102b75b29f5f85b35e4215a35927b7948d8ad2' ct_options='{\"ct_id\":169,\"ct_parent\":166,\"selector\":\"_rich_text-169-47\",\"classes\":{\"0\":\"cta_text\"}}']<p>Ob Efficiency Check, Notfalldienst oder Reinigung ihrer Anlage - wir sind ihnen gerne behilflich!<\/p>[\/oxy_rich_text][\/ct_div_block_3][ct_div_block_3 ct_sign_sha256='18d19b9b9ae0c651a9f3eae9a06ef58f3275b46142b0d30efd70b77454ba398b' ct_options='{\"ct_id\":170,\"ct_parent\":165,\"selector\":\"div_block-170-47\",\"original\":{\"width-unit\":\"%\",\"width\":\"80\",\"align-items\":\"flex-end\",\"text-align\":\"right\"},\"media\":{\"phone-landscape\":{\"original\":{\"width-unit\":\"%\",\"width\":\"100\",\"flex-direction\":\"column\",\"display\":\"flex\",\"align-items\":\"center\",\"text-align\":\"center\"}}}}'][ct_link_4 ct_sign_sha256='0f6deca843e8eb490e76c6515af3898d336b19bf8e7c2f02a79795f572026b38' ct_options='{\"ct_id\":171,\"ct_parent\":170,\"selector\":\"link-171-47\",\"original\":{\"position\":\"relative\",\"align-items\":\"center\",\"text-align\":\"center\",\"justify-content\":\"center\",\"url\":\"https:\/\/iat-kaelte.de\/kontakt\/\",\"target\":\"\",\"transition-duration\":\"0.4\",\"url_encoded\":\"true\"},\"hover\":{\"transform\":{\"0\":{\"transform-type\":\"scale\",\"rotateAngle\":\"-5\",\"scaleX\":\"1.1\",\"scaleY\":\"1.1\",\"scaleZ\":\"\"}}}}'][ct_image ct_sign_sha256='a4f6b69ed468653f1babbfbc816b9b9750e1c772dcd5c17402c885532129ad4a' ct_options='{\"ct_id\":172,\"ct_parent\":171,\"selector\":\"image-172-47\",\"original\":{\"src\":\"https:\/\/iat-kaelte.de\/wp-content\/uploads\/2021\/01\/button-outline.svg\"},\"classes\":{\"0\":\"cta_button\"}}'][\/ct_image][ct_text_block ct_sign_sha256='775de0887960112c982056bf0a36922e10512f28ba45047cbfeb90c126259169' ct_options='{\"ct_id\":173,\"ct_parent\":171,\"selector\":\"text_block-173-47\",\"activeselector\":\"cta_button_text\",\"classes\":{\"0\":\"cta_button_text\"}}']\u00bb Kontaktieren Sie uns![\/ct_text_block][\/ct_link_4][\/ct_div_block_3][\/ct_div_block_2][\/ct_section]","ct_template_type":"","ct_parent_template":0},"acf":[],"yoast_head":"<!-- This site is optimized with the Yoast SEO plugin v20.13 - https:\/\/yoast.com\/wordpress\/plugins\/seo\/ -->\n<title>Wartung von K\u00e4lteanlagen \u00bb Reinigung, St\u00f6rdienst &amp; Co.<\/title>\n<meta name=\"description\" content=\"Wir \u00fcbernehmen auch die Wartung von K\u00fchlsystemen vor Ort \u279c Service bei Notf\u00e4llen\u2713 Sanierung\u2713 Efficiency Check\u2713 uvm.\" \/>\n<meta name=\"robots\" content=\"index, follow, max-snippet:-1, max-image-preview:large, max-video-preview:-1\" \/>\n<link rel=\"canonical\" href=\"https:\/\/iat-kaelte.de\/en\/leistungen\/service-wartung\/\" \/>\n<meta property=\"og:locale\" content=\"en_GB\" \/>\n<meta property=\"og:type\" content=\"article\" \/>\n<meta property=\"og:title\" content=\"Wartung von K\u00e4lteanlagen \u00bb Reinigung, St\u00f6rdienst &amp; Co.\" \/>\n<meta property=\"og:description\" content=\"Wir \u00fcbernehmen auch die Wartung von K\u00fchlsystemen vor Ort \u279c Service bei Notf\u00e4llen\u2713 Sanierung\u2713 Efficiency Check\u2713 uvm.\" \/>\n<meta property=\"og:url\" content=\"https:\/\/iat-kaelte.de\/en\/leistungen\/service-wartung\/\" \/>\n<meta property=\"og:site_name\" content=\"Innovative Anlagentechnik GmbH\" \/>\n<meta property=\"article:modified_time\" content=\"2021-02-19T12:10:03+00:00\" \/>\n<meta property=\"og:image\" content=\"https:\/\/iat-kaelte.de\/wp-content\/uploads\/2021\/02\/service-1.jpg\" \/>\n\t<meta property=\"og:image:width\" content=\"1600\" \/>\n\t<meta property=\"og:image:height\" content=\"600\" \/>\n\t<meta property=\"og:image:type\" content=\"image\/jpeg\" \/>\n<meta name=\"twitter:card\" content=\"summary_large_image\" \/>\n<script type=\"application\/ld+json\" class=\"yoast-schema-graph\">{\"@context\":\"https:\/\/schema.org\",\"@graph\":[{\"@type\":\"WebPage\",\"@id\":\"https:\/\/iat-kaelte.de\/leistungen\/service-wartung\/\",\"url\":\"https:\/\/iat-kaelte.de\/leistungen\/service-wartung\/\",\"name\":\"Wartung von K\u00e4lteanlagen \u00bb Reinigung, St\u00f6rdienst & Co.\",\"isPartOf\":{\"@id\":\"https:\/\/iat-kaelte.de\/#website\"},\"datePublished\":\"2021-01-28T15:23:31+00:00\",\"dateModified\":\"2021-02-19T12:10:03+00:00\",\"description\":\"Wir \u00fcbernehmen auch die Wartung von K\u00fchlsystemen vor Ort \u279c Service bei Notf\u00e4llen\u2713 Sanierung\u2713 Efficiency Check\u2713 uvm.\",\"breadcrumb\":{\"@id\":\"https:\/\/iat-kaelte.de\/leistungen\/service-wartung\/#breadcrumb\"},\"inLanguage\":\"en-GB\",\"potentialAction\":[{\"@type\":\"ReadAction\",\"target\":[\"https:\/\/iat-kaelte.de\/leistungen\/service-wartung\/\"]}]},{\"@type\":\"BreadcrumbList\",\"@id\":\"https:\/\/iat-kaelte.de\/leistungen\/service-wartung\/#breadcrumb\",\"itemListElement\":[{\"@type\":\"ListItem\",\"position\":1,\"name\":\"Startseite\",\"item\":\"https:\/\/iat-kaelte.de\/\"},{\"@type\":\"ListItem\",\"position\":2,\"name\":\"Leistungen\",\"item\":\"https:\/\/iat-kaelte.de\/leistungen\/\"},{\"@type\":\"ListItem\",\"position\":3,\"name\":\"Service\/Wartung\"}]},{\"@type\":\"WebSite\",\"@id\":\"https:\/\/iat-kaelte.de\/#website\",\"url\":\"https:\/\/iat-kaelte.de\/\",\"name\":\"Innovative Anlagentechnik GmbH\",\"description\":\"Kaltwasser - Klima - Steuerungstechnik\",\"publisher\":{\"@id\":\"https:\/\/iat-kaelte.de\/#organization\"},\"alternateName\":\"IAT-K\u00e4lte\",\"potentialAction\":[{\"@type\":\"SearchAction\",\"target\":{\"@type\":\"EntryPoint\",\"urlTemplate\":\"https:\/\/iat-kaelte.de\/?s={search_term_string}\"},\"query-input\":\"required name=search_term_string\"}],\"inLanguage\":\"en-GB\"},{\"@type\":\"Organization\",\"@id\":\"https:\/\/iat-kaelte.de\/#organization\",\"name\":\"IAT - Innovative Anlagentechnik GmbH\",\"alternateName\":\"IAT-K\u00e4lte GmbH\",\"url\":\"https:\/\/iat-kaelte.de\/\",\"logo\":{\"@type\":\"ImageObject\",\"inLanguage\":\"en-GB\",\"@id\":\"https:\/\/iat-kaelte.de\/#\/schema\/logo\/image\/\",\"url\":\"https:\/\/iat-kaelte.de\/wp-content\/uploads\/2020\/11\/logo.svg\",\"contentUrl\":\"https:\/\/iat-kaelte.de\/wp-content\/uploads\/2020\/11\/logo.svg\",\"width\":286.58,\"height\":75.14,\"caption\":\"IAT - Innovative Anlagentechnik GmbH\"},\"image\":{\"@id\":\"https:\/\/iat-kaelte.de\/#\/schema\/logo\/image\/\"}}]}<\/script>\n<!-- \/ Yoast SEO plugin. -->","yoast_head_json":{"title":"Wartung von K\u00e4lteanlagen \u00bb Reinigung, St\u00f6rdienst & Co.","description":"Wir \u00fcbernehmen auch die Wartung von K\u00fchlsystemen vor Ort \u279c Service bei Notf\u00e4llen\u2713 Sanierung\u2713 Efficiency Check\u2713 uvm.","robots":{"index":"index","follow":"follow","max-snippet":"max-snippet:-1","max-image-preview":"max-image-preview:large","max-video-preview":"max-video-preview:-1"},"canonical":"https:\/\/iat-kaelte.de\/en\/leistungen\/service-wartung\/","og_locale":"en_GB","og_type":"article","og_title":"Wartung von K\u00e4lteanlagen \u00bb Reinigung, St\u00f6rdienst & Co.","og_description":"Wir \u00fcbernehmen auch die Wartung von K\u00fchlsystemen vor Ort \u279c Service bei Notf\u00e4llen\u2713 Sanierung\u2713 Efficiency Check\u2713 uvm.","og_url":"https:\/\/iat-kaelte.de\/en\/leistungen\/service-wartung\/","og_site_name":"Innovative Anlagentechnik GmbH","article_modified_time":"2021-02-19T12:10:03+00:00","og_image":[{"width":1600,"height":600,"url":"https:\/\/iat-kaelte.de\/wp-content\/uploads\/2021\/02\/service-1.jpg","type":"image\/jpeg"}],"twitter_card":"summary_large_image","schema":{"@context":"https:\/\/schema.org","@graph":[{"@type":"WebPage","@id":"https:\/\/iat-kaelte.de\/leistungen\/service-wartung\/","url":"https:\/\/iat-kaelte.de\/leistungen\/service-wartung\/","name":"Wartung von K\u00e4lteanlagen \u00bb Reinigung, St\u00f6rdienst & Co.","isPartOf":{"@id":"https:\/\/iat-kaelte.de\/#website"},"datePublished":"2021-01-28T15:23:31+00:00","dateModified":"2021-02-19T12:10:03+00:00","description":"Wir \u00fcbernehmen auch die Wartung von K\u00fchlsystemen vor Ort \u279c Service bei Notf\u00e4llen\u2713 Sanierung\u2713 Efficiency Check\u2713 uvm.","breadcrumb":{"@id":"https:\/\/iat-kaelte.de\/leistungen\/service-wartung\/#breadcrumb"},"inLanguage":"en-GB","potentialAction":[{"@type":"ReadAction","target":["https:\/\/iat-kaelte.de\/leistungen\/service-wartung\/"]}]},{"@type":"BreadcrumbList","@id":"https:\/\/iat-kaelte.de\/leistungen\/service-wartung\/#breadcrumb","itemListElement":[{"@type":"ListItem","position":1,"name":"Startseite","item":"https:\/\/iat-kaelte.de\/"},{"@type":"ListItem","position":2,"name":"Leistungen","item":"https:\/\/iat-kaelte.de\/leistungen\/"},{"@type":"ListItem","position":3,"name":"Service\/Wartung"}]},{"@type":"WebSite","@id":"https:\/\/iat-kaelte.de\/#website","url":"https:\/\/iat-kaelte.de\/","name":"Innovative Anlagentechnik GmbH","description":"Kaltwasser - Klima - Steuerungstechnik","publisher":{"@id":"https:\/\/iat-kaelte.de\/#organization"},"alternateName":"IAT-K\u00e4lte","potentialAction":[{"@type":"SearchAction","target":{"@type":"EntryPoint","urlTemplate":"https:\/\/iat-kaelte.de\/?s={search_term_string}"},"query-input":"required name=search_term_string"}],"inLanguage":"en-GB"},{"@type":"Organization","@id":"https:\/\/iat-kaelte.de\/#organization","name":"IAT - Innovative Anlagentechnik GmbH","alternateName":"IAT-K\u00e4lte GmbH","url":"https:\/\/iat-kaelte.de\/","logo":{"@type":"ImageObject","inLanguage":"en-GB","@id":"https:\/\/iat-kaelte.de\/#\/schema\/logo\/image\/","url":"https:\/\/iat-kaelte.de\/wp-content\/uploads\/2020\/11\/logo.svg","contentUrl":"https:\/\/iat-kaelte.de\/wp-content\/uploads\/2020\/11\/logo.svg","width":286.58,"height":75.14,"caption":"IAT - Innovative Anlagentechnik GmbH"},"image":{"@id":"https:\/\/iat-kaelte.de\/#\/schema\/logo\/image\/"}}]}},"_links":{"self":[{"href":"https:\/\/iat-kaelte.de\/en\/wp-json\/wp\/v2\/pages\/101"}],"collection":[{"href":"https:\/\/iat-kaelte.de\/en\/wp-json\/wp\/v2\/pages"}],"about":[{"href":"https:\/\/iat-kaelte.de\/en\/wp-json\/wp\/v2\/types\/page"}],"author":[{"embeddable":true,"href":"https:\/\/iat-kaelte.de\/en\/wp-json\/wp\/v2\/users\/1"}],"replies":[{"embeddable":true,"href":"https:\/\/iat-kaelte.de\/en\/wp-json\/wp\/v2\/comments?post=101"}],"version-history":[{"count":2,"href":"https:\/\/iat-kaelte.de\/en\/wp-json\/wp\/v2\/pages\/101\/revisions"}],"predecessor-version":[{"id":107,"href":"https:\/\/iat-kaelte.de\/en\/wp-json\/wp\/v2\/pages\/101\/revisions\/107"}],"up":[{"embeddable":true,"href":"https:\/\/iat-kaelte.de\/en\/wp-json\/wp\/v2\/pages\/86"}],"wp:featuredmedia":[{"embeddable":true,"href":"https:\/\/iat-kaelte.de\/en\/wp-json\/wp\/v2\/media\/200"}],"wp:attachment":[{"href":"https:\/\/iat-kaelte.de\/en\/wp-json\/wp\/v2\/media?parent=101"}],"curies":[{"name":"wp","href":"https:\/\/api.w.org\/{rel}","templated":true}]}}